{"id":531056,"date":"2026-05-09T06:20:32","date_gmt":"2026-05-09T04:20:32","guid":{"rendered":"https:\/\/bogensportdiscount.ch\/produkt\/skylon-glue-in-points-for-arrows-23-id8-0-empros-bruxx-size-300-500-weight-gr-exceeds-9-4mm-wa-limit-12-pk\/"},"modified":"2026-05-14T05:57:30","modified_gmt":"2026-05-14T03:57:30","slug":"skylon-einklebe-spitzen-23-id8-0-empros-bruxx-300-500-150-180-grain","status":"publish","type":"product","link":"https:\/\/bogensportdiscount.ch\/it\/prodotto\/skylon-einklebe-spitzen-23-id8-0-empros-bruxx-300-500-150-180-grain\/","title":{"rendered":"SKYLON GLUE-IN POINTS FOR ARROWS 23 \/ ID8.0 EMPROS\/BRUXX size 300-500 weight gr EXCEEDS 9.4mm WA LIMIT 12\/pk"},"content":{"rendered":"<p>Die SKYLON Einklebe-Spitzen sind hochwertige Pfeilspitzen zum Einkleben in kompatible Pfeilsch\u00e4fte. Mit dem standardisierten ID8.0-Gewinde eignen sie sich speziell f\u00fcr EMPROS- und BRUXX-Sch\u00e4fte und bieten eine sichere, dauerhafte Verbindung.<\/p>\n<p>Verf\u00fcgbar in zwei bew\u00e4hrten Gewichtsvarianten \u2013 150 Grain und 180 Grain \u2013 k\u00f6nnen Sie die Spitzen nach Ihren Anforderungen und der gew\u00fcnschten Pfeilgesamtgewichtung w\u00e4hlen. Die Spitzen sind f\u00fcr Pfeilbaul\u00e4ngen von 300 bis 500 mm ausgelegt und bieten damit Flexibilit\u00e4t f\u00fcr unterschiedliche Bogensetupszu.<\/p>\n<p>Jede Packung enth\u00e4lt 12 Spitzen und erm\u00f6glicht somit den Aufbau mehrerer vollst\u00e4ndiger Pfeile oder die Vorratsbeschaffung f\u00fcr intensives Training und regelm\u00e4ssigen Einsatz.<\/p>","protected":false},"excerpt":{"rendered":"<table>\n<tr>\n<th>Propriet\u00e0<\/th>\n<th>Valore<\/th>\n<\/tr>\n<tr>\n<td>Marca<\/td>\n<td>Skylon<\/td>\n<\/tr>\n<tr>\n<td>Paese di origine<\/td>\n<td>Cina<\/td>\n<\/tr>\n<\/table>","protected":false},"featured_media":453631,"comment_status":"open","ping_status":"closed","template":"","meta":[],"product_brand":[457],"product_cat":[4158,4511,4543],"product_tag":[],"class_list":{"0":"post-531056","1":"product","2":"type-product","3":"status-publish","4":"has-post-thumbnail","6":"product_brand-skylon","7":"product_cat-pfeile-schaefte","8":"product_cat-pfeil-komponenten","9":"product_cat-einklebe-spitzen","10":"product_shipping_class-bsd-standard","12":"first","13":"instock","14":"shipping-taxable","15":"purchasable","16":"product-type-variable"},"yoast_head":"<!-- This site is optimized with the Yoast SEO plugin v27.6 - https:\/\/yoast.com\/product\/yoast-seo-wordpress\/ -->\n<title>SKYLON GLUE-IN POINTS FOR ARROWS 23 \/ ID8.0 EMPROS\/BRUXX size 300-500 weight gr EXCEEDS 9.4mm WA LIMIT 12\/pk - Bogensportdiscount \u2013 B\u00f6gen, Pfeile, Targets &amp; Zubeh\u00f6r<\/title>\n<meta name=\"description\" content=\"SKYLON GLUE-IN POINTS FOR ARROWS 23 \/ ID8.0 EMPROS\/BRUXX size 300-500 weight gr EXCEEDS 9.4mm WA LIMIT 12\/pk g\u00fcnstig kaufen bei Bogensportdiscount \u2013 Top-Marken, schneller Versand aus der Schweiz.\" \/>\n<meta name=\"robots\" content=\"index, follow, max-snippet:-1, max-image-preview:large, max-video-preview:-1\" \/>\n<link rel=\"canonical\" href=\"https:\/\/bogensportdiscount.ch\/it\/prodotto\/skylon-einklebe-spitzen-23-id8-0-empros-bruxx-300-500-150-180-grain\/\" \/>\n<meta property=\"og:locale\" content=\"it_IT\" \/>\n<meta property=\"og:type\" content=\"article\" \/>\n<meta property=\"og:title\" content=\"SKYLON GLUE-IN POINTS FOR ARROWS 23 \/ ID8.0 EMPROS\/BRUXX size 300-500 weight gr EXCEEDS 9.4mm WA LIMIT 12\/pk - Bogensportdiscount \u2013 B\u00f6gen, Pfeile, Targets &amp; Zubeh\u00f6r\" \/>\n<meta property=\"og:description\" content=\"SKYLON GLUE-IN POINTS FOR ARROWS 23 \/ ID8.0 EMPROS\/BRUXX size 300-500 weight gr EXCEEDS 9.4mm WA LIMIT 12\/pk g\u00fcnstig kaufen bei Bogensportdiscount \u2013 Top-Marken, schneller Versand aus der Schweiz.\" \/>\n<meta property=\"og:url\" content=\"https:\/\/bogensportdiscount.ch\/it\/prodotto\/skylon-einklebe-spitzen-23-id8-0-empros-bruxx-300-500-150-180-grain\/\" \/>\n<meta property=\"og:site_name\" content=\"Bogensportdiscount \u2013 B\u00f6gen, Pfeile, Targets &amp; Zubeh\u00f6r\" \/>\n<meta property=\"article:modified_time\" content=\"2026-05-14T03:57:30+00:00\" \/>\n<meta property=\"og:image\" content=\"https:\/\/bogensportdiscount.ch\/wp-content\/uploads\/2026\/04\/bogensportdiscount.ch-pfeile-boegen-zubehoer-fuer-anfaenger-und-profis-zum-besten-preis-Symbolbild-kein-foto-zu-diesem-artikel_01.jpg\" \/>\n\t<meta property=\"og:image:width\" content=\"1080\" \/>\n\t<meta property=\"og:image:height\" content=\"1080\" \/>\n\t<meta property=\"og:image:type\" content=\"image\/jpeg\" \/>\n<meta name=\"twitter:card\" content=\"summary_large_image\" \/>\n<meta name=\"twitter:label1\" content=\"Tempo di lettura stimato\" \/>\n\t<meta name=\"twitter:data1\" content=\"1 minuto\" \/>\n<script type=\"application\/ld+json\" class=\"yoast-schema-graph\">{\"@context\":\"https:\\\/\\\/schema.org\",\"@graph\":[{\"@type\":\"WebPage\",\"@id\":\"https:\\\/\\\/bogensportdiscount.ch\\\/produkt\\\/skylon-einklebe-spitzen-23-id8-0-empros-bruxx-300-500-150-180-grain\\\/\",\"url\":\"https:\\\/\\\/bogensportdiscount.ch\\\/produkt\\\/skylon-einklebe-spitzen-23-id8-0-empros-bruxx-300-500-150-180-grain\\\/\",\"name\":\"SKYLON GLUE-IN POINTS FOR ARROWS 23 \\\/ ID8.0 EMPROS\\\/BRUXX size 300-500 weight gr EXCEEDS 9.4mm WA LIMIT 12\\\/pk - Bogensportdiscount \u2013 B\u00f6gen, Pfeile, Targets &amp; Zubeh\u00f6r\",\"isPartOf\":{\"@id\":\"https:\\\/\\\/bogensportdiscount.ch\\\/#website\"},\"primaryImageOfPage\":{\"@id\":\"https:\\\/\\\/bogensportdiscount.ch\\\/produkt\\\/skylon-einklebe-spitzen-23-id8-0-empros-bruxx-300-500-150-180-grain\\\/#primaryimage\"},\"image\":{\"@id\":\"https:\\\/\\\/bogensportdiscount.ch\\\/produkt\\\/skylon-einklebe-spitzen-23-id8-0-empros-bruxx-300-500-150-180-grain\\\/#primaryimage\"},\"thumbnailUrl\":\"https:\\\/\\\/bogensportdiscount.ch\\\/wp-content\\\/uploads\\\/2026\\\/04\\\/bogensportdiscount.ch-pfeile-boegen-zubehoer-fuer-anfaenger-und-profis-zum-besten-preis-Symbolbild-kein-foto-zu-diesem-artikel_01.jpg\",\"datePublished\":\"2026-05-09T04:20:32+00:00\",\"dateModified\":\"2026-05-14T03:57:30+00:00\",\"description\":\"SKYLON GLUE-IN POINTS FOR ARROWS 23 \\\/ ID8.0 EMPROS\\\/BRUXX size 300-500 weight gr EXCEEDS 9.4mm WA LIMIT 12\\\/pk g\u00fcnstig kaufen bei Bogensportdiscount \u2013 Top-Marken, schneller Versand aus der Schweiz.\",\"breadcrumb\":{\"@id\":\"https:\\\/\\\/bogensportdiscount.ch\\\/produkt\\\/skylon-einklebe-spitzen-23-id8-0-empros-bruxx-300-500-150-180-grain\\\/#breadcrumb\"},\"inLanguage\":\"it-IT\",\"potentialAction\":[{\"@type\":\"ReadAction\",\"target\":[\"https:\\\/\\\/bogensportdiscount.ch\\\/produkt\\\/skylon-einklebe-spitzen-23-id8-0-empros-bruxx-300-500-150-180-grain\\\/\"]}]},{\"@type\":\"ImageObject\",\"inLanguage\":\"it-IT\",\"@id\":\"https:\\\/\\\/bogensportdiscount.ch\\\/produkt\\\/skylon-einklebe-spitzen-23-id8-0-empros-bruxx-300-500-150-180-grain\\\/#primaryimage\",\"url\":\"https:\\\/\\\/bogensportdiscount.ch\\\/wp-content\\\/uploads\\\/2026\\\/04\\\/bogensportdiscount.ch-pfeile-boegen-zubehoer-fuer-anfaenger-und-profis-zum-besten-preis-Symbolbild-kein-foto-zu-diesem-artikel_01.jpg\",\"contentUrl\":\"https:\\\/\\\/bogensportdiscount.ch\\\/wp-content\\\/uploads\\\/2026\\\/04\\\/bogensportdiscount.ch-pfeile-boegen-zubehoer-fuer-anfaenger-und-profis-zum-besten-preis-Symbolbild-kein-foto-zu-diesem-artikel_01.jpg\",\"width\":1080,\"height\":1080},{\"@type\":\"BreadcrumbList\",\"@id\":\"https:\\\/\\\/bogensportdiscount.ch\\\/produkt\\\/skylon-einklebe-spitzen-23-id8-0-empros-bruxx-300-500-150-180-grain\\\/#breadcrumb\",\"itemListElement\":[{\"@type\":\"ListItem\",\"position\":1,\"name\":\"Home\",\"item\":\"https:\\\/\\\/bogensportdiscount.ch\\\/\"},{\"@type\":\"ListItem\",\"position\":2,\"name\":\"Shop\",\"item\":\"https:\\\/\\\/bogensportdiscount.ch\\\/shop\\\/\"},{\"@type\":\"ListItem\",\"position\":3,\"name\":\"SKYLON GLUE-IN POINTS FOR ARROWS 23 \\\/ ID8.0 EMPROS\\\/BRUXX size 300-500 weight gr EXCEEDS 9.4mm WA LIMIT 12\\\/pk\"}]},{\"@type\":\"WebSite\",\"@id\":\"https:\\\/\\\/bogensportdiscount.ch\\\/#website\",\"url\":\"https:\\\/\\\/bogensportdiscount.ch\\\/\",\"name\":\"Bogensportdiscount\",\"description\":\"\",\"potentialAction\":[{\"@type\":\"SearchAction\",\"target\":{\"@type\":\"EntryPoint\",\"urlTemplate\":\"https:\\\/\\\/bogensportdiscount.ch\\\/?s={search_term_string}\"},\"query-input\":{\"@type\":\"PropertyValueSpecification\",\"valueRequired\":true,\"valueName\":\"search_term_string\"}}],\"inLanguage\":\"it-IT\"}]}<\/script>\n<!-- \/ Yoast SEO plugin. -->","yoast_head_json":{"title":"SKYLON GLUE-IN POINTS FOR ARROWS 23 \/ ID8.0 EMPROS\/BRUXX size 300-500 weight gr EXCEEDS 9.4mm WA LIMIT 12\/pk - Bogensportdiscount \u2013 B\u00f6gen, Pfeile, Targets &amp; Zubeh\u00f6r","description":"SKYLON GLUE-IN POINTS FOR ARROWS 23 \/ ID8.0 EMPROS\/BRUXX size 300-500 weight gr EXCEEDS 9.4mm WA LIMIT 12\/pk g\u00fcnstig kaufen bei Bogensportdiscount \u2013 Top-Marken, schneller Versand aus der Schweiz.","robots":{"index":"index","follow":"follow","max-snippet":"max-snippet:-1","max-image-preview":"max-image-preview:large","max-video-preview":"max-video-preview:-1"},"canonical":"https:\/\/bogensportdiscount.ch\/it\/prodotto\/skylon-einklebe-spitzen-23-id8-0-empros-bruxx-300-500-150-180-grain\/","og_locale":"it_IT","og_type":"article","og_title":"SKYLON GLUE-IN POINTS FOR ARROWS 23 \/ ID8.0 EMPROS\/BRUXX size 300-500 weight gr EXCEEDS 9.4mm WA LIMIT 12\/pk - Bogensportdiscount \u2013 B\u00f6gen, Pfeile, Targets &amp; Zubeh\u00f6r","og_description":"SKYLON GLUE-IN POINTS FOR ARROWS 23 \/ ID8.0 EMPROS\/BRUXX size 300-500 weight gr EXCEEDS 9.4mm WA LIMIT 12\/pk g\u00fcnstig kaufen bei Bogensportdiscount \u2013 Top-Marken, schneller Versand aus der Schweiz.","og_url":"https:\/\/bogensportdiscount.ch\/it\/prodotto\/skylon-einklebe-spitzen-23-id8-0-empros-bruxx-300-500-150-180-grain\/","og_site_name":"Bogensportdiscount \u2013 B\u00f6gen, Pfeile, Targets &amp; Zubeh\u00f6r","article_modified_time":"2026-05-14T03:57:30+00:00","og_image":[{"width":1080,"height":1080,"url":"https:\/\/bogensportdiscount.ch\/wp-content\/uploads\/2026\/04\/bogensportdiscount.ch-pfeile-boegen-zubehoer-fuer-anfaenger-und-profis-zum-besten-preis-Symbolbild-kein-foto-zu-diesem-artikel_01.jpg","type":"image\/jpeg"}],"twitter_card":"summary_large_image","twitter_misc":{"Tempo di lettura stimato":"1 minuto"},"schema":{"@context":"https:\/\/schema.org","@graph":[{"@type":"WebPage","@id":"https:\/\/bogensportdiscount.ch\/produkt\/skylon-einklebe-spitzen-23-id8-0-empros-bruxx-300-500-150-180-grain\/","url":"https:\/\/bogensportdiscount.ch\/produkt\/skylon-einklebe-spitzen-23-id8-0-empros-bruxx-300-500-150-180-grain\/","name":"SKYLON GLUE-IN POINTS FOR ARROWS 23 \/ ID8.0 EMPROS\/BRUXX size 300-500 weight gr EXCEEDS 9.4mm WA LIMIT 12\/pk - Bogensportdiscount \u2013 B\u00f6gen, Pfeile, Targets &amp; Zubeh\u00f6r","isPartOf":{"@id":"https:\/\/bogensportdiscount.ch\/#website"},"primaryImageOfPage":{"@id":"https:\/\/bogensportdiscount.ch\/produkt\/skylon-einklebe-spitzen-23-id8-0-empros-bruxx-300-500-150-180-grain\/#primaryimage"},"image":{"@id":"https:\/\/bogensportdiscount.ch\/produkt\/skylon-einklebe-spitzen-23-id8-0-empros-bruxx-300-500-150-180-grain\/#primaryimage"},"thumbnailUrl":"https:\/\/bogensportdiscount.ch\/wp-content\/uploads\/2026\/04\/bogensportdiscount.ch-pfeile-boegen-zubehoer-fuer-anfaenger-und-profis-zum-besten-preis-Symbolbild-kein-foto-zu-diesem-artikel_01.jpg","datePublished":"2026-05-09T04:20:32+00:00","dateModified":"2026-05-14T03:57:30+00:00","description":"SKYLON GLUE-IN POINTS FOR ARROWS 23 \/ ID8.0 EMPROS\/BRUXX size 300-500 weight gr EXCEEDS 9.4mm WA LIMIT 12\/pk g\u00fcnstig kaufen bei Bogensportdiscount \u2013 Top-Marken, schneller Versand aus der Schweiz.","breadcrumb":{"@id":"https:\/\/bogensportdiscount.ch\/produkt\/skylon-einklebe-spitzen-23-id8-0-empros-bruxx-300-500-150-180-grain\/#breadcrumb"},"inLanguage":"it-IT","potentialAction":[{"@type":"ReadAction","target":["https:\/\/bogensportdiscount.ch\/produkt\/skylon-einklebe-spitzen-23-id8-0-empros-bruxx-300-500-150-180-grain\/"]}]},{"@type":"ImageObject","inLanguage":"it-IT","@id":"https:\/\/bogensportdiscount.ch\/produkt\/skylon-einklebe-spitzen-23-id8-0-empros-bruxx-300-500-150-180-grain\/#primaryimage","url":"https:\/\/bogensportdiscount.ch\/wp-content\/uploads\/2026\/04\/bogensportdiscount.ch-pfeile-boegen-zubehoer-fuer-anfaenger-und-profis-zum-besten-preis-Symbolbild-kein-foto-zu-diesem-artikel_01.jpg","contentUrl":"https:\/\/bogensportdiscount.ch\/wp-content\/uploads\/2026\/04\/bogensportdiscount.ch-pfeile-boegen-zubehoer-fuer-anfaenger-und-profis-zum-besten-preis-Symbolbild-kein-foto-zu-diesem-artikel_01.jpg","width":1080,"height":1080},{"@type":"BreadcrumbList","@id":"https:\/\/bogensportdiscount.ch\/produkt\/skylon-einklebe-spitzen-23-id8-0-empros-bruxx-300-500-150-180-grain\/#breadcrumb","itemListElement":[{"@type":"ListItem","position":1,"name":"Home","item":"https:\/\/bogensportdiscount.ch\/"},{"@type":"ListItem","position":2,"name":"Shop","item":"https:\/\/bogensportdiscount.ch\/shop\/"},{"@type":"ListItem","position":3,"name":"SKYLON GLUE-IN POINTS FOR ARROWS 23 \/ ID8.0 EMPROS\/BRUXX size 300-500 weight gr EXCEEDS 9.4mm WA LIMIT 12\/pk"}]},{"@type":"WebSite","@id":"https:\/\/bogensportdiscount.ch\/#website","url":"https:\/\/bogensportdiscount.ch\/","name":"Bogensportdiscount","description":"","potentialAction":[{"@type":"SearchAction","target":{"@type":"EntryPoint","urlTemplate":"https:\/\/bogensportdiscount.ch\/?s={search_term_string}"},"query-input":{"@type":"PropertyValueSpecification","valueRequired":true,"valueName":"search_term_string"}}],"inLanguage":"it-IT"}]}},"_links":{"self":[{"href":"https:\/\/bogensportdiscount.ch\/it\/wp-json\/wp\/v2\/product\/531056","targetHints":{"allow":["GET"]}}],"collection":[{"href":"https:\/\/bogensportdiscount.ch\/it\/wp-json\/wp\/v2\/product"}],"about":[{"href":"https:\/\/bogensportdiscount.ch\/it\/wp-json\/wp\/v2\/types\/product"}],"replies":[{"embeddable":true,"href":"https:\/\/bogensportdiscount.ch\/it\/wp-json\/wp\/v2\/comments?post=531056"}],"wp:featuredmedia":[{"embeddable":true,"href":"https:\/\/bogensportdiscount.ch\/it\/wp-json\/wp\/v2\/media\/453631"}],"wp:attachment":[{"href":"https:\/\/bogensportdiscount.ch\/it\/wp-json\/wp\/v2\/media?parent=531056"}],"wp:term":[{"taxonomy":"product_brand","embeddable":true,"href":"https:\/\/bogensportdiscount.ch\/it\/wp-json\/wp\/v2\/product_brand?post=531056"},{"taxonomy":"product_cat","embeddable":true,"href":"https:\/\/bogensportdiscount.ch\/it\/wp-json\/wp\/v2\/product_cat?post=531056"},{"taxonomy":"product_tag","embeddable":true,"href":"https:\/\/bogensportdiscount.ch\/it\/wp-json\/wp\/v2\/product_tag?post=531056"}],"curies":[{"name":"wp","href":"https:\/\/api.w.org\/{rel}","templated":true}]}}