{"id":479345,"date":"2026-04-19T11:41:52","date_gmt":"2026-04-19T09:41:52","guid":{"rendered":"https:\/\/bogensportdiscount.ch\/produkt\/easton-shafts-x10-parallel-pro-3-2mm-340-c3-12-pk\/"},"modified":"2026-04-19T17:28:47","modified_gmt":"2026-04-19T15:28:47","slug":"easton-shafts-x10-parallel-pro-3-2mm-12er-pack","status":"publish","type":"product","link":"https:\/\/bogensportdiscount.ch\/it\/prodotto\/easton-shafts-x10-parallel-pro-3-2mm-12er-pack\/","title":{"rendered":"EASTON SCH\u00c4FTE X10 PARALLEL PRO 3.2MM 12\/PK"},"content":{"rendered":"<p>Die Easton X10 Parallel Pro Sch\u00e4fte sind hochwertige Carbon-Aluminium-Hybridsch\u00e4fte mit einem Durchmesser von 3.2 mm. Sie zeichnen sich durch ihre parallele Konstruktion aus, die eine konsistente Performance \u00fcber die gesamte Schaftl\u00e4nge gew\u00e4hrleistet. Das 12er Pack bietet eine praktische Gr\u00f6sse f\u00fcr Bogensch\u00fctzen, die ihre Ausr\u00fcstung erweitern oder austauschen m\u00f6chten.<\/p>\n<p>Die X10 Parallel Pro Sch\u00e4fte sind in verschiedenen Spine-St\u00e4rken (340\u20131000) und unterschiedlichen Ausf\u00fchrungsvarianten erh\u00e4ltlich, sodass jeder Bogensch\u00fctze die optimale Konfiguration f\u00fcr seinen Bogen und seinen Sch\u00fctzen-Stil finden kann. Die Kombination aus Carbon und Aluminium sorgt f\u00fcr eine ausgezeichnete Balance zwischen Gewicht, Steifigkeit und Haltbarkeit.<\/p>","protected":false},"excerpt":{"rendered":"<table>\n<tr>\n<th>Propriet\u00e0<\/th>\n<th>Valore<\/th>\n<\/tr>\n<tr>\n<td>Marca<\/td>\n<td>Easton<\/td>\n<\/tr>\n<tr>\n<td>Modello<\/td>\n<td>X10 Parallel Pro<\/td>\n<\/tr>\n<tr>\n<td>Diametro<\/td>\n<td>3.2 mm<\/td>\n<\/tr>\n<tr>\n<td>Contenuto della confezione<\/td>\n<td>12 pezzi<\/td>\n<\/tr>\n<tr>\n<td>Paese di origine<\/td>\n<td>USA<\/td>\n<\/tr>\n<tr>\n<td>Spine-Optionen<\/td>\n<td>340\u20131000<\/td>\n<\/tr>\n<\/table>","protected":false},"featured_media":479876,"comment_status":"open","ping_status":"closed","template":"","meta":[],"product_brand":[417],"product_cat":[4158,4235,4540],"product_tag":[],"class_list":{"0":"post-479345","1":"product","2":"type-product","3":"status-publish","4":"has-post-thumbnail","6":"product_brand-easton","7":"product_cat-pfeile-schaefte","8":"product_cat-pfeilschaefte","9":"product_cat-carbon-alu-schaefte","11":"first","12":"instock","13":"shipping-taxable","14":"purchasable","15":"product-type-variable"},"_links":{"self":[{"href":"https:\/\/bogensportdiscount.ch\/it\/wp-json\/wp\/v2\/product\/479345","targetHints":{"allow":["GET"]}}],"collection":[{"href":"https:\/\/bogensportdiscount.ch\/it\/wp-json\/wp\/v2\/product"}],"about":[{"href":"https:\/\/bogensportdiscount.ch\/it\/wp-json\/wp\/v2\/types\/product"}],"replies":[{"embeddable":true,"href":"https:\/\/bogensportdiscount.ch\/it\/wp-json\/wp\/v2\/comments?post=479345"}],"wp:featuredmedia":[{"embeddable":true,"href":"https:\/\/bogensportdiscount.ch\/it\/wp-json\/wp\/v2\/media\/479876"}],"wp:attachment":[{"href":"https:\/\/bogensportdiscount.ch\/it\/wp-json\/wp\/v2\/media?parent=479345"}],"wp:term":[{"taxonomy":"product_brand","embeddable":true,"href":"https:\/\/bogensportdiscount.ch\/it\/wp-json\/wp\/v2\/product_brand?post=479345"},{"taxonomy":"product_cat","embeddable":true,"href":"https:\/\/bogensportdiscount.ch\/it\/wp-json\/wp\/v2\/product_cat?post=479345"},{"taxonomy":"product_tag","embeddable":true,"href":"https:\/\/bogensportdiscount.ch\/it\/wp-json\/wp\/v2\/product_tag?post=479345"}],"curies":[{"name":"wp","href":"https:\/\/api.w.org\/{rel}","templated":true}]}}