{"id":479209,"date":"2026-04-19T11:41:40","date_gmt":"2026-04-19T09:41:40","guid":{"rendered":"https:\/\/bogensportdiscount.ch\/produkt\/easton-carbon-5-0-5mm-200-w-hit-12-pk\/"},"modified":"2026-04-19T17:28:46","modified_gmt":"2026-04-19T15:28:46","slug":"easton-carbon-5-0-pfeilschaft-5mm-hit-12er-pack","status":"publish","type":"product","link":"https:\/\/bogensportdiscount.ch\/it\/prodotto\/easton-carbon-5-0-pfeilschaft-5mm-hit-12er-pack\/","title":{"rendered":"EASTON CARBON 5.0 5MM mit HIT 12\/PK"},"content":{"rendered":"<p>Der Easton Carbon 5.0 ist ein hochwertiger Carbonschaft mit 5mm Durchmesser, ideal f\u00fcr Jagd und Zielsch\u00fctzen. Das HIT-System bietet optimale Stabilit\u00e4t und Genauigkeit beim Schuss. Die 12er-Packung erm\u00f6glicht eine wirtschaftliche Best\u00fcckung Ihres K\u00f6chers.<\/p>\n<p>Der Schaft ist in verschiedenen Spine-St\u00e4rken (200, 250, 300, 340, 400, 500) erh\u00e4ltlich und passt sich damit den unterschiedlichsten Anforderungen an. Easton-Sch\u00e4fte sind bekannt f\u00fcr ihre Konsistenz und Zuverl\u00e4ssigkeit in anspruchsvollen Einsatzbereichen.<\/p>","protected":false},"excerpt":{"rendered":"<table>\n<tr>\n<th>Propriet\u00e0<\/th>\n<th>Valore<\/th>\n<\/tr>\n<tr>\n<td>Marca<\/td>\n<td>Easton<\/td>\n<\/tr>\n<tr>\n<td>Diametro del fusto<\/td>\n<td>5mm<\/td>\n<\/tr>\n<tr>\n<td>Confezione<\/td>\n<td>12 pezzi<\/td>\n<\/tr>\n<tr>\n<td>Materiale<\/td>\n<td>Carbon<\/td>\n<\/tr>\n<tr>\n<td>Paese di origine<\/td>\n<td>USA<\/td>\n<\/tr>\n<\/table>","protected":false},"featured_media":453363,"comment_status":"open","ping_status":"closed","template":"","meta":[],"product_brand":[417],"product_cat":[4503,4158,4235],"product_tag":[],"class_list":{"0":"post-479209","1":"product","2":"type-product","3":"status-publish","4":"has-post-thumbnail","6":"product_brand-easton","7":"product_cat-carbon-jagd-schaefte","8":"product_cat-pfeile-schaefte","9":"product_cat-pfeilschaefte","11":"first","12":"instock","13":"shipping-taxable","14":"purchasable","15":"product-type-variable"},"_links":{"self":[{"href":"https:\/\/bogensportdiscount.ch\/it\/wp-json\/wp\/v2\/product\/479209","targetHints":{"allow":["GET"]}}],"collection":[{"href":"https:\/\/bogensportdiscount.ch\/it\/wp-json\/wp\/v2\/product"}],"about":[{"href":"https:\/\/bogensportdiscount.ch\/it\/wp-json\/wp\/v2\/types\/product"}],"replies":[{"embeddable":true,"href":"https:\/\/bogensportdiscount.ch\/it\/wp-json\/wp\/v2\/comments?post=479209"}],"wp:featuredmedia":[{"embeddable":true,"href":"https:\/\/bogensportdiscount.ch\/it\/wp-json\/wp\/v2\/media\/453363"}],"wp:attachment":[{"href":"https:\/\/bogensportdiscount.ch\/it\/wp-json\/wp\/v2\/media?parent=479209"}],"wp:term":[{"taxonomy":"product_brand","embeddable":true,"href":"https:\/\/bogensportdiscount.ch\/it\/wp-json\/wp\/v2\/product_brand?post=479209"},{"taxonomy":"product_cat","embeddable":true,"href":"https:\/\/bogensportdiscount.ch\/it\/wp-json\/wp\/v2\/product_cat?post=479209"},{"taxonomy":"product_tag","embeddable":true,"href":"https:\/\/bogensportdiscount.ch\/it\/wp-json\/wp\/v2\/product_tag?post=479209"}],"curies":[{"name":"wp","href":"https:\/\/api.w.org\/{rel}","templated":true}]}}