{"id":479137,"date":"2026-04-19T11:41:32","date_gmt":"2026-04-19T09:41:32","guid":{"rendered":"https:\/\/bogensportdiscount.ch\/produkt\/easton-shafts-fmj-max-5mm-200-w-half-out-12-pk\/"},"modified":"2026-04-19T17:28:45","modified_gmt":"2026-04-19T15:28:45","slug":"easton-shafts-fmj-max-5mm-half-out-12er","status":"publish","type":"product","link":"https:\/\/bogensportdiscount.ch\/it\/prodotto\/easton-shafts-fmj-max-5mm-half-out-12er\/","title":{"rendered":"EASTON SHAFTS FMJ MAX 5MM mit HALF-OUT 12\/PK"},"content":{"rendered":"<p>Die Easton Shafts FMJ Max 5mm sind hochwertige Jagdpfeilsch\u00e4fte mit bew\u00e4hrter Konstruktion. Mit einem Durchmesser von 5mm bieten sie eine ausgezeichnete Balance zwischen Stabilit\u00e4t und Gewicht. Die verf\u00fcgbaren Spine-Gr\u00f6ssen (200, 250, 300, 340, 400) erm\u00f6glichen die Anpassung an verschiedene Bogenkonfigurationen und Zuggewichte.<\/p>\n<p>Die Sch\u00e4fte verf\u00fcgen \u00fcber eine hartanodisierte OD-Gr\u00fcnoberfl\u00e4che mit Diamantplattenmuster f\u00fcr erh\u00f6hte Haltbarkeit. Jede 12er Packung ist mit Microlite 5mm Nocks und 5mm HIT Collars in Match-Grade-Qualit\u00e4t ausgestattet. Sie k\u00f6nnen zwischen Standard-Fletching mit 2&#8243; Blazer Vanes oder Match-Grade-Ausf\u00fchrung mit 3&#8243; AAE Hybrid Stealth Vanes werksseitig helixgefiedert w\u00e4hlen.<\/p>\n<p>Die Straightness-Toleranz von \u00b1.001&#8243; (Match Grade) garantiert pr\u00e4zise Flugkurven. Als Zubeh\u00f6r sind entweder 5mm HIT 8-32 Inserts oder neue 50gr Stahlhalf-outs enthalten.<\/p>","protected":false},"excerpt":{"rendered":"<table>\n<tr>\n<th>Propriet\u00e0<\/th>\n<th>Valore<\/th>\n<\/tr>\n<tr>\n<td>Diametro<\/td>\n<td>5mm<\/td>\n<\/tr>\n<tr>\n<td>Spine Gr\u00f6ssen<\/td>\n<td>200, 250, 300, 340, 400<\/td>\n<\/tr>\n<tr>\n<td>Geradheit Toleranz<\/td>\n<td>\u00b1.001&#8243; (Match Grade)<\/td>\n<\/tr>\n<tr>\n<td>Superficie<\/td>\n<td>Hartanodisiert OD Gr\u00fcn mit Diamantplattenmuster<\/td>\n<\/tr>\n<tr>\n<td>Included Components<\/td>\n<td>Microlite 5mm Nocks, 5mm HIT 8-32 Inserts oder 50gr Stahlhalf-outs, 5mm HIT Collars<\/td>\n<\/tr>\n<tr>\n<td>Fletching Standard<\/td>\n<td>2&#8243; Blazer Vanes<\/td>\n<\/tr>\n<tr>\n<td>Fletching Match Grade<\/td>\n<td>3&#8243; AAE Hybrid Stealth Vanes, Werkshelix gefiedert<\/td>\n<\/tr>\n<\/table>","protected":false},"featured_media":479911,"comment_status":"open","ping_status":"closed","template":"","meta":[],"product_brand":[417],"product_cat":[4158,4235,4442],"product_tag":[],"class_list":{"0":"post-479137","1":"product","2":"type-product","3":"status-publish","4":"has-post-thumbnail","6":"product_brand-easton","7":"product_cat-pfeile-schaefte","8":"product_cat-pfeilschaefte","9":"product_cat-carbon-alu-jagd-schaefte","11":"first","12":"instock","13":"shipping-taxable","14":"purchasable","15":"product-type-variable"},"_links":{"self":[{"href":"https:\/\/bogensportdiscount.ch\/it\/wp-json\/wp\/v2\/product\/479137","targetHints":{"allow":["GET"]}}],"collection":[{"href":"https:\/\/bogensportdiscount.ch\/it\/wp-json\/wp\/v2\/product"}],"about":[{"href":"https:\/\/bogensportdiscount.ch\/it\/wp-json\/wp\/v2\/types\/product"}],"replies":[{"embeddable":true,"href":"https:\/\/bogensportdiscount.ch\/it\/wp-json\/wp\/v2\/comments?post=479137"}],"wp:featuredmedia":[{"embeddable":true,"href":"https:\/\/bogensportdiscount.ch\/it\/wp-json\/wp\/v2\/media\/479911"}],"wp:attachment":[{"href":"https:\/\/bogensportdiscount.ch\/it\/wp-json\/wp\/v2\/media?parent=479137"}],"wp:term":[{"taxonomy":"product_brand","embeddable":true,"href":"https:\/\/bogensportdiscount.ch\/it\/wp-json\/wp\/v2\/product_brand?post=479137"},{"taxonomy":"product_cat","embeddable":true,"href":"https:\/\/bogensportdiscount.ch\/it\/wp-json\/wp\/v2\/product_cat?post=479137"},{"taxonomy":"product_tag","embeddable":true,"href":"https:\/\/bogensportdiscount.ch\/it\/wp-json\/wp\/v2\/product_tag?post=479137"}],"curies":[{"name":"wp","href":"https:\/\/api.w.org\/{rel}","templated":true}]}}