{"id":478639,"date":"2026-04-19T11:40:43","date_gmt":"2026-04-19T09:40:43","guid":{"rendered":"https:\/\/bogensportdiscount.ch\/produkt\/easton-shafts-fmj-5mm-250-autumn-orange-5mm-x-nock-and-hit-insert-12-pk\/"},"modified":"2026-04-19T17:28:40","modified_gmt":"2026-04-19T15:28:40","slug":"easton-schafte-fmj-5mm-herbstrot-x-nock-hit-insert-12er","status":"publish","type":"product","link":"https:\/\/bogensportdiscount.ch\/it\/prodotto\/easton-schafte-fmj-5mm-herbstrot-x-nock-hit-insert-12er\/","title":{"rendered":"EASTON SCH\u00c4FTE FMJ 5MM HERBST ORANGE 5MM X-NOCKE UND HIT-INSERT 12\/PK"},"content":{"rendered":"<p>Die Easton FMJ 5mm Sch\u00e4fte in Herbstrot sind hochwertige Jagdsch\u00e4fte mit bew\u00e4hrter Konstruktion. Mit einem Durchmesser von 5mm bieten sie eine ausgezeichnete Balance zwischen Gewicht und Haltbarkeit und eignen sich ideal f\u00fcr Jagdanwendungen mit verschiedenen Bogenkonfigurationen.<\/p>\n<p>Jede Packung enth\u00e4lt 12 Sch\u00e4fte, die bereits mit dem X-Nock und dem Hit-Insert ausgestattet sind. Die verf\u00fcgbaren Spine-St\u00e4rken (250, 300, 340, 400) erm\u00f6glichen die perfekte Abstimmung auf unterschiedliche Zugkr\u00e4fte. Diese vorgefertigten Komponenten sparen Zeit bei der Pfeilherstellung und garantieren Konsistenz.<\/p>\n<p>Als amerikanisches Produkt vom renommierten Hersteller Easton profitieren Sie von jahrelanger Jagderfahrung und bew\u00e4hrter Qualit\u00e4t.<\/p>","protected":false},"excerpt":{"rendered":"<table>\n<tr>\n<th>Propriet\u00e0<\/th>\n<th>Valore<\/th>\n<\/tr>\n<tr>\n<td>Marca<\/td>\n<td>Easton<\/td>\n<\/tr>\n<tr>\n<td>Modello<\/td>\n<td>FMJ<\/td>\n<\/tr>\n<tr>\n<td>Diametro<\/td>\n<td>5mm<\/td>\n<\/tr>\n<tr>\n<td>Colore<\/td>\n<td>Herbstrot<\/td>\n<\/tr>\n<tr>\n<td>Nock-Typ<\/td>\n<td>X-Nock<\/td>\n<\/tr>\n<tr>\n<td>Insert<\/td>\n<td>Hit-Insert<\/td>\n<\/tr>\n<tr>\n<td>Contenuto<\/td>\n<td>Confezione da 12<\/td>\n<\/tr>\n<tr>\n<td>Spine disponibili<\/td>\n<td>250, 300, 340, 400<\/td>\n<\/tr>\n<tr>\n<td>Paese di origine<\/td>\n<td>USA<\/td>\n<\/tr>\n<\/table>","protected":false},"featured_media":482258,"comment_status":"open","ping_status":"closed","template":"","meta":[],"product_brand":[417],"product_cat":[4158,4235,4442],"product_tag":[],"class_list":{"0":"post-478639","1":"product","2":"type-product","3":"status-publish","4":"has-post-thumbnail","6":"product_brand-easton","7":"product_cat-pfeile-schaefte","8":"product_cat-pfeilschaefte","9":"product_cat-carbon-alu-jagd-schaefte","11":"first","12":"instock","13":"shipping-taxable","14":"purchasable","15":"product-type-variable"},"_links":{"self":[{"href":"https:\/\/bogensportdiscount.ch\/it\/wp-json\/wp\/v2\/product\/478639","targetHints":{"allow":["GET"]}}],"collection":[{"href":"https:\/\/bogensportdiscount.ch\/it\/wp-json\/wp\/v2\/product"}],"about":[{"href":"https:\/\/bogensportdiscount.ch\/it\/wp-json\/wp\/v2\/types\/product"}],"replies":[{"embeddable":true,"href":"https:\/\/bogensportdiscount.ch\/it\/wp-json\/wp\/v2\/comments?post=478639"}],"wp:featuredmedia":[{"embeddable":true,"href":"https:\/\/bogensportdiscount.ch\/it\/wp-json\/wp\/v2\/media\/482258"}],"wp:attachment":[{"href":"https:\/\/bogensportdiscount.ch\/it\/wp-json\/wp\/v2\/media?parent=478639"}],"wp:term":[{"taxonomy":"product_brand","embeddable":true,"href":"https:\/\/bogensportdiscount.ch\/it\/wp-json\/wp\/v2\/product_brand?post=478639"},{"taxonomy":"product_cat","embeddable":true,"href":"https:\/\/bogensportdiscount.ch\/it\/wp-json\/wp\/v2\/product_cat?post=478639"},{"taxonomy":"product_tag","embeddable":true,"href":"https:\/\/bogensportdiscount.ch\/it\/wp-json\/wp\/v2\/product_tag?post=478639"}],"curies":[{"name":"wp","href":"https:\/\/api.w.org\/{rel}","templated":true}]}}