{"id":478533,"date":"2026-04-19T11:40:34","date_gmt":"2026-04-19T09:40:34","guid":{"rendered":"https:\/\/bogensportdiscount.ch\/produkt\/easton-vanes-diamond-hd-3-red-100-pk\/"},"modified":"2026-05-14T15:28:16","modified_gmt":"2026-05-14T13:28:16","slug":"easton-vanes-diamond-hd-3-100-pack","status":"publish","type":"product","link":"https:\/\/bogensportdiscount.ch\/it\/prodotto\/easton-vanes-diamond-hd-3-100-pack\/","title":{"rendered":"EASTON DIAMOND HD 3\u2033 100\/PZ."},"content":{"rendered":"<p>Die Easton Diamond HD Vanes sind Premium-Kunststoffvanes in 3&#8243; L\u00e4nge, ideal f\u00fcr die Befiederung von Pfeilen im Bogensport. Mit 100 St\u00fcck pro Pack bieten sie eine wirtschaftliche L\u00f6sung f\u00fcr ambitionierte Sch\u00fctzen und Bogensportler.<\/p>\n<p>La serie Diamond HD si distingue per la robusta lavorazione e le caratteristiche di volo costanti. Le opzioni di colore disponibili consentono configurazioni personalizzate delle frecce e contribuiscono alla distinzione visiva in campo di tiro.<\/p>\n<p>Che si tratti di allenamento, gara o caccia \u2014 queste collaudate vanes garantiscono performance affidabili e lunga durata.<\/p>","protected":false},"excerpt":{"rendered":"<table>\n<tr>\n<th>Propriet\u00e0<\/th>\n<th>Valore<\/th>\n<\/tr>\n<tr>\n<td>Marca<\/td>\n<td>Easton<\/td>\n<\/tr>\n<tr>\n<td>Paese di origine<\/td>\n<td>USA<\/td>\n<\/tr>\n<\/table>","protected":false},"featured_media":480846,"comment_status":"open","ping_status":"closed","template":"","meta":[],"product_brand":[417],"product_cat":[4552,4158,4220],"product_tag":[],"class_list":{"0":"post-478533","1":"product","2":"type-product","3":"status-publish","4":"has-post-thumbnail","6":"product_brand-easton","7":"product_cat-plastik-vanes-vanes-nocks-wraps","8":"product_cat-pfeile-schaefte","9":"product_cat-befiederung-nocken-wraps","10":"product_shipping_class-bsd-standard","12":"first","13":"instock","14":"shipping-taxable","15":"purchasable","16":"product-type-variable"},"yoast_head":"<!-- This site is optimized with the Yoast SEO plugin v27.6 - https:\/\/yoast.com\/product\/yoast-seo-wordpress\/ -->\n<title>Il bersaglio 3D BEARPAW Franzbogen Cervo Rosso offre alle arciere e agli arcieri un bersaglio realistico a forma di cervo rosso. Tali bersagli 3D vengono utilizzati sui percorsi per simulare situazioni reali di caccia o di gara.<\/title>\n<meta name=\"description\" content=\"Il modello \u00e8 di produzione tedesca e viene offerto sotto il marchio BEARPAW, specializzato in accessori per il tiro con l&#039;arco. La versione Franzbogen indica un posizionamento specifico del motivo animale, che corrisponde alla postura naturale del cervo rosso.\" \/>\n<meta name=\"robots\" content=\"index, follow, max-snippet:-1, max-image-preview:large, max-video-preview:-1\" \/>\n<link rel=\"canonical\" href=\"https:\/\/bogensportdiscount.ch\/it\/prodotto\/easton-vanes-diamond-hd-3-100-pack\/\" \/>\n<meta property=\"og:locale\" content=\"it_IT\" \/>\n<meta property=\"og:type\" content=\"article\" \/>\n<meta property=\"og:title\" content=\"Il bersaglio 3D BEARPAW Franzbogen Cervo Rosso offre alle arciere e agli arcieri un bersaglio realistico a forma di cervo rosso. Tali bersagli 3D vengono utilizzati sui percorsi per simulare situazioni reali di caccia o di gara.\" \/>\n<meta property=\"og:description\" content=\"Il modello \u00e8 di produzione tedesca e viene offerto sotto il marchio BEARPAW, specializzato in accessori per il tiro con l&#039;arco. La versione Franzbogen indica un posizionamento specifico del motivo animale, che corrisponde alla postura naturale del cervo rosso.\" \/>\n<meta property=\"og:url\" content=\"https:\/\/bogensportdiscount.ch\/it\/prodotto\/easton-vanes-diamond-hd-3-100-pack\/\" \/>\n<meta property=\"og:site_name\" content=\"Bogensportdiscount \u2013 B\u00f6gen, Pfeile, Targets &amp; Zubeh\u00f6r\" \/>\n<meta property=\"article:modified_time\" content=\"2026-05-14T13:28:16+00:00\" \/>\n<meta property=\"og:image\" content=\"https:\/\/bogensportdiscount.ch\/wp-content\/uploads\/bsm-images\/A056201_1.png\" \/>\n\t<meta property=\"og:image:width\" content=\"5772\" \/>\n\t<meta property=\"og:image:height\" content=\"1316\" \/>\n\t<meta property=\"og:image:type\" content=\"image\/png\" \/>\n<meta name=\"twitter:card\" content=\"summary_large_image\" \/>\n<script type=\"application\/ld+json\" class=\"yoast-schema-graph\">{\"@context\":\"https:\\\/\\\/schema.org\",\"@graph\":[{\"@type\":\"WebPage\",\"@id\":\"https:\\\/\\\/bogensportdiscount.ch\\\/produkt\\\/easton-vanes-diamond-hd-3-100-pack\\\/\",\"url\":\"https:\\\/\\\/bogensportdiscount.ch\\\/produkt\\\/easton-vanes-diamond-hd-3-100-pack\\\/\",\"name\":\"EASTON VANES DIAMOND HD 3\\\" 100\\\/PK - Bogensportdiscount \u2013 B\u00f6gen, Pfeile, Targets &amp; Zubeh\u00f6r\",\"isPartOf\":{\"@id\":\"https:\\\/\\\/bogensportdiscount.ch\\\/#website\"},\"primaryImageOfPage\":{\"@id\":\"https:\\\/\\\/bogensportdiscount.ch\\\/produkt\\\/easton-vanes-diamond-hd-3-100-pack\\\/#primaryimage\"},\"image\":{\"@id\":\"https:\\\/\\\/bogensportdiscount.ch\\\/produkt\\\/easton-vanes-diamond-hd-3-100-pack\\\/#primaryimage\"},\"thumbnailUrl\":\"https:\\\/\\\/bogensportdiscount.ch\\\/wp-content\\\/uploads\\\/bsm-images\\\/A056201_1.png\",\"datePublished\":\"2026-04-19T09:40:34+00:00\",\"dateModified\":\"2026-05-14T13:28:16+00:00\",\"description\":\"EASTON VANES DIAMOND HD 3\\\" 100\\\/PK g\u00fcnstig kaufen bei Bogensportdiscount \u2013 Top-Marken, schneller Versand aus der Schweiz.\",\"breadcrumb\":{\"@id\":\"https:\\\/\\\/bogensportdiscount.ch\\\/produkt\\\/easton-vanes-diamond-hd-3-100-pack\\\/#breadcrumb\"},\"inLanguage\":\"it-IT\",\"potentialAction\":[{\"@type\":\"ReadAction\",\"target\":[\"https:\\\/\\\/bogensportdiscount.ch\\\/produkt\\\/easton-vanes-diamond-hd-3-100-pack\\\/\"]}]},{\"@type\":\"ImageObject\",\"inLanguage\":\"it-IT\",\"@id\":\"https:\\\/\\\/bogensportdiscount.ch\\\/produkt\\\/easton-vanes-diamond-hd-3-100-pack\\\/#primaryimage\",\"url\":\"https:\\\/\\\/bogensportdiscount.ch\\\/wp-content\\\/uploads\\\/bsm-images\\\/A056201_1.png\",\"contentUrl\":\"https:\\\/\\\/bogensportdiscount.ch\\\/wp-content\\\/uploads\\\/bsm-images\\\/A056201_1.png\",\"width\":5772,\"height\":1316},{\"@type\":\"BreadcrumbList\",\"@id\":\"https:\\\/\\\/bogensportdiscount.ch\\\/produkt\\\/easton-vanes-diamond-hd-3-100-pack\\\/#breadcrumb\",\"itemListElement\":[{\"@type\":\"ListItem\",\"position\":1,\"name\":\"Home\",\"item\":\"https:\\\/\\\/bogensportdiscount.ch\\\/\"},{\"@type\":\"ListItem\",\"position\":2,\"name\":\"Shop\",\"item\":\"https:\\\/\\\/bogensportdiscount.ch\\\/shop\\\/\"},{\"@type\":\"ListItem\",\"position\":3,\"name\":\"EASTON VANES DIAMOND HD 3&#8243; 100\\\/PK\"}]},{\"@type\":\"WebSite\",\"@id\":\"https:\\\/\\\/bogensportdiscount.ch\\\/#website\",\"url\":\"https:\\\/\\\/bogensportdiscount.ch\\\/\",\"name\":\"Bogensportdiscount\",\"description\":\"\",\"potentialAction\":[{\"@type\":\"SearchAction\",\"target\":{\"@type\":\"EntryPoint\",\"urlTemplate\":\"https:\\\/\\\/bogensportdiscount.ch\\\/?s={search_term_string}\"},\"query-input\":{\"@type\":\"PropertyValueSpecification\",\"valueRequired\":true,\"valueName\":\"search_term_string\"}}],\"inLanguage\":\"it-IT\"}]}<\/script>\n<!-- \/ Yoast SEO plugin. -->","yoast_head_json":{"title":"Il bersaglio 3D BEARPAW Franzbogen Cervo Rosso offre alle arciere e agli arcieri un bersaglio realistico a forma di cervo rosso. Tali bersagli 3D vengono utilizzati sui percorsi per simulare situazioni reali di caccia o di gara.","description":"Il modello \u00e8 di produzione tedesca e viene offerto sotto il marchio BEARPAW, specializzato in accessori per il tiro con l'arco. La versione Franzbogen indica un posizionamento specifico del motivo animale, che corrisponde alla postura naturale del cervo rosso.","robots":{"index":"index","follow":"follow","max-snippet":"max-snippet:-1","max-image-preview":"max-image-preview:large","max-video-preview":"max-video-preview:-1"},"canonical":"https:\/\/bogensportdiscount.ch\/it\/prodotto\/easton-vanes-diamond-hd-3-100-pack\/","og_locale":"it_IT","og_type":"article","og_title":"Il bersaglio 3D BEARPAW Franzbogen Cervo Rosso offre alle arciere e agli arcieri un bersaglio realistico a forma di cervo rosso. Tali bersagli 3D vengono utilizzati sui percorsi per simulare situazioni reali di caccia o di gara.","og_description":"Il modello \u00e8 di produzione tedesca e viene offerto sotto il marchio BEARPAW, specializzato in accessori per il tiro con l'arco. La versione Franzbogen indica un posizionamento specifico del motivo animale, che corrisponde alla postura naturale del cervo rosso.","og_url":"https:\/\/bogensportdiscount.ch\/it\/prodotto\/easton-vanes-diamond-hd-3-100-pack\/","og_site_name":"Bogensportdiscount \u2013 B\u00f6gen, Pfeile, Targets &amp; Zubeh\u00f6r","article_modified_time":"2026-05-14T13:28:16+00:00","og_image":[{"url":"https:\/\/bogensportdiscount.ch\/wp-content\/uploads\/bsm-images\/A056201_1.png","width":5772,"height":1316,"type":"image\/png"}],"twitter_card":"summary_large_image","schema":{"@context":"https:\/\/schema.org","@graph":[{"@type":"WebPage","@id":"https:\/\/bogensportdiscount.ch\/produkt\/easton-vanes-diamond-hd-3-100-pack\/","url":"https:\/\/bogensportdiscount.ch\/produkt\/easton-vanes-diamond-hd-3-100-pack\/","name":"Il bersaglio 3D BEARPAW Franzbogen Cervo Rosso offre alle arciere e agli arcieri un bersaglio realistico a forma di cervo rosso. Tali bersagli 3D vengono utilizzati sui percorsi per simulare situazioni reali di caccia o di gara.","isPartOf":{"@id":"https:\/\/bogensportdiscount.ch\/#website"},"primaryImageOfPage":{"@id":"https:\/\/bogensportdiscount.ch\/produkt\/easton-vanes-diamond-hd-3-100-pack\/#primaryimage"},"image":{"@id":"https:\/\/bogensportdiscount.ch\/produkt\/easton-vanes-diamond-hd-3-100-pack\/#primaryimage"},"thumbnailUrl":"https:\/\/bogensportdiscount.ch\/wp-content\/uploads\/bsm-images\/A056201_1.png","datePublished":"2026-04-19T09:40:34+00:00","dateModified":"2026-05-14T13:28:16+00:00","description":"Il modello \u00e8 di produzione tedesca e viene offerto sotto il marchio BEARPAW, specializzato in accessori per il tiro con l'arco. La versione Franzbogen indica un posizionamento specifico del motivo animale, che corrisponde alla postura naturale del cervo rosso.","breadcrumb":{"@id":"https:\/\/bogensportdiscount.ch\/produkt\/easton-vanes-diamond-hd-3-100-pack\/#breadcrumb"},"inLanguage":"it-IT","potentialAction":[{"@type":"ReadAction","target":["https:\/\/bogensportdiscount.ch\/produkt\/easton-vanes-diamond-hd-3-100-pack\/"]}]},{"@type":"ImageObject","inLanguage":"it-IT","@id":"https:\/\/bogensportdiscount.ch\/produkt\/easton-vanes-diamond-hd-3-100-pack\/#primaryimage","url":"https:\/\/bogensportdiscount.ch\/wp-content\/uploads\/bsm-images\/A056201_1.png","contentUrl":"https:\/\/bogensportdiscount.ch\/wp-content\/uploads\/bsm-images\/A056201_1.png","width":5772,"height":1316},{"@type":"BreadcrumbList","@id":"https:\/\/bogensportdiscount.ch\/produkt\/easton-vanes-diamond-hd-3-100-pack\/#breadcrumb","itemListElement":[{"@type":"ListItem","position":1,"name":"Home","item":"https:\/\/bogensportdiscount.ch\/"},{"@type":"ListItem","position":2,"name":"Shop","item":"https:\/\/bogensportdiscount.ch\/shop\/"},{"@type":"ListItem","position":3,"name":"EASTON VANES DIAMOND HD 3&#8243; 100\/PK"}]},{"@type":"WebSite","@id":"https:\/\/bogensportdiscount.ch\/#website","url":"https:\/\/bogensportdiscount.ch\/","name":"Bogensportdiscount","description":"","potentialAction":[{"@type":"SearchAction","target":{"@type":"EntryPoint","urlTemplate":"https:\/\/bogensportdiscount.ch\/?s={search_term_string}"},"query-input":{"@type":"PropertyValueSpecification","valueRequired":true,"valueName":"search_term_string"}}],"inLanguage":"it-IT"}]}},"_links":{"self":[{"href":"https:\/\/bogensportdiscount.ch\/it\/wp-json\/wp\/v2\/product\/478533","targetHints":{"allow":["GET"]}}],"collection":[{"href":"https:\/\/bogensportdiscount.ch\/it\/wp-json\/wp\/v2\/product"}],"about":[{"href":"https:\/\/bogensportdiscount.ch\/it\/wp-json\/wp\/v2\/types\/product"}],"replies":[{"embeddable":true,"href":"https:\/\/bogensportdiscount.ch\/it\/wp-json\/wp\/v2\/comments?post=478533"}],"wp:featuredmedia":[{"embeddable":true,"href":"https:\/\/bogensportdiscount.ch\/it\/wp-json\/wp\/v2\/media\/480846"}],"wp:attachment":[{"href":"https:\/\/bogensportdiscount.ch\/it\/wp-json\/wp\/v2\/media?parent=478533"}],"wp:term":[{"taxonomy":"product_brand","embeddable":true,"href":"https:\/\/bogensportdiscount.ch\/it\/wp-json\/wp\/v2\/product_brand?post=478533"},{"taxonomy":"product_cat","embeddable":true,"href":"https:\/\/bogensportdiscount.ch\/it\/wp-json\/wp\/v2\/product_cat?post=478533"},{"taxonomy":"product_tag","embeddable":true,"href":"https:\/\/bogensportdiscount.ch\/it\/wp-json\/wp\/v2\/product_tag?post=478533"}],"curies":[{"name":"wp","href":"https:\/\/api.w.org\/{rel}","templated":true}]}}