{"id":478522,"date":"2026-04-19T11:40:33","date_gmt":"2026-04-19T09:40:33","guid":{"rendered":"https:\/\/bogensportdiscount.ch\/produkt\/easton-arrows-carbon-legacy-6-5mm-4-feathers-helical-340-6-pk\/"},"modified":"2026-05-14T15:28:16","modified_gmt":"2026-05-14T13:28:16","slug":"easton-pfeile-carbon-legacy-6-5mm","status":"publish","type":"product","link":"https:\/\/bogensportdiscount.ch\/it\/prodotto\/easton-pfeile-carbon-legacy-6-5mm\/","title":{"rendered":"FRECCE EASTON CARBON LEGACY 6,5 MM"},"content":{"rendered":"<p>Le frecce EASTON Carbon Legacy da 6,5 mm di diametro sono frecce tradizionali impennate in materiale carbonio. Offrono una solida base per gli arcieri che desiderano combinare la qualit\u00e0 di tiro classica con una struttura in materiale moderno.<\/p>\n<p>Dank ihrer Carbon-Konstruktion vereinen diese Pfeile Leichtigkeit und Stabilit\u00e4t. Die verf\u00fcgbaren Spine-Optionen (340, 400, 500, 600, 700) erm\u00f6glichen die optimale Anpassung an verschiedene Zuggewichte und B\u00f6gen. Sie erhalten die Pfeile in praktischen Packungsgrssen zu 6, 36 oder 72 St\u00fcck.<\/p>","protected":false},"excerpt":{"rendered":"<table>\n<tr>\n<th>Propriet\u00e0<\/th>\n<th>Valore<\/th>\n<\/tr>\n<tr>\n<td>Marca<\/td>\n<td>Easton<\/td>\n<\/tr>\n<tr>\n<td>Diametro<\/td>\n<td>6,5 mm<\/td>\n<\/tr>\n<tr>\n<td>Spine<\/td>\n<td>340, 400, 500, 600, 700<\/td>\n<\/tr>\n<tr>\n<td>Imballaggio<\/td>\n<td>6, 36, 72 St\u00fcck<\/td>\n<\/tr>\n<\/table>","protected":false},"featured_media":480843,"comment_status":"open","ping_status":"closed","template":"","meta":[],"product_brand":[417],"product_cat":[4158,4286,4538],"product_tag":[],"class_list":{"0":"post-478522","1":"product","2":"type-product","3":"status-publish","4":"has-post-thumbnail","6":"product_brand-easton","7":"product_cat-pfeile-schaefte","8":"product_cat-befiederte-pfeile","9":"product_cat-befiederte-carbon-traditionelle-pfeile","10":"product_shipping_class-bsd-standard","12":"first","13":"instock","14":"shipping-taxable","15":"purchasable","16":"product-type-variable"},"yoast_head":"<!-- This site is optimized with the Yoast SEO plugin v27.6 - https:\/\/yoast.com\/product\/yoast-seo-wordpress\/ -->\n<title>Bogensportdiscount \u2013 Archi, Frecce, Targets &amp; Accessori<\/title>\n<meta name=\"description\" content=\"EASTON VANES DIAMOND 380 100\/PK - Bogensportdiscount \u2013 Archi, Frecce, Targets &amp; Accessori\" \/>\n<meta name=\"robots\" content=\"index, follow, max-snippet:-1, max-image-preview:large, max-video-preview:-1\" \/>\n<link rel=\"canonical\" href=\"https:\/\/bogensportdiscount.ch\/it\/prodotto\/easton-pfeile-carbon-legacy-6-5mm\/\" \/>\n<meta property=\"og:locale\" content=\"it_IT\" \/>\n<meta property=\"og:type\" content=\"article\" \/>\n<meta property=\"og:title\" content=\"Bogensportdiscount \u2013 Archi, Frecce, Targets &amp; Accessori\" \/>\n<meta property=\"og:description\" content=\"EASTON VANES DIAMOND 380 100\/PK - Bogensportdiscount \u2013 Archi, Frecce, Targets &amp; Accessori\" \/>\n<meta property=\"og:url\" content=\"https:\/\/bogensportdiscount.ch\/it\/prodotto\/easton-pfeile-carbon-legacy-6-5mm\/\" \/>\n<meta property=\"og:site_name\" content=\"Bogensportdiscount \u2013 B\u00f6gen, Pfeile, Targets &amp; Zubeh\u00f6r\" \/>\n<meta property=\"article:modified_time\" content=\"2026-05-14T13:28:16+00:00\" \/>\n<meta property=\"og:image\" content=\"https:\/\/bogensportdiscount.ch\/wp-content\/uploads\/bsm-images\/A056197_1.png\" \/>\n\t<meta property=\"og:image:width\" content=\"4900\" \/>\n\t<meta property=\"og:image:height\" content=\"207\" \/>\n\t<meta property=\"og:image:type\" content=\"image\/png\" \/>\n<meta name=\"twitter:card\" content=\"summary_large_image\" \/>\n<script type=\"application\/ld+json\" class=\"yoast-schema-graph\">{\"@context\":\"https:\\\/\\\/schema.org\",\"@graph\":[{\"@type\":\"WebPage\",\"@id\":\"https:\\\/\\\/bogensportdiscount.ch\\\/produkt\\\/easton-pfeile-carbon-legacy-6-5mm\\\/\",\"url\":\"https:\\\/\\\/bogensportdiscount.ch\\\/produkt\\\/easton-pfeile-carbon-legacy-6-5mm\\\/\",\"name\":\"EASTON ARROWS CARBON LEGACY 6.5MM - Bogensportdiscount \u2013 B\u00f6gen, Pfeile, Targets &amp; Zubeh\u00f6r\",\"isPartOf\":{\"@id\":\"https:\\\/\\\/bogensportdiscount.ch\\\/#website\"},\"primaryImageOfPage\":{\"@id\":\"https:\\\/\\\/bogensportdiscount.ch\\\/produkt\\\/easton-pfeile-carbon-legacy-6-5mm\\\/#primaryimage\"},\"image\":{\"@id\":\"https:\\\/\\\/bogensportdiscount.ch\\\/produkt\\\/easton-pfeile-carbon-legacy-6-5mm\\\/#primaryimage\"},\"thumbnailUrl\":\"https:\\\/\\\/bogensportdiscount.ch\\\/wp-content\\\/uploads\\\/bsm-images\\\/A056197_1.png\",\"datePublished\":\"2026-04-19T09:40:33+00:00\",\"dateModified\":\"2026-05-14T13:28:16+00:00\",\"description\":\"EASTON ARROWS CARBON LEGACY 6.5MM g\u00fcnstig kaufen bei Bogensportdiscount \u2013 Top-Marken, schneller Versand aus der Schweiz.\",\"breadcrumb\":{\"@id\":\"https:\\\/\\\/bogensportdiscount.ch\\\/produkt\\\/easton-pfeile-carbon-legacy-6-5mm\\\/#breadcrumb\"},\"inLanguage\":\"it-IT\",\"potentialAction\":[{\"@type\":\"ReadAction\",\"target\":[\"https:\\\/\\\/bogensportdiscount.ch\\\/produkt\\\/easton-pfeile-carbon-legacy-6-5mm\\\/\"]}]},{\"@type\":\"ImageObject\",\"inLanguage\":\"it-IT\",\"@id\":\"https:\\\/\\\/bogensportdiscount.ch\\\/produkt\\\/easton-pfeile-carbon-legacy-6-5mm\\\/#primaryimage\",\"url\":\"https:\\\/\\\/bogensportdiscount.ch\\\/wp-content\\\/uploads\\\/bsm-images\\\/A056197_1.png\",\"contentUrl\":\"https:\\\/\\\/bogensportdiscount.ch\\\/wp-content\\\/uploads\\\/bsm-images\\\/A056197_1.png\",\"width\":4900,\"height\":207},{\"@type\":\"BreadcrumbList\",\"@id\":\"https:\\\/\\\/bogensportdiscount.ch\\\/produkt\\\/easton-pfeile-carbon-legacy-6-5mm\\\/#breadcrumb\",\"itemListElement\":[{\"@type\":\"ListItem\",\"position\":1,\"name\":\"Home\",\"item\":\"https:\\\/\\\/bogensportdiscount.ch\\\/\"},{\"@type\":\"ListItem\",\"position\":2,\"name\":\"Shop\",\"item\":\"https:\\\/\\\/bogensportdiscount.ch\\\/shop\\\/\"},{\"@type\":\"ListItem\",\"position\":3,\"name\":\"EASTON ARROWS CARBON LEGACY 6.5MM\"}]},{\"@type\":\"WebSite\",\"@id\":\"https:\\\/\\\/bogensportdiscount.ch\\\/#website\",\"url\":\"https:\\\/\\\/bogensportdiscount.ch\\\/\",\"name\":\"Bogensportdiscount\",\"description\":\"\",\"potentialAction\":[{\"@type\":\"SearchAction\",\"target\":{\"@type\":\"EntryPoint\",\"urlTemplate\":\"https:\\\/\\\/bogensportdiscount.ch\\\/?s={search_term_string}\"},\"query-input\":{\"@type\":\"PropertyValueSpecification\",\"valueRequired\":true,\"valueName\":\"search_term_string\"}}],\"inLanguage\":\"it-IT\"}]}<\/script>\n<!-- \/ Yoast SEO plugin. -->","yoast_head_json":{"title":"Bogensportdiscount \u2013 Archi, Frecce, Targets & Accessori","description":"EASTON VANES DIAMOND 380 100\/PK - Bogensportdiscount \u2013 Archi, Frecce, Targets &amp; Accessori","robots":{"index":"index","follow":"follow","max-snippet":"max-snippet:-1","max-image-preview":"max-image-preview:large","max-video-preview":"max-video-preview:-1"},"canonical":"https:\/\/bogensportdiscount.ch\/it\/prodotto\/easton-pfeile-carbon-legacy-6-5mm\/","og_locale":"it_IT","og_type":"article","og_title":"Bogensportdiscount \u2013 Archi, Frecce, Targets & Accessori","og_description":"EASTON VANES DIAMOND 380 100\/PK - Bogensportdiscount \u2013 Archi, Frecce, Targets &amp; Accessori","og_url":"https:\/\/bogensportdiscount.ch\/it\/prodotto\/easton-pfeile-carbon-legacy-6-5mm\/","og_site_name":"Bogensportdiscount \u2013 B\u00f6gen, Pfeile, Targets &amp; Zubeh\u00f6r","article_modified_time":"2026-05-14T13:28:16+00:00","og_image":[{"width":4900,"height":207,"url":"https:\/\/bogensportdiscount.ch\/wp-content\/uploads\/bsm-images\/A056197_1.png","type":"image\/png"}],"twitter_card":"summary_large_image","schema":{"@context":"https:\/\/schema.org","@graph":[{"@type":"WebPage","@id":"https:\/\/bogensportdiscount.ch\/produkt\/easton-pfeile-carbon-legacy-6-5mm\/","url":"https:\/\/bogensportdiscount.ch\/produkt\/easton-pfeile-carbon-legacy-6-5mm\/","name":"Bogensportdiscount \u2013 Archi, Frecce, Targets &amp; Accessori","isPartOf":{"@id":"https:\/\/bogensportdiscount.ch\/#website"},"primaryImageOfPage":{"@id":"https:\/\/bogensportdiscount.ch\/produkt\/easton-pfeile-carbon-legacy-6-5mm\/#primaryimage"},"image":{"@id":"https:\/\/bogensportdiscount.ch\/produkt\/easton-pfeile-carbon-legacy-6-5mm\/#primaryimage"},"thumbnailUrl":"https:\/\/bogensportdiscount.ch\/wp-content\/uploads\/bsm-images\/A056197_1.png","datePublished":"2026-04-19T09:40:33+00:00","dateModified":"2026-05-14T13:28:16+00:00","description":"EASTON VANES DIAMOND 380 100\/PK - Bogensportdiscount \u2013 Archi, Frecce, Targets &amp; Accessori","breadcrumb":{"@id":"https:\/\/bogensportdiscount.ch\/produkt\/easton-pfeile-carbon-legacy-6-5mm\/#breadcrumb"},"inLanguage":"it-IT","potentialAction":[{"@type":"ReadAction","target":["https:\/\/bogensportdiscount.ch\/produkt\/easton-pfeile-carbon-legacy-6-5mm\/"]}]},{"@type":"ImageObject","inLanguage":"it-IT","@id":"https:\/\/bogensportdiscount.ch\/produkt\/easton-pfeile-carbon-legacy-6-5mm\/#primaryimage","url":"https:\/\/bogensportdiscount.ch\/wp-content\/uploads\/bsm-images\/A056197_1.png","contentUrl":"https:\/\/bogensportdiscount.ch\/wp-content\/uploads\/bsm-images\/A056197_1.png","width":4900,"height":207},{"@type":"BreadcrumbList","@id":"https:\/\/bogensportdiscount.ch\/produkt\/easton-pfeile-carbon-legacy-6-5mm\/#breadcrumb","itemListElement":[{"@type":"ListItem","position":1,"name":"Home","item":"https:\/\/bogensportdiscount.ch\/"},{"@type":"ListItem","position":2,"name":"Shop","item":"https:\/\/bogensportdiscount.ch\/shop\/"},{"@type":"ListItem","position":3,"name":"EASTON ARROWS CARBON LEGACY 6.5MM"}]},{"@type":"WebSite","@id":"https:\/\/bogensportdiscount.ch\/#website","url":"https:\/\/bogensportdiscount.ch\/","name":"Bogensportdiscount","description":"","potentialAction":[{"@type":"SearchAction","target":{"@type":"EntryPoint","urlTemplate":"https:\/\/bogensportdiscount.ch\/?s={search_term_string}"},"query-input":{"@type":"PropertyValueSpecification","valueRequired":true,"valueName":"search_term_string"}}],"inLanguage":"it-IT"}]}},"_links":{"self":[{"href":"https:\/\/bogensportdiscount.ch\/it\/wp-json\/wp\/v2\/product\/478522","targetHints":{"allow":["GET"]}}],"collection":[{"href":"https:\/\/bogensportdiscount.ch\/it\/wp-json\/wp\/v2\/product"}],"about":[{"href":"https:\/\/bogensportdiscount.ch\/it\/wp-json\/wp\/v2\/types\/product"}],"replies":[{"embeddable":true,"href":"https:\/\/bogensportdiscount.ch\/it\/wp-json\/wp\/v2\/comments?post=478522"}],"wp:featuredmedia":[{"embeddable":true,"href":"https:\/\/bogensportdiscount.ch\/it\/wp-json\/wp\/v2\/media\/480843"}],"wp:attachment":[{"href":"https:\/\/bogensportdiscount.ch\/it\/wp-json\/wp\/v2\/media?parent=478522"}],"wp:term":[{"taxonomy":"product_brand","embeddable":true,"href":"https:\/\/bogensportdiscount.ch\/it\/wp-json\/wp\/v2\/product_brand?post=478522"},{"taxonomy":"product_cat","embeddable":true,"href":"https:\/\/bogensportdiscount.ch\/it\/wp-json\/wp\/v2\/product_cat?post=478522"},{"taxonomy":"product_tag","embeddable":true,"href":"https:\/\/bogensportdiscount.ch\/it\/wp-json\/wp\/v2\/product_tag?post=478522"}],"curies":[{"name":"wp","href":"https:\/\/api.w.org\/{rel}","templated":true}]}}