{"id":478438,"date":"2026-04-19T11:40:27","date_gmt":"2026-04-19T09:40:27","guid":{"rendered":"https:\/\/bogensportdiscount.ch\/produkt\/easton-crossbow-nocks-half-moon-9mm-carbon-bolt-white-36-pk\/"},"modified":"2026-05-14T15:28:15","modified_gmt":"2026-05-14T13:28:15","slug":"easton-armbrust-nocken-half-moon-9mm-carbonbolzen-36er-pack","status":"publish","type":"product","link":"https:\/\/bogensportdiscount.ch\/it\/prodotto\/easton-armbrust-nocken-half-moon-9mm-carbonbolzen-36er-pack\/","title":{"rendered":"EASTON BALESTRA COCCHE MEZZALUNA 9MM CARBON BOLT 36\/PZ."},"content":{"rendered":"<p>Le cocche per balestra EASTON Half Moon sono progettate appositamente per dardi in carbonio da 9mm e offrono una compatibilit\u00e0 ottimale con un'ampia variet\u00e0 di modelli di balestra. Il tipo di cocca Half Moon consente una guida sicura e costante del dardo sulla corda.<\/p>\n<p>Con 36 cocche per confezione, Lei dispone di una quantit\u00e0 sufficiente per l'allenamento regolare e le sessioni di tiro. Le cocche EASTON di alta qualit\u00e0 si distinguono per affidabilit\u00e0 e durata, rendendole una scelta affidabile per i tiratori con la balestra.<\/p>\n<p>Disponibili in tre colori \u2014 verde, arancione e bianco \u2014 Lei pu\u00f2 scegliere le cocche in base alle Sue preferenze e alle esigenze di visibilit\u00e0.<\/p>","protected":false},"excerpt":{"rendered":"<table>\n<tr>\n<th>Propriet\u00e0<\/th>\n<th>Valore<\/th>\n<\/tr>\n<tr>\n<td>Marca<\/td>\n<td>Easton<\/td>\n<\/tr>\n<tr>\n<td>Tipo di cocca<\/td>\n<td>Half Moon<\/td>\n<\/tr>\n<tr>\n<td>Diametro<\/td>\n<td>9mm<\/td>\n<\/tr>\n<tr>\n<td>Materiale<\/td>\n<td>Carbon<\/td>\n<\/tr>\n<tr>\n<td>Quantit\u00e0<\/td>\n<td>Confezione da 36<\/td>\n<\/tr>\n<tr>\n<td>Colori<\/td>\n<td>Verde, Arancione, Bianco<\/td>\n<\/tr>\n<tr>\n<td>Paese di origine<\/td>\n<td>USA<\/td>\n<\/tr>\n<\/table>","protected":false},"featured_media":480834,"comment_status":"open","ping_status":"closed","template":"","meta":[],"product_brand":[417],"product_cat":[3348,4135,4204],"product_tag":[],"class_list":{"0":"post-478438","1":"product","2":"type-product","3":"status-publish","4":"has-post-thumbnail","6":"product_brand-easton","7":"product_cat-nocken","8":"product_cat-armbrust-zubehoer","9":"product_cat-bolzen-armbrust-zubehoer","10":"product_shipping_class-bsd-standard","12":"first","13":"instock","14":"shipping-taxable","15":"purchasable","16":"product-type-variable"},"yoast_head":"<!-- This site is optimized with the Yoast SEO plugin v27.6 - https:\/\/yoast.com\/product\/yoast-seo-wordpress\/ -->\n<title>EASTON CROSSBOW NOCKS HALF MOON 9MM CARBON BOLT 36\/PK - Bogensportdiscount \u2013 Archi, frecce, bersagli e accessori<\/title>\n<meta name=\"description\" content=\"Acquista a un prezzo conveniente le cocche per balestra EASTON HALF MOON 9MM CARBON BOLT (confezione da 36) su Bogensportdiscount \u2013 Marchi di punta, spedizione veloce dalla Svizzera.\" \/>\n<meta name=\"robots\" content=\"index, follow, max-snippet:-1, max-image-preview:large, max-video-preview:-1\" \/>\n<link rel=\"canonical\" href=\"https:\/\/bogensportdiscount.ch\/it\/prodotto\/easton-armbrust-nocken-half-moon-9mm-carbonbolzen-36er-pack\/\" \/>\n<meta property=\"og:locale\" content=\"it_IT\" \/>\n<meta property=\"og:type\" content=\"article\" \/>\n<meta property=\"og:title\" content=\"EASTON CROSSBOW NOCKS HALF MOON 9MM CARBON BOLT 36\/PK - Bogensportdiscount \u2013 Archi, frecce, bersagli e accessori\" \/>\n<meta property=\"og:description\" content=\"Acquista a un prezzo conveniente le cocche per balestra EASTON HALF MOON 9MM CARBON BOLT (confezione da 36) su Bogensportdiscount \u2013 Marchi di punta, spedizione veloce dalla Svizzera.\" \/>\n<meta property=\"og:url\" content=\"https:\/\/bogensportdiscount.ch\/it\/prodotto\/easton-armbrust-nocken-half-moon-9mm-carbonbolzen-36er-pack\/\" \/>\n<meta property=\"og:site_name\" content=\"Bogensportdiscount \u2013 B\u00f6gen, Pfeile, Targets &amp; Zubeh\u00f6r\" \/>\n<meta property=\"article:modified_time\" content=\"2026-05-14T13:28:15+00:00\" \/>\n<meta property=\"og:image\" content=\"https:\/\/bogensportdiscount.ch\/wp-content\/uploads\/bsm-images\/A050587_1.png\" \/>\n\t<meta property=\"og:image:width\" content=\"566\" \/>\n\t<meta property=\"og:image:height\" content=\"247\" \/>\n\t<meta property=\"og:image:type\" content=\"image\/png\" \/>\n<meta name=\"twitter:card\" content=\"summary_large_image\" \/>\n<script type=\"application\/ld+json\" class=\"yoast-schema-graph\">{\"@context\":\"https:\\\/\\\/schema.org\",\"@graph\":[{\"@type\":\"WebPage\",\"@id\":\"https:\\\/\\\/bogensportdiscount.ch\\\/produkt\\\/easton-armbrust-nocken-half-moon-9mm-carbonbolzen-36er-pack\\\/\",\"url\":\"https:\\\/\\\/bogensportdiscount.ch\\\/produkt\\\/easton-armbrust-nocken-half-moon-9mm-carbonbolzen-36er-pack\\\/\",\"name\":\"EASTON CROSSBOW NOCKS HALF MOON 9MM CARBON BOLT 36\\\/PK - Bogensportdiscount \u2013 B\u00f6gen, Pfeile, Targets &amp; Zubeh\u00f6r\",\"isPartOf\":{\"@id\":\"https:\\\/\\\/bogensportdiscount.ch\\\/#website\"},\"primaryImageOfPage\":{\"@id\":\"https:\\\/\\\/bogensportdiscount.ch\\\/produkt\\\/easton-armbrust-nocken-half-moon-9mm-carbonbolzen-36er-pack\\\/#primaryimage\"},\"image\":{\"@id\":\"https:\\\/\\\/bogensportdiscount.ch\\\/produkt\\\/easton-armbrust-nocken-half-moon-9mm-carbonbolzen-36er-pack\\\/#primaryimage\"},\"thumbnailUrl\":\"https:\\\/\\\/bogensportdiscount.ch\\\/wp-content\\\/uploads\\\/bsm-images\\\/A050587_1.png\",\"datePublished\":\"2026-04-19T09:40:27+00:00\",\"dateModified\":\"2026-05-14T13:28:15+00:00\",\"description\":\"EASTON CROSSBOW NOCKS HALF MOON 9MM CARBON BOLT 36\\\/PK g\u00fcnstig kaufen bei Bogensportdiscount \u2013 Top-Marken, schneller Versand aus der Schweiz.\",\"breadcrumb\":{\"@id\":\"https:\\\/\\\/bogensportdiscount.ch\\\/produkt\\\/easton-armbrust-nocken-half-moon-9mm-carbonbolzen-36er-pack\\\/#breadcrumb\"},\"inLanguage\":\"it-IT\",\"potentialAction\":[{\"@type\":\"ReadAction\",\"target\":[\"https:\\\/\\\/bogensportdiscount.ch\\\/produkt\\\/easton-armbrust-nocken-half-moon-9mm-carbonbolzen-36er-pack\\\/\"]}]},{\"@type\":\"ImageObject\",\"inLanguage\":\"it-IT\",\"@id\":\"https:\\\/\\\/bogensportdiscount.ch\\\/produkt\\\/easton-armbrust-nocken-half-moon-9mm-carbonbolzen-36er-pack\\\/#primaryimage\",\"url\":\"https:\\\/\\\/bogensportdiscount.ch\\\/wp-content\\\/uploads\\\/bsm-images\\\/A050587_1.png\",\"contentUrl\":\"https:\\\/\\\/bogensportdiscount.ch\\\/wp-content\\\/uploads\\\/bsm-images\\\/A050587_1.png\",\"width\":566,\"height\":247},{\"@type\":\"BreadcrumbList\",\"@id\":\"https:\\\/\\\/bogensportdiscount.ch\\\/produkt\\\/easton-armbrust-nocken-half-moon-9mm-carbonbolzen-36er-pack\\\/#breadcrumb\",\"itemListElement\":[{\"@type\":\"ListItem\",\"position\":1,\"name\":\"Home\",\"item\":\"https:\\\/\\\/bogensportdiscount.ch\\\/\"},{\"@type\":\"ListItem\",\"position\":2,\"name\":\"Shop\",\"item\":\"https:\\\/\\\/bogensportdiscount.ch\\\/shop\\\/\"},{\"@type\":\"ListItem\",\"position\":3,\"name\":\"EASTON CROSSBOW NOCKS HALF MOON 9MM CARBON BOLT 36\\\/PK\"}]},{\"@type\":\"WebSite\",\"@id\":\"https:\\\/\\\/bogensportdiscount.ch\\\/#website\",\"url\":\"https:\\\/\\\/bogensportdiscount.ch\\\/\",\"name\":\"Bogensportdiscount\",\"description\":\"\",\"potentialAction\":[{\"@type\":\"SearchAction\",\"target\":{\"@type\":\"EntryPoint\",\"urlTemplate\":\"https:\\\/\\\/bogensportdiscount.ch\\\/?s={search_term_string}\"},\"query-input\":{\"@type\":\"PropertyValueSpecification\",\"valueRequired\":true,\"valueName\":\"search_term_string\"}}],\"inLanguage\":\"it-IT\"}]}<\/script>\n<!-- \/ Yoast SEO plugin. -->","yoast_head_json":{"title":"EASTON CROSSBOW NOCKS HALF MOON 9MM CARBON BOLT 36\/PK - Bogensportdiscount \u2013 Archi, frecce, bersagli e accessori","description":"AAE Innerfit-Nock IP-4 \/ 0,165\u2033","robots":{"index":"index","follow":"follow","max-snippet":"max-snippet:-1","max-image-preview":"max-image-preview:large","max-video-preview":"max-video-preview:-1"},"canonical":"https:\/\/bogensportdiscount.ch\/it\/prodotto\/easton-armbrust-nocken-half-moon-9mm-carbonbolzen-36er-pack\/","og_locale":"it_IT","og_type":"article","og_title":"EASTON CROSSBOW NOCKS HALF MOON 9MM CARBON BOLT 36\/PK - Bogensportdiscount \u2013 Archi, frecce, bersagli e accessori","og_description":"Acquista a un prezzo conveniente le cocche per balestra EASTON HALF MOON 9MM CARBON BOLT (confezione da 36) su Bogensportdiscount \u2013 Marchi di punta, spedizione veloce dalla Svizzera.","og_url":"https:\/\/bogensportdiscount.ch\/it\/prodotto\/easton-armbrust-nocken-half-moon-9mm-carbonbolzen-36er-pack\/","og_site_name":"Bogensportdiscount \u2013 B\u00f6gen, Pfeile, Targets &amp; Zubeh\u00f6r","article_modified_time":"2026-05-14T13:28:15+00:00","og_image":[{"width":566,"height":247,"url":"https:\/\/bogensportdiscount.ch\/wp-content\/uploads\/bsm-images\/A050587_1.png","type":"image\/png"}],"twitter_card":"summary_large_image","schema":{"@context":"https:\/\/schema.org","@graph":[{"@type":"WebPage","@id":"https:\/\/bogensportdiscount.ch\/produkt\/easton-armbrust-nocken-half-moon-9mm-carbonbolzen-36er-pack\/","url":"https:\/\/bogensportdiscount.ch\/produkt\/easton-armbrust-nocken-half-moon-9mm-carbonbolzen-36er-pack\/","name":"EASTON CROSSBOW NOCKS HALF MOON 9MM CARBON BOLT 36\/PK - Bogensportdiscount \u2013 Archi, frecce, bersagli e accessori","isPartOf":{"@id":"https:\/\/bogensportdiscount.ch\/#website"},"primaryImageOfPage":{"@id":"https:\/\/bogensportdiscount.ch\/produkt\/easton-armbrust-nocken-half-moon-9mm-carbonbolzen-36er-pack\/#primaryimage"},"image":{"@id":"https:\/\/bogensportdiscount.ch\/produkt\/easton-armbrust-nocken-half-moon-9mm-carbonbolzen-36er-pack\/#primaryimage"},"thumbnailUrl":"https:\/\/bogensportdiscount.ch\/wp-content\/uploads\/bsm-images\/A050587_1.png","datePublished":"2026-04-19T09:40:27+00:00","dateModified":"2026-05-14T13:28:15+00:00","description":"Acquista a un prezzo conveniente le cocche per balestra EASTON HALF MOON 9MM CARBON BOLT (confezione da 36) su Bogensportdiscount \u2013 Marchi di punta, spedizione veloce dalla Svizzera.","breadcrumb":{"@id":"https:\/\/bogensportdiscount.ch\/produkt\/easton-armbrust-nocken-half-moon-9mm-carbonbolzen-36er-pack\/#breadcrumb"},"inLanguage":"it-IT","potentialAction":[{"@type":"ReadAction","target":["https:\/\/bogensportdiscount.ch\/produkt\/easton-armbrust-nocken-half-moon-9mm-carbonbolzen-36er-pack\/"]}]},{"@type":"ImageObject","inLanguage":"it-IT","@id":"https:\/\/bogensportdiscount.ch\/produkt\/easton-armbrust-nocken-half-moon-9mm-carbonbolzen-36er-pack\/#primaryimage","url":"https:\/\/bogensportdiscount.ch\/wp-content\/uploads\/bsm-images\/A050587_1.png","contentUrl":"https:\/\/bogensportdiscount.ch\/wp-content\/uploads\/bsm-images\/A050587_1.png","width":566,"height":247},{"@type":"BreadcrumbList","@id":"https:\/\/bogensportdiscount.ch\/produkt\/easton-armbrust-nocken-half-moon-9mm-carbonbolzen-36er-pack\/#breadcrumb","itemListElement":[{"@type":"ListItem","position":1,"name":"Home","item":"https:\/\/bogensportdiscount.ch\/"},{"@type":"ListItem","position":2,"name":"Shop","item":"https:\/\/bogensportdiscount.ch\/shop\/"},{"@type":"ListItem","position":3,"name":"EASTON CROSSBOW NOCKS HALF MOON 9MM CARBON BOLT 36\/PK"}]},{"@type":"WebSite","@id":"https:\/\/bogensportdiscount.ch\/#website","url":"https:\/\/bogensportdiscount.ch\/","name":"Bogensportdiscount","description":"","potentialAction":[{"@type":"SearchAction","target":{"@type":"EntryPoint","urlTemplate":"https:\/\/bogensportdiscount.ch\/?s={search_term_string}"},"query-input":{"@type":"PropertyValueSpecification","valueRequired":true,"valueName":"search_term_string"}}],"inLanguage":"it-IT"}]}},"_links":{"self":[{"href":"https:\/\/bogensportdiscount.ch\/it\/wp-json\/wp\/v2\/product\/478438","targetHints":{"allow":["GET"]}}],"collection":[{"href":"https:\/\/bogensportdiscount.ch\/it\/wp-json\/wp\/v2\/product"}],"about":[{"href":"https:\/\/bogensportdiscount.ch\/it\/wp-json\/wp\/v2\/types\/product"}],"replies":[{"embeddable":true,"href":"https:\/\/bogensportdiscount.ch\/it\/wp-json\/wp\/v2\/comments?post=478438"}],"wp:featuredmedia":[{"embeddable":true,"href":"https:\/\/bogensportdiscount.ch\/it\/wp-json\/wp\/v2\/media\/480834"}],"wp:attachment":[{"href":"https:\/\/bogensportdiscount.ch\/it\/wp-json\/wp\/v2\/media?parent=478438"}],"wp:term":[{"taxonomy":"product_brand","embeddable":true,"href":"https:\/\/bogensportdiscount.ch\/it\/wp-json\/wp\/v2\/product_brand?post=478438"},{"taxonomy":"product_cat","embeddable":true,"href":"https:\/\/bogensportdiscount.ch\/it\/wp-json\/wp\/v2\/product_cat?post=478438"},{"taxonomy":"product_tag","embeddable":true,"href":"https:\/\/bogensportdiscount.ch\/it\/wp-json\/wp\/v2\/product_tag?post=478438"}],"curies":[{"name":"wp","href":"https:\/\/api.w.org\/{rel}","templated":true}]}}