{"id":478188,"date":"2026-04-19T11:40:02","date_gmt":"2026-04-19T09:40:02","guid":{"rendered":"https:\/\/bogensportdiscount.ch\/produkt\/easton-vanes-diamond-235-bright-green-100-pk\/"},"modified":"2026-05-14T15:28:13","modified_gmt":"2026-05-14T13:28:13","slug":"easton-vanes-diamond-235-100er-pack","status":"publish","type":"product","link":"https:\/\/bogensportdiscount.ch\/it\/prodotto\/easton-vanes-diamond-235-100er-pack\/","title":{"rendered":"EASTON DIAMOND 235 100\/PZ."},"content":{"rendered":"<p>Le vanes EASTON Diamond 235 sono vanes in plastica di alta qualit\u00e0 per frecce. La confezione da 100 pezzi offre una dimensione pratica per i tiratori che cambiano o sostituiscono regolarmente le frecce.<\/p>\n<p>Queste vanes sono disponibili in sette colori diversi \u2014 nero, blu, arancione fuoco, verde, rosa, bianco e giallo \u2014 cos\u00ec Lei pu\u00f2 personalizzare o codificare a colori le Sue frecce. La comprovata qualit\u00e0 EASTON garantisce affidabilit\u00e0 e consistenza nel tiro.<\/p>\n<p>Ideali per i tiratori da allenamento e da gara che necessitano di vanes di ricambio o desiderano ottimizzare la propria dotazione di frecce.<\/p>","protected":false},"excerpt":{"rendered":"<table>\n<tr>\n<th>Propriet\u00e0<\/th>\n<th>Valore<\/th>\n<\/tr>\n<tr>\n<td>Marca<\/td>\n<td>Easton<\/td>\n<\/tr>\n<tr>\n<td>Tipo<\/td>\n<td>Vanes in plastica<\/td>\n<\/tr>\n<tr>\n<td>Modello<\/td>\n<td>Diamond 235<\/td>\n<\/tr>\n<tr>\n<td>Quantit\u00e0<\/td>\n<td>100 St\u00fcck<\/td>\n<\/tr>\n<tr>\n<td>Colori disponibili<\/td>\n<td>Nero, Blu, Arancione Fuoco, Verde, Rosa, Bianco, Giallo<\/td>\n<\/tr>\n<\/table>","protected":false},"featured_media":480640,"comment_status":"open","ping_status":"closed","template":"","meta":[],"product_brand":[417],"product_cat":[4220,4552,4158],"product_tag":[],"class_list":{"0":"post-478188","1":"product","2":"type-product","3":"status-publish","4":"has-post-thumbnail","6":"product_brand-easton","7":"product_cat-befiederung-nocken-wraps","8":"product_cat-plastik-vanes-vanes-nocks-wraps","9":"product_cat-pfeile-schaefte","10":"product_shipping_class-bsd-standard","12":"first","13":"instock","14":"shipping-taxable","15":"purchasable","16":"product-type-variable"},"yoast_head":"<!-- This site is optimized with the Yoast SEO plugin v27.6 - https:\/\/yoast.com\/product\/yoast-seo-wordpress\/ -->\n<title>EASTON POINT INSERTS RPS SD23 ALUMINUM 12\/PK acquisto conveniente su Bogensportdiscount \u2013 Marchi top, spedizione rapida dalla Svizzera.<\/title>\n<meta name=\"description\" content=\"EASTON VANES DIAMOND 280 100\/PK\" \/>\n<meta name=\"robots\" content=\"index, follow, max-snippet:-1, max-image-preview:large, max-video-preview:-1\" \/>\n<link rel=\"canonical\" href=\"https:\/\/bogensportdiscount.ch\/it\/prodotto\/easton-vanes-diamond-235-100er-pack\/\" \/>\n<meta property=\"og:locale\" content=\"it_IT\" \/>\n<meta property=\"og:type\" content=\"article\" \/>\n<meta property=\"og:title\" content=\"EASTON POINT INSERTS RPS SD23 ALUMINUM 12\/PK acquisto conveniente su Bogensportdiscount \u2013 Marchi top, spedizione rapida dalla Svizzera.\" \/>\n<meta property=\"og:description\" content=\"EASTON VANES DIAMOND 280 100\/PK\" \/>\n<meta property=\"og:url\" content=\"https:\/\/bogensportdiscount.ch\/it\/prodotto\/easton-vanes-diamond-235-100er-pack\/\" \/>\n<meta property=\"og:site_name\" content=\"Bogensportdiscount \u2013 B\u00f6gen, Pfeile, Targets &amp; Zubeh\u00f6r\" \/>\n<meta property=\"article:modified_time\" content=\"2026-05-14T13:28:13+00:00\" \/>\n<meta property=\"og:image\" content=\"https:\/\/bogensportdiscount.ch\/wp-content\/uploads\/bsm-images\/A030348_1.png\" \/>\n\t<meta property=\"og:image:width\" content=\"5343\" \/>\n\t<meta property=\"og:image:height\" content=\"5308\" \/>\n\t<meta property=\"og:image:type\" content=\"image\/png\" \/>\n<meta name=\"twitter:card\" content=\"summary_large_image\" \/>\n<script type=\"application\/ld+json\" class=\"yoast-schema-graph\">{\"@context\":\"https:\\\/\\\/schema.org\",\"@graph\":[{\"@type\":\"WebPage\",\"@id\":\"https:\\\/\\\/bogensportdiscount.ch\\\/produkt\\\/easton-vanes-diamond-235-100er-pack\\\/\",\"url\":\"https:\\\/\\\/bogensportdiscount.ch\\\/produkt\\\/easton-vanes-diamond-235-100er-pack\\\/\",\"name\":\"EASTON VANES DIAMOND 235 100\\\/PK - Bogensportdiscount \u2013 B\u00f6gen, Pfeile, Targets &amp; Zubeh\u00f6r\",\"isPartOf\":{\"@id\":\"https:\\\/\\\/bogensportdiscount.ch\\\/#website\"},\"primaryImageOfPage\":{\"@id\":\"https:\\\/\\\/bogensportdiscount.ch\\\/produkt\\\/easton-vanes-diamond-235-100er-pack\\\/#primaryimage\"},\"image\":{\"@id\":\"https:\\\/\\\/bogensportdiscount.ch\\\/produkt\\\/easton-vanes-diamond-235-100er-pack\\\/#primaryimage\"},\"thumbnailUrl\":\"https:\\\/\\\/bogensportdiscount.ch\\\/wp-content\\\/uploads\\\/bsm-images\\\/A030348_1.png\",\"datePublished\":\"2026-04-19T09:40:02+00:00\",\"dateModified\":\"2026-05-14T13:28:13+00:00\",\"description\":\"EASTON VANES DIAMOND 235 100\\\/PK g\u00fcnstig kaufen bei Bogensportdiscount \u2013 Top-Marken, schneller Versand aus der Schweiz.\",\"breadcrumb\":{\"@id\":\"https:\\\/\\\/bogensportdiscount.ch\\\/produkt\\\/easton-vanes-diamond-235-100er-pack\\\/#breadcrumb\"},\"inLanguage\":\"it-IT\",\"potentialAction\":[{\"@type\":\"ReadAction\",\"target\":[\"https:\\\/\\\/bogensportdiscount.ch\\\/produkt\\\/easton-vanes-diamond-235-100er-pack\\\/\"]}]},{\"@type\":\"ImageObject\",\"inLanguage\":\"it-IT\",\"@id\":\"https:\\\/\\\/bogensportdiscount.ch\\\/produkt\\\/easton-vanes-diamond-235-100er-pack\\\/#primaryimage\",\"url\":\"https:\\\/\\\/bogensportdiscount.ch\\\/wp-content\\\/uploads\\\/bsm-images\\\/A030348_1.png\",\"contentUrl\":\"https:\\\/\\\/bogensportdiscount.ch\\\/wp-content\\\/uploads\\\/bsm-images\\\/A030348_1.png\",\"width\":5343,\"height\":5308},{\"@type\":\"BreadcrumbList\",\"@id\":\"https:\\\/\\\/bogensportdiscount.ch\\\/produkt\\\/easton-vanes-diamond-235-100er-pack\\\/#breadcrumb\",\"itemListElement\":[{\"@type\":\"ListItem\",\"position\":1,\"name\":\"Home\",\"item\":\"https:\\\/\\\/bogensportdiscount.ch\\\/\"},{\"@type\":\"ListItem\",\"position\":2,\"name\":\"Shop\",\"item\":\"https:\\\/\\\/bogensportdiscount.ch\\\/shop\\\/\"},{\"@type\":\"ListItem\",\"position\":3,\"name\":\"EASTON VANES DIAMOND 235 100\\\/PK\"}]},{\"@type\":\"WebSite\",\"@id\":\"https:\\\/\\\/bogensportdiscount.ch\\\/#website\",\"url\":\"https:\\\/\\\/bogensportdiscount.ch\\\/\",\"name\":\"Bogensportdiscount\",\"description\":\"\",\"potentialAction\":[{\"@type\":\"SearchAction\",\"target\":{\"@type\":\"EntryPoint\",\"urlTemplate\":\"https:\\\/\\\/bogensportdiscount.ch\\\/?s={search_term_string}\"},\"query-input\":{\"@type\":\"PropertyValueSpecification\",\"valueRequired\":true,\"valueName\":\"search_term_string\"}}],\"inLanguage\":\"it-IT\"}]}<\/script>\n<!-- \/ Yoast SEO plugin. -->","yoast_head_json":{"title":"EASTON POINT INSERTS RPS SD23 ALUMINUM 12\/PK acquisto conveniente su Bogensportdiscount \u2013 Marchi top, spedizione rapida dalla Svizzera.","description":"EASTON DIAMOND 280 100\/PZ.","robots":{"index":"index","follow":"follow","max-snippet":"max-snippet:-1","max-image-preview":"max-image-preview:large","max-video-preview":"max-video-preview:-1"},"canonical":"https:\/\/bogensportdiscount.ch\/it\/prodotto\/easton-vanes-diamond-235-100er-pack\/","og_locale":"it_IT","og_type":"article","og_title":"EASTON POINT INSERTS RPS SD23 ALUMINUM 12\/PK acquisto conveniente su Bogensportdiscount \u2013 Marchi top, spedizione rapida dalla Svizzera.","og_description":"EASTON VANES DIAMOND 280 100\/PK","og_url":"https:\/\/bogensportdiscount.ch\/it\/prodotto\/easton-vanes-diamond-235-100er-pack\/","og_site_name":"Bogensportdiscount \u2013 B\u00f6gen, Pfeile, Targets &amp; Zubeh\u00f6r","article_modified_time":"2026-05-14T13:28:13+00:00","og_image":[{"url":"https:\/\/bogensportdiscount.ch\/wp-content\/uploads\/bsm-images\/A030348_1.png","width":5343,"height":5308,"type":"image\/png"}],"twitter_card":"summary_large_image","schema":{"@context":"https:\/\/schema.org","@graph":[{"@type":"WebPage","@id":"https:\/\/bogensportdiscount.ch\/produkt\/easton-vanes-diamond-235-100er-pack\/","url":"https:\/\/bogensportdiscount.ch\/produkt\/easton-vanes-diamond-235-100er-pack\/","name":"EASTON POINT INSERTS RPS SD23 ALUMINUM 12\/PK acquisto conveniente su Bogensportdiscount \u2013 Marchi top, spedizione rapida dalla Svizzera.","isPartOf":{"@id":"https:\/\/bogensportdiscount.ch\/#website"},"primaryImageOfPage":{"@id":"https:\/\/bogensportdiscount.ch\/produkt\/easton-vanes-diamond-235-100er-pack\/#primaryimage"},"image":{"@id":"https:\/\/bogensportdiscount.ch\/produkt\/easton-vanes-diamond-235-100er-pack\/#primaryimage"},"thumbnailUrl":"https:\/\/bogensportdiscount.ch\/wp-content\/uploads\/bsm-images\/A030348_1.png","datePublished":"2026-04-19T09:40:02+00:00","dateModified":"2026-05-14T13:28:13+00:00","description":"EASTON VANES DIAMOND 280 100\/PK","breadcrumb":{"@id":"https:\/\/bogensportdiscount.ch\/produkt\/easton-vanes-diamond-235-100er-pack\/#breadcrumb"},"inLanguage":"it-IT","potentialAction":[{"@type":"ReadAction","target":["https:\/\/bogensportdiscount.ch\/produkt\/easton-vanes-diamond-235-100er-pack\/"]}]},{"@type":"ImageObject","inLanguage":"it-IT","@id":"https:\/\/bogensportdiscount.ch\/produkt\/easton-vanes-diamond-235-100er-pack\/#primaryimage","url":"https:\/\/bogensportdiscount.ch\/wp-content\/uploads\/bsm-images\/A030348_1.png","contentUrl":"https:\/\/bogensportdiscount.ch\/wp-content\/uploads\/bsm-images\/A030348_1.png","width":5343,"height":5308},{"@type":"BreadcrumbList","@id":"https:\/\/bogensportdiscount.ch\/produkt\/easton-vanes-diamond-235-100er-pack\/#breadcrumb","itemListElement":[{"@type":"ListItem","position":1,"name":"Home","item":"https:\/\/bogensportdiscount.ch\/"},{"@type":"ListItem","position":2,"name":"Shop","item":"https:\/\/bogensportdiscount.ch\/shop\/"},{"@type":"ListItem","position":3,"name":"EASTON VANES DIAMOND 235 100\/PK"}]},{"@type":"WebSite","@id":"https:\/\/bogensportdiscount.ch\/#website","url":"https:\/\/bogensportdiscount.ch\/","name":"Bogensportdiscount","description":"","potentialAction":[{"@type":"SearchAction","target":{"@type":"EntryPoint","urlTemplate":"https:\/\/bogensportdiscount.ch\/?s={search_term_string}"},"query-input":{"@type":"PropertyValueSpecification","valueRequired":true,"valueName":"search_term_string"}}],"inLanguage":"it-IT"}]}},"_links":{"self":[{"href":"https:\/\/bogensportdiscount.ch\/it\/wp-json\/wp\/v2\/product\/478188","targetHints":{"allow":["GET"]}}],"collection":[{"href":"https:\/\/bogensportdiscount.ch\/it\/wp-json\/wp\/v2\/product"}],"about":[{"href":"https:\/\/bogensportdiscount.ch\/it\/wp-json\/wp\/v2\/types\/product"}],"replies":[{"embeddable":true,"href":"https:\/\/bogensportdiscount.ch\/it\/wp-json\/wp\/v2\/comments?post=478188"}],"wp:featuredmedia":[{"embeddable":true,"href":"https:\/\/bogensportdiscount.ch\/it\/wp-json\/wp\/v2\/media\/480640"}],"wp:attachment":[{"href":"https:\/\/bogensportdiscount.ch\/it\/wp-json\/wp\/v2\/media?parent=478188"}],"wp:term":[{"taxonomy":"product_brand","embeddable":true,"href":"https:\/\/bogensportdiscount.ch\/it\/wp-json\/wp\/v2\/product_brand?post=478188"},{"taxonomy":"product_cat","embeddable":true,"href":"https:\/\/bogensportdiscount.ch\/it\/wp-json\/wp\/v2\/product_cat?post=478188"},{"taxonomy":"product_tag","embeddable":true,"href":"https:\/\/bogensportdiscount.ch\/it\/wp-json\/wp\/v2\/product_tag?post=478188"}],"curies":[{"name":"wp","href":"https:\/\/api.w.org\/{rel}","templated":true}]}}