{"id":477879,"date":"2026-04-19T11:39:35","date_gmt":"2026-04-19T09:39:35","guid":{"rendered":"https:\/\/bogensportdiscount.ch\/produkt\/easton-one-piece-acc-parabolic-04-50-grains-12-pk\/"},"modified":"2026-05-14T15:28:12","modified_gmt":"2026-05-14T13:28:12","slug":"easton-one-piece-acc-parabolic-einklebe-spitze-12er-pack","status":"publish","type":"product","link":"https:\/\/bogensportdiscount.ch\/it\/prodotto\/easton-one-piece-acc-parabolic-einklebe-spitze-12er-pack\/","title":{"rendered":"EASTON PEZZO UNICO ACC PARABOLICA 12\/PK"},"content":{"rendered":"<p>Die Easton One-Piece Acc Parabolic Einklebe Spitzen sind hochwertige Pfeilkomponenten f\u00fcr den ambitionierten Bogensch\u00fctzen. Mit ihrer einteiligen Konstruktion bieten sie optimale Stabilit\u00e4t und Zuverl\u00e4ssigkeit im Schuss. Das Set enth\u00e4lt 12 St\u00fcck und ist in verschiedenen Gewichtsoptionen erh\u00e4ltlich, um unterschiedliche Pfeilkonfigurationen zu unterst\u00fctzen.<\/p>\n<p>Le opzioni di spine disponibili (460, 600, 690) e i diversi diametri consentono un adattamento preciso alla Sua configurazione dell'arco e alle Sue esigenze di tiro. Le varianti di peso da 50 a 114 GR permettono combinazioni flessibili per traiettorie di volo ottimali.<\/p>","protected":false},"excerpt":{"rendered":"<table>\n<tr>\n<th>Propriet\u00e0<\/th>\n<th>Valore<\/th>\n<\/tr>\n<tr>\n<td>Marca<\/td>\n<td>Easton<\/td>\n<\/tr>\n<tr>\n<td>Peso<\/td>\n<td>50\u2013114 GR<\/td>\n<\/tr>\n<tr>\n<td>Spine<\/td>\n<td>460, 600, 690<\/td>\n<\/tr>\n<tr>\n<td>Diametro<\/td>\n<td>460\/520, 690\/780<\/td>\n<\/tr>\n<tr>\n<td>Quantit\u00e0<\/td>\n<td>12 St\u00fcck<\/td>\n<\/tr>\n<tr>\n<td>Origine<\/td>\n<td>USA<\/td>\n<\/tr>\n<\/table>","protected":false},"featured_media":480419,"comment_status":"open","ping_status":"closed","template":"","meta":[],"product_brand":[417],"product_cat":[4158,4511,4543],"product_tag":[],"class_list":{"0":"post-477879","1":"product","2":"type-product","3":"status-publish","4":"has-post-thumbnail","6":"product_brand-easton","7":"product_cat-pfeile-schaefte","8":"product_cat-pfeil-komponenten","9":"product_cat-einklebe-spitzen","10":"product_shipping_class-bsd-standard","12":"first","13":"instock","14":"shipping-taxable","15":"purchasable","16":"product-type-variable"},"yoast_head":"<!-- This site is optimized with the Yoast SEO plugin v27.6 - https:\/\/yoast.com\/product\/yoast-seo-wordpress\/ -->\n<title>EASTON ONE-PIECE ACC PARABOLIC 12\/PK - Bogensportdiscount \u2013 Archi, Frecce, Bersagli &amp; Accessori<\/title>\n<meta name=\"description\" content=\"EASTON ONE-PIECE ACC PARABOLIC 12\/PK acquisto conveniente su Bogensportdiscount \u2013 Top marche, spedizione veloce dalla Svizzera.\" \/>\n<meta name=\"robots\" content=\"index, follow, max-snippet:-1, max-image-preview:large, max-video-preview:-1\" \/>\n<link rel=\"canonical\" href=\"https:\/\/bogensportdiscount.ch\/it\/prodotto\/easton-one-piece-acc-parabolic-einklebe-spitze-12er-pack\/\" \/>\n<meta property=\"og:locale\" content=\"it_IT\" \/>\n<meta property=\"og:type\" content=\"article\" \/>\n<meta property=\"og:title\" content=\"EASTON ONE-PIECE ACC PARABOLIC 12\/PK - Bogensportdiscount \u2013 Archi, Frecce, Bersagli &amp; Accessori\" \/>\n<meta property=\"og:description\" content=\"EASTON ONE-PIECE ACC PARABOLIC 12\/PK acquisto conveniente su Bogensportdiscount \u2013 Top marche, spedizione veloce dalla Svizzera.\" \/>\n<meta property=\"og:url\" content=\"https:\/\/bogensportdiscount.ch\/it\/prodotto\/easton-one-piece-acc-parabolic-einklebe-spitze-12er-pack\/\" \/>\n<meta property=\"og:site_name\" content=\"Bogensportdiscount \u2013 B\u00f6gen, Pfeile, Targets &amp; Zubeh\u00f6r\" \/>\n<meta property=\"article:modified_time\" content=\"2026-05-14T13:28:12+00:00\" \/>\n<meta property=\"og:image\" content=\"https:\/\/bogensportdiscount.ch\/wp-content\/uploads\/bsm-images\/A029775_1.png\" \/>\n\t<meta property=\"og:image:width\" content=\"2000\" \/>\n\t<meta property=\"og:image:height\" content=\"2000\" \/>\n\t<meta property=\"og:image:type\" content=\"image\/png\" \/>\n<meta name=\"twitter:card\" content=\"summary_large_image\" \/>\n<script type=\"application\/ld+json\" class=\"yoast-schema-graph\">{\"@context\":\"https:\\\/\\\/schema.org\",\"@graph\":[{\"@type\":\"WebPage\",\"@id\":\"https:\\\/\\\/bogensportdiscount.ch\\\/produkt\\\/easton-one-piece-acc-parabolic-einklebe-spitze-12er-pack\\\/\",\"url\":\"https:\\\/\\\/bogensportdiscount.ch\\\/produkt\\\/easton-one-piece-acc-parabolic-einklebe-spitze-12er-pack\\\/\",\"name\":\"EASTON ONE-PIECE ACC PARABOLIC 12\\\/PK - Bogensportdiscount \u2013 B\u00f6gen, Pfeile, Targets &amp; Zubeh\u00f6r\",\"isPartOf\":{\"@id\":\"https:\\\/\\\/bogensportdiscount.ch\\\/#website\"},\"primaryImageOfPage\":{\"@id\":\"https:\\\/\\\/bogensportdiscount.ch\\\/produkt\\\/easton-one-piece-acc-parabolic-einklebe-spitze-12er-pack\\\/#primaryimage\"},\"image\":{\"@id\":\"https:\\\/\\\/bogensportdiscount.ch\\\/produkt\\\/easton-one-piece-acc-parabolic-einklebe-spitze-12er-pack\\\/#primaryimage\"},\"thumbnailUrl\":\"https:\\\/\\\/bogensportdiscount.ch\\\/wp-content\\\/uploads\\\/bsm-images\\\/A029775_1.png\",\"datePublished\":\"2026-04-19T09:39:35+00:00\",\"dateModified\":\"2026-05-14T13:28:12+00:00\",\"description\":\"EASTON ONE-PIECE ACC PARABOLIC 12\\\/PK g\u00fcnstig kaufen bei Bogensportdiscount \u2013 Top-Marken, schneller Versand aus der Schweiz.\",\"breadcrumb\":{\"@id\":\"https:\\\/\\\/bogensportdiscount.ch\\\/produkt\\\/easton-one-piece-acc-parabolic-einklebe-spitze-12er-pack\\\/#breadcrumb\"},\"inLanguage\":\"it-IT\",\"potentialAction\":[{\"@type\":\"ReadAction\",\"target\":[\"https:\\\/\\\/bogensportdiscount.ch\\\/produkt\\\/easton-one-piece-acc-parabolic-einklebe-spitze-12er-pack\\\/\"]}]},{\"@type\":\"ImageObject\",\"inLanguage\":\"it-IT\",\"@id\":\"https:\\\/\\\/bogensportdiscount.ch\\\/produkt\\\/easton-one-piece-acc-parabolic-einklebe-spitze-12er-pack\\\/#primaryimage\",\"url\":\"https:\\\/\\\/bogensportdiscount.ch\\\/wp-content\\\/uploads\\\/bsm-images\\\/A029775_1.png\",\"contentUrl\":\"https:\\\/\\\/bogensportdiscount.ch\\\/wp-content\\\/uploads\\\/bsm-images\\\/A029775_1.png\",\"width\":2000,\"height\":2000},{\"@type\":\"BreadcrumbList\",\"@id\":\"https:\\\/\\\/bogensportdiscount.ch\\\/produkt\\\/easton-one-piece-acc-parabolic-einklebe-spitze-12er-pack\\\/#breadcrumb\",\"itemListElement\":[{\"@type\":\"ListItem\",\"position\":1,\"name\":\"Home\",\"item\":\"https:\\\/\\\/bogensportdiscount.ch\\\/\"},{\"@type\":\"ListItem\",\"position\":2,\"name\":\"Shop\",\"item\":\"https:\\\/\\\/bogensportdiscount.ch\\\/shop\\\/\"},{\"@type\":\"ListItem\",\"position\":3,\"name\":\"EASTON ONE-PIECE ACC PARABOLIC 12\\\/PK\"}]},{\"@type\":\"WebSite\",\"@id\":\"https:\\\/\\\/bogensportdiscount.ch\\\/#website\",\"url\":\"https:\\\/\\\/bogensportdiscount.ch\\\/\",\"name\":\"Bogensportdiscount\",\"description\":\"\",\"potentialAction\":[{\"@type\":\"SearchAction\",\"target\":{\"@type\":\"EntryPoint\",\"urlTemplate\":\"https:\\\/\\\/bogensportdiscount.ch\\\/?s={search_term_string}\"},\"query-input\":{\"@type\":\"PropertyValueSpecification\",\"valueRequired\":true,\"valueName\":\"search_term_string\"}}],\"inLanguage\":\"it-IT\"}]}<\/script>\n<!-- \/ Yoast SEO plugin. -->","yoast_head_json":{"title":"EASTON ONE-PIECE ACC PARABOLIC 12\/PK - Bogensportdiscount \u2013 Archi, Frecce, Bersagli &amp; Accessori","description":"EASTON ONE-PIECE ACC PARABOLIC 12\/PK acquisto conveniente su Bogensportdiscount \u2013 Top marche, spedizione veloce dalla Svizzera.","robots":{"index":"index","follow":"follow","max-snippet":"max-snippet:-1","max-image-preview":"max-image-preview:large","max-video-preview":"max-video-preview:-1"},"canonical":"https:\/\/bogensportdiscount.ch\/it\/prodotto\/easton-one-piece-acc-parabolic-einklebe-spitze-12er-pack\/","og_locale":"it_IT","og_type":"article","og_title":"EASTON ONE-PIECE ACC PARABOLIC 12\/PK - Bogensportdiscount \u2013 Archi, Frecce, Bersagli &amp; Accessori","og_description":"EASTON ONE-PIECE ACC PARABOLIC 12\/PK acquisto conveniente su Bogensportdiscount \u2013 Top marche, spedizione veloce dalla Svizzera.","og_url":"https:\/\/bogensportdiscount.ch\/it\/prodotto\/easton-one-piece-acc-parabolic-einklebe-spitze-12er-pack\/","og_site_name":"Bogensportdiscount \u2013 B\u00f6gen, Pfeile, Targets &amp; Zubeh\u00f6r","article_modified_time":"2026-05-14T13:28:12+00:00","og_image":[{"width":2000,"height":2000,"url":"https:\/\/bogensportdiscount.ch\/wp-content\/uploads\/bsm-images\/A029775_1.png","type":"image\/png"}],"twitter_card":"summary_large_image","schema":{"@context":"https:\/\/schema.org","@graph":[{"@type":"WebPage","@id":"https:\/\/bogensportdiscount.ch\/produkt\/easton-one-piece-acc-parabolic-einklebe-spitze-12er-pack\/","url":"https:\/\/bogensportdiscount.ch\/produkt\/easton-one-piece-acc-parabolic-einklebe-spitze-12er-pack\/","name":"EASTON ONE-PIECE ACC PARABOLIC 12\/PK - Bogensportdiscount \u2013 Archi, Frecce, Bersagli &amp; Accessori","isPartOf":{"@id":"https:\/\/bogensportdiscount.ch\/#website"},"primaryImageOfPage":{"@id":"https:\/\/bogensportdiscount.ch\/produkt\/easton-one-piece-acc-parabolic-einklebe-spitze-12er-pack\/#primaryimage"},"image":{"@id":"https:\/\/bogensportdiscount.ch\/produkt\/easton-one-piece-acc-parabolic-einklebe-spitze-12er-pack\/#primaryimage"},"thumbnailUrl":"https:\/\/bogensportdiscount.ch\/wp-content\/uploads\/bsm-images\/A029775_1.png","datePublished":"2026-04-19T09:39:35+00:00","dateModified":"2026-05-14T13:28:12+00:00","description":"EASTON ONE-PIECE ACC PARABOLIC 12\/PK acquisto conveniente su Bogensportdiscount \u2013 Top marche, spedizione veloce dalla Svizzera.","breadcrumb":{"@id":"https:\/\/bogensportdiscount.ch\/produkt\/easton-one-piece-acc-parabolic-einklebe-spitze-12er-pack\/#breadcrumb"},"inLanguage":"it-IT","potentialAction":[{"@type":"ReadAction","target":["https:\/\/bogensportdiscount.ch\/produkt\/easton-one-piece-acc-parabolic-einklebe-spitze-12er-pack\/"]}]},{"@type":"ImageObject","inLanguage":"it-IT","@id":"https:\/\/bogensportdiscount.ch\/produkt\/easton-one-piece-acc-parabolic-einklebe-spitze-12er-pack\/#primaryimage","url":"https:\/\/bogensportdiscount.ch\/wp-content\/uploads\/bsm-images\/A029775_1.png","contentUrl":"https:\/\/bogensportdiscount.ch\/wp-content\/uploads\/bsm-images\/A029775_1.png","width":2000,"height":2000},{"@type":"BreadcrumbList","@id":"https:\/\/bogensportdiscount.ch\/produkt\/easton-one-piece-acc-parabolic-einklebe-spitze-12er-pack\/#breadcrumb","itemListElement":[{"@type":"ListItem","position":1,"name":"Home","item":"https:\/\/bogensportdiscount.ch\/"},{"@type":"ListItem","position":2,"name":"Shop","item":"https:\/\/bogensportdiscount.ch\/shop\/"},{"@type":"ListItem","position":3,"name":"EASTON ONE-PIECE ACC PARABOLIC 12\/PK"}]},{"@type":"WebSite","@id":"https:\/\/bogensportdiscount.ch\/#website","url":"https:\/\/bogensportdiscount.ch\/","name":"Bogensportdiscount","description":"","potentialAction":[{"@type":"SearchAction","target":{"@type":"EntryPoint","urlTemplate":"https:\/\/bogensportdiscount.ch\/?s={search_term_string}"},"query-input":{"@type":"PropertyValueSpecification","valueRequired":true,"valueName":"search_term_string"}}],"inLanguage":"it-IT"}]}},"_links":{"self":[{"href":"https:\/\/bogensportdiscount.ch\/it\/wp-json\/wp\/v2\/product\/477879","targetHints":{"allow":["GET"]}}],"collection":[{"href":"https:\/\/bogensportdiscount.ch\/it\/wp-json\/wp\/v2\/product"}],"about":[{"href":"https:\/\/bogensportdiscount.ch\/it\/wp-json\/wp\/v2\/types\/product"}],"replies":[{"embeddable":true,"href":"https:\/\/bogensportdiscount.ch\/it\/wp-json\/wp\/v2\/comments?post=477879"}],"wp:featuredmedia":[{"embeddable":true,"href":"https:\/\/bogensportdiscount.ch\/it\/wp-json\/wp\/v2\/media\/480419"}],"wp:attachment":[{"href":"https:\/\/bogensportdiscount.ch\/it\/wp-json\/wp\/v2\/media?parent=477879"}],"wp:term":[{"taxonomy":"product_brand","embeddable":true,"href":"https:\/\/bogensportdiscount.ch\/it\/wp-json\/wp\/v2\/product_brand?post=477879"},{"taxonomy":"product_cat","embeddable":true,"href":"https:\/\/bogensportdiscount.ch\/it\/wp-json\/wp\/v2\/product_cat?post=477879"},{"taxonomy":"product_tag","embeddable":true,"href":"https:\/\/bogensportdiscount.ch\/it\/wp-json\/wp\/v2\/product_tag?post=477879"}],"curies":[{"name":"wp","href":"https:\/\/api.w.org\/{rel}","templated":true}]}}