{"id":477648,"date":"2026-04-19T11:39:18","date_gmt":"2026-04-19T09:39:18","guid":{"rendered":"https:\/\/bogensportdiscount.ch\/produkt\/easton-nocks-super-3d-green-12-pk\/"},"modified":"2026-05-14T15:28:09","modified_gmt":"2026-05-14T13:28:09","slug":"easton-nocks-super-3d","status":"publish","type":"product","link":"https:\/\/bogensportdiscount.ch\/it\/prodotto\/easton-nocks-super-3d\/","title":{"rendered":"EASTON NOCKS SUPER 3D"},"content":{"rendered":"<p>Le EASTON Super 3D Nocks sono cocche interne di alta qualit\u00e0 per frecce, che garantiscono un collegamento affidabile tra l'asta della freccia e la corda dell'arco. Grazie alla loro costruzione robusta e alla lavorazione precisa, offrono stabilit\u00e0 al momento dello scatto e contribuiscono a una traiettoria di volo uniforme.<\/p>\n<p>Die Nocks sind in neun verschiedenen Farben erh\u00e4ltlich, wodurch eine individuelle Best\u00fcckung deiner Pfeile m\u00f6glich ist. Sie k\u00f6nnen einzeln oder in praktischen Packungen zu 12 oder 100 St\u00fcck erworben werden \u2013 ideal sowohl f\u00fcr Hobby-Bogensch\u00fctzen als auch f\u00fcr Vereinssportler mit gr\u00f6sseren Best\u00e4nde.<\/p>","protected":false},"excerpt":{"rendered":"<table>\n<tr>\n<th>Propriet\u00e0<\/th>\n<th>Valore<\/th>\n<\/tr>\n<tr>\n<td>Marca<\/td>\n<td>Easton<\/td>\n<\/tr>\n<tr>\n<td>Paese di origine<\/td>\n<td>USA<\/td>\n<\/tr>\n<\/table>","protected":false},"featured_media":480314,"comment_status":"open","ping_status":"closed","template":"","meta":[],"product_brand":[417],"product_cat":[4158,4220,4238],"product_tag":[],"class_list":{"0":"post-477648","1":"product","2":"type-product","3":"status-publish","4":"has-post-thumbnail","6":"product_brand-easton","7":"product_cat-pfeile-schaefte","8":"product_cat-befiederung-nocken-wraps","9":"product_cat-innere-nocken","10":"product_shipping_class-bsd-standard","12":"first","13":"instock","14":"shipping-taxable","15":"purchasable","16":"product-type-variable"},"yoast_head":"<!-- This site is optimized with the Yoast SEO plugin v27.6 - https:\/\/yoast.com\/product\/yoast-seo-wordpress\/ -->\n<title>Frecce EASTON Carbon AXIS 5mm Match Grade in versione ibrida con impennaggio da 3&#8243;. Asta in carbonio di alta qualit\u00e0 con tolleranze precise (Match Grade) per una traiettoria di volo coerente e precisione di tiro. Contenuto della confezione: 36 frecce per pack con cocca.<\/title>\n<meta name=\"description\" content=\"EASTON NOCKS SUPER 3D - Bogensportdiscount \u2013 B\u00f6gen, Pfeile, Targets &amp; Zubeh\u00f6r\" \/>\n<meta name=\"robots\" content=\"index, follow, max-snippet:-1, max-image-preview:large, max-video-preview:-1\" \/>\n<link rel=\"canonical\" href=\"https:\/\/bogensportdiscount.ch\/it\/prodotto\/easton-nocks-super-3d\/\" \/>\n<meta property=\"og:locale\" content=\"it_IT\" \/>\n<meta property=\"og:type\" content=\"article\" \/>\n<meta property=\"og:title\" content=\"Frecce EASTON Carbon AXIS 5mm Match Grade in versione ibrida con impennaggio da 3&#8243;. Asta in carbonio di alta qualit\u00e0 con tolleranze precise (Match Grade) per una traiettoria di volo coerente e precisione di tiro. Contenuto della confezione: 36 frecce per pack con cocca.\" \/>\n<meta property=\"og:description\" content=\"EASTON NOCKS SUPER 3D - Bogensportdiscount \u2013 B\u00f6gen, Pfeile, Targets &amp; Zubeh\u00f6r\" \/>\n<meta property=\"og:url\" content=\"https:\/\/bogensportdiscount.ch\/it\/prodotto\/easton-nocks-super-3d\/\" \/>\n<meta property=\"og:site_name\" content=\"Bogensportdiscount \u2013 B\u00f6gen, Pfeile, Targets &amp; Zubeh\u00f6r\" \/>\n<meta property=\"article:modified_time\" content=\"2026-05-14T13:28:09+00:00\" \/>\n<meta property=\"og:image\" content=\"https:\/\/bogensportdiscount.ch\/wp-content\/uploads\/bsm-images\/A029272_1.png\" \/>\n\t<meta property=\"og:image:width\" content=\"1274\" \/>\n\t<meta property=\"og:image:height\" content=\"705\" \/>\n\t<meta property=\"og:image:type\" content=\"image\/png\" \/>\n<meta name=\"twitter:card\" content=\"summary_large_image\" \/>\n<script type=\"application\/ld+json\" class=\"yoast-schema-graph\">{\"@context\":\"https:\\\/\\\/schema.org\",\"@graph\":[{\"@type\":\"WebPage\",\"@id\":\"https:\\\/\\\/bogensportdiscount.ch\\\/produkt\\\/easton-nocks-super-3d\\\/\",\"url\":\"https:\\\/\\\/bogensportdiscount.ch\\\/produkt\\\/easton-nocks-super-3d\\\/\",\"name\":\"EASTON NOCKS SUPER 3D - Bogensportdiscount \u2013 B\u00f6gen, Pfeile, Targets &amp; Zubeh\u00f6r\",\"isPartOf\":{\"@id\":\"https:\\\/\\\/bogensportdiscount.ch\\\/#website\"},\"primaryImageOfPage\":{\"@id\":\"https:\\\/\\\/bogensportdiscount.ch\\\/produkt\\\/easton-nocks-super-3d\\\/#primaryimage\"},\"image\":{\"@id\":\"https:\\\/\\\/bogensportdiscount.ch\\\/produkt\\\/easton-nocks-super-3d\\\/#primaryimage\"},\"thumbnailUrl\":\"https:\\\/\\\/bogensportdiscount.ch\\\/wp-content\\\/uploads\\\/bsm-images\\\/A029272_1.png\",\"datePublished\":\"2026-04-19T09:39:18+00:00\",\"dateModified\":\"2026-05-14T13:28:09+00:00\",\"description\":\"EASTON NOCKS SUPER 3D g\u00fcnstig kaufen bei Bogensportdiscount \u2013 Top-Marken, schneller Versand aus der Schweiz.\",\"breadcrumb\":{\"@id\":\"https:\\\/\\\/bogensportdiscount.ch\\\/produkt\\\/easton-nocks-super-3d\\\/#breadcrumb\"},\"inLanguage\":\"it-IT\",\"potentialAction\":[{\"@type\":\"ReadAction\",\"target\":[\"https:\\\/\\\/bogensportdiscount.ch\\\/produkt\\\/easton-nocks-super-3d\\\/\"]}]},{\"@type\":\"ImageObject\",\"inLanguage\":\"it-IT\",\"@id\":\"https:\\\/\\\/bogensportdiscount.ch\\\/produkt\\\/easton-nocks-super-3d\\\/#primaryimage\",\"url\":\"https:\\\/\\\/bogensportdiscount.ch\\\/wp-content\\\/uploads\\\/bsm-images\\\/A029272_1.png\",\"contentUrl\":\"https:\\\/\\\/bogensportdiscount.ch\\\/wp-content\\\/uploads\\\/bsm-images\\\/A029272_1.png\",\"width\":1274,\"height\":705},{\"@type\":\"BreadcrumbList\",\"@id\":\"https:\\\/\\\/bogensportdiscount.ch\\\/produkt\\\/easton-nocks-super-3d\\\/#breadcrumb\",\"itemListElement\":[{\"@type\":\"ListItem\",\"position\":1,\"name\":\"Home\",\"item\":\"https:\\\/\\\/bogensportdiscount.ch\\\/\"},{\"@type\":\"ListItem\",\"position\":2,\"name\":\"Shop\",\"item\":\"https:\\\/\\\/bogensportdiscount.ch\\\/shop\\\/\"},{\"@type\":\"ListItem\",\"position\":3,\"name\":\"EASTON NOCKS SUPER 3D\"}]},{\"@type\":\"WebSite\",\"@id\":\"https:\\\/\\\/bogensportdiscount.ch\\\/#website\",\"url\":\"https:\\\/\\\/bogensportdiscount.ch\\\/\",\"name\":\"Bogensportdiscount\",\"description\":\"\",\"potentialAction\":[{\"@type\":\"SearchAction\",\"target\":{\"@type\":\"EntryPoint\",\"urlTemplate\":\"https:\\\/\\\/bogensportdiscount.ch\\\/?s={search_term_string}\"},\"query-input\":{\"@type\":\"PropertyValueSpecification\",\"valueRequired\":true,\"valueName\":\"search_term_string\"}}],\"inLanguage\":\"it-IT\"}]}<\/script>\n<!-- \/ Yoast SEO plugin. -->","yoast_head_json":{"title":"Frecce EASTON Carbon AXIS 5mm Match Grade in versione ibrida con impennaggio da 3&#8243;. Asta in carbonio di alta qualit\u00e0 con tolleranze precise (Match Grade) per una traiettoria di volo coerente e precisione di tiro. Contenuto della confezione: 36 frecce per pack con cocca.","description":"Frecce EASTON Carbon AXIS 5mm Match Grade in versione ibrida con impennaggio da 3&#8243;. Asta in carbonio di alta qualit\u00e0 con tolleranze precise (Match Grade) per una traiettoria di volo coerente e precisione di tiro. Contenuto della confezione: 36 frecce per pack con cocca.","robots":{"index":"index","follow":"follow","max-snippet":"max-snippet:-1","max-image-preview":"max-image-preview:large","max-video-preview":"max-video-preview:-1"},"canonical":"https:\/\/bogensportdiscount.ch\/it\/prodotto\/easton-nocks-super-3d\/","og_locale":"it_IT","og_type":"article","og_title":"Frecce EASTON Carbon AXIS 5mm Match Grade in versione ibrida con impennaggio da 3&#8243;. Asta in carbonio di alta qualit\u00e0 con tolleranze precise (Match Grade) per una traiettoria di volo coerente e precisione di tiro. Contenuto della confezione: 36 frecce per pack con cocca.","og_description":"EASTON NOCKS SUPER 3D - Bogensportdiscount \u2013 B\u00f6gen, Pfeile, Targets &amp; Zubeh\u00f6r","og_url":"https:\/\/bogensportdiscount.ch\/it\/prodotto\/easton-nocks-super-3d\/","og_site_name":"Bogensportdiscount \u2013 B\u00f6gen, Pfeile, Targets &amp; Zubeh\u00f6r","article_modified_time":"2026-05-14T13:28:09+00:00","og_image":[{"width":1274,"height":705,"url":"https:\/\/bogensportdiscount.ch\/wp-content\/uploads\/bsm-images\/A029272_1.png","type":"image\/png"}],"twitter_card":"summary_large_image","schema":{"@context":"https:\/\/schema.org","@graph":[{"@type":"WebPage","@id":"https:\/\/bogensportdiscount.ch\/produkt\/easton-nocks-super-3d\/","url":"https:\/\/bogensportdiscount.ch\/produkt\/easton-nocks-super-3d\/","name":"Frecce EASTON Carbon AXIS 5mm Match Grade in versione ibrida con impennaggio da 3&#8243;. Asta in carbonio di alta qualit\u00e0 con tolleranze precise (Match Grade) per una traiettoria di volo coerente e precisione di tiro. Contenuto della confezione: 36 frecce per pack con cocca.","isPartOf":{"@id":"https:\/\/bogensportdiscount.ch\/#website"},"primaryImageOfPage":{"@id":"https:\/\/bogensportdiscount.ch\/produkt\/easton-nocks-super-3d\/#primaryimage"},"image":{"@id":"https:\/\/bogensportdiscount.ch\/produkt\/easton-nocks-super-3d\/#primaryimage"},"thumbnailUrl":"https:\/\/bogensportdiscount.ch\/wp-content\/uploads\/bsm-images\/A029272_1.png","datePublished":"2026-04-19T09:39:18+00:00","dateModified":"2026-05-14T13:28:09+00:00","description":"EASTON NOCKS SUPER 3D - Bogensportdiscount \u2013 B\u00f6gen, Pfeile, Targets &amp; Zubeh\u00f6r","breadcrumb":{"@id":"https:\/\/bogensportdiscount.ch\/produkt\/easton-nocks-super-3d\/#breadcrumb"},"inLanguage":"it-IT","potentialAction":[{"@type":"ReadAction","target":["https:\/\/bogensportdiscount.ch\/produkt\/easton-nocks-super-3d\/"]}]},{"@type":"ImageObject","inLanguage":"it-IT","@id":"https:\/\/bogensportdiscount.ch\/produkt\/easton-nocks-super-3d\/#primaryimage","url":"https:\/\/bogensportdiscount.ch\/wp-content\/uploads\/bsm-images\/A029272_1.png","contentUrl":"https:\/\/bogensportdiscount.ch\/wp-content\/uploads\/bsm-images\/A029272_1.png","width":1274,"height":705},{"@type":"BreadcrumbList","@id":"https:\/\/bogensportdiscount.ch\/produkt\/easton-nocks-super-3d\/#breadcrumb","itemListElement":[{"@type":"ListItem","position":1,"name":"Home","item":"https:\/\/bogensportdiscount.ch\/"},{"@type":"ListItem","position":2,"name":"Shop","item":"https:\/\/bogensportdiscount.ch\/shop\/"},{"@type":"ListItem","position":3,"name":"EASTON NOCKS SUPER 3D"}]},{"@type":"WebSite","@id":"https:\/\/bogensportdiscount.ch\/#website","url":"https:\/\/bogensportdiscount.ch\/","name":"Bogensportdiscount","description":"","potentialAction":[{"@type":"SearchAction","target":{"@type":"EntryPoint","urlTemplate":"https:\/\/bogensportdiscount.ch\/?s={search_term_string}"},"query-input":{"@type":"PropertyValueSpecification","valueRequired":true,"valueName":"search_term_string"}}],"inLanguage":"it-IT"}]}},"_links":{"self":[{"href":"https:\/\/bogensportdiscount.ch\/it\/wp-json\/wp\/v2\/product\/477648","targetHints":{"allow":["GET"]}}],"collection":[{"href":"https:\/\/bogensportdiscount.ch\/it\/wp-json\/wp\/v2\/product"}],"about":[{"href":"https:\/\/bogensportdiscount.ch\/it\/wp-json\/wp\/v2\/types\/product"}],"replies":[{"embeddable":true,"href":"https:\/\/bogensportdiscount.ch\/it\/wp-json\/wp\/v2\/comments?post=477648"}],"wp:featuredmedia":[{"embeddable":true,"href":"https:\/\/bogensportdiscount.ch\/it\/wp-json\/wp\/v2\/media\/480314"}],"wp:attachment":[{"href":"https:\/\/bogensportdiscount.ch\/it\/wp-json\/wp\/v2\/media?parent=477648"}],"wp:term":[{"taxonomy":"product_brand","embeddable":true,"href":"https:\/\/bogensportdiscount.ch\/it\/wp-json\/wp\/v2\/product_brand?post=477648"},{"taxonomy":"product_cat","embeddable":true,"href":"https:\/\/bogensportdiscount.ch\/it\/wp-json\/wp\/v2\/product_cat?post=477648"},{"taxonomy":"product_tag","embeddable":true,"href":"https:\/\/bogensportdiscount.ch\/it\/wp-json\/wp\/v2\/product_tag?post=477648"}],"curies":[{"name":"wp","href":"https:\/\/api.w.org\/{rel}","templated":true}]}}