{"id":477410,"date":"2026-04-19T11:39:01","date_gmt":"2026-04-19T09:39:01","guid":{"rendered":"https:\/\/bogensportdiscount.ch\/produkt\/easton-shaft-a-c-e-370-c3-12-pk\/"},"modified":"2026-04-19T17:28:32","modified_gmt":"2026-04-19T15:28:32","slug":"easton-schaft-ace-12er-pack","status":"publish","type":"product","link":"https:\/\/bogensportdiscount.ch\/it\/prodotto\/easton-schaft-ace-12er-pack\/","title":{"rendered":"EASTON ASTA A\/C\/E 12\/PK"},"content":{"rendered":"<p>Die Easton A\/C\/E Sch\u00e4fte kombinieren die Vorteile von Carbon und Aluminium in einer bew\u00e4hrten Konstruktion. Das 12er Pack bietet Ihnen eine komplette Serie zum Testen oder direkten Einsatz.<\/p>\n<p>Verf\u00fcgbar in 15 verschiedenen Spine-St\u00e4rken (von 370 bis 1250) und zahlreichen Ausf\u00fchrungsvarianten (C1 bis C7) f\u00fcr maximale Kompatibilit\u00e4t mit verschiedenen Bogensetupsund Zuggewichten. Die Vielfalt an Optionen erm\u00f6glicht es, die ideale Kombination f\u00fcr Ihre spezifischen Anforderungen zu finden.<\/p>\n<p>Diese universellen Sch\u00e4fte eignen sich sowohl f\u00fcr Anf\u00e4nger als auch f\u00fcr erfahrene Bogensch\u00fctzen und bieten ein solides Preis-Leistungs-Verh\u00e4ltnis.<\/p>","protected":false},"excerpt":{"rendered":"<p><strong>Marchio:<\/strong> Easton<\/p>","protected":false},"featured_media":489760,"comment_status":"open","ping_status":"closed","template":"","meta":[],"product_brand":[417],"product_cat":[4158,4235,4540],"product_tag":[],"class_list":{"0":"post-477410","1":"product","2":"type-product","3":"status-publish","4":"has-post-thumbnail","6":"product_brand-easton","7":"product_cat-pfeile-schaefte","8":"product_cat-pfeilschaefte","9":"product_cat-carbon-alu-schaefte","11":"first","12":"instock","13":"shipping-taxable","14":"purchasable","15":"product-type-variable"},"_links":{"self":[{"href":"https:\/\/bogensportdiscount.ch\/it\/wp-json\/wp\/v2\/product\/477410","targetHints":{"allow":["GET"]}}],"collection":[{"href":"https:\/\/bogensportdiscount.ch\/it\/wp-json\/wp\/v2\/product"}],"about":[{"href":"https:\/\/bogensportdiscount.ch\/it\/wp-json\/wp\/v2\/types\/product"}],"replies":[{"embeddable":true,"href":"https:\/\/bogensportdiscount.ch\/it\/wp-json\/wp\/v2\/comments?post=477410"}],"wp:featuredmedia":[{"embeddable":true,"href":"https:\/\/bogensportdiscount.ch\/it\/wp-json\/wp\/v2\/media\/489760"}],"wp:attachment":[{"href":"https:\/\/bogensportdiscount.ch\/it\/wp-json\/wp\/v2\/media?parent=477410"}],"wp:term":[{"taxonomy":"product_brand","embeddable":true,"href":"https:\/\/bogensportdiscount.ch\/it\/wp-json\/wp\/v2\/product_brand?post=477410"},{"taxonomy":"product_cat","embeddable":true,"href":"https:\/\/bogensportdiscount.ch\/it\/wp-json\/wp\/v2\/product_cat?post=477410"},{"taxonomy":"product_tag","embeddable":true,"href":"https:\/\/bogensportdiscount.ch\/it\/wp-json\/wp\/v2\/product_tag?post=477410"}],"curies":[{"name":"wp","href":"https:\/\/api.w.org\/{rel}","templated":true}]}}