{"id":477314,"date":"2026-04-19T11:38:53","date_gmt":"2026-04-19T09:38:53","guid":{"rendered":"https:\/\/bogensportdiscount.ch\/produkt\/easton-shaft-platinum-plus-1416-12-pk\/"},"modified":"2026-04-19T18:04:51","modified_gmt":"2026-04-19T16:04:51","slug":"easton-shaft-platinum-plus-12er-pack","status":"publish","type":"product","link":"https:\/\/bogensportdiscount.ch\/it\/prodotto\/easton-shaft-platinum-plus-12er-pack\/","title":{"rendered":"EASTON SHAFT PLATINUM PLUS 12\/PK"},"content":{"rendered":"<p>Die Easton Platinum Plus Sch\u00e4fte sind hochwertige Aluminium-Pfeilsch\u00e4fte, die f\u00fcr ihre Zuverl\u00e4ssigkeit und Langlebigkeit bekannt sind. Der 12er Pack bietet eine kosteneffiziente L\u00f6sung f\u00fcr regelm\u00e4ssiges Training und Wettkampf.<\/p>\n<p>Die Sch\u00e4fte sind in mehreren Kalibrierungen erh\u00e4ltlich (1416 bis 2213), um unterschiedliche Zuggewichte und Anforderungen zu erf\u00fcllen. Jede Variante bietet optimale Flugeigenschaften und Pr\u00e4zision.<\/p>\n<ul>\n<li>12 Sch\u00e4fte pro Pack<\/li>\n<li>Costruzione in alluminio<\/li>\n<li>Mehrere Kalibrierungen verf\u00fcgbar<\/li>\n<li>Bew\u00e4hrte Easton-Qualit\u00e4t<\/li>\n<\/ul>","protected":false},"excerpt":{"rendered":"<p><strong>Marchio:<\/strong> Easton<\/p>","protected":false},"featured_media":452596,"comment_status":"open","ping_status":"closed","template":"","meta":[],"product_brand":[417],"product_cat":[4158,4235,4504],"product_tag":[],"class_list":{"0":"post-477314","1":"product","2":"type-product","3":"status-publish","4":"has-post-thumbnail","6":"product_brand-easton","7":"product_cat-pfeile-schaefte","8":"product_cat-pfeilschaefte","9":"product_cat-aluminium-schaefte","11":"first","12":"instock","13":"shipping-taxable","14":"purchasable","15":"product-type-variable"},"_links":{"self":[{"href":"https:\/\/bogensportdiscount.ch\/it\/wp-json\/wp\/v2\/product\/477314","targetHints":{"allow":["GET"]}}],"collection":[{"href":"https:\/\/bogensportdiscount.ch\/it\/wp-json\/wp\/v2\/product"}],"about":[{"href":"https:\/\/bogensportdiscount.ch\/it\/wp-json\/wp\/v2\/types\/product"}],"replies":[{"embeddable":true,"href":"https:\/\/bogensportdiscount.ch\/it\/wp-json\/wp\/v2\/comments?post=477314"}],"wp:featuredmedia":[{"embeddable":true,"href":"https:\/\/bogensportdiscount.ch\/it\/wp-json\/wp\/v2\/media\/452596"}],"wp:attachment":[{"href":"https:\/\/bogensportdiscount.ch\/it\/wp-json\/wp\/v2\/media?parent=477314"}],"wp:term":[{"taxonomy":"product_brand","embeddable":true,"href":"https:\/\/bogensportdiscount.ch\/it\/wp-json\/wp\/v2\/product_brand?post=477314"},{"taxonomy":"product_cat","embeddable":true,"href":"https:\/\/bogensportdiscount.ch\/it\/wp-json\/wp\/v2\/product_cat?post=477314"},{"taxonomy":"product_tag","embeddable":true,"href":"https:\/\/bogensportdiscount.ch\/it\/wp-json\/wp\/v2\/product_tag?post=477314"}],"curies":[{"name":"wp","href":"https:\/\/api.w.org\/{rel}","templated":true}]}}