{"id":477260,"date":"2026-04-19T11:38:44","date_gmt":"2026-04-19T09:38:44","guid":{"rendered":"https:\/\/bogensportdiscount.ch\/produkt\/easton-carbon-one-1600-12-pk-shafts\/"},"modified":"2026-04-19T17:28:30","modified_gmt":"2026-04-19T15:28:30","slug":"easton-carbon-one-1600-pfeilschaft-12er-pack","status":"publish","type":"product","link":"https:\/\/bogensportdiscount.ch\/it\/prodotto\/easton-carbon-one-1600-pfeilschaft-12er-pack\/","title":{"rendered":"EASTON CARBON ONE 1600 12\/PK SCH\u00c4FTE"},"content":{"rendered":"<p>Die Easton Carbon One 1600 Pfeilsch\u00e4fte sind speziell konstruierte Carbon-Sch\u00e4fte, die sich durch ihre robuste Verarbeitung und zuverl\u00e4ssige Flugbahn auszeichnen. Die Carbon-Konstruktion sorgt f\u00fcr ein gutes Gleichgewicht zwischen Langlebigkeit und Gewicht.<\/p>\n<p>Das 12er Pack bietet eine praktische Menge f\u00fcr regelm\u00e4ssiges Training oder den Wettkampfbereich. Ob f\u00fcr Anf\u00e4nger oder erfahrene Sch\u00fctzen \u2013 die Carbon One 1600 Sch\u00e4fte sind eine bew\u00e4hrte L\u00f6sung f\u00fcr hohe Anspr\u00fcche.<\/p>\n<ul>\n<li>Spine 1600 f\u00fcr verschiedene Bogenst\u00e4rken<\/li>\n<li>Carbon-Konstruktion f\u00fcr optimales Gewicht und Langlebigkeit<\/li>\n<li>12 Sch\u00e4fte im Pack<\/li>\n<li>Zuverl\u00e4ssige Flugbahn und Konsistenz<\/li>\n<\/ul>","protected":false},"excerpt":{"rendered":"<p><strong>Marchio:<\/strong> Easton<br \/><strong>Spine:<\/strong> 1600<br \/><strong>ID:<\/strong> 4<br \/><strong>Straightness tolerance (inch):<\/strong> ,003<br \/><strong>Confezione:<\/strong> 12\/Pk<\/p>","protected":false},"featured_media":452446,"comment_status":"open","ping_status":"closed","template":"","meta":[],"product_brand":[417],"product_cat":[4158,4235,4236],"product_tag":[3546],"class_list":{"0":"post-477260","1":"product","2":"type-product","3":"status-publish","4":"has-post-thumbnail","6":"product_brand-easton","7":"product_cat-pfeile-schaefte","8":"product_cat-pfeilschaefte","9":"product_cat-carbon-schaefte","10":"product_tag-neuheit","12":"first","13":"instock","14":"shipping-taxable","15":"purchasable","16":"product-type-simple"},"_links":{"self":[{"href":"https:\/\/bogensportdiscount.ch\/it\/wp-json\/wp\/v2\/product\/477260","targetHints":{"allow":["GET"]}}],"collection":[{"href":"https:\/\/bogensportdiscount.ch\/it\/wp-json\/wp\/v2\/product"}],"about":[{"href":"https:\/\/bogensportdiscount.ch\/it\/wp-json\/wp\/v2\/types\/product"}],"replies":[{"embeddable":true,"href":"https:\/\/bogensportdiscount.ch\/it\/wp-json\/wp\/v2\/comments?post=477260"}],"wp:featuredmedia":[{"embeddable":true,"href":"https:\/\/bogensportdiscount.ch\/it\/wp-json\/wp\/v2\/media\/452446"}],"wp:attachment":[{"href":"https:\/\/bogensportdiscount.ch\/it\/wp-json\/wp\/v2\/media?parent=477260"}],"wp:term":[{"taxonomy":"product_brand","embeddable":true,"href":"https:\/\/bogensportdiscount.ch\/it\/wp-json\/wp\/v2\/product_brand?post=477260"},{"taxonomy":"product_cat","embeddable":true,"href":"https:\/\/bogensportdiscount.ch\/it\/wp-json\/wp\/v2\/product_cat?post=477260"},{"taxonomy":"product_tag","embeddable":true,"href":"https:\/\/bogensportdiscount.ch\/it\/wp-json\/wp\/v2\/product_tag?post=477260"}],"curies":[{"name":"wp","href":"https:\/\/api.w.org\/{rel}","templated":true}]}}