{"id":477206,"date":"2026-04-19T11:38:38","date_gmt":"2026-04-19T09:38:38","guid":{"rendered":"https:\/\/bogensportdiscount.ch\/produkt\/easton-fatboy-g-uni-340-500-12-pk\/"},"modified":"2026-04-19T13:34:32","modified_gmt":"2026-04-19T11:34:32","slug":"easton-fatboy-g-uni-pfeilschaft-340-500-12er-pack","status":"publish","type":"product","link":"https:\/\/bogensportdiscount.ch\/it\/prodotto\/easton-fatboy-g-uni-pfeilschaft-340-500-12er-pack\/","title":{"rendered":"EASTON FATBOY G-UNI 340-500 12\/PK"},"content":{"rendered":"<p>Die Easton Fatboy G-Uni Sch\u00e4fte sind bew\u00e4hrte Universal-Bushings f\u00fcr den Pfeilaufbau. Das 12er Pack mit Gewichtsbereich 340-500 bietet Flexibilit\u00e4t bei der Konfiguration verschiedener Pfeilsetups.<\/p>\n<p>Diese Komponenten eignen sich besonders f\u00fcr Bogensch\u00fctzen, die ihre Pfeile individuell zusammenstellen oder bestehende Pfeile reparieren m\u00f6chten. Die G-Uni Technologie erm\u00f6glicht eine breite Kompatibilit\u00e4t mit unterschiedlichen Bogensystemen.<\/p>\n<ul>\n<li>12 pezzi per confezione<\/li>\n<li>Gewichtsbereich 340-500<\/li>\n<li>Universal-Bushings f\u00fcr flexiblen Einsatz<\/li>\n<li>Bew\u00e4hrte Easton-Qualit\u00e4t<\/li>\n<\/ul>","protected":false},"excerpt":{"rendered":"<p><strong>Marchio:<\/strong> Easton<br \/><strong>GTIN:<\/strong> 723560242672<\/p>","protected":false},"featured_media":452468,"comment_status":"open","ping_status":"closed","template":"","meta":[],"product_brand":[417],"product_cat":[4158,4511,4550],"product_tag":[3546],"class_list":{"0":"post-477206","1":"product","2":"type-product","3":"status-publish","4":"has-post-thumbnail","6":"product_brand-easton","7":"product_cat-pfeile-schaefte","8":"product_cat-pfeil-komponenten","9":"product_cat-uni-bushings-pfeil-komponenten","10":"product_tag-neuheit","12":"first","13":"instock","14":"shipping-taxable","15":"purchasable","16":"product-type-simple"},"_links":{"self":[{"href":"https:\/\/bogensportdiscount.ch\/it\/wp-json\/wp\/v2\/product\/477206","targetHints":{"allow":["GET"]}}],"collection":[{"href":"https:\/\/bogensportdiscount.ch\/it\/wp-json\/wp\/v2\/product"}],"about":[{"href":"https:\/\/bogensportdiscount.ch\/it\/wp-json\/wp\/v2\/types\/product"}],"replies":[{"embeddable":true,"href":"https:\/\/bogensportdiscount.ch\/it\/wp-json\/wp\/v2\/comments?post=477206"}],"wp:featuredmedia":[{"embeddable":true,"href":"https:\/\/bogensportdiscount.ch\/it\/wp-json\/wp\/v2\/media\/452468"}],"wp:attachment":[{"href":"https:\/\/bogensportdiscount.ch\/it\/wp-json\/wp\/v2\/media?parent=477206"}],"wp:term":[{"taxonomy":"product_brand","embeddable":true,"href":"https:\/\/bogensportdiscount.ch\/it\/wp-json\/wp\/v2\/product_brand?post=477206"},{"taxonomy":"product_cat","embeddable":true,"href":"https:\/\/bogensportdiscount.ch\/it\/wp-json\/wp\/v2\/product_cat?post=477206"},{"taxonomy":"product_tag","embeddable":true,"href":"https:\/\/bogensportdiscount.ch\/it\/wp-json\/wp\/v2\/product_tag?post=477206"}],"curies":[{"name":"wp","href":"https:\/\/api.w.org\/{rel}","templated":true}]}}