{"id":475998,"date":"2026-04-15T07:24:56","date_gmt":"2026-04-15T05:24:56","guid":{"rendered":"https:\/\/bogensportdiscount.ch\/produkt\/kinetic-recurve-part-locking-screw-for-limb-bolt-m6-black\/"},"modified":"2026-04-16T15:14:32","modified_gmt":"2026-04-16T13:14:32","slug":"kinetic-recurve-sperr-schraube-limbbolzen-m6-schwarz","status":"publish","type":"product","link":"https:\/\/bogensportdiscount.ch\/it\/prodotto\/kinetic-recurve-sperr-schraube-limbbolzen-m6-schwarz\/","title":{"rendered":"PARTE DI RICURVO KINETIC VITE DI BLOCCAGGIO PER BULLONE DELL'ARTO M6 NERO"},"content":{"rendered":"<p>Die KINETIC Recurve-Sperr-Schraube ist ein Verschleiss- und Ersatzteil f\u00fcr Recurve-B\u00f6gen. Diese Schraube in der Gr\u00f6sse M6 dient zur Befestigung und Sicherung des Limbbolzens und verhindert ein unbeabsichtigtes Lockern w\u00e4hrend des Schiessetrainings oder im Wettkampf.<\/p>\n<p>Die schwarze Ausf\u00fchrung passt zu den meisten modernen Recurve-B\u00f6gen und bietet eine zuverl\u00e4ssige Befestigung. Als Originalersatzteil von Kinetic ist diese Schraube auf pr\u00e4zise Passform und Dauerhaltbarkeit ausgelegt.<\/p>","protected":false},"excerpt":{"rendered":"<table>\n<tr>\n<th>Propriet\u00e0<\/th>\n<th>Valore<\/th>\n<\/tr>\n<tr>\n<td>Marchio<\/td>\n<td>Cinetico<\/td>\n<\/tr>\n<tr>\n<td>Tipo<\/td>\n<td>Sperr-Schraube f\u00fcr Limbbolzen<\/td>\n<\/tr>\n<tr>\n<td>Dimensione<\/td>\n<td>M6<\/td>\n<\/tr>\n<tr>\n<td>Colore<\/td>\n<td>Schwarz<\/td>\n<\/tr>\n<tr>\n<td>Herkunftsland<\/td>\n<td>China<\/td>\n<\/tr>\n<\/table>","protected":false},"featured_media":0,"comment_status":"open","ping_status":"closed","template":"","meta":[],"product_brand":[439],"product_cat":[4522],"product_tag":[3546],"class_list":{"0":"post-475998","1":"product","2":"type-product","3":"status-publish","5":"product_brand-kinetic","6":"product_cat-einzelteile-fuer-recurve-boegen-recurve-boegen","7":"product_tag-neuheit","9":"first","10":"instock","11":"shipping-taxable","12":"purchasable","13":"product-type-simple"},"_links":{"self":[{"href":"https:\/\/bogensportdiscount.ch\/it\/wp-json\/wp\/v2\/product\/475998","targetHints":{"allow":["GET"]}}],"collection":[{"href":"https:\/\/bogensportdiscount.ch\/it\/wp-json\/wp\/v2\/product"}],"about":[{"href":"https:\/\/bogensportdiscount.ch\/it\/wp-json\/wp\/v2\/types\/product"}],"replies":[{"embeddable":true,"href":"https:\/\/bogensportdiscount.ch\/it\/wp-json\/wp\/v2\/comments?post=475998"}],"wp:attachment":[{"href":"https:\/\/bogensportdiscount.ch\/it\/wp-json\/wp\/v2\/media?parent=475998"}],"wp:term":[{"taxonomy":"product_brand","embeddable":true,"href":"https:\/\/bogensportdiscount.ch\/it\/wp-json\/wp\/v2\/product_brand?post=475998"},{"taxonomy":"product_cat","embeddable":true,"href":"https:\/\/bogensportdiscount.ch\/it\/wp-json\/wp\/v2\/product_cat?post=475998"},{"taxonomy":"product_tag","embeddable":true,"href":"https:\/\/bogensportdiscount.ch\/it\/wp-json\/wp\/v2\/product_tag?post=475998"}],"curies":[{"name":"wp","href":"https:\/\/api.w.org\/{rel}","templated":true}]}}