{"id":475990,"date":"2026-04-15T07:22:23","date_gmt":"2026-04-15T05:22:23","guid":{"rendered":"https:\/\/bogensportdiscount.ch\/produkt\/victory-vxt-vap-id-4-2-glue-in-bullet-points-vap-250-vxt-300-80-100gr-12pk\/"},"modified":"2026-04-15T15:02:34","modified_gmt":"2026-04-15T13:02:34","slug":"victory-vxt-vap-id-4-2-einklebe-spitzen-break-off-80-100gr","status":"publish","type":"product","link":"https:\/\/bogensportdiscount.ch\/it\/produkt\/victory-vxt-vap-id-4-2-einklebe-spitzen-break-off-80-100gr\/","title":{"rendered":"VICTORY VXT\/VAP ID 4.2 COLLA IN PUNTI BULLET VAP 250 VXT 300 80-100gr 12PK"},"content":{"rendered":"<p>Die Victory VXT\/VAP ID 4.2 Einklebe Spitzen sind hochwertige Break-off Spitzen f\u00fcr Bogensch\u00fctzen, die Pr\u00e4zision und Zuverl\u00e4ssigkeit suchen. Mit einem Gewicht von 80-100gr pro Spitze und einem Durchmesser von ID 4.2mm bieten sie optimale Kompatibilit\u00e4t mit vielen modernen Pfeilsch\u00e4ften.<\/p>\n<p>Diese Einklebe Spitzen erm\u00f6glichen eine sichere und dauerhafte Verbindung mit deinen Pfeilen. Das Break-off Design erm\u00f6glicht zudem ein einfaches Entfernen und Austauschen besch\u00e4digter Spitzen, ohne den Schaft zu besch\u00e4digen. Der 12er Pack bietet dir ausreichend Spitzen f\u00fcr intensive Trainings- und Wettkampfphasen.<\/p>\n<p>Hergestellt in S\u00fcdkorea nach hohen Qualit\u00e4tsstandards, garantieren diese Spitzen Zuverl\u00e4ssigkeit im Wettkampf und beim Freizeitschiesssen.<\/p>","protected":false},"excerpt":{"rendered":"<table>\n<tr>\n<th>Propriet\u00e0<\/th>\n<th>Valore<\/th>\n<\/tr>\n<tr>\n<td>Marchio<\/td>\n<td>Victory<\/td>\n<\/tr>\n<tr>\n<td>Tipo<\/td>\n<td>Break-off<\/td>\n<\/tr>\n<tr>\n<td>ID<\/td>\n<td>4,2<\/td>\n<\/tr>\n<tr>\n<td>Peso<\/td>\n<td>80-100gr<\/td>\n<\/tr>\n<tr>\n<td>Inhalt<\/td>\n<td>12er Pack<\/td>\n<\/tr>\n<tr>\n<td>Herkunftsland<\/td>\n<td>S\u00fcdkorea<\/td>\n<\/tr>\n<\/table>","protected":false},"featured_media":0,"comment_status":"open","ping_status":"closed","template":"","meta":[],"product_brand":[547],"product_cat":[4543],"product_tag":[3546],"class_list":{"0":"post-475990","1":"product","2":"type-product","3":"status-publish","5":"product_brand-victory","6":"product_cat-einklebe-spitzen-pfeil-komponenten","7":"product_tag-neuheit","9":"first","10":"instock","11":"shipping-taxable","12":"purchasable","13":"product-type-simple"},"_links":{"self":[{"href":"https:\/\/bogensportdiscount.ch\/it\/wp-json\/wp\/v2\/product\/475990","targetHints":{"allow":["GET"]}}],"collection":[{"href":"https:\/\/bogensportdiscount.ch\/it\/wp-json\/wp\/v2\/product"}],"about":[{"href":"https:\/\/bogensportdiscount.ch\/it\/wp-json\/wp\/v2\/types\/product"}],"replies":[{"embeddable":true,"href":"https:\/\/bogensportdiscount.ch\/it\/wp-json\/wp\/v2\/comments?post=475990"}],"wp:attachment":[{"href":"https:\/\/bogensportdiscount.ch\/it\/wp-json\/wp\/v2\/media?parent=475990"}],"wp:term":[{"taxonomy":"product_brand","embeddable":true,"href":"https:\/\/bogensportdiscount.ch\/it\/wp-json\/wp\/v2\/product_brand?post=475990"},{"taxonomy":"product_cat","embeddable":true,"href":"https:\/\/bogensportdiscount.ch\/it\/wp-json\/wp\/v2\/product_cat?post=475990"},{"taxonomy":"product_tag","embeddable":true,"href":"https:\/\/bogensportdiscount.ch\/it\/wp-json\/wp\/v2\/product_tag?post=475990"}],"curies":[{"name":"wp","href":"https:\/\/api.w.org\/{rel}","templated":true}]}}