{"id":433699,"date":"2026-04-05T15:51:22","date_gmt":"2026-04-05T13:51:22","guid":{"rendered":"https:\/\/bogensportdiscount.ch\/produkt\/compound-sight-nytrx-pro-xv3-vertical-3-pin-bridgelock-mount-019-rh\/"},"modified":"2026-04-17T13:50:33","modified_gmt":"2026-04-17T11:50:33","slug":"hha-compound-visier-nytrx-pro-xv3-vertikal-3-pin-bridgelock-mount-019","status":"publish","type":"product","link":"https:\/\/bogensportdiscount.ch\/it\/prodotto\/hha-compound-visier-nytrx-pro-xv3-vertikal-3-pin-bridgelock-mount-019\/","title":{"rendered":"MIRINO COMPOSTO HHA NYTRX PRO XV3 VERTICALE 3 PIN MONTAGGIO BRIDGELOCK .019\u2033"},"content":{"rendered":"<p>Das HHA Nytrx Pro XV3 Vertikal ist ein Compound-Visier mit einer vertikalen 3-Pin-Konfiguration und einer Pindicke von .019&#8243;. Die Bridgelock-Montage erm\u00f6glicht eine stabile und pr\u00e4zise Befestigung am Bogen und sorgt f\u00fcr eine zuverl\u00e4ssige Positionierung des Visiers.<\/p>\n<p>Das Visier ist in einer Links- und einer Rechtsh\u00e4nder-Ausf\u00fchrung erh\u00e4ltlich und richtet sich an Bogensch\u00fctzen, die im Jagd- oder 3D-Bereich unterwegs sind. HHA ist ein US-amerikanischer Hersteller, der sich auf Compound-Visiere spezialisiert hat.<\/p>\n<ul>\n<li>Vertikale 3-Pin-Anordnung mit .019&#8243; Pindicke<\/li>\n<li>Bridgelock-Montage f\u00fcr sichere Befestigung<\/li>\n<li>Erh\u00e4ltlich f\u00fcr Links- und Rechtsh\u00e4nder<\/li>\n<li>Prodotto negli Stati Uniti<\/li>\n<\/ul>","protected":false},"excerpt":{"rendered":"<p>Das HHA Nytrx Pro XV3 ist ein Compound-Visier mit vertikaler 3-Pin-Anordnung und Bridgelock-Montage. Es ist f\u00fcr Links- und Rechtsh\u00e4nder erh\u00e4ltlich und eignet sich f\u00fcr den Einsatz bei der Jagd und im 3D-Bogensport. Die Pindicke betr\u00e4gt .019&#8243;.<\/p>","protected":false},"featured_media":453631,"comment_status":"open","ping_status":"closed","template":"","meta":[],"product_brand":[528],"product_cat":[4263],"product_tag":[],"class_list":{"0":"post-433699","1":"product","2":"type-product","3":"status-publish","4":"has-post-thumbnail","6":"product_brand-hha","7":"product_cat-jagd-und-3d-visiere","9":"first","10":"instock","11":"shipping-taxable","12":"purchasable","13":"product-type-variable"},"_links":{"self":[{"href":"https:\/\/bogensportdiscount.ch\/it\/wp-json\/wp\/v2\/product\/433699","targetHints":{"allow":["GET"]}}],"collection":[{"href":"https:\/\/bogensportdiscount.ch\/it\/wp-json\/wp\/v2\/product"}],"about":[{"href":"https:\/\/bogensportdiscount.ch\/it\/wp-json\/wp\/v2\/types\/product"}],"replies":[{"embeddable":true,"href":"https:\/\/bogensportdiscount.ch\/it\/wp-json\/wp\/v2\/comments?post=433699"}],"wp:featuredmedia":[{"embeddable":true,"href":"https:\/\/bogensportdiscount.ch\/it\/wp-json\/wp\/v2\/media\/453631"}],"wp:attachment":[{"href":"https:\/\/bogensportdiscount.ch\/it\/wp-json\/wp\/v2\/media?parent=433699"}],"wp:term":[{"taxonomy":"product_brand","embeddable":true,"href":"https:\/\/bogensportdiscount.ch\/it\/wp-json\/wp\/v2\/product_brand?post=433699"},{"taxonomy":"product_cat","embeddable":true,"href":"https:\/\/bogensportdiscount.ch\/it\/wp-json\/wp\/v2\/product_cat?post=433699"},{"taxonomy":"product_tag","embeddable":true,"href":"https:\/\/bogensportdiscount.ch\/it\/wp-json\/wp\/v2\/product_tag?post=433699"}],"curies":[{"name":"wp","href":"https:\/\/api.w.org\/{rel}","templated":true}]}}