{"id":433681,"date":"2026-04-05T15:51:18","date_gmt":"2026-04-05T13:51:18","guid":{"rendered":"https:\/\/bogensportdiscount.ch\/produkt\/compound-sight-nytrx-xv3-vertical-3-pin-side-mount-019-rh\/"},"modified":"2026-04-17T13:50:33","modified_gmt":"2026-04-17T11:50:33","slug":"hha-compound-visier-nytrx-xv3-vertikal-3-pin-seitenhalterung-019","status":"publish","type":"product","link":"https:\/\/bogensportdiscount.ch\/it\/prodotto\/hha-compound-visier-nytrx-xv3-vertikal-3-pin-seitenhalterung-019\/","title":{"rendered":"HHA mirino a cannocchiale Nytrx XV3 verticale a 3 pin con montaggio laterale .019"},"content":{"rendered":"<p>Das HHA Compound-Visier Nytrx XV3 ist ein pr\u00e4zises Jagd- und 3D-Visier mit vertikaler 3-Pin-Anordnung. Die Seitenhalterung erm\u00f6glicht eine sichere und stabile Befestigung am Bogen und bietet optimale Handhabung bei jagdlichen Anwendungen.<\/p>\n<p>Mit seinen .019&#8243; Stiften erreicht dieses Visier die n\u00f6tige Pr\u00e4zision f\u00fcr mittlere bis l\u00e4ngere Distanzen. Das Modell Nytrx XV3 steht f\u00fcr zuverl\u00e4ssige Performance und ist eine bew\u00e4hrte Wahl f\u00fcr ambitionierte Bogensch\u00fctzen.<\/p>\n<p>Erh\u00e4ltlich in Links- und Rechtshand-Ausf\u00fchrung f\u00fcr optimale Ergonomie.<\/p>","protected":false},"excerpt":{"rendered":"<table>\n<tr>\n<th>Propriet\u00e0<\/th>\n<th>Valore<\/th>\n<\/tr>\n<tr>\n<td>Marchio<\/td>\n<td>HHA<\/td>\n<\/tr>\n<tr>\n<td>Modell<\/td>\n<td>Nytrx XV3<\/td>\n<\/tr>\n<tr>\n<td>Ausf\u00fchrung<\/td>\n<td>Vertikal 3-Pin<\/td>\n<\/tr>\n<tr>\n<td>Montage<\/td>\n<td>Seitenhalterung<\/td>\n<\/tr>\n<tr>\n<td>Stiftgr\u00f6sse<\/td>\n<td>.019&#8243;<\/td>\n<\/tr>\n<tr>\n<td>Herkunftsland<\/td>\n<td>USA<\/td>\n<\/tr>\n<\/table>","protected":false},"featured_media":453631,"comment_status":"open","ping_status":"closed","template":"","meta":[],"product_brand":[528],"product_cat":[4263],"product_tag":[],"class_list":{"0":"post-433681","1":"product","2":"type-product","3":"status-publish","4":"has-post-thumbnail","6":"product_brand-hha","7":"product_cat-jagd-und-3d-visiere","9":"first","10":"instock","11":"shipping-taxable","12":"purchasable","13":"product-type-variable"},"_links":{"self":[{"href":"https:\/\/bogensportdiscount.ch\/it\/wp-json\/wp\/v2\/product\/433681","targetHints":{"allow":["GET"]}}],"collection":[{"href":"https:\/\/bogensportdiscount.ch\/it\/wp-json\/wp\/v2\/product"}],"about":[{"href":"https:\/\/bogensportdiscount.ch\/it\/wp-json\/wp\/v2\/types\/product"}],"replies":[{"embeddable":true,"href":"https:\/\/bogensportdiscount.ch\/it\/wp-json\/wp\/v2\/comments?post=433681"}],"wp:featuredmedia":[{"embeddable":true,"href":"https:\/\/bogensportdiscount.ch\/it\/wp-json\/wp\/v2\/media\/453631"}],"wp:attachment":[{"href":"https:\/\/bogensportdiscount.ch\/it\/wp-json\/wp\/v2\/media?parent=433681"}],"wp:term":[{"taxonomy":"product_brand","embeddable":true,"href":"https:\/\/bogensportdiscount.ch\/it\/wp-json\/wp\/v2\/product_brand?post=433681"},{"taxonomy":"product_cat","embeddable":true,"href":"https:\/\/bogensportdiscount.ch\/it\/wp-json\/wp\/v2\/product_cat?post=433681"},{"taxonomy":"product_tag","embeddable":true,"href":"https:\/\/bogensportdiscount.ch\/it\/wp-json\/wp\/v2\/product_tag?post=433681"}],"curies":[{"name":"wp","href":"https:\/\/api.w.org\/{rel}","templated":true}]}}