{"id":433658,"date":"2026-04-05T15:51:12","date_gmt":"2026-04-05T13:51:12","guid":{"rendered":"https:\/\/bogensportdiscount.ch\/produkt\/boonie-picatinny-mount-1-pin-roti-010-lh-black\/"},"modified":"2026-04-23T15:30:08","modified_gmt":"2026-04-23T13:30:08","slug":"spothogg-compound-visier-boonie-picatinny-mount-1-pin-roti","status":"publish","type":"product","link":"https:\/\/bogensportdiscount.ch\/it\/prodotto\/spothogg-compound-visier-boonie-picatinny-mount-1-pin-roti\/","title":{"rendered":"SPOTHOGG mirino compound Boonie Picatinny Mount 1-Pin Roti"},"content":{"rendered":"<p>Das SPOTHOGG Boonie Picatinny Mount ist ein Compound-Jagd- und 3D-Visier mit einem einzelnen Pin und Roti-Mechanismus. Die Picatinny-Montage erm\u00f6glicht eine stabile Befestigung am Bogen und sorgt f\u00fcr eine zuverl\u00e4ssige Ausrichtung im Einsatz.<\/p>\n<p>Das Visier ist f\u00fcr Links- und Rechtshandsch\u00fctzen erh\u00e4ltlich und wird in zwei Fadendicken angeboten (.010&#8243; und .019&#8243;), sodass es an unterschiedliche Sehbedingungen und pers\u00f6nliche Vorlieben angepasst werden kann.<\/p>\n<ul>\n<li>1-Pin-Visier mit Roti-Funktion<\/li>\n<li>Picatinny-Montagesystem f\u00fcr sichere Befestigung<\/li>\n<li>Disponibile per l'uso con la mano destra o sinistra<\/li>\n<li>Fadendicken .010&#8243; und .019&#8243; w\u00e4hlbar<\/li>\n<\/ul>","protected":false},"excerpt":{"rendered":"<p>Das SPOTHOGG Boonie Picatinny Mount ist ein 1-Pin-Compoundvisier mit Roti-Funktion, erh\u00e4ltlich f\u00fcr Links- und Rechtshandsch\u00fctzen. Es ist in den Fadendicken .010&#8243; und .019&#8243; verf\u00fcgbar und eignet sich f\u00fcr den Einsatz bei der Jagd sowie im 3D-Bogensport.<\/p>","protected":false},"featured_media":453631,"comment_status":"open","ping_status":"closed","template":"","meta":[],"product_brand":[538],"product_cat":[4263],"product_tag":[],"class_list":{"0":"post-433658","1":"product","2":"type-product","3":"status-publish","4":"has-post-thumbnail","6":"product_brand-spothogg","7":"product_cat-jagd-und-3d-visiere","8":"product_shipping_class-bsd-standard","10":"first","11":"onbackorder","12":"shipping-taxable","13":"purchasable","14":"product-type-variable"},"yoast_head":"<!-- This site is optimized with the Yoast SEO plugin v27.4 - https:\/\/yoast.com\/product\/yoast-seo-wordpress\/ -->\n<title>Mirino compound SPOTHOGG Boonie con attacco Picatinny e 1 mirino Roti - Bogensportdiscount \u2013 Archi, frecce, bersagli e accessori<\/title>\n<meta name=\"description\" content=\"Acquista a un prezzo vantaggioso il mirino compound SPOTHOGG Boonie con attacco Picatinny e 1 pin Roti su Bogensportdiscount \u2013 Le migliori marche, spedizione veloce dalla Svizzera.\" \/>\n<meta name=\"robots\" content=\"index, follow, max-snippet:-1, max-image-preview:large, max-video-preview:-1\" \/>\n<link rel=\"canonical\" href=\"https:\/\/bogensportdiscount.ch\/it\/prodotto\/spothogg-compound-visier-boonie-picatinny-mount-1-pin-roti\/\" \/>\n<meta property=\"og:locale\" content=\"it_IT\" \/>\n<meta property=\"og:type\" content=\"article\" \/>\n<meta property=\"og:title\" content=\"Mirino compound SPOTHOGG Boonie con attacco Picatinny e 1 mirino Roti - Bogensportdiscount \u2013 Archi, frecce, bersagli e accessori\" \/>\n<meta property=\"og:description\" content=\"Acquista a un prezzo vantaggioso il mirino compound SPOTHOGG Boonie con attacco Picatinny e 1 pin Roti su Bogensportdiscount \u2013 Le migliori marche, spedizione veloce dalla Svizzera.\" \/>\n<meta property=\"og:url\" content=\"https:\/\/bogensportdiscount.ch\/it\/prodotto\/spothogg-compound-visier-boonie-picatinny-mount-1-pin-roti\/\" \/>\n<meta property=\"og:site_name\" content=\"Bogensportdiscount \u2013 B\u00f6gen, Pfeile, Targets &amp; Zubeh\u00f6r\" \/>\n<meta property=\"article:modified_time\" content=\"2026-04-23T13:30:08+00:00\" \/>\n<meta property=\"og:image\" content=\"https:\/\/bogensportdiscount.ch\/wp-content\/uploads\/2026\/04\/bogensportdiscount.ch-pfeile-boegen-zubehoer-fuer-anfaenger-und-profis-zum-besten-preis-Symbolbild-kein-foto-zu-diesem-artikel_01.jpg\" \/>\n\t<meta property=\"og:image:width\" content=\"1080\" \/>\n\t<meta property=\"og:image:height\" content=\"1080\" \/>\n\t<meta property=\"og:image:type\" content=\"image\/jpeg\" \/>\n<meta name=\"twitter:card\" content=\"summary_large_image\" \/>\n<script type=\"application\/ld+json\" class=\"yoast-schema-graph\">{\"@context\":\"https:\\\/\\\/schema.org\",\"@graph\":[{\"@type\":\"WebPage\",\"@id\":\"https:\\\/\\\/bogensportdiscount.ch\\\/produkt\\\/spothogg-compound-visier-boonie-picatinny-mount-1-pin-roti\\\/\",\"url\":\"https:\\\/\\\/bogensportdiscount.ch\\\/produkt\\\/spothogg-compound-visier-boonie-picatinny-mount-1-pin-roti\\\/\",\"name\":\"SPOTHOGG Compound-Visier Boonie Picatinny Mount 1-Pin Roti - Bogensportdiscount \u2013 B\u00f6gen, Pfeile, Targets &amp; Zubeh\u00f6r\",\"isPartOf\":{\"@id\":\"https:\\\/\\\/bogensportdiscount.ch\\\/#website\"},\"primaryImageOfPage\":{\"@id\":\"https:\\\/\\\/bogensportdiscount.ch\\\/produkt\\\/spothogg-compound-visier-boonie-picatinny-mount-1-pin-roti\\\/#primaryimage\"},\"image\":{\"@id\":\"https:\\\/\\\/bogensportdiscount.ch\\\/produkt\\\/spothogg-compound-visier-boonie-picatinny-mount-1-pin-roti\\\/#primaryimage\"},\"thumbnailUrl\":\"https:\\\/\\\/bogensportdiscount.ch\\\/wp-content\\\/uploads\\\/2026\\\/04\\\/bogensportdiscount.ch-pfeile-boegen-zubehoer-fuer-anfaenger-und-profis-zum-besten-preis-Symbolbild-kein-foto-zu-diesem-artikel_01.jpg\",\"datePublished\":\"2026-04-05T13:51:12+00:00\",\"dateModified\":\"2026-04-23T13:30:08+00:00\",\"description\":\"SPOTHOGG Compound-Visier Boonie Picatinny Mount 1-Pin Roti g\u00fcnstig kaufen bei Bogensportdiscount \u2013 Top-Marken, schneller Versand aus der Schweiz.\",\"breadcrumb\":{\"@id\":\"https:\\\/\\\/bogensportdiscount.ch\\\/produkt\\\/spothogg-compound-visier-boonie-picatinny-mount-1-pin-roti\\\/#breadcrumb\"},\"inLanguage\":\"it-IT\",\"potentialAction\":[{\"@type\":\"ReadAction\",\"target\":[\"https:\\\/\\\/bogensportdiscount.ch\\\/produkt\\\/spothogg-compound-visier-boonie-picatinny-mount-1-pin-roti\\\/\"]}]},{\"@type\":\"ImageObject\",\"inLanguage\":\"it-IT\",\"@id\":\"https:\\\/\\\/bogensportdiscount.ch\\\/produkt\\\/spothogg-compound-visier-boonie-picatinny-mount-1-pin-roti\\\/#primaryimage\",\"url\":\"https:\\\/\\\/bogensportdiscount.ch\\\/wp-content\\\/uploads\\\/2026\\\/04\\\/bogensportdiscount.ch-pfeile-boegen-zubehoer-fuer-anfaenger-und-profis-zum-besten-preis-Symbolbild-kein-foto-zu-diesem-artikel_01.jpg\",\"contentUrl\":\"https:\\\/\\\/bogensportdiscount.ch\\\/wp-content\\\/uploads\\\/2026\\\/04\\\/bogensportdiscount.ch-pfeile-boegen-zubehoer-fuer-anfaenger-und-profis-zum-besten-preis-Symbolbild-kein-foto-zu-diesem-artikel_01.jpg\",\"width\":1080,\"height\":1080},{\"@type\":\"BreadcrumbList\",\"@id\":\"https:\\\/\\\/bogensportdiscount.ch\\\/produkt\\\/spothogg-compound-visier-boonie-picatinny-mount-1-pin-roti\\\/#breadcrumb\",\"itemListElement\":[{\"@type\":\"ListItem\",\"position\":1,\"name\":\"Home\",\"item\":\"https:\\\/\\\/bogensportdiscount.ch\\\/\"},{\"@type\":\"ListItem\",\"position\":2,\"name\":\"Shop\",\"item\":\"https:\\\/\\\/bogensportdiscount.ch\\\/shop\\\/\"},{\"@type\":\"ListItem\",\"position\":3,\"name\":\"SPOTHOGG Compound-Visier Boonie Picatinny Mount 1-Pin Roti\"}]},{\"@type\":\"WebSite\",\"@id\":\"https:\\\/\\\/bogensportdiscount.ch\\\/#website\",\"url\":\"https:\\\/\\\/bogensportdiscount.ch\\\/\",\"name\":\"Bogensportdiscount\",\"description\":\"\",\"potentialAction\":[{\"@type\":\"SearchAction\",\"target\":{\"@type\":\"EntryPoint\",\"urlTemplate\":\"https:\\\/\\\/bogensportdiscount.ch\\\/?s={search_term_string}\"},\"query-input\":{\"@type\":\"PropertyValueSpecification\",\"valueRequired\":true,\"valueName\":\"search_term_string\"}}],\"inLanguage\":\"it-IT\"}]}<\/script>\n<!-- \/ Yoast SEO plugin. -->","yoast_head_json":{"title":"Mirino compound SPOTHOGG Boonie con attacco Picatinny e 1 mirino Roti - Bogensportdiscount \u2013 Archi, frecce, bersagli e accessori","description":"Acquista a un prezzo vantaggioso il mirino compound SPOTHOGG Boonie con attacco Picatinny e 1 pin Roti su Bogensportdiscount \u2013 Le migliori marche, spedizione veloce dalla Svizzera.","robots":{"index":"index","follow":"follow","max-snippet":"max-snippet:-1","max-image-preview":"max-image-preview:large","max-video-preview":"max-video-preview:-1"},"canonical":"https:\/\/bogensportdiscount.ch\/it\/prodotto\/spothogg-compound-visier-boonie-picatinny-mount-1-pin-roti\/","og_locale":"it_IT","og_type":"article","og_title":"Mirino compound SPOTHOGG Boonie con attacco Picatinny e 1 mirino Roti - Bogensportdiscount \u2013 Archi, frecce, bersagli e accessori","og_description":"Acquista a un prezzo vantaggioso il mirino compound SPOTHOGG Boonie con attacco Picatinny e 1 pin Roti su Bogensportdiscount \u2013 Le migliori marche, spedizione veloce dalla Svizzera.","og_url":"https:\/\/bogensportdiscount.ch\/it\/prodotto\/spothogg-compound-visier-boonie-picatinny-mount-1-pin-roti\/","og_site_name":"Bogensportdiscount \u2013 B\u00f6gen, Pfeile, Targets &amp; Zubeh\u00f6r","article_modified_time":"2026-04-23T13:30:08+00:00","og_image":[{"width":1080,"height":1080,"url":"https:\/\/bogensportdiscount.ch\/wp-content\/uploads\/2026\/04\/bogensportdiscount.ch-pfeile-boegen-zubehoer-fuer-anfaenger-und-profis-zum-besten-preis-Symbolbild-kein-foto-zu-diesem-artikel_01.jpg","type":"image\/jpeg"}],"twitter_card":"summary_large_image","schema":{"@context":"https:\/\/schema.org","@graph":[{"@type":"WebPage","@id":"https:\/\/bogensportdiscount.ch\/produkt\/spothogg-compound-visier-boonie-picatinny-mount-1-pin-roti\/","url":"https:\/\/bogensportdiscount.ch\/produkt\/spothogg-compound-visier-boonie-picatinny-mount-1-pin-roti\/","name":"Mirino compound SPOTHOGG Boonie con attacco Picatinny e 1 mirino Roti - Bogensportdiscount \u2013 Archi, frecce, bersagli e accessori","isPartOf":{"@id":"https:\/\/bogensportdiscount.ch\/#website"},"primaryImageOfPage":{"@id":"https:\/\/bogensportdiscount.ch\/produkt\/spothogg-compound-visier-boonie-picatinny-mount-1-pin-roti\/#primaryimage"},"image":{"@id":"https:\/\/bogensportdiscount.ch\/produkt\/spothogg-compound-visier-boonie-picatinny-mount-1-pin-roti\/#primaryimage"},"thumbnailUrl":"https:\/\/bogensportdiscount.ch\/wp-content\/uploads\/2026\/04\/bogensportdiscount.ch-pfeile-boegen-zubehoer-fuer-anfaenger-und-profis-zum-besten-preis-Symbolbild-kein-foto-zu-diesem-artikel_01.jpg","datePublished":"2026-04-05T13:51:12+00:00","dateModified":"2026-04-23T13:30:08+00:00","description":"Acquista a un prezzo vantaggioso il mirino compound SPOTHOGG Boonie con attacco Picatinny e 1 pin Roti su Bogensportdiscount \u2013 Le migliori marche, spedizione veloce dalla Svizzera.","breadcrumb":{"@id":"https:\/\/bogensportdiscount.ch\/produkt\/spothogg-compound-visier-boonie-picatinny-mount-1-pin-roti\/#breadcrumb"},"inLanguage":"it-IT","potentialAction":[{"@type":"ReadAction","target":["https:\/\/bogensportdiscount.ch\/produkt\/spothogg-compound-visier-boonie-picatinny-mount-1-pin-roti\/"]}]},{"@type":"ImageObject","inLanguage":"it-IT","@id":"https:\/\/bogensportdiscount.ch\/produkt\/spothogg-compound-visier-boonie-picatinny-mount-1-pin-roti\/#primaryimage","url":"https:\/\/bogensportdiscount.ch\/wp-content\/uploads\/2026\/04\/bogensportdiscount.ch-pfeile-boegen-zubehoer-fuer-anfaenger-und-profis-zum-besten-preis-Symbolbild-kein-foto-zu-diesem-artikel_01.jpg","contentUrl":"https:\/\/bogensportdiscount.ch\/wp-content\/uploads\/2026\/04\/bogensportdiscount.ch-pfeile-boegen-zubehoer-fuer-anfaenger-und-profis-zum-besten-preis-Symbolbild-kein-foto-zu-diesem-artikel_01.jpg","width":1080,"height":1080},{"@type":"BreadcrumbList","@id":"https:\/\/bogensportdiscount.ch\/produkt\/spothogg-compound-visier-boonie-picatinny-mount-1-pin-roti\/#breadcrumb","itemListElement":[{"@type":"ListItem","position":1,"name":"Home","item":"https:\/\/bogensportdiscount.ch\/"},{"@type":"ListItem","position":2,"name":"Shop","item":"https:\/\/bogensportdiscount.ch\/shop\/"},{"@type":"ListItem","position":3,"name":"SPOTHOGG Compound-Visier Boonie Picatinny Mount 1-Pin Roti"}]},{"@type":"WebSite","@id":"https:\/\/bogensportdiscount.ch\/#website","url":"https:\/\/bogensportdiscount.ch\/","name":"Bogensportdiscount","description":"","potentialAction":[{"@type":"SearchAction","target":{"@type":"EntryPoint","urlTemplate":"https:\/\/bogensportdiscount.ch\/?s={search_term_string}"},"query-input":{"@type":"PropertyValueSpecification","valueRequired":true,"valueName":"search_term_string"}}],"inLanguage":"it-IT"}]}},"_links":{"self":[{"href":"https:\/\/bogensportdiscount.ch\/it\/wp-json\/wp\/v2\/product\/433658","targetHints":{"allow":["GET"]}}],"collection":[{"href":"https:\/\/bogensportdiscount.ch\/it\/wp-json\/wp\/v2\/product"}],"about":[{"href":"https:\/\/bogensportdiscount.ch\/it\/wp-json\/wp\/v2\/types\/product"}],"replies":[{"embeddable":true,"href":"https:\/\/bogensportdiscount.ch\/it\/wp-json\/wp\/v2\/comments?post=433658"}],"wp:featuredmedia":[{"embeddable":true,"href":"https:\/\/bogensportdiscount.ch\/it\/wp-json\/wp\/v2\/media\/453631"}],"wp:attachment":[{"href":"https:\/\/bogensportdiscount.ch\/it\/wp-json\/wp\/v2\/media?parent=433658"}],"wp:term":[{"taxonomy":"product_brand","embeddable":true,"href":"https:\/\/bogensportdiscount.ch\/it\/wp-json\/wp\/v2\/product_brand?post=433658"},{"taxonomy":"product_cat","embeddable":true,"href":"https:\/\/bogensportdiscount.ch\/it\/wp-json\/wp\/v2\/product_cat?post=433658"},{"taxonomy":"product_tag","embeddable":true,"href":"https:\/\/bogensportdiscount.ch\/it\/wp-json\/wp\/v2\/product_tag?post=433658"}],"curies":[{"name":"wp","href":"https:\/\/api.w.org\/{rel}","templated":true}]}}