{"id":433575,"date":"2026-04-05T15:50:56","date_gmt":"2026-04-05T13:50:56","guid":{"rendered":"https:\/\/bogensportdiscount.ch\/produkt\/wraps-5-5-x-large-dia-10-32mm-26-64-prism-aqua-violet-13-pk\/"},"modified":"2026-04-17T12:29:11","modified_gmt":"2026-04-17T10:29:11","slug":"bohning-wraps-5-5-x-large-dia-10-32mm-26-64-prism","status":"publish","type":"product","link":"https:\/\/bogensportdiscount.ch\/it\/prodotto\/bohning-wraps-5-5-x-large-dia-10-32mm-26-64-prism\/","title":{"rendered":"BOHNING 5.5\u2033 26\/64\u2033 PRISMA AVVOLGI FRECCIA"},"content":{"rendered":"<p>Die Bohning Wraps 5.5&#8243; X-Large bieten eine hochwertige Wicklung f\u00fcr Pfeile mit gr\u00f6sserem Durchmesser. Mit einem Durchmesser von 10.32mm (26\/64&#8243;) sind diese Wraps ideal f\u00fcr stabilere Pfeilsch\u00e4fte konzipiert.<\/p>\n<p>Die Prism-Ausf\u00fchrung bietet eine optimale Oberfl\u00e4chenbeschaffenheit f\u00fcr zuverl\u00e4ssige Fletching-Anwendungen. Bohning Wraps sind ein bew\u00e4hrtes Standardprodukt im Bogensport und erm\u00f6glichen einfache, pr\u00e4zise Pfeilkonstruktion.<\/p>","protected":false},"excerpt":{"rendered":"<table>\n<tr>\n<th>Propriet\u00e0<\/th>\n<th>Valore<\/th>\n<\/tr>\n<tr>\n<td>Marchio<\/td>\n<td>Bohning<\/td>\n<\/tr>\n<tr>\n<td>Lunghezza<\/td>\n<td>5.5&#8243;<\/td>\n<\/tr>\n<tr>\n<td>Dimensione<\/td>\n<td>X-Large<\/td>\n<\/tr>\n<tr>\n<td>Durchmesser<\/td>\n<td>10.32mm (26\/64&#8243;)<\/td>\n<\/tr>\n<tr>\n<td>Ausf\u00fchrung<\/td>\n<td>Prism<\/td>\n<\/tr>\n<\/table>","protected":false},"featured_media":453631,"comment_status":"open","ping_status":"closed","template":"","meta":[],"product_brand":[444],"product_cat":[4268],"product_tag":[],"class_list":{"0":"post-433575","1":"product","2":"type-product","3":"status-publish","4":"has-post-thumbnail","6":"product_brand-bohning","7":"product_cat-wraps-vanes-nocks-wraps","9":"first","10":"onbackorder","11":"shipping-taxable","12":"purchasable","13":"product-type-variable"},"_links":{"self":[{"href":"https:\/\/bogensportdiscount.ch\/it\/wp-json\/wp\/v2\/product\/433575","targetHints":{"allow":["GET"]}}],"collection":[{"href":"https:\/\/bogensportdiscount.ch\/it\/wp-json\/wp\/v2\/product"}],"about":[{"href":"https:\/\/bogensportdiscount.ch\/it\/wp-json\/wp\/v2\/types\/product"}],"replies":[{"embeddable":true,"href":"https:\/\/bogensportdiscount.ch\/it\/wp-json\/wp\/v2\/comments?post=433575"}],"wp:featuredmedia":[{"embeddable":true,"href":"https:\/\/bogensportdiscount.ch\/it\/wp-json\/wp\/v2\/media\/453631"}],"wp:attachment":[{"href":"https:\/\/bogensportdiscount.ch\/it\/wp-json\/wp\/v2\/media?parent=433575"}],"wp:term":[{"taxonomy":"product_brand","embeddable":true,"href":"https:\/\/bogensportdiscount.ch\/it\/wp-json\/wp\/v2\/product_brand?post=433575"},{"taxonomy":"product_cat","embeddable":true,"href":"https:\/\/bogensportdiscount.ch\/it\/wp-json\/wp\/v2\/product_cat?post=433575"},{"taxonomy":"product_tag","embeddable":true,"href":"https:\/\/bogensportdiscount.ch\/it\/wp-json\/wp\/v2\/product_tag?post=433575"}],"curies":[{"name":"wp","href":"https:\/\/api.w.org\/{rel}","templated":true}]}}