{"id":433555,"date":"2026-04-05T15:50:52","date_gmt":"2026-04-05T13:50:52","guid":{"rendered":"https:\/\/bogensportdiscount.ch\/produkt\/wraps-5-5-x-small-dia-5-56mm-14-64-prism-aqua-violet-13-pk\/"},"modified":"2026-04-17T12:29:03","modified_gmt":"2026-04-17T10:29:03","slug":"bohning-wraps-5-5-zoll-x-small-dia-5-56mm-prism","status":"publish","type":"product","link":"https:\/\/bogensportdiscount.ch\/it\/prodotto\/bohning-wraps-5-5-zoll-x-small-dia-5-56mm-prism\/","title":{"rendered":"BOHNING 5.5\u2033 14\/64\u2033 PRISMA A FRECCIA AVVOLGENTE"},"content":{"rendered":"<p>Die Bohning Wraps 5.5&#8243; X-Small sind selbstklebende Unterlagen f\u00fcr die Befiederung von Pfeilen. Sie sind speziell f\u00fcr Sch\u00e4fte mit einem Aussendurchmesser von 5.56 mm (14\/64&#8243;) konzipiert und bieten eine saubere, gleichm\u00e4ssige Klebefl\u00e4che f\u00fcr Fletchings.<\/p>\n<p>Wraps erf\u00fcllen zwei Funktionen: Sie verbessern die Haftung der Befiederung auf dem Schaft und erm\u00f6glichen es, Fletchings einfach zu wechseln, ohne den Schaft zu besch\u00e4digen. Das Prism-Muster sorgt zus\u00e4tzlich f\u00fcr eine gute optische Erkennbarkeit des Pfeils im Ziel.<\/p>\n<ul>\n<li>Gr\u00f6sse: 5.5&#8243; L\u00e4nge, X-Small Durchmesser (5.56 mm \/ 14\/64&#8243;)<\/li>\n<li>Geeignet f\u00fcr Carbon- und Aluminiumsch\u00e4fte im entsprechenden Durchmesser<\/li>\n<li>Prism-Design f\u00fcr verbesserte Sichtbarkeit<\/li>\n<li>Prodotto negli Stati Uniti<\/li>\n<\/ul>","protected":false},"excerpt":{"rendered":"<p>Bohning Wraps in der Gr\u00f6sse 5.5&#8243; f\u00fcr Sch\u00e4fte mit einem Durchmesser von 5.56 mm (14\/64&#8243;). Die Wraps im Prism-Design dienen als Untergrund f\u00fcr die Befiederung und verbessern die Haftung der Fletchings auf dem Pfeilschaft.<\/p>","protected":false},"featured_media":453631,"comment_status":"open","ping_status":"closed","template":"","meta":[],"product_brand":[444],"product_cat":[4268],"product_tag":[],"class_list":{"0":"post-433555","1":"product","2":"type-product","3":"status-publish","4":"has-post-thumbnail","6":"product_brand-bohning","7":"product_cat-wraps-vanes-nocks-wraps","9":"first","10":"onbackorder","11":"shipping-taxable","12":"purchasable","13":"product-type-variable"},"_links":{"self":[{"href":"https:\/\/bogensportdiscount.ch\/it\/wp-json\/wp\/v2\/product\/433555","targetHints":{"allow":["GET"]}}],"collection":[{"href":"https:\/\/bogensportdiscount.ch\/it\/wp-json\/wp\/v2\/product"}],"about":[{"href":"https:\/\/bogensportdiscount.ch\/it\/wp-json\/wp\/v2\/types\/product"}],"replies":[{"embeddable":true,"href":"https:\/\/bogensportdiscount.ch\/it\/wp-json\/wp\/v2\/comments?post=433555"}],"wp:featuredmedia":[{"embeddable":true,"href":"https:\/\/bogensportdiscount.ch\/it\/wp-json\/wp\/v2\/media\/453631"}],"wp:attachment":[{"href":"https:\/\/bogensportdiscount.ch\/it\/wp-json\/wp\/v2\/media?parent=433555"}],"wp:term":[{"taxonomy":"product_brand","embeddable":true,"href":"https:\/\/bogensportdiscount.ch\/it\/wp-json\/wp\/v2\/product_brand?post=433555"},{"taxonomy":"product_cat","embeddable":true,"href":"https:\/\/bogensportdiscount.ch\/it\/wp-json\/wp\/v2\/product_cat?post=433555"},{"taxonomy":"product_tag","embeddable":true,"href":"https:\/\/bogensportdiscount.ch\/it\/wp-json\/wp\/v2\/product_tag?post=433555"}],"curies":[{"name":"wp","href":"https:\/\/api.w.org\/{rel}","templated":true}]}}