{"id":433505,"date":"2026-04-05T15:50:44","date_gmt":"2026-04-05T13:50:44","guid":{"rendered":"https:\/\/bogensportdiscount.ch\/produkt\/wraps-4-x-small-dia-5-56mm-14-64-prism-aqua-violet-13-pk\/"},"modified":"2026-04-17T12:28:39","modified_gmt":"2026-04-17T10:28:39","slug":"bohning-wraps-4-zoll-x-small-dia-556mm-prism","status":"publish","type":"product","link":"https:\/\/bogensportdiscount.ch\/it\/prodotto\/bohning-wraps-4-zoll-x-small-dia-556mm-prism\/","title":{"rendered":"BOHNING 4\u2033 14\/64\u2033 PRISMA A FRECCIA AVVOLGENTE"},"content":{"rendered":"<p>Die BOHNING Wraps 4&#8243; X-Small sind speziell f\u00fcr Pfeilsch\u00e4fte mit einem Durchmesser von 5.56 mm (14\/64&#8243;) ausgelegt. Als farbiger Klebestreifen bieten sie eine glatte, gleichm\u00e4ssige Oberfl\u00e4che f\u00fcr die Befestigung von Befiederungen und verbessern gleichzeitig die Optik des Pfeils.<\/p>\n<p>Das Prism-Design sorgt f\u00fcr eine auff\u00e4llige farbliche Gestaltung des Pfeilschafts. Die 4-Zoll-L\u00e4nge der Wraps ist auf g\u00e4ngige Befiederungsl\u00e4ngen abgestimmt und erm\u00f6glicht eine pr\u00e4zise Positionierung der Vanes.<\/p>\n<ul>\n<li>Gr\u00f6sse X-Small: \u00d8 5.56 mm \/ 14\/64&#8243; f\u00fcr feine Pfeilsch\u00e4fte<\/li>\n<li>L\u00e4nge: 4 Zoll<\/li>\n<li>Prism-Design f\u00fcr dekorative Gestaltung<\/li>\n<li>Prodotto negli Stati Uniti<\/li>\n<\/ul>","protected":false},"excerpt":{"rendered":"<p>Die BOHNING Wraps in der Gr\u00f6sse X-Small (Durchmesser 5.56 mm \/ 14\/64&#8243;) sind Pfeil-Wraps im Prism-Design f\u00fcr Sch\u00e4fte mit kleinem Durchmesser. Sie dienen als Untergrund f\u00fcr die Befiederung und erm\u00f6glichen eine saubere Befestigung der Federn am Schaft.<\/p>","protected":false},"featured_media":453631,"comment_status":"open","ping_status":"closed","template":"","meta":[],"product_brand":[444],"product_cat":[4268],"product_tag":[],"class_list":{"0":"post-433505","1":"product","2":"type-product","3":"status-publish","4":"has-post-thumbnail","6":"product_brand-bohning","7":"product_cat-wraps-vanes-nocks-wraps","9":"first","10":"onbackorder","11":"shipping-taxable","12":"purchasable","13":"product-type-variable"},"_links":{"self":[{"href":"https:\/\/bogensportdiscount.ch\/it\/wp-json\/wp\/v2\/product\/433505","targetHints":{"allow":["GET"]}}],"collection":[{"href":"https:\/\/bogensportdiscount.ch\/it\/wp-json\/wp\/v2\/product"}],"about":[{"href":"https:\/\/bogensportdiscount.ch\/it\/wp-json\/wp\/v2\/types\/product"}],"replies":[{"embeddable":true,"href":"https:\/\/bogensportdiscount.ch\/it\/wp-json\/wp\/v2\/comments?post=433505"}],"wp:featuredmedia":[{"embeddable":true,"href":"https:\/\/bogensportdiscount.ch\/it\/wp-json\/wp\/v2\/media\/453631"}],"wp:attachment":[{"href":"https:\/\/bogensportdiscount.ch\/it\/wp-json\/wp\/v2\/media?parent=433505"}],"wp:term":[{"taxonomy":"product_brand","embeddable":true,"href":"https:\/\/bogensportdiscount.ch\/it\/wp-json\/wp\/v2\/product_brand?post=433505"},{"taxonomy":"product_cat","embeddable":true,"href":"https:\/\/bogensportdiscount.ch\/it\/wp-json\/wp\/v2\/product_cat?post=433505"},{"taxonomy":"product_tag","embeddable":true,"href":"https:\/\/bogensportdiscount.ch\/it\/wp-json\/wp\/v2\/product_tag?post=433505"}],"curies":[{"name":"wp","href":"https:\/\/api.w.org\/{rel}","templated":true}]}}