{"id":433495,"date":"2026-04-05T15:50:42","date_gmt":"2026-04-05T13:50:42","guid":{"rendered":"https:\/\/bogensportdiscount.ch\/produkt\/wraps-4-small-dia-6-75mm-17-64-prism-aqua-violet-13-pk\/"},"modified":"2026-04-17T12:28:35","modified_gmt":"2026-04-17T10:28:35","slug":"bohning-wraps-4-zoll-small-dia-6-75mm-17-64","status":"publish","type":"product","link":"https:\/\/bogensportdiscount.ch\/it\/prodotto\/bohning-wraps-4-zoll-small-dia-6-75mm-17-64\/","title":{"rendered":"BOHNING 4\u2033 17\/64\u2033 PRISMA A FRECCIA AVVOLGENTE"},"content":{"rendered":"<p>Die Bohning Wraps 4&#8243; Small Dia sind selbstklebende Folienstreifen, die vor dem Befedern auf den hinteren Schaftbereich aufgebracht werden. Sie eignen sich f\u00fcr Pfeile mit einem Schaftdurchmesser von 6.75mm (17\/64&#8243;) und sind 4 Zoll lang.<\/p>\n<p>Wraps erf\u00fcllen zwei Funktionen: Sie bieten eine saubere, einheitliche Klebefl\u00e4che f\u00fcr die Vanes und erm\u00f6glichen es, die Befiederung inklusive Wrap als Einheit vom Schaft zu entfernen und neu zu befedern, ohne den Schaft zu besch\u00e4digen.<\/p>\n<ul>\n<li>Passt f\u00fcr Sch\u00e4fte mit kleinem Durchmesser (6.75mm \/ 17\/64&#8243;)<\/li>\n<li>L\u00e4nge: 4 Zoll<\/li>\n<li>Verbessert die Haftung der Vanes auf dem Schaft<\/li>\n<li>Prodotto negli Stati Uniti<\/li>\n<\/ul>","protected":false},"excerpt":{"rendered":"<p>Bohning Wraps in der Gr\u00f6sse 4&#8243; f\u00fcr Pfeile mit kleinem Durchmesser (6.75mm \/ 17\/64&#8243;). Diese selbstklebenden Pfeilfolien dienen als Untergrund f\u00fcr die Befiederung und verbessern die Haftung der Vanes auf dem Schaft.<\/p>","protected":false},"featured_media":453631,"comment_status":"open","ping_status":"closed","template":"","meta":[],"product_brand":[444],"product_cat":[4268],"product_tag":[],"class_list":{"0":"post-433495","1":"product","2":"type-product","3":"status-publish","4":"has-post-thumbnail","6":"product_brand-bohning","7":"product_cat-wraps-vanes-nocks-wraps","9":"first","10":"onbackorder","11":"shipping-taxable","12":"purchasable","13":"product-type-variable"},"_links":{"self":[{"href":"https:\/\/bogensportdiscount.ch\/it\/wp-json\/wp\/v2\/product\/433495","targetHints":{"allow":["GET"]}}],"collection":[{"href":"https:\/\/bogensportdiscount.ch\/it\/wp-json\/wp\/v2\/product"}],"about":[{"href":"https:\/\/bogensportdiscount.ch\/it\/wp-json\/wp\/v2\/types\/product"}],"replies":[{"embeddable":true,"href":"https:\/\/bogensportdiscount.ch\/it\/wp-json\/wp\/v2\/comments?post=433495"}],"wp:featuredmedia":[{"embeddable":true,"href":"https:\/\/bogensportdiscount.ch\/it\/wp-json\/wp\/v2\/media\/453631"}],"wp:attachment":[{"href":"https:\/\/bogensportdiscount.ch\/it\/wp-json\/wp\/v2\/media?parent=433495"}],"wp:term":[{"taxonomy":"product_brand","embeddable":true,"href":"https:\/\/bogensportdiscount.ch\/it\/wp-json\/wp\/v2\/product_brand?post=433495"},{"taxonomy":"product_cat","embeddable":true,"href":"https:\/\/bogensportdiscount.ch\/it\/wp-json\/wp\/v2\/product_cat?post=433495"},{"taxonomy":"product_tag","embeddable":true,"href":"https:\/\/bogensportdiscount.ch\/it\/wp-json\/wp\/v2\/product_tag?post=433495"}],"curies":[{"name":"wp","href":"https:\/\/api.w.org\/{rel}","templated":true}]}}