{"id":433323,"date":"2026-04-05T15:50:20","date_gmt":"2026-04-05T13:50:20","guid":{"rendered":"https:\/\/bogensportdiscount.ch\/produkt\/compound-drop-away-rests-rak-limb-driven-ims-rh-black\/"},"modified":"2026-04-17T13:50:30","modified_gmt":"2026-04-17T11:50:30","slug":"ripcord-compound-fallaway-auflage-rak-limb-driven-ims","status":"publish","type":"product","link":"https:\/\/bogensportdiscount.ch\/it\/prodotto\/ripcord-compound-fallaway-auflage-rak-limb-driven-ims\/","title":{"rendered":"RIPCORD COMPOUND DROP AWAY RESTS RAK LIMB DRIVEN IMS"},"content":{"rendered":"<p>Die Ripcord RAK Limb Driven IMS ist eine Fallaway-Pfeilauflage f\u00fcr Compound-B\u00f6gen. Der Antrieb erfolgt \u00fcber den unteren Wurfarm (Limb Driven), wodurch die Auflage beim Auszug automatisch angehoben und beim Schuss vollst\u00e4ndig abgefallen wird \u2014 der Pfeil hat also freie Bahn ohne Kontakt zur Auflage.<\/p>\n<p>Die IMS-Variante ist f\u00fcr den Einsatz mit Integrated Mounting Systems ausgelegt. Die Auflage ist sowohl f\u00fcr Rechtshand- als auch Linkshandsch\u00fctzen erh\u00e4ltlich.<\/p>\n<ul>\n<li>Limb Driven: Antrieb \u00fcber den Wurfarm f\u00fcr pr\u00e4zises Timing<\/li>\n<li>Vollst\u00e4ndiger Fallaway \u2014 kein Pfeilkontakt beim Schuss<\/li>\n<li>Geeignet f\u00fcr Links- und Rechtshandsch\u00fctzen<\/li>\n<li>Prodotto negli Stati Uniti<\/li>\n<\/ul>","protected":false},"excerpt":{"rendered":"<p>Die Ripcord RAK Limb Driven IMS ist eine Compound Fallaway-Auflage f\u00fcr Links- und Rechtshandsch\u00fctzen. Sie wird \u00fcber den unteren Wurfarm angetrieben und sorgt f\u00fcr einen zuverl\u00e4ssigen, vollst\u00e4ndigen Abfall der Auflage beim Schuss. Gefertigt in den USA.<\/p>","protected":false},"featured_media":453631,"comment_status":"open","ping_status":"closed","template":"","meta":[],"product_brand":[536],"product_cat":[4233],"product_tag":[],"class_list":{"0":"post-433323","1":"product","2":"type-product","3":"status-publish","4":"has-post-thumbnail","6":"product_brand-ripcord","7":"product_cat-compound-drop-away-pfeilauflage","9":"first","10":"onbackorder","11":"shipping-taxable","12":"purchasable","13":"product-type-variable"},"_links":{"self":[{"href":"https:\/\/bogensportdiscount.ch\/it\/wp-json\/wp\/v2\/product\/433323","targetHints":{"allow":["GET"]}}],"collection":[{"href":"https:\/\/bogensportdiscount.ch\/it\/wp-json\/wp\/v2\/product"}],"about":[{"href":"https:\/\/bogensportdiscount.ch\/it\/wp-json\/wp\/v2\/types\/product"}],"replies":[{"embeddable":true,"href":"https:\/\/bogensportdiscount.ch\/it\/wp-json\/wp\/v2\/comments?post=433323"}],"wp:featuredmedia":[{"embeddable":true,"href":"https:\/\/bogensportdiscount.ch\/it\/wp-json\/wp\/v2\/media\/453631"}],"wp:attachment":[{"href":"https:\/\/bogensportdiscount.ch\/it\/wp-json\/wp\/v2\/media?parent=433323"}],"wp:term":[{"taxonomy":"product_brand","embeddable":true,"href":"https:\/\/bogensportdiscount.ch\/it\/wp-json\/wp\/v2\/product_brand?post=433323"},{"taxonomy":"product_cat","embeddable":true,"href":"https:\/\/bogensportdiscount.ch\/it\/wp-json\/wp\/v2\/product_cat?post=433323"},{"taxonomy":"product_tag","embeddable":true,"href":"https:\/\/bogensportdiscount.ch\/it\/wp-json\/wp\/v2\/product_tag?post=433323"}],"curies":[{"name":"wp","href":"https:\/\/api.w.org\/{rel}","templated":true}]}}