{"id":432971,"date":"2026-04-05T15:49:32","date_gmt":"2026-04-05T13:49:32","guid":{"rendered":"https:\/\/bogensportdiscount.ch\/produkt\/serving-material-014-cs-14-braided-uhmwpe-black\/"},"modified":"2026-05-14T15:28:03","modified_gmt":"2026-05-14T13:28:03","slug":"flexarchery-mittenwicklungsmaterial-cs-14-braided-014","status":"publish","type":"product","link":"https:\/\/bogensportdiscount.ch\/it\/prodotto\/flexarchery-mittenwicklungsmaterial-cs-14-braided-014\/","title":{"rendered":"FLEXARCHERY MATERIALE DI AVVOLGIMENTO .014 CS-14 INTRECCIATO UHNWPE"},"content":{"rendered":"<p>Materiale per avvolgimento centrale intrecciato di FLEXARCHERY con spessore .014 (CS-14). Disponibile in vari colori per una personalizzazione individuale della corda. Adatto per la costruzione professionale di corde.<\/p>\n<p>Il FLEXARCHERY CS-14 Braided \u00e8 un materiale per avvolgimento centrale intrecciato con uno spessore di .014 pollici. Viene utilizzato per avvolgere la parte centrale della corda dell'arco, proteggendo cos\u00ec la zona di appoggio della freccia e stabilizzando il punto cocca.<\/p>\n<ul>\n<li>Costruzione intrecciata per un avvolgimento uniforme<\/li>\n<li>Il materiale \u00e8 disponibile in numerosi colori \u2013 tra cui nero, blu, marrone, grigio, verde, arancione, rosa, rosso e giallo \u2013 consentendo una personalizzazione individuale della corda. Prodotto in Spagna da FLEXARCHERY, un produttore specializzato in materiali di consumo per il tiro con l'arco.<\/li>\n<li>Disponibile in 9 colori<\/li>\n<li>Adatto per archi ricurvi e compound<\/li>\n<\/ul>","protected":false},"excerpt":{"rendered":"<table>\n<tr>\n<th>Propriet\u00e0<\/th>\n<th>Valore<\/th>\n<\/tr>\n<tr>\n<td>Marca<\/td>\n<td>Flex-Archery<\/td>\n<\/tr>\n<tr>\n<td>Paese di origine<\/td>\n<td>Spagna<\/td>\n<\/tr>\n<\/table>","protected":false},"featured_media":453586,"comment_status":"open","ping_status":"closed","template":"","meta":[],"product_brand":[447],"product_cat":[4167],"product_tag":[],"class_list":{"0":"post-432971","1":"product","2":"type-product","3":"status-publish","4":"has-post-thumbnail","6":"product_brand-flexarchery","7":"product_cat-sehnen-wickelmaterial","8":"product_shipping_class-bsd-standard","10":"first","11":"instock","12":"shipping-taxable","13":"purchasable","14":"product-type-variable"},"yoast_head":"<!-- This site is optimized with the Yoast SEO plugin v27.6 - https:\/\/yoast.com\/product\/yoast-seo-wordpress\/ -->\n<title>FLEXARCHERY WICKELMATERIAL .014 CS-14 GEFLOCHTEN UHNWPE - Bogensportdiscount \u2013 B\u00f6gen, Pfeile, Targets &amp; Zubeh\u00f6r<\/title>\n<meta name=\"description\" content=\"FLEXARCHERY WICKELMATERIAL .014 CS-14 GEFLOCHTEN UHNWPE g\u00fcnstig kaufen bei Bogensportdiscount \u2013 Top-Marken, schneller Versand aus der Schweiz.\" \/>\n<meta name=\"robots\" content=\"index, follow, max-snippet:-1, max-image-preview:large, max-video-preview:-1\" \/>\n<link rel=\"canonical\" href=\"https:\/\/bogensportdiscount.ch\/it\/prodotto\/flexarchery-mittenwicklungsmaterial-cs-14-braided-014\/\" \/>\n<meta property=\"og:locale\" content=\"it_IT\" \/>\n<meta property=\"og:type\" content=\"article\" \/>\n<meta property=\"og:title\" content=\"FLEXARCHERY WICKELMATERIAL .014 CS-14 GEFLOCHTEN UHNWPE - Bogensportdiscount \u2013 B\u00f6gen, Pfeile, Targets &amp; Zubeh\u00f6r\" \/>\n<meta property=\"og:description\" content=\"FLEXARCHERY WICKELMATERIAL .014 CS-14 GEFLOCHTEN UHNWPE g\u00fcnstig kaufen bei Bogensportdiscount \u2013 Top-Marken, schneller Versand aus der Schweiz.\" \/>\n<meta property=\"og:url\" content=\"https:\/\/bogensportdiscount.ch\/it\/prodotto\/flexarchery-mittenwicklungsmaterial-cs-14-braided-014\/\" \/>\n<meta property=\"og:site_name\" content=\"Bogensportdiscount \u2013 B\u00f6gen, Pfeile, Targets &amp; Zubeh\u00f6r\" \/>\n<meta property=\"article:modified_time\" content=\"2026-05-14T13:28:03+00:00\" \/>\n<meta property=\"og:image\" content=\"https:\/\/bogensportdiscount.ch\/wp-content\/uploads\/bsm-images\/a101832_1.png\" \/>\n\t<meta property=\"og:image:width\" content=\"246\" \/>\n\t<meta property=\"og:image:height\" content=\"400\" \/>\n\t<meta property=\"og:image:type\" content=\"image\/png\" \/>\n<meta name=\"twitter:card\" content=\"summary_large_image\" \/>\n<script type=\"application\/ld+json\" class=\"yoast-schema-graph\">{\"@context\":\"https:\\\/\\\/schema.org\",\"@graph\":[{\"@type\":\"WebPage\",\"@id\":\"https:\\\/\\\/bogensportdiscount.ch\\\/produkt\\\/flexarchery-mittenwicklungsmaterial-cs-14-braided-014\\\/\",\"url\":\"https:\\\/\\\/bogensportdiscount.ch\\\/produkt\\\/flexarchery-mittenwicklungsmaterial-cs-14-braided-014\\\/\",\"name\":\"FLEXARCHERY WICKELMATERIAL .014 CS-14 GEFLOCHTEN UHNWPE - Bogensportdiscount \u2013 B\u00f6gen, Pfeile, Targets &amp; Zubeh\u00f6r\",\"isPartOf\":{\"@id\":\"https:\\\/\\\/bogensportdiscount.ch\\\/#website\"},\"primaryImageOfPage\":{\"@id\":\"https:\\\/\\\/bogensportdiscount.ch\\\/produkt\\\/flexarchery-mittenwicklungsmaterial-cs-14-braided-014\\\/#primaryimage\"},\"image\":{\"@id\":\"https:\\\/\\\/bogensportdiscount.ch\\\/produkt\\\/flexarchery-mittenwicklungsmaterial-cs-14-braided-014\\\/#primaryimage\"},\"thumbnailUrl\":\"https:\\\/\\\/bogensportdiscount.ch\\\/wp-content\\\/uploads\\\/bsm-images\\\/a101832_1.png\",\"datePublished\":\"2026-04-05T13:49:32+00:00\",\"dateModified\":\"2026-05-14T13:28:03+00:00\",\"description\":\"FLEXARCHERY WICKELMATERIAL .014 CS-14 GEFLOCHTEN UHNWPE g\u00fcnstig kaufen bei Bogensportdiscount \u2013 Top-Marken, schneller Versand aus der Schweiz.\",\"breadcrumb\":{\"@id\":\"https:\\\/\\\/bogensportdiscount.ch\\\/produkt\\\/flexarchery-mittenwicklungsmaterial-cs-14-braided-014\\\/#breadcrumb\"},\"inLanguage\":\"it-IT\",\"potentialAction\":[{\"@type\":\"ReadAction\",\"target\":[\"https:\\\/\\\/bogensportdiscount.ch\\\/produkt\\\/flexarchery-mittenwicklungsmaterial-cs-14-braided-014\\\/\"]}]},{\"@type\":\"ImageObject\",\"inLanguage\":\"it-IT\",\"@id\":\"https:\\\/\\\/bogensportdiscount.ch\\\/produkt\\\/flexarchery-mittenwicklungsmaterial-cs-14-braided-014\\\/#primaryimage\",\"url\":\"https:\\\/\\\/bogensportdiscount.ch\\\/wp-content\\\/uploads\\\/bsm-images\\\/a101832_1.png\",\"contentUrl\":\"https:\\\/\\\/bogensportdiscount.ch\\\/wp-content\\\/uploads\\\/bsm-images\\\/a101832_1.png\",\"width\":246,\"height\":400},{\"@type\":\"BreadcrumbList\",\"@id\":\"https:\\\/\\\/bogensportdiscount.ch\\\/produkt\\\/flexarchery-mittenwicklungsmaterial-cs-14-braided-014\\\/#breadcrumb\",\"itemListElement\":[{\"@type\":\"ListItem\",\"position\":1,\"name\":\"Home\",\"item\":\"https:\\\/\\\/bogensportdiscount.ch\\\/\"},{\"@type\":\"ListItem\",\"position\":2,\"name\":\"Shop\",\"item\":\"https:\\\/\\\/bogensportdiscount.ch\\\/shop\\\/\"},{\"@type\":\"ListItem\",\"position\":3,\"name\":\"FLEXARCHERY WICKELMATERIAL .014 CS-14 GEFLOCHTEN UHNWPE\"}]},{\"@type\":\"WebSite\",\"@id\":\"https:\\\/\\\/bogensportdiscount.ch\\\/#website\",\"url\":\"https:\\\/\\\/bogensportdiscount.ch\\\/\",\"name\":\"Bogensportdiscount\",\"description\":\"\",\"potentialAction\":[{\"@type\":\"SearchAction\",\"target\":{\"@type\":\"EntryPoint\",\"urlTemplate\":\"https:\\\/\\\/bogensportdiscount.ch\\\/?s={search_term_string}\"},\"query-input\":{\"@type\":\"PropertyValueSpecification\",\"valueRequired\":true,\"valueName\":\"search_term_string\"}}],\"inLanguage\":\"it-IT\"}]}<\/script>\n<!-- \/ Yoast SEO plugin. -->","yoast_head_json":{"title":"FLEXARCHERY WICKELMATERIAL .014 CS-14 GEFLOCHTEN UHNWPE - Bogensportdiscount \u2013 B\u00f6gen, Pfeile, Targets &amp; Zubeh\u00f6r","description":"FLEXARCHERY WICKELMATERIAL .014 CS-14 GEFLOCHTEN UHNWPE g\u00fcnstig kaufen bei Bogensportdiscount \u2013 Top-Marken, schneller Versand aus der Schweiz.","robots":{"index":"index","follow":"follow","max-snippet":"max-snippet:-1","max-image-preview":"max-image-preview:large","max-video-preview":"max-video-preview:-1"},"canonical":"https:\/\/bogensportdiscount.ch\/it\/prodotto\/flexarchery-mittenwicklungsmaterial-cs-14-braided-014\/","og_locale":"it_IT","og_type":"article","og_title":"FLEXARCHERY WICKELMATERIAL .014 CS-14 GEFLOCHTEN UHNWPE - Bogensportdiscount \u2013 B\u00f6gen, Pfeile, Targets &amp; Zubeh\u00f6r","og_description":"FLEXARCHERY WICKELMATERIAL .014 CS-14 GEFLOCHTEN UHNWPE g\u00fcnstig kaufen bei Bogensportdiscount \u2013 Top-Marken, schneller Versand aus der Schweiz.","og_url":"https:\/\/bogensportdiscount.ch\/it\/prodotto\/flexarchery-mittenwicklungsmaterial-cs-14-braided-014\/","og_site_name":"Bogensportdiscount \u2013 B\u00f6gen, Pfeile, Targets &amp; Zubeh\u00f6r","article_modified_time":"2026-05-14T13:28:03+00:00","og_image":[{"width":246,"height":400,"url":"https:\/\/bogensportdiscount.ch\/wp-content\/uploads\/bsm-images\/a101832_1.png","type":"image\/png"}],"twitter_card":"summary_large_image","schema":{"@context":"https:\/\/schema.org","@graph":[{"@type":"WebPage","@id":"https:\/\/bogensportdiscount.ch\/produkt\/flexarchery-mittenwicklungsmaterial-cs-14-braided-014\/","url":"https:\/\/bogensportdiscount.ch\/produkt\/flexarchery-mittenwicklungsmaterial-cs-14-braided-014\/","name":"FLEXARCHERY WICKELMATERIAL .014 CS-14 GEFLOCHTEN UHNWPE - Bogensportdiscount \u2013 B\u00f6gen, Pfeile, Targets &amp; Zubeh\u00f6r","isPartOf":{"@id":"https:\/\/bogensportdiscount.ch\/#website"},"primaryImageOfPage":{"@id":"https:\/\/bogensportdiscount.ch\/produkt\/flexarchery-mittenwicklungsmaterial-cs-14-braided-014\/#primaryimage"},"image":{"@id":"https:\/\/bogensportdiscount.ch\/produkt\/flexarchery-mittenwicklungsmaterial-cs-14-braided-014\/#primaryimage"},"thumbnailUrl":"https:\/\/bogensportdiscount.ch\/wp-content\/uploads\/bsm-images\/a101832_1.png","datePublished":"2026-04-05T13:49:32+00:00","dateModified":"2026-05-14T13:28:03+00:00","description":"FLEXARCHERY WICKELMATERIAL .014 CS-14 GEFLOCHTEN UHNWPE g\u00fcnstig kaufen bei Bogensportdiscount \u2013 Top-Marken, schneller Versand aus der Schweiz.","breadcrumb":{"@id":"https:\/\/bogensportdiscount.ch\/produkt\/flexarchery-mittenwicklungsmaterial-cs-14-braided-014\/#breadcrumb"},"inLanguage":"it-IT","potentialAction":[{"@type":"ReadAction","target":["https:\/\/bogensportdiscount.ch\/produkt\/flexarchery-mittenwicklungsmaterial-cs-14-braided-014\/"]}]},{"@type":"ImageObject","inLanguage":"it-IT","@id":"https:\/\/bogensportdiscount.ch\/produkt\/flexarchery-mittenwicklungsmaterial-cs-14-braided-014\/#primaryimage","url":"https:\/\/bogensportdiscount.ch\/wp-content\/uploads\/bsm-images\/a101832_1.png","contentUrl":"https:\/\/bogensportdiscount.ch\/wp-content\/uploads\/bsm-images\/a101832_1.png","width":246,"height":400},{"@type":"BreadcrumbList","@id":"https:\/\/bogensportdiscount.ch\/produkt\/flexarchery-mittenwicklungsmaterial-cs-14-braided-014\/#breadcrumb","itemListElement":[{"@type":"ListItem","position":1,"name":"Home","item":"https:\/\/bogensportdiscount.ch\/"},{"@type":"ListItem","position":2,"name":"Shop","item":"https:\/\/bogensportdiscount.ch\/shop\/"},{"@type":"ListItem","position":3,"name":"FLEXARCHERY WICKELMATERIAL .014 CS-14 GEFLOCHTEN UHNWPE"}]},{"@type":"WebSite","@id":"https:\/\/bogensportdiscount.ch\/#website","url":"https:\/\/bogensportdiscount.ch\/","name":"Bogensportdiscount","description":"","potentialAction":[{"@type":"SearchAction","target":{"@type":"EntryPoint","urlTemplate":"https:\/\/bogensportdiscount.ch\/?s={search_term_string}"},"query-input":{"@type":"PropertyValueSpecification","valueRequired":true,"valueName":"search_term_string"}}],"inLanguage":"it-IT"}]}},"_links":{"self":[{"href":"https:\/\/bogensportdiscount.ch\/it\/wp-json\/wp\/v2\/product\/432971","targetHints":{"allow":["GET"]}}],"collection":[{"href":"https:\/\/bogensportdiscount.ch\/it\/wp-json\/wp\/v2\/product"}],"about":[{"href":"https:\/\/bogensportdiscount.ch\/it\/wp-json\/wp\/v2\/types\/product"}],"replies":[{"embeddable":true,"href":"https:\/\/bogensportdiscount.ch\/it\/wp-json\/wp\/v2\/comments?post=432971"}],"wp:featuredmedia":[{"embeddable":true,"href":"https:\/\/bogensportdiscount.ch\/it\/wp-json\/wp\/v2\/media\/453586"}],"wp:attachment":[{"href":"https:\/\/bogensportdiscount.ch\/it\/wp-json\/wp\/v2\/media?parent=432971"}],"wp:term":[{"taxonomy":"product_brand","embeddable":true,"href":"https:\/\/bogensportdiscount.ch\/it\/wp-json\/wp\/v2\/product_brand?post=432971"},{"taxonomy":"product_cat","embeddable":true,"href":"https:\/\/bogensportdiscount.ch\/it\/wp-json\/wp\/v2\/product_cat?post=432971"},{"taxonomy":"product_tag","embeddable":true,"href":"https:\/\/bogensportdiscount.ch\/it\/wp-json\/wp\/v2\/product_tag?post=432971"}],"curies":[{"name":"wp","href":"https:\/\/api.w.org\/{rel}","templated":true}]}}