{"id":432956,"date":"2026-04-05T15:49:30","date_gmt":"2026-04-05T13:49:30","guid":{"rendered":"https:\/\/bogensportdiscount.ch\/produkt\/wraps-5-fletch-wrapps-size-5g-12-pk\/"},"modified":"2026-04-17T12:28:26","modified_gmt":"2026-04-17T10:28:26","slug":"spinwing-wraps-5-zoll-fletch-wraps","status":"publish","type":"product","link":"https:\/\/bogensportdiscount.ch\/it\/prodotto\/spinwing-wraps-5-zoll-fletch-wraps\/","title":{"rendered":"ALA DI ROTAZIONE 5\u2033 FLETCH-WRAPPS"},"content":{"rendered":"<p>Die SPINWING Fletch-Wraps in der Gr\u00f6sse 5&#8243; sind selbstklebende Unterlagen, die auf Pfeilsch\u00e4fte aufgebracht werden, bevor die Befiederung befestigt wird. Sie verbessern die Haftfl\u00e4che und sch\u00fctzen den Schaft im Befiederungsbereich.<\/p>\n<p>Wraps eignen sich f\u00fcr verschiedene Schaftmaterialien und erleichtern das saubere Aufkleben von Spinwings oder anderen Befiederungstypen. Sie lassen sich zudem nutzen, um Pfeilmarkierungen oder Identifikationsmuster anzubringen.<\/p>\n<ul>\n<li>Gr\u00f6sse: 5&#8243;<\/li>\n<li>F\u00fcr die Befiederung von Pfeilsch\u00e4ften geeignet<\/li>\n<li>Verbesserte Haftfl\u00e4che f\u00fcr Befiederungen<\/li>\n<li>Herkunft: USA<\/li>\n<\/ul>","protected":false},"excerpt":{"rendered":"<p>SPINWING Fletch-Wraps in der Gr\u00f6sse 5&#8243; f\u00fcr die Befiederung von Pfeilen. Diese Wraps dienen als Untergrund f\u00fcr das Aufkleben von Befiederungen auf Pfeilsch\u00e4ften.<\/p>","protected":false},"featured_media":453631,"comment_status":"open","ping_status":"closed","template":"","meta":[],"product_brand":[845],"product_cat":[4268],"product_tag":[],"class_list":{"0":"post-432956","1":"product","2":"type-product","3":"status-publish","4":"has-post-thumbnail","6":"product_brand-spinwing","7":"product_cat-wraps-vanes-nocks-wraps","9":"first","10":"instock","11":"shipping-taxable","12":"purchasable","13":"product-type-variable"},"_links":{"self":[{"href":"https:\/\/bogensportdiscount.ch\/it\/wp-json\/wp\/v2\/product\/432956","targetHints":{"allow":["GET"]}}],"collection":[{"href":"https:\/\/bogensportdiscount.ch\/it\/wp-json\/wp\/v2\/product"}],"about":[{"href":"https:\/\/bogensportdiscount.ch\/it\/wp-json\/wp\/v2\/types\/product"}],"replies":[{"embeddable":true,"href":"https:\/\/bogensportdiscount.ch\/it\/wp-json\/wp\/v2\/comments?post=432956"}],"wp:featuredmedia":[{"embeddable":true,"href":"https:\/\/bogensportdiscount.ch\/it\/wp-json\/wp\/v2\/media\/453631"}],"wp:attachment":[{"href":"https:\/\/bogensportdiscount.ch\/it\/wp-json\/wp\/v2\/media?parent=432956"}],"wp:term":[{"taxonomy":"product_brand","embeddable":true,"href":"https:\/\/bogensportdiscount.ch\/it\/wp-json\/wp\/v2\/product_brand?post=432956"},{"taxonomy":"product_cat","embeddable":true,"href":"https:\/\/bogensportdiscount.ch\/it\/wp-json\/wp\/v2\/product_cat?post=432956"},{"taxonomy":"product_tag","embeddable":true,"href":"https:\/\/bogensportdiscount.ch\/it\/wp-json\/wp\/v2\/product_tag?post=432956"}],"curies":[{"name":"wp","href":"https:\/\/api.w.org\/{rel}","templated":true}]}}