{"id":432948,"date":"2026-04-05T15:49:29","date_gmt":"2026-04-05T13:49:29","guid":{"rendered":"https:\/\/bogensportdiscount.ch\/produkt\/wraps-3-fletch-wrapps-size-3a-12-pk\/"},"modified":"2026-04-17T12:28:22","modified_gmt":"2026-04-17T10:28:22","slug":"spinwing-fletch-wraps-3-zoll","status":"publish","type":"product","link":"https:\/\/bogensportdiscount.ch\/it\/prodotto\/spinwing-fletch-wraps-3-zoll\/","title":{"rendered":"ALA DI ROTAZIONE 3\u2033 FLETCH-WRAPPS"},"content":{"rendered":"<p>Die SPINWING Fletch-Wraps in der Gr\u00f6sse 3&#8243; sind selbstklebende Unterlagen f\u00fcr die Pfeilebefiederung. Sie werden vor dem Aufkleben der Federn auf den Schaft angebracht und sorgen f\u00fcr eine gleichm\u00e4ssige Haftfl\u00e4che sowie einen sauberen, professionellen Abschluss.<\/p>\n<p>Wraps erleichtern das Wechseln der Befiederung, da bei einer Besch\u00e4digung lediglich der Wrap ausgetauscht werden muss, ohne den Schaft zu besch\u00e4digen. Die SPINWING Wraps eignen sich f\u00fcr g\u00e4ngige Carbon- und Aluminiumsch\u00e4fte.<\/p>\n<ul>\n<li>Gr\u00f6sse: 3&#8243;<\/li>\n<li>F\u00fcr Standard-Befiederungsmaschinen geeignet<\/li>\n<li>Erleichtert den Befiederungswechsel<\/li>\n<li>Herkunft: USA<\/li>\n<\/ul>","protected":false},"excerpt":{"rendered":"<p>SPINWING Fletch-Wraps in der Gr\u00f6sse 3&#8243; f\u00fcr die einfache und saubere Befiederung von Pfeilen. Geeignet f\u00fcr den Einsatz mit Standard-Befiederungsmaschinen.<\/p>","protected":false},"featured_media":453631,"comment_status":"open","ping_status":"closed","template":"","meta":[],"product_brand":[845],"product_cat":[4268],"product_tag":[],"class_list":{"0":"post-432948","1":"product","2":"type-product","3":"status-publish","4":"has-post-thumbnail","6":"product_brand-spinwing","7":"product_cat-wraps-vanes-nocks-wraps","9":"first","10":"instock","11":"shipping-taxable","12":"purchasable","13":"product-type-variable"},"_links":{"self":[{"href":"https:\/\/bogensportdiscount.ch\/it\/wp-json\/wp\/v2\/product\/432948","targetHints":{"allow":["GET"]}}],"collection":[{"href":"https:\/\/bogensportdiscount.ch\/it\/wp-json\/wp\/v2\/product"}],"about":[{"href":"https:\/\/bogensportdiscount.ch\/it\/wp-json\/wp\/v2\/types\/product"}],"replies":[{"embeddable":true,"href":"https:\/\/bogensportdiscount.ch\/it\/wp-json\/wp\/v2\/comments?post=432948"}],"wp:featuredmedia":[{"embeddable":true,"href":"https:\/\/bogensportdiscount.ch\/it\/wp-json\/wp\/v2\/media\/453631"}],"wp:attachment":[{"href":"https:\/\/bogensportdiscount.ch\/it\/wp-json\/wp\/v2\/media?parent=432948"}],"wp:term":[{"taxonomy":"product_brand","embeddable":true,"href":"https:\/\/bogensportdiscount.ch\/it\/wp-json\/wp\/v2\/product_brand?post=432948"},{"taxonomy":"product_cat","embeddable":true,"href":"https:\/\/bogensportdiscount.ch\/it\/wp-json\/wp\/v2\/product_cat?post=432948"},{"taxonomy":"product_tag","embeddable":true,"href":"https:\/\/bogensportdiscount.ch\/it\/wp-json\/wp\/v2\/product_tag?post=432948"}],"curies":[{"name":"wp","href":"https:\/\/api.w.org\/{rel}","templated":true}]}}