{"id":432829,"date":"2026-04-05T15:49:08","date_gmt":"2026-04-05T13:49:08","guid":{"rendered":"https:\/\/bogensportdiscount.ch\/produkt\/revx-td-crossbow-set-w-overwatch-scope-mossy-oak-bottomland\/"},"modified":"2026-04-20T13:37:43","modified_gmt":"2026-04-20T11:37:43","slug":"excalibur-recurve-armbrust-revx-td-set-overwatch-scope","status":"publish","type":"product","link":"https:\/\/bogensportdiscount.ch\/it\/prodotto\/excalibur-recurve-armbrust-revx-td-set-overwatch-scope\/","title":{"rendered":"EXCALIBUR REVX TD ARMBRUST SET mit OVERWATCH ZIELFERNROHR"},"content":{"rendered":"<p>Die Excalibur REVX TD Recurve-Armbrust wird als komplettes Set inklusive Overwatch Scope geliefert. Als Take-Down-Modell (TD) l\u00e4sst sie sich f\u00fcr Transport und Lagerung einfach zerlegen, was sie besonders praktisch f\u00fcr den Einsatz im Feld macht.<\/p>\n<p>Excalibur steht seit Jahrzehnten f\u00fcr robuste Recurve-Armbr\u00fcste aus kanadischer Fertigung. Das REVX TD Set richtet sich an Sch\u00fctzen, die eine zuverl\u00e4ssige und leistungsstarke Armbrust mit optischem Zielfernrohr suchen.<\/p>\n<ul>\n<li>Struttura smontabile per un facile trasporto<\/li>\n<li>Inklusive Overwatch Scope<\/li>\n<li>Erh\u00e4ltlich in Mossy Oak Bottomland und Stealth Grey<\/li>\n<li>Prodotto in Canada<\/li>\n<\/ul>","protected":false},"excerpt":{"rendered":"<p>Die Excalibur REVX TD ist eine Take-Down Recurve-Armbrust im Set mit Overwatch Scope. Erh\u00e4ltlich in den Farben Mossy Oak Bottomland und Stealth Grey. Hergestellt in Kanada.<\/p>","protected":false},"featured_media":453631,"comment_status":"open","ping_status":"closed","template":"","meta":[],"product_brand":[804],"product_cat":[4203],"product_tag":[],"class_list":{"0":"post-432829","1":"product","2":"type-product","3":"status-publish","4":"has-post-thumbnail","6":"product_brand-excalibur","7":"product_cat-recurve-armbrueste-armbueste","9":"first","10":"instock","11":"shipping-taxable","12":"purchasable","13":"product-type-variable"},"yoast_head":"<!-- This site is optimized with the Yoast SEO plugin v27.4 - https:\/\/yoast.com\/product\/yoast-seo-wordpress\/ -->\n<title>SET BALESTRA EXCALIBUR REVX TD CON CANNOCCHIALE OVERWATCH - Bogensportdiscount \u2013 Archi, frecce, bersagli e accessori<\/title>\n<meta name=\"description\" content=\"Acquista il SET BALESTRA EXCALIBUR REVX TD con CANNOCCHIALE OVERWATCH a un prezzo vantaggioso su Bogensportdiscount \u2013 Marchi di punta, spedizione veloce dalla Svizzera.\" \/>\n<meta name=\"robots\" content=\"noindex, follow, max-snippet:-1, max-image-preview:large, max-video-preview:-1\" \/>\n<meta property=\"og:locale\" content=\"it_IT\" \/>\n<meta property=\"og:type\" content=\"article\" \/>\n<meta property=\"og:title\" content=\"SET BALESTRA EXCALIBUR REVX TD CON CANNOCCHIALE OVERWATCH - Bogensportdiscount \u2013 Archi, frecce, bersagli e accessori\" \/>\n<meta property=\"og:description\" content=\"Acquista il SET BALESTRA EXCALIBUR REVX TD con CANNOCCHIALE OVERWATCH a un prezzo vantaggioso su Bogensportdiscount \u2013 Marchi di punta, spedizione veloce dalla Svizzera.\" \/>\n<meta property=\"og:url\" content=\"https:\/\/bogensportdiscount.ch\/it\/prodotto\/excalibur-recurve-armbrust-revx-td-set-overwatch-scope\/\" \/>\n<meta property=\"og:site_name\" content=\"Bogensportdiscount \u2013 B\u00f6gen, Pfeile, Targets &amp; Zubeh\u00f6r\" \/>\n<meta property=\"article:modified_time\" content=\"2026-04-20T11:37:43+00:00\" \/>\n<meta property=\"og:image\" content=\"https:\/\/bogensportdiscount.ch\/wp-content\/uploads\/bsm-images\/a101560_1.jpg\" \/>\n\t<meta property=\"og:image:width\" content=\"400\" \/>\n\t<meta property=\"og:image:height\" content=\"165\" \/>\n\t<meta property=\"og:image:type\" content=\"image\/jpeg\" \/>\n<meta name=\"twitter:card\" content=\"summary_large_image\" \/>\n<script type=\"application\/ld+json\" class=\"yoast-schema-graph\">{\"@context\":\"https:\\\/\\\/schema.org\",\"@graph\":[{\"@type\":\"WebPage\",\"@id\":\"https:\\\/\\\/bogensportdiscount.ch\\\/it\\\/prodotto\\\/excalibur-recurve-armbrust-revx-td-set-overwatch-scope\\\/\",\"url\":\"https:\\\/\\\/bogensportdiscount.ch\\\/it\\\/prodotto\\\/excalibur-recurve-armbrust-revx-td-set-overwatch-scope\\\/\",\"name\":\"EXCALIBUR REVX TD ARMBRUST SET mit OVERWATCH ZIELFERNROHR - Bogensportdiscount \u2013 B\u00f6gen, Pfeile, Targets &amp; Zubeh\u00f6r\",\"isPartOf\":{\"@id\":\"https:\\\/\\\/bogensportdiscount.ch\\\/#website\"},\"primaryImageOfPage\":{\"@id\":\"https:\\\/\\\/bogensportdiscount.ch\\\/it\\\/prodotto\\\/excalibur-recurve-armbrust-revx-td-set-overwatch-scope\\\/#primaryimage\"},\"image\":{\"@id\":\"https:\\\/\\\/bogensportdiscount.ch\\\/it\\\/prodotto\\\/excalibur-recurve-armbrust-revx-td-set-overwatch-scope\\\/#primaryimage\"},\"thumbnailUrl\":\"https:\\\/\\\/bogensportdiscount.ch\\\/wp-content\\\/uploads\\\/2026\\\/04\\\/bogensportdiscount.ch-pfeile-boegen-zubehoer-fuer-anfaenger-und-profis-zum-besten-preis-Symbolbild-kein-foto-zu-diesem-artikel_01.jpg\",\"datePublished\":\"2026-04-05T13:49:08+00:00\",\"dateModified\":\"2026-04-20T11:37:43+00:00\",\"description\":\"EXCALIBUR REVX TD ARMBRUST SET mit OVERWATCH ZIELFERNROHR g\u00fcnstig kaufen bei Bogensportdiscount \u2013 Top-Marken, schneller Versand aus der Schweiz.\",\"breadcrumb\":{\"@id\":\"https:\\\/\\\/bogensportdiscount.ch\\\/it\\\/prodotto\\\/excalibur-recurve-armbrust-revx-td-set-overwatch-scope\\\/#breadcrumb\"},\"inLanguage\":\"it-IT\",\"potentialAction\":[{\"@type\":\"ReadAction\",\"target\":[\"https:\\\/\\\/bogensportdiscount.ch\\\/it\\\/prodotto\\\/excalibur-recurve-armbrust-revx-td-set-overwatch-scope\\\/\"]}]},{\"@type\":\"ImageObject\",\"inLanguage\":\"it-IT\",\"@id\":\"https:\\\/\\\/bogensportdiscount.ch\\\/it\\\/prodotto\\\/excalibur-recurve-armbrust-revx-td-set-overwatch-scope\\\/#primaryimage\",\"url\":\"https:\\\/\\\/bogensportdiscount.ch\\\/wp-content\\\/uploads\\\/2026\\\/04\\\/bogensportdiscount.ch-pfeile-boegen-zubehoer-fuer-anfaenger-und-profis-zum-besten-preis-Symbolbild-kein-foto-zu-diesem-artikel_01.jpg\",\"contentUrl\":\"https:\\\/\\\/bogensportdiscount.ch\\\/wp-content\\\/uploads\\\/2026\\\/04\\\/bogensportdiscount.ch-pfeile-boegen-zubehoer-fuer-anfaenger-und-profis-zum-besten-preis-Symbolbild-kein-foto-zu-diesem-artikel_01.jpg\",\"width\":1080,\"height\":1080},{\"@type\":\"BreadcrumbList\",\"@id\":\"https:\\\/\\\/bogensportdiscount.ch\\\/it\\\/prodotto\\\/excalibur-recurve-armbrust-revx-td-set-overwatch-scope\\\/#breadcrumb\",\"itemListElement\":[{\"@type\":\"ListItem\",\"position\":1,\"name\":\"Home\",\"item\":\"https:\\\/\\\/bogensportdiscount.ch\\\/\"},{\"@type\":\"ListItem\",\"position\":2,\"name\":\"Shop\",\"item\":\"https:\\\/\\\/bogensportdiscount.ch\\\/shop\\\/\"},{\"@type\":\"ListItem\",\"position\":3,\"name\":\"EXCALIBUR REVX TD ARMBRUST SET mit OVERWATCH ZIELFERNROHR\"}]},{\"@type\":\"WebSite\",\"@id\":\"https:\\\/\\\/bogensportdiscount.ch\\\/#website\",\"url\":\"https:\\\/\\\/bogensportdiscount.ch\\\/\",\"name\":\"Bogensportdiscount\",\"description\":\"\",\"potentialAction\":[{\"@type\":\"SearchAction\",\"target\":{\"@type\":\"EntryPoint\",\"urlTemplate\":\"https:\\\/\\\/bogensportdiscount.ch\\\/?s={search_term_string}\"},\"query-input\":{\"@type\":\"PropertyValueSpecification\",\"valueRequired\":true,\"valueName\":\"search_term_string\"}}],\"inLanguage\":\"it-IT\"}]}<\/script>\n<!-- \/ Yoast SEO plugin. -->","yoast_head_json":{"title":"SET BALESTRA EXCALIBUR REVX TD CON CANNOCCHIALE OVERWATCH - Bogensportdiscount \u2013 Archi, frecce, bersagli e accessori","description":"Acquista il SET BALESTRA EXCALIBUR REVX TD con CANNOCCHIALE OVERWATCH a un prezzo vantaggioso su Bogensportdiscount \u2013 Marchi di punta, spedizione veloce dalla Svizzera.","robots":{"index":"noindex","follow":"follow","max-snippet":"max-snippet:-1","max-image-preview":"max-image-preview:large","max-video-preview":"max-video-preview:-1"},"og_locale":"it_IT","og_type":"article","og_title":"SET BALESTRA EXCALIBUR REVX TD CON CANNOCCHIALE OVERWATCH - Bogensportdiscount \u2013 Archi, frecce, bersagli e accessori","og_description":"Acquista il SET BALESTRA EXCALIBUR REVX TD con CANNOCCHIALE OVERWATCH a un prezzo vantaggioso su Bogensportdiscount \u2013 Marchi di punta, spedizione veloce dalla Svizzera.","og_url":"https:\/\/bogensportdiscount.ch\/it\/prodotto\/excalibur-recurve-armbrust-revx-td-set-overwatch-scope\/","og_site_name":"Bogensportdiscount \u2013 B\u00f6gen, Pfeile, Targets &amp; Zubeh\u00f6r","article_modified_time":"2026-04-20T11:37:43+00:00","og_image":[{"width":400,"height":165,"url":"https:\/\/bogensportdiscount.ch\/wp-content\/uploads\/bsm-images\/a101560_1.jpg","type":"image\/jpeg"}],"twitter_card":"summary_large_image","schema":{"@context":"https:\/\/schema.org","@graph":[{"@type":"WebPage","@id":"https:\/\/bogensportdiscount.ch\/it\/prodotto\/excalibur-recurve-armbrust-revx-td-set-overwatch-scope\/","url":"https:\/\/bogensportdiscount.ch\/it\/prodotto\/excalibur-recurve-armbrust-revx-td-set-overwatch-scope\/","name":"SET BALESTRA EXCALIBUR REVX TD CON CANNOCCHIALE OVERWATCH - Bogensportdiscount \u2013 Archi, frecce, bersagli e accessori","isPartOf":{"@id":"https:\/\/bogensportdiscount.ch\/#website"},"primaryImageOfPage":{"@id":"https:\/\/bogensportdiscount.ch\/it\/prodotto\/excalibur-recurve-armbrust-revx-td-set-overwatch-scope\/#primaryimage"},"image":{"@id":"https:\/\/bogensportdiscount.ch\/it\/prodotto\/excalibur-recurve-armbrust-revx-td-set-overwatch-scope\/#primaryimage"},"thumbnailUrl":"https:\/\/bogensportdiscount.ch\/wp-content\/uploads\/2026\/04\/bogensportdiscount.ch-pfeile-boegen-zubehoer-fuer-anfaenger-und-profis-zum-besten-preis-Symbolbild-kein-foto-zu-diesem-artikel_01.jpg","datePublished":"2026-04-05T13:49:08+00:00","dateModified":"2026-04-20T11:37:43+00:00","description":"Acquista il SET BALESTRA EXCALIBUR REVX TD con CANNOCCHIALE OVERWATCH a un prezzo vantaggioso su Bogensportdiscount \u2013 Marchi di punta, spedizione veloce dalla Svizzera.","breadcrumb":{"@id":"https:\/\/bogensportdiscount.ch\/it\/prodotto\/excalibur-recurve-armbrust-revx-td-set-overwatch-scope\/#breadcrumb"},"inLanguage":"it-IT","potentialAction":[{"@type":"ReadAction","target":["https:\/\/bogensportdiscount.ch\/it\/prodotto\/excalibur-recurve-armbrust-revx-td-set-overwatch-scope\/"]}]},{"@type":"ImageObject","inLanguage":"it-IT","@id":"https:\/\/bogensportdiscount.ch\/it\/prodotto\/excalibur-recurve-armbrust-revx-td-set-overwatch-scope\/#primaryimage","url":"https:\/\/bogensportdiscount.ch\/wp-content\/uploads\/2026\/04\/bogensportdiscount.ch-pfeile-boegen-zubehoer-fuer-anfaenger-und-profis-zum-besten-preis-Symbolbild-kein-foto-zu-diesem-artikel_01.jpg","contentUrl":"https:\/\/bogensportdiscount.ch\/wp-content\/uploads\/2026\/04\/bogensportdiscount.ch-pfeile-boegen-zubehoer-fuer-anfaenger-und-profis-zum-besten-preis-Symbolbild-kein-foto-zu-diesem-artikel_01.jpg","width":1080,"height":1080},{"@type":"BreadcrumbList","@id":"https:\/\/bogensportdiscount.ch\/it\/prodotto\/excalibur-recurve-armbrust-revx-td-set-overwatch-scope\/#breadcrumb","itemListElement":[{"@type":"ListItem","position":1,"name":"Home","item":"https:\/\/bogensportdiscount.ch\/"},{"@type":"ListItem","position":2,"name":"Shop","item":"https:\/\/bogensportdiscount.ch\/shop\/"},{"@type":"ListItem","position":3,"name":"EXCALIBUR REVX TD ARMBRUST SET mit OVERWATCH ZIELFERNROHR"}]},{"@type":"WebSite","@id":"https:\/\/bogensportdiscount.ch\/#website","url":"https:\/\/bogensportdiscount.ch\/","name":"Bogensportdiscount","description":"","potentialAction":[{"@type":"SearchAction","target":{"@type":"EntryPoint","urlTemplate":"https:\/\/bogensportdiscount.ch\/?s={search_term_string}"},"query-input":{"@type":"PropertyValueSpecification","valueRequired":true,"valueName":"search_term_string"}}],"inLanguage":"it-IT"}]}},"_links":{"self":[{"href":"https:\/\/bogensportdiscount.ch\/it\/wp-json\/wp\/v2\/product\/432829","targetHints":{"allow":["GET"]}}],"collection":[{"href":"https:\/\/bogensportdiscount.ch\/it\/wp-json\/wp\/v2\/product"}],"about":[{"href":"https:\/\/bogensportdiscount.ch\/it\/wp-json\/wp\/v2\/types\/product"}],"replies":[{"embeddable":true,"href":"https:\/\/bogensportdiscount.ch\/it\/wp-json\/wp\/v2\/comments?post=432829"}],"wp:featuredmedia":[{"embeddable":true,"href":"https:\/\/bogensportdiscount.ch\/it\/wp-json\/wp\/v2\/media\/453631"}],"wp:attachment":[{"href":"https:\/\/bogensportdiscount.ch\/it\/wp-json\/wp\/v2\/media?parent=432829"}],"wp:term":[{"taxonomy":"product_brand","embeddable":true,"href":"https:\/\/bogensportdiscount.ch\/it\/wp-json\/wp\/v2\/product_brand?post=432829"},{"taxonomy":"product_cat","embeddable":true,"href":"https:\/\/bogensportdiscount.ch\/it\/wp-json\/wp\/v2\/product_cat?post=432829"},{"taxonomy":"product_tag","embeddable":true,"href":"https:\/\/bogensportdiscount.ch\/it\/wp-json\/wp\/v2\/product_tag?post=432829"}],"curies":[{"name":"wp","href":"https:\/\/api.w.org\/{rel}","templated":true}]}}