{"id":432754,"date":"2026-04-05T15:48:57","date_gmt":"2026-04-05T13:48:57","guid":{"rendered":"https:\/\/bogensportdiscount.ch\/produkt\/mk-archery-new-inpers-3-carbon-black-extender\/"},"modified":"2026-04-17T13:50:25","modified_gmt":"2026-04-17T11:50:25","slug":"mk-archery-extender-new-inpers","status":"publish","type":"product","link":"https:\/\/bogensportdiscount.ch\/it\/prodotto\/mk-archery-extender-new-inpers\/","title":{"rendered":"MK ARCHERY NUOVI ISCRITTI"},"content":{"rendered":"<p>Der MK Archery New Inpers ist ein Extender f\u00fcr den Bogensport und dient zur Montage von Stabilisatoren am Bogen. Durch die Verl\u00e4ngerung des Stabilisatorarms l\u00e4sst sich die Balance des Bogens individuell anpassen.<\/p>\n<p>Das Modell ist in vier verschiedenen L\u00e4ngen erh\u00e4ltlich (3&#8243;, 4&#8243;, 5&#8243; und 6&#8243;), sodass sich der Extender an unterschiedliche Anforderungen und Bogenkonfigurationen anpassen l\u00e4sst.<\/p>\n<ul>\n<li>Erh\u00e4ltlich in 3&#8243;, 4&#8243;, 5&#8243; und 6&#8243;<\/li>\n<li>F\u00fcr die Montage von Stabilisatoren<\/li>\n<li>Passend f\u00fcr verschiedene Bogensetups<\/li>\n<\/ul>","protected":false},"excerpt":{"rendered":"<p><strong>Marchio:<\/strong> MK Archery<\/p>","protected":false},"featured_media":453548,"comment_status":"open","ping_status":"closed","template":"","meta":[],"product_brand":[500],"product_cat":[4264],"product_tag":[],"class_list":{"0":"post-432754","1":"product","2":"type-product","3":"status-publish","4":"has-post-thumbnail","6":"product_brand-mkarchery","7":"product_cat-extender-stabilisation","9":"first","10":"instock","11":"shipping-taxable","12":"purchasable","13":"product-type-variable"},"_links":{"self":[{"href":"https:\/\/bogensportdiscount.ch\/it\/wp-json\/wp\/v2\/product\/432754","targetHints":{"allow":["GET"]}}],"collection":[{"href":"https:\/\/bogensportdiscount.ch\/it\/wp-json\/wp\/v2\/product"}],"about":[{"href":"https:\/\/bogensportdiscount.ch\/it\/wp-json\/wp\/v2\/types\/product"}],"replies":[{"embeddable":true,"href":"https:\/\/bogensportdiscount.ch\/it\/wp-json\/wp\/v2\/comments?post=432754"}],"wp:featuredmedia":[{"embeddable":true,"href":"https:\/\/bogensportdiscount.ch\/it\/wp-json\/wp\/v2\/media\/453548"}],"wp:attachment":[{"href":"https:\/\/bogensportdiscount.ch\/it\/wp-json\/wp\/v2\/media?parent=432754"}],"wp:term":[{"taxonomy":"product_brand","embeddable":true,"href":"https:\/\/bogensportdiscount.ch\/it\/wp-json\/wp\/v2\/product_brand?post=432754"},{"taxonomy":"product_cat","embeddable":true,"href":"https:\/\/bogensportdiscount.ch\/it\/wp-json\/wp\/v2\/product_cat?post=432754"},{"taxonomy":"product_tag","embeddable":true,"href":"https:\/\/bogensportdiscount.ch\/it\/wp-json\/wp\/v2\/product_tag?post=432754"}],"curies":[{"name":"wp","href":"https:\/\/api.w.org\/{rel}","templated":true}]}}