{"id":432644,"date":"2026-04-05T15:48:37","date_gmt":"2026-04-05T13:48:37","guid":{"rendered":"https:\/\/bogensportdiscount.ch\/produkt\/vx-27-glue-in-bullet-points-100gr-12pk\/"},"modified":"2026-04-17T12:24:19","modified_gmt":"2026-04-17T10:24:19","slug":"victory-vx-27-einklebe-spitzpunkte","status":"publish","type":"product","link":"https:\/\/bogensportdiscount.ch\/it\/prodotto\/victory-vx-27-einklebe-spitzpunkte\/","title":{"rendered":"VITTORIA VX-27 COLLA IN PUNTI ELENCO 12\/PZ."},"content":{"rendered":"<p>Die VICTORY VX-27 Einklebe-Spitzpunkte sind hochwertige Spitzpunkte f\u00fcr Pfeile, die durch Einkleben mit dem Schaft verbunden werden. Sie zeichnen sich durch pr\u00e4zise Verarbeitung und zuverl\u00e4ssige Performance aus.<\/p>\n<p>Die Spitzpunkte sind in zwei Gewichtsvarianten erh\u00e4ltlich (100 GR und 150 GR), so dass sie flexibel an unterschiedliche Anforderungen und Pfeilkonfigurationen angepasst werden k\u00f6nnen. Ideal f\u00fcr Bogensch\u00fctzen, die Wert auf Qualit\u00e4t und Konsistenz legen.<\/p>","protected":false},"excerpt":{"rendered":"<table>\n<tr>\n<th>Propriet\u00e0<\/th>\n<th>Valore<\/th>\n<\/tr>\n<tr>\n<td>Peso<\/td>\n<td>100 GR \/ 150 GR<\/td>\n<\/tr>\n<tr>\n<td>Tipo<\/td>\n<td>Einklebe-Spitzpunkte<\/td>\n<\/tr>\n<tr>\n<td>Herkunftsland<\/td>\n<td>S\u00fcdkorea<\/td>\n<\/tr>\n<\/table>","protected":false},"featured_media":447775,"comment_status":"open","ping_status":"closed","template":"","meta":[],"product_brand":[547],"product_cat":[4543],"product_tag":[],"class_list":{"0":"post-432644","1":"product","2":"type-product","3":"status-publish","4":"has-post-thumbnail","6":"product_brand-victory","7":"product_cat-einklebe-spitzen-pfeil-komponenten","9":"first","10":"instock","11":"shipping-taxable","12":"purchasable","13":"product-type-variable"},"_links":{"self":[{"href":"https:\/\/bogensportdiscount.ch\/it\/wp-json\/wp\/v2\/product\/432644","targetHints":{"allow":["GET"]}}],"collection":[{"href":"https:\/\/bogensportdiscount.ch\/it\/wp-json\/wp\/v2\/product"}],"about":[{"href":"https:\/\/bogensportdiscount.ch\/it\/wp-json\/wp\/v2\/types\/product"}],"replies":[{"embeddable":true,"href":"https:\/\/bogensportdiscount.ch\/it\/wp-json\/wp\/v2\/comments?post=432644"}],"wp:featuredmedia":[{"embeddable":true,"href":"https:\/\/bogensportdiscount.ch\/it\/wp-json\/wp\/v2\/media\/447775"}],"wp:attachment":[{"href":"https:\/\/bogensportdiscount.ch\/it\/wp-json\/wp\/v2\/media?parent=432644"}],"wp:term":[{"taxonomy":"product_brand","embeddable":true,"href":"https:\/\/bogensportdiscount.ch\/it\/wp-json\/wp\/v2\/product_brand?post=432644"},{"taxonomy":"product_cat","embeddable":true,"href":"https:\/\/bogensportdiscount.ch\/it\/wp-json\/wp\/v2\/product_cat?post=432644"},{"taxonomy":"product_tag","embeddable":true,"href":"https:\/\/bogensportdiscount.ch\/it\/wp-json\/wp\/v2\/product_tag?post=432644"}],"curies":[{"name":"wp","href":"https:\/\/api.w.org\/{rel}","templated":true}]}}