{"id":432626,"date":"2026-04-05T15:48:34","date_gmt":"2026-04-05T13:48:34","guid":{"rendered":"https:\/\/bogensportdiscount.ch\/produkt\/shafts-carbon-hlr-elite-v1-id-5-2-200-31-with-ip-nock-12-pk\/"},"modified":"2026-04-19T11:54:56","modified_gmt":"2026-04-19T09:54:56","slug":"victory-carbon-schaft-hlr-elite-v1-id-52","status":"publish","type":"product","link":"https:\/\/bogensportdiscount.ch\/it\/prodotto\/victory-carbon-schaft-hlr-elite-v1-id-52\/","title":{"rendered":"VICTORY SCHAEFTE CARBON HLR ELITE\/V1 ID 5.2 12\/PK"},"content":{"rendered":"<p>Der Victory HLR Elite\/V1 ist ein Carbon-Jagdschaft mit einem Innendurchmesser (ID) von 5.2 mm. Er ist in sechs verschiedenen Spine-St\u00e4rken erh\u00e4ltlich (200 bis 500) und deckt damit ein breites Spektrum an Zuggewichten und Pfeilgewichten ab.<\/p>\n<p>Die Sch\u00e4fte werden in den USA gefertigt und richten sich an Bogenj\u00e4ger, die auf einen leichten und pr\u00e4zisen Carbon-Schaft setzen. Der enge Innendurchmesser von 5.2 mm erm\u00f6glicht die Verwendung von Eins\u00e4tzen mit geringem Gewicht und unterst\u00fctzt flachere Flugbahnen.<\/p>\n<ul>\n<li>Innendurchmesser 5.2 mm f\u00fcr kompakten Schaftaufbau<\/li>\n<li>Erh\u00e4ltlich in Spine 200, 250, 300, 350, 400 und 500<\/li>\n<li>Costruzione in carbonio per peso ridotto<\/li>\n<li>Produzione negli USA<\/li>\n<\/ul>","protected":false},"excerpt":{"rendered":"<table>\n<tr>\n<th>Propriet\u00e0<\/th>\n<th>Valore<\/th>\n<\/tr>\n<tr>\n<td>Marca<\/td>\n<td>Victory<\/td>\n<\/tr>\n<tr>\n<td>Modello<\/td>\n<td>HLR Elite\/V1<\/td>\n<\/tr>\n<tr>\n<td>Diametro interno<\/td>\n<td>5.2 mm<\/td>\n<\/tr>\n<tr>\n<td>Spina<\/td>\n<td>200, 250, 300, 350, 400, 500<\/td>\n<\/tr>\n<tr>\n<td>Origine<\/td>\n<td>USA<\/td>\n<\/tr>\n<\/table>","protected":false},"featured_media":453535,"comment_status":"open","ping_status":"closed","template":"","meta":[],"product_brand":[547],"product_cat":[4503],"product_tag":[],"class_list":{"0":"post-432626","1":"product","2":"type-product","3":"status-publish","4":"has-post-thumbnail","6":"product_brand-victory","7":"product_cat-carbon-jagd-schaefte","9":"first","10":"instock","11":"shipping-taxable","12":"purchasable","13":"product-type-variable"},"_links":{"self":[{"href":"https:\/\/bogensportdiscount.ch\/it\/wp-json\/wp\/v2\/product\/432626","targetHints":{"allow":["GET"]}}],"collection":[{"href":"https:\/\/bogensportdiscount.ch\/it\/wp-json\/wp\/v2\/product"}],"about":[{"href":"https:\/\/bogensportdiscount.ch\/it\/wp-json\/wp\/v2\/types\/product"}],"replies":[{"embeddable":true,"href":"https:\/\/bogensportdiscount.ch\/it\/wp-json\/wp\/v2\/comments?post=432626"}],"wp:featuredmedia":[{"embeddable":true,"href":"https:\/\/bogensportdiscount.ch\/it\/wp-json\/wp\/v2\/media\/453535"}],"wp:attachment":[{"href":"https:\/\/bogensportdiscount.ch\/it\/wp-json\/wp\/v2\/media?parent=432626"}],"wp:term":[{"taxonomy":"product_brand","embeddable":true,"href":"https:\/\/bogensportdiscount.ch\/it\/wp-json\/wp\/v2\/product_brand?post=432626"},{"taxonomy":"product_cat","embeddable":true,"href":"https:\/\/bogensportdiscount.ch\/it\/wp-json\/wp\/v2\/product_cat?post=432626"},{"taxonomy":"product_tag","embeddable":true,"href":"https:\/\/bogensportdiscount.ch\/it\/wp-json\/wp\/v2\/product_tag?post=432626"}],"curies":[{"name":"wp","href":"https:\/\/api.w.org\/{rel}","templated":true}]}}