{"id":432525,"date":"2026-04-05T15:48:11","date_gmt":"2026-04-05T13:48:11","guid":{"rendered":"https:\/\/bogensportdiscount.ch\/produkt\/driver-plus-slider-ck-bridge-lock-avx-31-rh-single-pin-019-green-fiber-midnight-cerakote\/"},"modified":"2026-04-21T09:48:39","modified_gmt":"2026-04-21T07:48:39","slug":"axcel-compound-visier-driver-plus-slider-ck-bridge-lock-avx-31-rh-einzelpin-019","status":"publish","type":"product","link":"https:\/\/bogensportdiscount.ch\/it\/prodotto\/axcel-compound-visier-driver-plus-slider-ck-bridge-lock-avx-31-rh-einzelpin-019\/","title":{"rendered":"Mirino compound Axcel Driver Plus Slider CK Bridge-Lock AVX-31 RH pin singolo .019"},"content":{"rendered":"<p>Das Axcel Driver Plus Slider CK Bridge-Lock AVX-31 ist ein Slider-Visier f\u00fcr Compound-B\u00f6gen, ausgelegt f\u00fcr Rechtsh\u00e4nder (RH). Die Einzelpin-Konfiguration mit einem Durchmesser von .019 Zoll erm\u00f6glicht eine pr\u00e4zise Zielaufnahme ohne Sichtverdeckung im Zielbereich.<\/p>\n<p>Die Bridge-Lock-Konstruktion sorgt f\u00fcr eine stabile Verbindung zwischen Schieber und F\u00fchrungsschiene, was ein unbeabsichtigtes Verstellen des Visierpunkts w\u00e4hrend des Einsatzes minimiert. Das AVX-31-System steht f\u00fcr das Visiersystem von Axcel mit 31-mm-Linsengeh\u00e4use.<\/p>\n<ul>\n<li>Slider-Visier mit Bridge-Lock-System f\u00fcr sicheren Halt<\/li>\n<li>Einzelpin .019 f\u00fcr klare Zielaufnahme<\/li>\n<li>Progettato per destrimani<\/li>\n<li>Disponibile in verde e rosso<\/li>\n<\/ul>","protected":false},"excerpt":{"rendered":"<p>Das Axcel Driver Plus Slider CK Bridge-Lock AVX-31 ist ein Einzelpin-Compound-Visier f\u00fcr Rechtsh\u00e4nder mit einem Pinduchmesser von .019. Es eignet sich f\u00fcr den Einsatz bei der Jagd sowie im 3D-Bogensport und ist in den Farben Gr\u00fcn und Rot erh\u00e4ltlich.<\/p>","protected":false},"featured_media":453631,"comment_status":"open","ping_status":"closed","template":"","meta":[],"product_brand":[467],"product_cat":[4263],"product_tag":[],"class_list":{"0":"post-432525","1":"product","2":"type-product","3":"status-publish","4":"has-post-thumbnail","6":"product_brand-axcel","7":"product_cat-jagd-und-3d-visiere","8":"product_shipping_class-bsd-standard","10":"first","11":"onbackorder","12":"shipping-taxable","13":"purchasable","14":"product-type-variable"},"yoast_head":"<!-- This site is optimized with the Yoast SEO plugin v27.4 - https:\/\/yoast.com\/product\/yoast-seo-wordpress\/ -->\n<title>Mirino Axcel Compound Driver Plus Slider CK Bridge-Lock AVX-31 RH a perno singolo .019 - Bogensportdiscount \u2013 Archi, frecce, bersagli e accessori<\/title>\n<meta name=\"description\" content=\"Acquista a un prezzo conveniente il mirino Axcel Compound Driver Plus Slider CK Bridge-Lock AVX-31 RH a perno singolo .019 su Bogensportdiscount \u2013 Le migliori marche, spedizione veloce dalla Svizzera.\" \/>\n<meta name=\"robots\" content=\"index, follow, max-snippet:-1, max-image-preview:large, max-video-preview:-1\" \/>\n<link rel=\"canonical\" href=\"https:\/\/bogensportdiscount.ch\/it\/prodotto\/axcel-compound-visier-driver-plus-slider-ck-bridge-lock-avx-31-rh-einzelpin-019\/\" \/>\n<meta property=\"og:locale\" content=\"it_IT\" \/>\n<meta property=\"og:type\" content=\"article\" \/>\n<meta property=\"og:title\" content=\"Mirino Axcel Compound Driver Plus Slider CK Bridge-Lock AVX-31 RH a perno singolo .019 - Bogensportdiscount \u2013 Archi, frecce, bersagli e accessori\" \/>\n<meta property=\"og:description\" content=\"Acquista a un prezzo conveniente il mirino Axcel Compound Driver Plus Slider CK Bridge-Lock AVX-31 RH a perno singolo .019 su Bogensportdiscount \u2013 Le migliori marche, spedizione veloce dalla Svizzera.\" \/>\n<meta property=\"og:url\" content=\"https:\/\/bogensportdiscount.ch\/it\/prodotto\/axcel-compound-visier-driver-plus-slider-ck-bridge-lock-avx-31-rh-einzelpin-019\/\" \/>\n<meta property=\"og:site_name\" content=\"Bogensportdiscount \u2013 B\u00f6gen, Pfeile, Targets &amp; Zubeh\u00f6r\" \/>\n<meta property=\"article:modified_time\" content=\"2026-04-21T07:48:39+00:00\" \/>\n<meta property=\"og:image\" content=\"https:\/\/bogensportdiscount.ch\/wp-content\/uploads\/2026\/04\/bogensportdiscount.ch-pfeile-boegen-zubehoer-fuer-anfaenger-und-profis-zum-besten-preis-Symbolbild-kein-foto-zu-diesem-artikel_01.jpg\" \/>\n\t<meta property=\"og:image:width\" content=\"1080\" \/>\n\t<meta property=\"og:image:height\" content=\"1080\" \/>\n\t<meta property=\"og:image:type\" content=\"image\/jpeg\" \/>\n<meta name=\"twitter:card\" content=\"summary_large_image\" \/>\n<script type=\"application\/ld+json\" class=\"yoast-schema-graph\">{\"@context\":\"https:\\\/\\\/schema.org\",\"@graph\":[{\"@type\":\"WebPage\",\"@id\":\"https:\\\/\\\/bogensportdiscount.ch\\\/produkt\\\/axcel-compound-visier-driver-plus-slider-ck-bridge-lock-avx-31-rh-einzelpin-019\\\/\",\"url\":\"https:\\\/\\\/bogensportdiscount.ch\\\/produkt\\\/axcel-compound-visier-driver-plus-slider-ck-bridge-lock-avx-31-rh-einzelpin-019\\\/\",\"name\":\"Axcel Compound-Visier Driver Plus Slider CK Bridge-Lock AVX-31 RH Einzelpin .019 - Bogensportdiscount \u2013 B\u00f6gen, Pfeile, Targets &amp; Zubeh\u00f6r\",\"isPartOf\":{\"@id\":\"https:\\\/\\\/bogensportdiscount.ch\\\/#website\"},\"primaryImageOfPage\":{\"@id\":\"https:\\\/\\\/bogensportdiscount.ch\\\/produkt\\\/axcel-compound-visier-driver-plus-slider-ck-bridge-lock-avx-31-rh-einzelpin-019\\\/#primaryimage\"},\"image\":{\"@id\":\"https:\\\/\\\/bogensportdiscount.ch\\\/produkt\\\/axcel-compound-visier-driver-plus-slider-ck-bridge-lock-avx-31-rh-einzelpin-019\\\/#primaryimage\"},\"thumbnailUrl\":\"https:\\\/\\\/bogensportdiscount.ch\\\/wp-content\\\/uploads\\\/2026\\\/04\\\/bogensportdiscount.ch-pfeile-boegen-zubehoer-fuer-anfaenger-und-profis-zum-besten-preis-Symbolbild-kein-foto-zu-diesem-artikel_01.jpg\",\"datePublished\":\"2026-04-05T13:48:11+00:00\",\"dateModified\":\"2026-04-21T07:48:39+00:00\",\"description\":\"Axcel Compound-Visier Driver Plus Slider CK Bridge-Lock AVX-31 RH Einzelpin .019 g\u00fcnstig kaufen bei Bogensportdiscount \u2013 Top-Marken, schneller Versand aus der Schweiz.\",\"breadcrumb\":{\"@id\":\"https:\\\/\\\/bogensportdiscount.ch\\\/produkt\\\/axcel-compound-visier-driver-plus-slider-ck-bridge-lock-avx-31-rh-einzelpin-019\\\/#breadcrumb\"},\"inLanguage\":\"it-IT\",\"potentialAction\":[{\"@type\":\"ReadAction\",\"target\":[\"https:\\\/\\\/bogensportdiscount.ch\\\/produkt\\\/axcel-compound-visier-driver-plus-slider-ck-bridge-lock-avx-31-rh-einzelpin-019\\\/\"]}]},{\"@type\":\"ImageObject\",\"inLanguage\":\"it-IT\",\"@id\":\"https:\\\/\\\/bogensportdiscount.ch\\\/produkt\\\/axcel-compound-visier-driver-plus-slider-ck-bridge-lock-avx-31-rh-einzelpin-019\\\/#primaryimage\",\"url\":\"https:\\\/\\\/bogensportdiscount.ch\\\/wp-content\\\/uploads\\\/2026\\\/04\\\/bogensportdiscount.ch-pfeile-boegen-zubehoer-fuer-anfaenger-und-profis-zum-besten-preis-Symbolbild-kein-foto-zu-diesem-artikel_01.jpg\",\"contentUrl\":\"https:\\\/\\\/bogensportdiscount.ch\\\/wp-content\\\/uploads\\\/2026\\\/04\\\/bogensportdiscount.ch-pfeile-boegen-zubehoer-fuer-anfaenger-und-profis-zum-besten-preis-Symbolbild-kein-foto-zu-diesem-artikel_01.jpg\",\"width\":1080,\"height\":1080},{\"@type\":\"BreadcrumbList\",\"@id\":\"https:\\\/\\\/bogensportdiscount.ch\\\/produkt\\\/axcel-compound-visier-driver-plus-slider-ck-bridge-lock-avx-31-rh-einzelpin-019\\\/#breadcrumb\",\"itemListElement\":[{\"@type\":\"ListItem\",\"position\":1,\"name\":\"Home\",\"item\":\"https:\\\/\\\/bogensportdiscount.ch\\\/\"},{\"@type\":\"ListItem\",\"position\":2,\"name\":\"Shop\",\"item\":\"https:\\\/\\\/bogensportdiscount.ch\\\/shop\\\/\"},{\"@type\":\"ListItem\",\"position\":3,\"name\":\"Axcel Compound-Visier Driver Plus Slider CK Bridge-Lock AVX-31 RH Einzelpin .019\"}]},{\"@type\":\"WebSite\",\"@id\":\"https:\\\/\\\/bogensportdiscount.ch\\\/#website\",\"url\":\"https:\\\/\\\/bogensportdiscount.ch\\\/\",\"name\":\"Bogensportdiscount\",\"description\":\"\",\"potentialAction\":[{\"@type\":\"SearchAction\",\"target\":{\"@type\":\"EntryPoint\",\"urlTemplate\":\"https:\\\/\\\/bogensportdiscount.ch\\\/?s={search_term_string}\"},\"query-input\":{\"@type\":\"PropertyValueSpecification\",\"valueRequired\":true,\"valueName\":\"search_term_string\"}}],\"inLanguage\":\"it-IT\"}]}<\/script>\n<!-- \/ Yoast SEO plugin. -->","yoast_head_json":{"title":"Mirino Axcel Compound Driver Plus Slider CK Bridge-Lock AVX-31 RH a perno singolo .019 - Bogensportdiscount \u2013 Archi, frecce, bersagli e accessori","description":"Acquista a un prezzo conveniente il mirino Axcel Compound Driver Plus Slider CK Bridge-Lock AVX-31 RH a perno singolo .019 su Bogensportdiscount \u2013 Le migliori marche, spedizione veloce dalla Svizzera.","robots":{"index":"index","follow":"follow","max-snippet":"max-snippet:-1","max-image-preview":"max-image-preview:large","max-video-preview":"max-video-preview:-1"},"canonical":"https:\/\/bogensportdiscount.ch\/it\/prodotto\/axcel-compound-visier-driver-plus-slider-ck-bridge-lock-avx-31-rh-einzelpin-019\/","og_locale":"it_IT","og_type":"article","og_title":"Mirino Axcel Compound Driver Plus Slider CK Bridge-Lock AVX-31 RH a perno singolo .019 - Bogensportdiscount \u2013 Archi, frecce, bersagli e accessori","og_description":"Acquista a un prezzo conveniente il mirino Axcel Compound Driver Plus Slider CK Bridge-Lock AVX-31 RH a perno singolo .019 su Bogensportdiscount \u2013 Le migliori marche, spedizione veloce dalla Svizzera.","og_url":"https:\/\/bogensportdiscount.ch\/it\/prodotto\/axcel-compound-visier-driver-plus-slider-ck-bridge-lock-avx-31-rh-einzelpin-019\/","og_site_name":"Bogensportdiscount \u2013 B\u00f6gen, Pfeile, Targets &amp; Zubeh\u00f6r","article_modified_time":"2026-04-21T07:48:39+00:00","og_image":[{"width":1080,"height":1080,"url":"https:\/\/bogensportdiscount.ch\/wp-content\/uploads\/2026\/04\/bogensportdiscount.ch-pfeile-boegen-zubehoer-fuer-anfaenger-und-profis-zum-besten-preis-Symbolbild-kein-foto-zu-diesem-artikel_01.jpg","type":"image\/jpeg"}],"twitter_card":"summary_large_image","schema":{"@context":"https:\/\/schema.org","@graph":[{"@type":"WebPage","@id":"https:\/\/bogensportdiscount.ch\/produkt\/axcel-compound-visier-driver-plus-slider-ck-bridge-lock-avx-31-rh-einzelpin-019\/","url":"https:\/\/bogensportdiscount.ch\/produkt\/axcel-compound-visier-driver-plus-slider-ck-bridge-lock-avx-31-rh-einzelpin-019\/","name":"Mirino Axcel Compound Driver Plus Slider CK Bridge-Lock AVX-31 RH a perno singolo .019 - Bogensportdiscount \u2013 Archi, frecce, bersagli e accessori","isPartOf":{"@id":"https:\/\/bogensportdiscount.ch\/#website"},"primaryImageOfPage":{"@id":"https:\/\/bogensportdiscount.ch\/produkt\/axcel-compound-visier-driver-plus-slider-ck-bridge-lock-avx-31-rh-einzelpin-019\/#primaryimage"},"image":{"@id":"https:\/\/bogensportdiscount.ch\/produkt\/axcel-compound-visier-driver-plus-slider-ck-bridge-lock-avx-31-rh-einzelpin-019\/#primaryimage"},"thumbnailUrl":"https:\/\/bogensportdiscount.ch\/wp-content\/uploads\/2026\/04\/bogensportdiscount.ch-pfeile-boegen-zubehoer-fuer-anfaenger-und-profis-zum-besten-preis-Symbolbild-kein-foto-zu-diesem-artikel_01.jpg","datePublished":"2026-04-05T13:48:11+00:00","dateModified":"2026-04-21T07:48:39+00:00","description":"Acquista a un prezzo conveniente il mirino Axcel Compound Driver Plus Slider CK Bridge-Lock AVX-31 RH a perno singolo .019 su Bogensportdiscount \u2013 Le migliori marche, spedizione veloce dalla Svizzera.","breadcrumb":{"@id":"https:\/\/bogensportdiscount.ch\/produkt\/axcel-compound-visier-driver-plus-slider-ck-bridge-lock-avx-31-rh-einzelpin-019\/#breadcrumb"},"inLanguage":"it-IT","potentialAction":[{"@type":"ReadAction","target":["https:\/\/bogensportdiscount.ch\/produkt\/axcel-compound-visier-driver-plus-slider-ck-bridge-lock-avx-31-rh-einzelpin-019\/"]}]},{"@type":"ImageObject","inLanguage":"it-IT","@id":"https:\/\/bogensportdiscount.ch\/produkt\/axcel-compound-visier-driver-plus-slider-ck-bridge-lock-avx-31-rh-einzelpin-019\/#primaryimage","url":"https:\/\/bogensportdiscount.ch\/wp-content\/uploads\/2026\/04\/bogensportdiscount.ch-pfeile-boegen-zubehoer-fuer-anfaenger-und-profis-zum-besten-preis-Symbolbild-kein-foto-zu-diesem-artikel_01.jpg","contentUrl":"https:\/\/bogensportdiscount.ch\/wp-content\/uploads\/2026\/04\/bogensportdiscount.ch-pfeile-boegen-zubehoer-fuer-anfaenger-und-profis-zum-besten-preis-Symbolbild-kein-foto-zu-diesem-artikel_01.jpg","width":1080,"height":1080},{"@type":"BreadcrumbList","@id":"https:\/\/bogensportdiscount.ch\/produkt\/axcel-compound-visier-driver-plus-slider-ck-bridge-lock-avx-31-rh-einzelpin-019\/#breadcrumb","itemListElement":[{"@type":"ListItem","position":1,"name":"Home","item":"https:\/\/bogensportdiscount.ch\/"},{"@type":"ListItem","position":2,"name":"Shop","item":"https:\/\/bogensportdiscount.ch\/shop\/"},{"@type":"ListItem","position":3,"name":"Axcel Compound-Visier Driver Plus Slider CK Bridge-Lock AVX-31 RH Einzelpin .019"}]},{"@type":"WebSite","@id":"https:\/\/bogensportdiscount.ch\/#website","url":"https:\/\/bogensportdiscount.ch\/","name":"Bogensportdiscount","description":"","potentialAction":[{"@type":"SearchAction","target":{"@type":"EntryPoint","urlTemplate":"https:\/\/bogensportdiscount.ch\/?s={search_term_string}"},"query-input":{"@type":"PropertyValueSpecification","valueRequired":true,"valueName":"search_term_string"}}],"inLanguage":"it-IT"}]}},"_links":{"self":[{"href":"https:\/\/bogensportdiscount.ch\/it\/wp-json\/wp\/v2\/product\/432525","targetHints":{"allow":["GET"]}}],"collection":[{"href":"https:\/\/bogensportdiscount.ch\/it\/wp-json\/wp\/v2\/product"}],"about":[{"href":"https:\/\/bogensportdiscount.ch\/it\/wp-json\/wp\/v2\/types\/product"}],"replies":[{"embeddable":true,"href":"https:\/\/bogensportdiscount.ch\/it\/wp-json\/wp\/v2\/comments?post=432525"}],"wp:featuredmedia":[{"embeddable":true,"href":"https:\/\/bogensportdiscount.ch\/it\/wp-json\/wp\/v2\/media\/453631"}],"wp:attachment":[{"href":"https:\/\/bogensportdiscount.ch\/it\/wp-json\/wp\/v2\/media?parent=432525"}],"wp:term":[{"taxonomy":"product_brand","embeddable":true,"href":"https:\/\/bogensportdiscount.ch\/it\/wp-json\/wp\/v2\/product_brand?post=432525"},{"taxonomy":"product_cat","embeddable":true,"href":"https:\/\/bogensportdiscount.ch\/it\/wp-json\/wp\/v2\/product_cat?post=432525"},{"taxonomy":"product_tag","embeddable":true,"href":"https:\/\/bogensportdiscount.ch\/it\/wp-json\/wp\/v2\/product_tag?post=432525"}],"curies":[{"name":"wp","href":"https:\/\/api.w.org\/{rel}","templated":true}]}}