{"id":432467,"date":"2026-04-05T15:48:03","date_gmt":"2026-04-05T13:48:03","guid":{"rendered":"https:\/\/bogensportdiscount.ch\/produkt\/compound-alliance-33-new-deadlock-cam-rot-mod-lh-50-60lbs-27-32-stealth-grey\/"},"modified":"2026-04-17T13:50:22","modified_gmt":"2026-04-17T11:50:22","slug":"bowtech-compound-bogen-alliance-33-new-deadlock-cam-rotating-mod","status":"publish","type":"product","link":"https:\/\/bogensportdiscount.ch\/it\/prodotto\/bowtech-compound-bogen-alliance-33-new-deadlock-cam-rotating-mod\/","title":{"rendered":"BOWTECH COMPOUND ALLIANCE 33 NUOVO DEADLOCK CAM ROSSO. MOD RH 65-75LBS 27-32\u2033."},"content":{"rendered":"<p>Der Bowtech Alliance 33 ist ein Compound-Bogen mit einem Achsabstand von 33 Zoll und einer Brace Height von 6.06 Zoll. Er ist mit dem neuen Deadlock Cam-System und einem Rotating Mod ausgestattet, was eine pr\u00e4zise Einstellung des Zuggewichts und der Zugl\u00e4nge erm\u00f6glicht.<\/p>\n<p>Der Bogen ist in verschiedenen Zuggewichtsklassen (50\u201360 lbs bis 65\u201375 lbs) sowie f\u00fcr Rechts- und Linkshandsch\u00fctzen erh\u00e4ltlich. Das Aluminium-Riser-Material sorgt f\u00fcr eine solide und leichte Konstruktion.<\/p>\n<ul>\n<li>Achsabstand: 33 Zoll \u2013 vielseitig f\u00fcr Jagd und 3D<\/li>\n<li>Neues Deadlock Cam-System f\u00fcr gleichm\u00e4ssiges Zugbild<\/li>\n<li>Rotating Mod f\u00fcr flexible Zugl\u00e4ngenanpassung<\/li>\n<li>Erh\u00e4ltlich in mehreren Farben und Zuggewichtsbereichen<\/li>\n<\/ul>","protected":false},"excerpt":{"rendered":"<table>\n<tr>\n<th>Propriet\u00e0<\/th>\n<th>Valore<\/th>\n<\/tr>\n<tr>\n<td>Achsabstand<\/td>\n<td>33 Zoll<\/td>\n<\/tr>\n<tr>\n<td>Brace Height<\/td>\n<td>6.06 Zoll<\/td>\n<\/tr>\n<tr>\n<td>Modul<\/td>\n<td>Rotating Mod<\/td>\n<\/tr>\n<tr>\n<td>Materiale<\/td>\n<td>Aluminium<\/td>\n<\/tr>\n<tr>\n<td>Herkunftsland<\/td>\n<td>USA<\/td>\n<\/tr>\n<\/table>","protected":false},"featured_media":453532,"comment_status":"open","ping_status":"closed","template":"","meta":[],"product_brand":[451],"product_cat":[4524],"product_tag":[],"class_list":{"0":"post-432467","1":"product","2":"type-product","3":"status-publish","4":"has-post-thumbnail","6":"product_brand-bowtech","7":"product_cat-jagdboegen-compound-boegen-boegen","9":"first","10":"instock","11":"shipping-taxable","12":"purchasable","13":"product-type-variable"},"_links":{"self":[{"href":"https:\/\/bogensportdiscount.ch\/it\/wp-json\/wp\/v2\/product\/432467","targetHints":{"allow":["GET"]}}],"collection":[{"href":"https:\/\/bogensportdiscount.ch\/it\/wp-json\/wp\/v2\/product"}],"about":[{"href":"https:\/\/bogensportdiscount.ch\/it\/wp-json\/wp\/v2\/types\/product"}],"replies":[{"embeddable":true,"href":"https:\/\/bogensportdiscount.ch\/it\/wp-json\/wp\/v2\/comments?post=432467"}],"wp:featuredmedia":[{"embeddable":true,"href":"https:\/\/bogensportdiscount.ch\/it\/wp-json\/wp\/v2\/media\/453532"}],"wp:attachment":[{"href":"https:\/\/bogensportdiscount.ch\/it\/wp-json\/wp\/v2\/media?parent=432467"}],"wp:term":[{"taxonomy":"product_brand","embeddable":true,"href":"https:\/\/bogensportdiscount.ch\/it\/wp-json\/wp\/v2\/product_brand?post=432467"},{"taxonomy":"product_cat","embeddable":true,"href":"https:\/\/bogensportdiscount.ch\/it\/wp-json\/wp\/v2\/product_cat?post=432467"},{"taxonomy":"product_tag","embeddable":true,"href":"https:\/\/bogensportdiscount.ch\/it\/wp-json\/wp\/v2\/product_tag?post=432467"}],"curies":[{"name":"wp","href":"https:\/\/api.w.org\/{rel}","templated":true}]}}