{"id":432241,"date":"2026-04-05T15:47:16","date_gmt":"2026-04-05T13:47:16","guid":{"rendered":"https:\/\/bogensportdiscount.ch\/produkt\/compound-arrow-rest-part-prs-exchange-torque-tune-spacer-3-rh\/"},"modified":"2026-04-19T11:54:55","modified_gmt":"2026-04-19T09:54:55","slug":"hamskea-compound-auflage-ersatzteil-prs-exchange-torque-tune-spacer","status":"publish","type":"product","link":"https:\/\/bogensportdiscount.ch\/it\/prodotto\/hamskea-compound-auflage-ersatzteil-prs-exchange-torque-tune-spacer\/","title":{"rendered":"HAMSKEA COMPOUND PFEILAUFLAGE TEIL PRS EXCHANGE TORQUE TUNE SPACER"},"content":{"rendered":"<p>Lo Hamskea PRS Exchange Torque Tune Spacer \u00e8 un pezzo di ricambio e accessorio per i poggiafrecce compound Hamskea della serie PRS Exchange. Lo spacer consente una regolazione precisa della compensazione del torque ed \u00e8 un elemento importante per la messa a punto fine del poggiafrecce.<\/p>\n<p>Il componente \u00e8 disponibile in tre lunghezze (3&#8243;, 4&#8243; e 5&#8243;) ed \u00e8 offerto sia per archi destrorsi che mancini, garantendo un'ampia compatibilit\u00e0. La produzione avviene negli USA.<\/p>\n<ul>\n<li>Compatibile con i poggiafrecce compound Hamskea PRS Exchange<\/li>\n<li>Disponibile nelle lunghezze 3&#8243;, 4&#8243; e 5&#8243;<\/li>\n<li>Adatto per archi destrorsi e mancini<\/li>\n<li>Per la regolazione fine del torque del poggiafrecce<\/li>\n<\/ul>","protected":false},"excerpt":{"rendered":"<p>Spacer di ricambio Hamskea per il poggiafrecce PRS Exchange. Serve per la regolazione del torque ed \u00e8 disponibile nelle lunghezze 3&#8243;, 4&#8243; e 5&#8243; nonch\u00e9 per archi destrorsi e mancini. Prodotto negli USA.<\/p>","protected":false},"featured_media":453631,"comment_status":"open","ping_status":"closed","template":"","meta":[],"product_brand":[465],"product_cat":[4130],"product_tag":[],"class_list":{"0":"post-432241","1":"product","2":"type-product","3":"status-publish","4":"has-post-thumbnail","6":"product_brand-hamskea","7":"product_cat-einzelteile-fuer-compound-pfeilauflage","9":"first","10":"onbackorder","11":"shipping-taxable","12":"purchasable","13":"product-type-variable"},"yoast_head":"<!-- This site is optimized with the Yoast SEO plugin v27.4 - https:\/\/yoast.com\/product\/yoast-seo-wordpress\/ -->\n<title>HAMSKEA COMPOUND PFEILAUFLAGE TEIL PRS EXCHANGE TORQUE TUNE SPACER - Bogensportdiscount \u2013 B\u00f6gen, Pfeile, Targets &amp; Zubeh\u00f6r<\/title>\n<meta name=\"robots\" content=\"noindex, follow, max-snippet:-1, max-image-preview:large, max-video-preview:-1\" \/>\n<meta property=\"og:locale\" content=\"it_IT\" \/>\n<meta property=\"og:type\" content=\"article\" \/>\n<meta property=\"og:title\" content=\"HAMSKEA COMPOUND PFEILAUFLAGE TEIL PRS EXCHANGE TORQUE TUNE SPACER - Bogensportdiscount \u2013 B\u00f6gen, Pfeile, Targets &amp; Zubeh\u00f6r\" \/>\n<meta property=\"og:description\" content=\"Ersatz-Spacer von Hamskea f\u00fcr die PRS Exchange Pfeilauflage. Dient zur Torque-Einstellung und ist in den L\u00e4ngen 3&quot;, 4&quot; und 5&quot; sowie f\u00fcr Links- und Rechtshandbogen erh\u00e4ltlich. Hergestellt in den USA.\" \/>\n<meta property=\"og:url\" content=\"https:\/\/bogensportdiscount.ch\/it\/prodotto\/hamskea-compound-auflage-ersatzteil-prs-exchange-torque-tune-spacer\/\" \/>\n<meta property=\"og:site_name\" content=\"Bogensportdiscount \u2013 B\u00f6gen, Pfeile, Targets &amp; Zubeh\u00f6r\" \/>\n<meta property=\"article:modified_time\" content=\"2026-04-19T09:54:55+00:00\" \/>\n<meta property=\"og:image\" content=\"https:\/\/bogensportdiscount.ch\/wp-content\/uploads\/2026\/04\/bogensportdiscount.ch-pfeile-boegen-zubehoer-fuer-anfaenger-und-profis-zum-besten-preis-Symbolbild-kein-foto-zu-diesem-artikel_01.jpg\" \/>\n\t<meta property=\"og:image:width\" content=\"1080\" \/>\n\t<meta property=\"og:image:height\" content=\"1080\" \/>\n\t<meta property=\"og:image:type\" content=\"image\/jpeg\" \/>\n<meta name=\"twitter:card\" content=\"summary_large_image\" \/>\n<script type=\"application\/ld+json\" class=\"yoast-schema-graph\">{\"@context\":\"https:\\\/\\\/schema.org\",\"@graph\":[{\"@type\":\"WebPage\",\"@id\":\"https:\\\/\\\/bogensportdiscount.ch\\\/it\\\/prodotto\\\/hamskea-compound-auflage-ersatzteil-prs-exchange-torque-tune-spacer\\\/\",\"url\":\"https:\\\/\\\/bogensportdiscount.ch\\\/it\\\/prodotto\\\/hamskea-compound-auflage-ersatzteil-prs-exchange-torque-tune-spacer\\\/\",\"name\":\"HAMSKEA COMPOUND PFEILAUFLAGE TEIL PRS EXCHANGE TORQUE TUNE SPACER - Bogensportdiscount \u2013 B\u00f6gen, Pfeile, Targets &amp; Zubeh\u00f6r\",\"isPartOf\":{\"@id\":\"https:\\\/\\\/bogensportdiscount.ch\\\/#website\"},\"primaryImageOfPage\":{\"@id\":\"https:\\\/\\\/bogensportdiscount.ch\\\/it\\\/prodotto\\\/hamskea-compound-auflage-ersatzteil-prs-exchange-torque-tune-spacer\\\/#primaryimage\"},\"image\":{\"@id\":\"https:\\\/\\\/bogensportdiscount.ch\\\/it\\\/prodotto\\\/hamskea-compound-auflage-ersatzteil-prs-exchange-torque-tune-spacer\\\/#primaryimage\"},\"thumbnailUrl\":\"https:\\\/\\\/bogensportdiscount.ch\\\/wp-content\\\/uploads\\\/2026\\\/04\\\/bogensportdiscount.ch-pfeile-boegen-zubehoer-fuer-anfaenger-und-profis-zum-besten-preis-Symbolbild-kein-foto-zu-diesem-artikel_01.jpg\",\"datePublished\":\"2026-04-05T13:47:16+00:00\",\"dateModified\":\"2026-04-19T09:54:55+00:00\",\"breadcrumb\":{\"@id\":\"https:\\\/\\\/bogensportdiscount.ch\\\/it\\\/prodotto\\\/hamskea-compound-auflage-ersatzteil-prs-exchange-torque-tune-spacer\\\/#breadcrumb\"},\"inLanguage\":\"it-IT\",\"potentialAction\":[{\"@type\":\"ReadAction\",\"target\":[\"https:\\\/\\\/bogensportdiscount.ch\\\/it\\\/prodotto\\\/hamskea-compound-auflage-ersatzteil-prs-exchange-torque-tune-spacer\\\/\"]}]},{\"@type\":\"ImageObject\",\"inLanguage\":\"it-IT\",\"@id\":\"https:\\\/\\\/bogensportdiscount.ch\\\/it\\\/prodotto\\\/hamskea-compound-auflage-ersatzteil-prs-exchange-torque-tune-spacer\\\/#primaryimage\",\"url\":\"https:\\\/\\\/bogensportdiscount.ch\\\/wp-content\\\/uploads\\\/2026\\\/04\\\/bogensportdiscount.ch-pfeile-boegen-zubehoer-fuer-anfaenger-und-profis-zum-besten-preis-Symbolbild-kein-foto-zu-diesem-artikel_01.jpg\",\"contentUrl\":\"https:\\\/\\\/bogensportdiscount.ch\\\/wp-content\\\/uploads\\\/2026\\\/04\\\/bogensportdiscount.ch-pfeile-boegen-zubehoer-fuer-anfaenger-und-profis-zum-besten-preis-Symbolbild-kein-foto-zu-diesem-artikel_01.jpg\",\"width\":1080,\"height\":1080},{\"@type\":\"BreadcrumbList\",\"@id\":\"https:\\\/\\\/bogensportdiscount.ch\\\/it\\\/prodotto\\\/hamskea-compound-auflage-ersatzteil-prs-exchange-torque-tune-spacer\\\/#breadcrumb\",\"itemListElement\":[{\"@type\":\"ListItem\",\"position\":1,\"name\":\"Home\",\"item\":\"https:\\\/\\\/bogensportdiscount.ch\\\/\"},{\"@type\":\"ListItem\",\"position\":2,\"name\":\"Shop\",\"item\":\"https:\\\/\\\/bogensportdiscount.ch\\\/shop\\\/\"},{\"@type\":\"ListItem\",\"position\":3,\"name\":\"HAMSKEA COMPOUND PFEILAUFLAGE TEIL PRS EXCHANGE TORQUE TUNE SPACER\"}]},{\"@type\":\"WebSite\",\"@id\":\"https:\\\/\\\/bogensportdiscount.ch\\\/#website\",\"url\":\"https:\\\/\\\/bogensportdiscount.ch\\\/\",\"name\":\"Bogensportdiscount\",\"description\":\"\",\"potentialAction\":[{\"@type\":\"SearchAction\",\"target\":{\"@type\":\"EntryPoint\",\"urlTemplate\":\"https:\\\/\\\/bogensportdiscount.ch\\\/?s={search_term_string}\"},\"query-input\":{\"@type\":\"PropertyValueSpecification\",\"valueRequired\":true,\"valueName\":\"search_term_string\"}}],\"inLanguage\":\"it-IT\"}]}<\/script>\n<!-- \/ Yoast SEO plugin. -->","yoast_head_json":{"title":"HAMSKEA COMPOUND PFEILAUFLAGE TEIL PRS EXCHANGE TORQUE TUNE SPACER - Bogensportdiscount \u2013 B\u00f6gen, Pfeile, Targets &amp; Zubeh\u00f6r","robots":{"index":"noindex","follow":"follow","max-snippet":"max-snippet:-1","max-image-preview":"max-image-preview:large","max-video-preview":"max-video-preview:-1"},"og_locale":"it_IT","og_type":"article","og_title":"HAMSKEA COMPOUND PFEILAUFLAGE TEIL PRS EXCHANGE TORQUE TUNE SPACER - Bogensportdiscount \u2013 B\u00f6gen, Pfeile, Targets &amp; Zubeh\u00f6r","og_description":"Ersatz-Spacer von Hamskea f\u00fcr die PRS Exchange Pfeilauflage. Dient zur Torque-Einstellung und ist in den L\u00e4ngen 3\", 4\" und 5\" sowie f\u00fcr Links- und Rechtshandbogen erh\u00e4ltlich. Hergestellt in den USA.","og_url":"https:\/\/bogensportdiscount.ch\/it\/prodotto\/hamskea-compound-auflage-ersatzteil-prs-exchange-torque-tune-spacer\/","og_site_name":"Bogensportdiscount \u2013 B\u00f6gen, Pfeile, Targets &amp; Zubeh\u00f6r","article_modified_time":"2026-04-19T09:54:55+00:00","og_image":[{"width":1080,"height":1080,"url":"https:\/\/bogensportdiscount.ch\/wp-content\/uploads\/2026\/04\/bogensportdiscount.ch-pfeile-boegen-zubehoer-fuer-anfaenger-und-profis-zum-besten-preis-Symbolbild-kein-foto-zu-diesem-artikel_01.jpg","type":"image\/jpeg"}],"twitter_card":"summary_large_image","schema":{"@context":"https:\/\/schema.org","@graph":[{"@type":"WebPage","@id":"https:\/\/bogensportdiscount.ch\/it\/prodotto\/hamskea-compound-auflage-ersatzteil-prs-exchange-torque-tune-spacer\/","url":"https:\/\/bogensportdiscount.ch\/it\/prodotto\/hamskea-compound-auflage-ersatzteil-prs-exchange-torque-tune-spacer\/","name":"HAMSKEA COMPOUND PFEILAUFLAGE TEIL PRS EXCHANGE TORQUE TUNE SPACER - Bogensportdiscount \u2013 B\u00f6gen, Pfeile, Targets &amp; Zubeh\u00f6r","isPartOf":{"@id":"https:\/\/bogensportdiscount.ch\/#website"},"primaryImageOfPage":{"@id":"https:\/\/bogensportdiscount.ch\/it\/prodotto\/hamskea-compound-auflage-ersatzteil-prs-exchange-torque-tune-spacer\/#primaryimage"},"image":{"@id":"https:\/\/bogensportdiscount.ch\/it\/prodotto\/hamskea-compound-auflage-ersatzteil-prs-exchange-torque-tune-spacer\/#primaryimage"},"thumbnailUrl":"https:\/\/bogensportdiscount.ch\/wp-content\/uploads\/2026\/04\/bogensportdiscount.ch-pfeile-boegen-zubehoer-fuer-anfaenger-und-profis-zum-besten-preis-Symbolbild-kein-foto-zu-diesem-artikel_01.jpg","datePublished":"2026-04-05T13:47:16+00:00","dateModified":"2026-04-19T09:54:55+00:00","breadcrumb":{"@id":"https:\/\/bogensportdiscount.ch\/it\/prodotto\/hamskea-compound-auflage-ersatzteil-prs-exchange-torque-tune-spacer\/#breadcrumb"},"inLanguage":"it-IT","potentialAction":[{"@type":"ReadAction","target":["https:\/\/bogensportdiscount.ch\/it\/prodotto\/hamskea-compound-auflage-ersatzteil-prs-exchange-torque-tune-spacer\/"]}]},{"@type":"ImageObject","inLanguage":"it-IT","@id":"https:\/\/bogensportdiscount.ch\/it\/prodotto\/hamskea-compound-auflage-ersatzteil-prs-exchange-torque-tune-spacer\/#primaryimage","url":"https:\/\/bogensportdiscount.ch\/wp-content\/uploads\/2026\/04\/bogensportdiscount.ch-pfeile-boegen-zubehoer-fuer-anfaenger-und-profis-zum-besten-preis-Symbolbild-kein-foto-zu-diesem-artikel_01.jpg","contentUrl":"https:\/\/bogensportdiscount.ch\/wp-content\/uploads\/2026\/04\/bogensportdiscount.ch-pfeile-boegen-zubehoer-fuer-anfaenger-und-profis-zum-besten-preis-Symbolbild-kein-foto-zu-diesem-artikel_01.jpg","width":1080,"height":1080},{"@type":"BreadcrumbList","@id":"https:\/\/bogensportdiscount.ch\/it\/prodotto\/hamskea-compound-auflage-ersatzteil-prs-exchange-torque-tune-spacer\/#breadcrumb","itemListElement":[{"@type":"ListItem","position":1,"name":"Home","item":"https:\/\/bogensportdiscount.ch\/"},{"@type":"ListItem","position":2,"name":"Shop","item":"https:\/\/bogensportdiscount.ch\/shop\/"},{"@type":"ListItem","position":3,"name":"HAMSKEA COMPOUND PFEILAUFLAGE TEIL PRS EXCHANGE TORQUE TUNE SPACER"}]},{"@type":"WebSite","@id":"https:\/\/bogensportdiscount.ch\/#website","url":"https:\/\/bogensportdiscount.ch\/","name":"Bogensportdiscount","description":"","potentialAction":[{"@type":"SearchAction","target":{"@type":"EntryPoint","urlTemplate":"https:\/\/bogensportdiscount.ch\/?s={search_term_string}"},"query-input":{"@type":"PropertyValueSpecification","valueRequired":true,"valueName":"search_term_string"}}],"inLanguage":"it-IT"}]}},"_links":{"self":[{"href":"https:\/\/bogensportdiscount.ch\/it\/wp-json\/wp\/v2\/product\/432241","targetHints":{"allow":["GET"]}}],"collection":[{"href":"https:\/\/bogensportdiscount.ch\/it\/wp-json\/wp\/v2\/product"}],"about":[{"href":"https:\/\/bogensportdiscount.ch\/it\/wp-json\/wp\/v2\/types\/product"}],"replies":[{"embeddable":true,"href":"https:\/\/bogensportdiscount.ch\/it\/wp-json\/wp\/v2\/comments?post=432241"}],"wp:featuredmedia":[{"embeddable":true,"href":"https:\/\/bogensportdiscount.ch\/it\/wp-json\/wp\/v2\/media\/453631"}],"wp:attachment":[{"href":"https:\/\/bogensportdiscount.ch\/it\/wp-json\/wp\/v2\/media?parent=432241"}],"wp:term":[{"taxonomy":"product_brand","embeddable":true,"href":"https:\/\/bogensportdiscount.ch\/it\/wp-json\/wp\/v2\/product_brand?post=432241"},{"taxonomy":"product_cat","embeddable":true,"href":"https:\/\/bogensportdiscount.ch\/it\/wp-json\/wp\/v2\/product_cat?post=432241"},{"taxonomy":"product_tag","embeddable":true,"href":"https:\/\/bogensportdiscount.ch\/it\/wp-json\/wp\/v2\/product_tag?post=432241"}],"curies":[{"name":"wp","href":"https:\/\/api.w.org\/{rel}","templated":true}]}}