{"id":430856,"date":"2026-04-05T15:43:35","date_gmt":"2026-04-05T13:43:35","guid":{"rendered":"https:\/\/bogensportdiscount.ch\/produkt\/glue-in-points-stainless-steel-id3-2-size-350-weight-120gr-12pk\/"},"modified":"2026-05-14T15:27:54","modified_gmt":"2026-05-14T13:27:54","slug":"sanlida-einklebe-spitzen-rostfrei-id-3-2-120-grain","status":"publish","type":"product","link":"https:\/\/bogensportdiscount.ch\/it\/prodotto\/sanlida-einklebe-spitzen-rostfrei-id-3-2-120-grain\/","title":{"rendered":"SANLIDA Einklebe-Punkt aus Edelstahl, ID 3,2, Gr\u00f6\u00dfe 12\/PK"},"content":{"rendered":"<p>Le punte da incollare SANLIDA in acciaio inossidabile sono progettate per aste di freccia con un diametro interno di 3,2 mm. Con un peso di 120 grain, sono adatte all'uso in diverse discipline del tiro con l'arco.<\/p>\n<p>Le punte sono disponibili con un'ampia gamma di valori spine (da 550 a 1000), il che consente la combinazione con diversi tipi di asta. La lavorazione in acciaio inossidabile garantisce buona durabilit\u00e0 e resistenza alla corrosione.<\/p>\n<ul>\n<li>Diametro interno: 3,2 mm<\/li>\n<li>Peso: 120 grain<\/li>\n<li>Materiale: Acciaio inossidabile<\/li>\n<li>Compatibile con valori spine 550\u20131000<\/li>\n<\/ul>","protected":false},"excerpt":{"rendered":"<table>\n<tr>\n<th>Propriet\u00e0<\/th>\n<th>Valore<\/th>\n<\/tr>\n<tr>\n<td>Marca<\/td>\n<td>Sanlida<\/td>\n<\/tr>\n<tr>\n<td>Diametro interno (ID)<\/td>\n<td>3,2 mm<\/td>\n<\/tr>\n<tr>\n<td>Peso<\/td>\n<td>120 grain<\/td>\n<\/tr>\n<tr>\n<td>Materiale<\/td>\n<td>Acciaio inossidabile<\/td>\n<\/tr>\n<tr>\n<td>Origine<\/td>\n<td>Cina<\/td>\n<\/tr>\n<\/table>","protected":false},"featured_media":528643,"comment_status":"open","ping_status":"closed","template":"","meta":[],"product_brand":[459],"product_cat":[4543],"product_tag":[],"class_list":{"0":"post-430856","1":"product","2":"type-product","3":"status-publish","4":"has-post-thumbnail","6":"product_brand-sanlida","7":"product_cat-einklebe-spitzen","8":"product_shipping_class-bsd-standard","10":"first","11":"instock","12":"shipping-taxable","13":"purchasable","14":"product-type-variable"},"yoast_head":"<!-- This site is optimized with the Yoast SEO plugin v27.6 - https:\/\/yoast.com\/product\/yoast-seo-wordpress\/ -->\n<title>SANLIDA Einklebe-Punkt aus Edelstahl, ID 3,2, Gr\u00f6\u00dfe 12\/PK - Bogensportdiscount \u2013 B\u00f6gen, Pfeile, Targets &amp; Zubeh\u00f6r<\/title>\n<meta name=\"description\" content=\"SANLIDA Einklebe-Punkt aus Edelstahl, ID 3,2, Gr\u00f6\u00dfe 12\/PK g\u00fcnstig kaufen bei Bogensportdiscount \u2013 Top-Marken, schneller Versand aus der Schweiz.\" \/>\n<meta name=\"robots\" content=\"index, follow, max-snippet:-1, max-image-preview:large, max-video-preview:-1\" \/>\n<link rel=\"canonical\" href=\"https:\/\/bogensportdiscount.ch\/it\/prodotto\/sanlida-einklebe-spitzen-rostfrei-id-3-2-120-grain\/\" \/>\n<meta property=\"og:locale\" content=\"it_IT\" \/>\n<meta property=\"og:type\" content=\"article\" \/>\n<meta property=\"og:title\" content=\"SANLIDA Einklebe-Punkt aus Edelstahl, ID 3,2, Gr\u00f6\u00dfe 12\/PK - Bogensportdiscount \u2013 B\u00f6gen, Pfeile, Targets &amp; Zubeh\u00f6r\" \/>\n<meta property=\"og:description\" content=\"SANLIDA Einklebe-Punkt aus Edelstahl, ID 3,2, Gr\u00f6\u00dfe 12\/PK g\u00fcnstig kaufen bei Bogensportdiscount \u2013 Top-Marken, schneller Versand aus der Schweiz.\" \/>\n<meta property=\"og:url\" content=\"https:\/\/bogensportdiscount.ch\/it\/prodotto\/sanlida-einklebe-spitzen-rostfrei-id-3-2-120-grain\/\" \/>\n<meta property=\"og:site_name\" content=\"Bogensportdiscount \u2013 B\u00f6gen, Pfeile, Targets &amp; Zubeh\u00f6r\" \/>\n<meta property=\"article:modified_time\" content=\"2026-05-14T13:27:54+00:00\" \/>\n<meta property=\"og:image\" content=\"https:\/\/bogensportdiscount.ch\/wp-content\/uploads\/2026\/04\/a099306_1.png\" \/>\n\t<meta property=\"og:image:width\" content=\"400\" \/>\n\t<meta property=\"og:image:height\" content=\"179\" \/>\n\t<meta property=\"og:image:type\" content=\"image\/png\" \/>\n<meta name=\"twitter:card\" content=\"summary_large_image\" \/>\n<script type=\"application\/ld+json\" class=\"yoast-schema-graph\">{\"@context\":\"https:\\\/\\\/schema.org\",\"@graph\":[{\"@type\":\"WebPage\",\"@id\":\"https:\\\/\\\/bogensportdiscount.ch\\\/produkt\\\/sanlida-einklebe-spitzen-rostfrei-id-3-2-120-grain\\\/\",\"url\":\"https:\\\/\\\/bogensportdiscount.ch\\\/produkt\\\/sanlida-einklebe-spitzen-rostfrei-id-3-2-120-grain\\\/\",\"name\":\"SANLIDA Einklebe-Punkt aus Edelstahl, ID 3,2, Gr\u00f6\u00dfe 12\\\/PK - Bogensportdiscount \u2013 B\u00f6gen, Pfeile, Targets &amp; Zubeh\u00f6r\",\"isPartOf\":{\"@id\":\"https:\\\/\\\/bogensportdiscount.ch\\\/#website\"},\"primaryImageOfPage\":{\"@id\":\"https:\\\/\\\/bogensportdiscount.ch\\\/produkt\\\/sanlida-einklebe-spitzen-rostfrei-id-3-2-120-grain\\\/#primaryimage\"},\"image\":{\"@id\":\"https:\\\/\\\/bogensportdiscount.ch\\\/produkt\\\/sanlida-einklebe-spitzen-rostfrei-id-3-2-120-grain\\\/#primaryimage\"},\"thumbnailUrl\":\"https:\\\/\\\/bogensportdiscount.ch\\\/wp-content\\\/uploads\\\/2026\\\/04\\\/a099306_1.png\",\"datePublished\":\"2026-04-05T13:43:35+00:00\",\"dateModified\":\"2026-05-14T13:27:54+00:00\",\"description\":\"SANLIDA Einklebe-Punkt aus Edelstahl, ID 3,2, Gr\u00f6\u00dfe 12\\\/PK g\u00fcnstig kaufen bei Bogensportdiscount \u2013 Top-Marken, schneller Versand aus der Schweiz.\",\"breadcrumb\":{\"@id\":\"https:\\\/\\\/bogensportdiscount.ch\\\/produkt\\\/sanlida-einklebe-spitzen-rostfrei-id-3-2-120-grain\\\/#breadcrumb\"},\"inLanguage\":\"it-IT\",\"potentialAction\":[{\"@type\":\"ReadAction\",\"target\":[\"https:\\\/\\\/bogensportdiscount.ch\\\/produkt\\\/sanlida-einklebe-spitzen-rostfrei-id-3-2-120-grain\\\/\"]}]},{\"@type\":\"ImageObject\",\"inLanguage\":\"it-IT\",\"@id\":\"https:\\\/\\\/bogensportdiscount.ch\\\/produkt\\\/sanlida-einklebe-spitzen-rostfrei-id-3-2-120-grain\\\/#primaryimage\",\"url\":\"https:\\\/\\\/bogensportdiscount.ch\\\/wp-content\\\/uploads\\\/2026\\\/04\\\/a099306_1.png\",\"contentUrl\":\"https:\\\/\\\/bogensportdiscount.ch\\\/wp-content\\\/uploads\\\/2026\\\/04\\\/a099306_1.png\",\"width\":400,\"height\":179},{\"@type\":\"BreadcrumbList\",\"@id\":\"https:\\\/\\\/bogensportdiscount.ch\\\/produkt\\\/sanlida-einklebe-spitzen-rostfrei-id-3-2-120-grain\\\/#breadcrumb\",\"itemListElement\":[{\"@type\":\"ListItem\",\"position\":1,\"name\":\"Home\",\"item\":\"https:\\\/\\\/bogensportdiscount.ch\\\/\"},{\"@type\":\"ListItem\",\"position\":2,\"name\":\"Shop\",\"item\":\"https:\\\/\\\/bogensportdiscount.ch\\\/shop\\\/\"},{\"@type\":\"ListItem\",\"position\":3,\"name\":\"SANLIDA Einklebe-Punkt aus Edelstahl, ID 3,2, Gr\u00f6\u00dfe 12\\\/PK\"}]},{\"@type\":\"WebSite\",\"@id\":\"https:\\\/\\\/bogensportdiscount.ch\\\/#website\",\"url\":\"https:\\\/\\\/bogensportdiscount.ch\\\/\",\"name\":\"Bogensportdiscount\",\"description\":\"\",\"potentialAction\":[{\"@type\":\"SearchAction\",\"target\":{\"@type\":\"EntryPoint\",\"urlTemplate\":\"https:\\\/\\\/bogensportdiscount.ch\\\/?s={search_term_string}\"},\"query-input\":{\"@type\":\"PropertyValueSpecification\",\"valueRequired\":true,\"valueName\":\"search_term_string\"}}],\"inLanguage\":\"it-IT\"}]}<\/script>\n<!-- \/ Yoast SEO plugin. -->","yoast_head_json":{"title":"SANLIDA Einklebe-Punkt aus Edelstahl, ID 3,2, Gr\u00f6\u00dfe 12\/PK - Bogensportdiscount \u2013 B\u00f6gen, Pfeile, Targets &amp; Zubeh\u00f6r","description":"SANLIDA Einklebe-Punkt aus Edelstahl, ID 3,2, Gr\u00f6\u00dfe 12\/PK g\u00fcnstig kaufen bei Bogensportdiscount \u2013 Top-Marken, schneller Versand aus der Schweiz.","robots":{"index":"index","follow":"follow","max-snippet":"max-snippet:-1","max-image-preview":"max-image-preview:large","max-video-preview":"max-video-preview:-1"},"canonical":"https:\/\/bogensportdiscount.ch\/it\/prodotto\/sanlida-einklebe-spitzen-rostfrei-id-3-2-120-grain\/","og_locale":"it_IT","og_type":"article","og_title":"SANLIDA Einklebe-Punkt aus Edelstahl, ID 3,2, Gr\u00f6\u00dfe 12\/PK - Bogensportdiscount \u2013 B\u00f6gen, Pfeile, Targets &amp; Zubeh\u00f6r","og_description":"SANLIDA Einklebe-Punkt aus Edelstahl, ID 3,2, Gr\u00f6\u00dfe 12\/PK g\u00fcnstig kaufen bei Bogensportdiscount \u2013 Top-Marken, schneller Versand aus der Schweiz.","og_url":"https:\/\/bogensportdiscount.ch\/it\/prodotto\/sanlida-einklebe-spitzen-rostfrei-id-3-2-120-grain\/","og_site_name":"Bogensportdiscount \u2013 B\u00f6gen, Pfeile, Targets &amp; Zubeh\u00f6r","article_modified_time":"2026-05-14T13:27:54+00:00","og_image":[{"width":400,"height":179,"url":"https:\/\/bogensportdiscount.ch\/wp-content\/uploads\/2026\/04\/a099306_1.png","type":"image\/png"}],"twitter_card":"summary_large_image","schema":{"@context":"https:\/\/schema.org","@graph":[{"@type":"WebPage","@id":"https:\/\/bogensportdiscount.ch\/produkt\/sanlida-einklebe-spitzen-rostfrei-id-3-2-120-grain\/","url":"https:\/\/bogensportdiscount.ch\/produkt\/sanlida-einklebe-spitzen-rostfrei-id-3-2-120-grain\/","name":"SANLIDA Einklebe-Punkt aus Edelstahl, ID 3,2, Gr\u00f6\u00dfe 12\/PK - Bogensportdiscount \u2013 B\u00f6gen, Pfeile, Targets &amp; Zubeh\u00f6r","isPartOf":{"@id":"https:\/\/bogensportdiscount.ch\/#website"},"primaryImageOfPage":{"@id":"https:\/\/bogensportdiscount.ch\/produkt\/sanlida-einklebe-spitzen-rostfrei-id-3-2-120-grain\/#primaryimage"},"image":{"@id":"https:\/\/bogensportdiscount.ch\/produkt\/sanlida-einklebe-spitzen-rostfrei-id-3-2-120-grain\/#primaryimage"},"thumbnailUrl":"https:\/\/bogensportdiscount.ch\/wp-content\/uploads\/2026\/04\/a099306_1.png","datePublished":"2026-04-05T13:43:35+00:00","dateModified":"2026-05-14T13:27:54+00:00","description":"SANLIDA Einklebe-Punkt aus Edelstahl, ID 3,2, Gr\u00f6\u00dfe 12\/PK g\u00fcnstig kaufen bei Bogensportdiscount \u2013 Top-Marken, schneller Versand aus der Schweiz.","breadcrumb":{"@id":"https:\/\/bogensportdiscount.ch\/produkt\/sanlida-einklebe-spitzen-rostfrei-id-3-2-120-grain\/#breadcrumb"},"inLanguage":"it-IT","potentialAction":[{"@type":"ReadAction","target":["https:\/\/bogensportdiscount.ch\/produkt\/sanlida-einklebe-spitzen-rostfrei-id-3-2-120-grain\/"]}]},{"@type":"ImageObject","inLanguage":"it-IT","@id":"https:\/\/bogensportdiscount.ch\/produkt\/sanlida-einklebe-spitzen-rostfrei-id-3-2-120-grain\/#primaryimage","url":"https:\/\/bogensportdiscount.ch\/wp-content\/uploads\/2026\/04\/a099306_1.png","contentUrl":"https:\/\/bogensportdiscount.ch\/wp-content\/uploads\/2026\/04\/a099306_1.png","width":400,"height":179},{"@type":"BreadcrumbList","@id":"https:\/\/bogensportdiscount.ch\/produkt\/sanlida-einklebe-spitzen-rostfrei-id-3-2-120-grain\/#breadcrumb","itemListElement":[{"@type":"ListItem","position":1,"name":"Home","item":"https:\/\/bogensportdiscount.ch\/"},{"@type":"ListItem","position":2,"name":"Shop","item":"https:\/\/bogensportdiscount.ch\/shop\/"},{"@type":"ListItem","position":3,"name":"SANLIDA Einklebe-Punkt aus Edelstahl, ID 3,2, Gr\u00f6\u00dfe 12\/PK"}]},{"@type":"WebSite","@id":"https:\/\/bogensportdiscount.ch\/#website","url":"https:\/\/bogensportdiscount.ch\/","name":"Bogensportdiscount","description":"","potentialAction":[{"@type":"SearchAction","target":{"@type":"EntryPoint","urlTemplate":"https:\/\/bogensportdiscount.ch\/?s={search_term_string}"},"query-input":{"@type":"PropertyValueSpecification","valueRequired":true,"valueName":"search_term_string"}}],"inLanguage":"it-IT"}]}},"_links":{"self":[{"href":"https:\/\/bogensportdiscount.ch\/it\/wp-json\/wp\/v2\/product\/430856","targetHints":{"allow":["GET"]}}],"collection":[{"href":"https:\/\/bogensportdiscount.ch\/it\/wp-json\/wp\/v2\/product"}],"about":[{"href":"https:\/\/bogensportdiscount.ch\/it\/wp-json\/wp\/v2\/types\/product"}],"replies":[{"embeddable":true,"href":"https:\/\/bogensportdiscount.ch\/it\/wp-json\/wp\/v2\/comments?post=430856"}],"wp:featuredmedia":[{"embeddable":true,"href":"https:\/\/bogensportdiscount.ch\/it\/wp-json\/wp\/v2\/media\/528643"}],"wp:attachment":[{"href":"https:\/\/bogensportdiscount.ch\/it\/wp-json\/wp\/v2\/media?parent=430856"}],"wp:term":[{"taxonomy":"product_brand","embeddable":true,"href":"https:\/\/bogensportdiscount.ch\/it\/wp-json\/wp\/v2\/product_brand?post=430856"},{"taxonomy":"product_cat","embeddable":true,"href":"https:\/\/bogensportdiscount.ch\/it\/wp-json\/wp\/v2\/product_cat?post=430856"},{"taxonomy":"product_tag","embeddable":true,"href":"https:\/\/bogensportdiscount.ch\/it\/wp-json\/wp\/v2\/product_tag?post=430856"}],"curies":[{"name":"wp","href":"https:\/\/api.w.org\/{rel}","templated":true}]}}