{"id":430802,"date":"2026-04-05T15:43:25","date_gmt":"2026-04-05T13:43:25","guid":{"rendered":"https:\/\/bogensportdiscount.ch\/produkt\/spin-vanes-for-sanlida-miracle-10-target-recurve-1-75-50-pk-white\/"},"modified":"2026-04-17T13:50:18","modified_gmt":"2026-04-17T11:50:18","slug":"sanlida-spin-wings-miracle-10-target-recurve-175-50er-pack","status":"publish","type":"product","link":"https:\/\/bogensportdiscount.ch\/it\/prodotto\/sanlida-spin-wings-miracle-10-target-recurve-175-50er-pack\/","title":{"rendered":"SPIN VANES FOR SANLIDA MIRACLE 10 TARGET RECURVE 1.75&#8243; 50\/PK"},"content":{"rendered":"<p>Die SANLIDA Spin-Wings f\u00fcr den Miracle 10 Target Recurve sind speziell f\u00fcr den Einsatz im Recurve-Zielschiesssport ausgelegt. Die Befiederung ist 1.75 Zoll lang und in der Shield-Form gefertigt, die eine gleichm\u00e4ssige Pfeilrotation und damit eine stabile Flugbahn unterst\u00fctzt.<\/p>\n<p>Die Spin-Wings sind in verschiedenen Farben erh\u00e4ltlich und erm\u00f6glichen eine individuelle Pfeilkennzeichnung. Das Paket enth\u00e4lt 50 St\u00fcck, was eine ausreichende Vorratsmenge f\u00fcr Training und Wettkampf bietet.<\/p>\n<ul>\n<li>L\u00e4nge: 1.75 Zoll<\/li>\n<li>Form: Shield<\/li>\n<li>50 pezzi per confezione<\/li>\n<li>Erh\u00e4ltlich in mehreren Farben (Blau, Gold, Pink, Lila, Rot, Silber, Weiss)<\/li>\n<\/ul>","protected":false},"excerpt":{"rendered":"<table>\n<tr>\n<th>Propriet\u00e0<\/th>\n<th>Valore<\/th>\n<\/tr>\n<tr>\n<td>Marchio<\/td>\n<td>Sanlida<\/td>\n<\/tr>\n<tr>\n<td>Lunghezza<\/td>\n<td>1.75 Zoll<\/td>\n<\/tr>\n<tr>\n<td>Forma<\/td>\n<td>Shield<\/td>\n<\/tr>\n<tr>\n<td>Packungsinhalt<\/td>\n<td>50 pezzi<\/td>\n<\/tr>\n<tr>\n<td>Origine<\/td>\n<td>China<\/td>\n<\/tr>\n<\/table>","protected":false},"featured_media":453631,"comment_status":"open","ping_status":"closed","template":"","meta":[],"product_brand":[459],"product_cat":[4257],"product_tag":[],"class_list":{"0":"post-430802","1":"product","2":"type-product","3":"status-publish","4":"has-post-thumbnail","6":"product_brand-sanlida","7":"product_cat-spin-vanes","9":"first","10":"outofstock","11":"shipping-taxable","12":"purchasable","13":"product-type-variable"},"_links":{"self":[{"href":"https:\/\/bogensportdiscount.ch\/it\/wp-json\/wp\/v2\/product\/430802","targetHints":{"allow":["GET"]}}],"collection":[{"href":"https:\/\/bogensportdiscount.ch\/it\/wp-json\/wp\/v2\/product"}],"about":[{"href":"https:\/\/bogensportdiscount.ch\/it\/wp-json\/wp\/v2\/types\/product"}],"replies":[{"embeddable":true,"href":"https:\/\/bogensportdiscount.ch\/it\/wp-json\/wp\/v2\/comments?post=430802"}],"wp:featuredmedia":[{"embeddable":true,"href":"https:\/\/bogensportdiscount.ch\/it\/wp-json\/wp\/v2\/media\/453631"}],"wp:attachment":[{"href":"https:\/\/bogensportdiscount.ch\/it\/wp-json\/wp\/v2\/media?parent=430802"}],"wp:term":[{"taxonomy":"product_brand","embeddable":true,"href":"https:\/\/bogensportdiscount.ch\/it\/wp-json\/wp\/v2\/product_brand?post=430802"},{"taxonomy":"product_cat","embeddable":true,"href":"https:\/\/bogensportdiscount.ch\/it\/wp-json\/wp\/v2\/product_cat?post=430802"},{"taxonomy":"product_tag","embeddable":true,"href":"https:\/\/bogensportdiscount.ch\/it\/wp-json\/wp\/v2\/product_tag?post=430802"}],"curies":[{"name":"wp","href":"https:\/\/api.w.org\/{rel}","templated":true}]}}