{"id":430215,"date":"2026-04-05T15:42:16","date_gmt":"2026-04-05T13:42:16","guid":{"rendered":"https:\/\/bogensportdiscount.ch\/produkt\/top-module-small-24-for-compound-bow-hero-10-ii-37\/"},"modified":"2026-05-14T15:27:52","modified_gmt":"2026-05-14T13:27:52","slug":"sanlida-top-modul-small-24-compound-bogen-hero-10-ii-37","status":"publish","type":"product","link":"https:\/\/bogensportdiscount.ch\/it\/prodotto\/sanlida-top-modul-small-24-compound-bogen-hero-10-ii-37\/","title":{"rendered":"SANLIDA TOP MODUL LARGE-29&#8243; F\u00dcR COMPOUNDBOGEN HERO 10 II 37&#8243;"},"content":{"rendered":"<p>Das Sanlida Top-Modul Small 24&#8243; ist ein Ersatz- und Anpassungsmodul f\u00fcr den Compound-Bogen Sanlida Hero 10 II 37&#8243;. Das Modul wird am oberen Nocken des Bogens montiert und erm\u00f6glicht die Einstellung der Zugweite.<\/p>\n<p>Das Modul ist in der Gr\u00f6sse Small erh\u00e4ltlich und deckt einen Zugweitenbereich von 24&#8243; bis 31.5&#8243; ab, je nach gew\u00e4hlter Einstellung. Es ist damit geeignet f\u00fcr Sch\u00fctzen, die ihren Hero 10 II 37&#8243; auf ihre individuelle Zugweite anpassen m\u00f6chten.<\/p>\n<ul>\n<li>Passend f\u00fcr Sanlida Hero 10 II 37&#8243;<\/li>\n<li>Misura: Small<\/li>\n<li>Zugweitenbereich: 24&#8243; bis 31.5&#8243; (je nach Einstellung)<\/li>\n<li>Einfache Anpassung der Zugweite am Compound-Bogen<\/li>\n<\/ul>","protected":false},"excerpt":{"rendered":"<table>\n<tr>\n<th>Propriet\u00e0<\/th>\n<th>Valore<\/th>\n<\/tr>\n<tr>\n<td>Marca<\/td>\n<td>Sanlida<\/td>\n<\/tr>\n<tr>\n<td>Adatto per<\/td>\n<td>Sanlida Hero 10 II 37&#8243;<\/td>\n<\/tr>\n<tr>\n<td>DIMENSIONE<\/td>\n<td>Small (S)<\/td>\n<\/tr>\n<tr>\n<td>Zugweite<\/td>\n<td>24&#8243;<\/td>\n<\/tr>\n<tr>\n<td>Origine<\/td>\n<td>Cina<\/td>\n<\/tr>\n<\/table>","protected":false},"featured_media":531036,"comment_status":"open","ping_status":"closed","template":"","meta":[],"product_brand":[459],"product_cat":[4526],"product_tag":[],"class_list":{"0":"post-430215","1":"product","2":"type-product","3":"status-publish","4":"has-post-thumbnail","6":"product_brand-sanlida","7":"product_cat-einzelteile-fuer-compound-boegen","8":"product_shipping_class-bsd-standard","10":"first","11":"onbackorder","12":"shipping-taxable","13":"purchasable","14":"product-type-variable"},"yoast_head":"<!-- This site is optimized with the Yoast SEO plugin v27.6 - https:\/\/yoast.com\/product\/yoast-seo-wordpress\/ -->\n<title>SANLIDA TOP MODUL LARGE-29&quot; F\u00dcR COMPOUNDBOGEN HERO 10 II 37&quot; - Bogensportdiscount \u2013 B\u00f6gen, Pfeile, Targets &amp; Zubeh\u00f6r<\/title>\n<meta name=\"description\" content=\"SANLIDA TOP MODUL LARGE-29&quot; F\u00dcR COMPOUNDBOGEN HERO 10 II 37&quot; g\u00fcnstig kaufen bei Bogensportdiscount \u2013 Top-Marken, schneller Versand aus der Schweiz.\" \/>\n<meta name=\"robots\" content=\"index, follow, max-snippet:-1, max-image-preview:large, max-video-preview:-1\" \/>\n<link rel=\"canonical\" href=\"https:\/\/bogensportdiscount.ch\/it\/prodotto\/sanlida-top-modul-small-24-compound-bogen-hero-10-ii-37\/\" \/>\n<meta property=\"og:locale\" content=\"it_IT\" \/>\n<meta property=\"og:type\" content=\"article\" \/>\n<meta property=\"og:title\" content=\"SANLIDA TOP MODUL LARGE-29&quot; F\u00dcR COMPOUNDBOGEN HERO 10 II 37&quot; - Bogensportdiscount \u2013 B\u00f6gen, Pfeile, Targets &amp; Zubeh\u00f6r\" \/>\n<meta property=\"og:description\" content=\"SANLIDA TOP MODUL LARGE-29&quot; F\u00dcR COMPOUNDBOGEN HERO 10 II 37&quot; g\u00fcnstig kaufen bei Bogensportdiscount \u2013 Top-Marken, schneller Versand aus der Schweiz.\" \/>\n<meta property=\"og:url\" content=\"https:\/\/bogensportdiscount.ch\/it\/prodotto\/sanlida-top-modul-small-24-compound-bogen-hero-10-ii-37\/\" \/>\n<meta property=\"og:site_name\" content=\"Bogensportdiscount \u2013 B\u00f6gen, Pfeile, Targets &amp; Zubeh\u00f6r\" \/>\n<meta property=\"article:modified_time\" content=\"2026-05-14T13:27:52+00:00\" \/>\n<meta property=\"og:image\" content=\"https:\/\/bogensportdiscount.ch\/wp-content\/uploads\/2026\/04\/bogensportdiscount.ch-pfeile-boegen-zubehoer-fuer-anfaenger-und-profis-zum-besten-preis-Symbolbild-kein-foto-zu-diesem-artikel_01.jpg\" \/>\n\t<meta property=\"og:image:width\" content=\"1080\" \/>\n\t<meta property=\"og:image:height\" content=\"1080\" \/>\n\t<meta property=\"og:image:type\" content=\"image\/jpeg\" \/>\n<meta name=\"twitter:card\" content=\"summary_large_image\" \/>\n<script type=\"application\/ld+json\" class=\"yoast-schema-graph\">{\"@context\":\"https:\\\/\\\/schema.org\",\"@graph\":[{\"@type\":\"WebPage\",\"@id\":\"https:\\\/\\\/bogensportdiscount.ch\\\/produkt\\\/sanlida-top-modul-small-24-compound-bogen-hero-10-ii-37\\\/\",\"url\":\"https:\\\/\\\/bogensportdiscount.ch\\\/produkt\\\/sanlida-top-modul-small-24-compound-bogen-hero-10-ii-37\\\/\",\"name\":\"SANLIDA TOP MODUL LARGE-29\\\" F\u00dcR COMPOUNDBOGEN HERO 10 II 37\\\" - Bogensportdiscount \u2013 B\u00f6gen, Pfeile, Targets &amp; Zubeh\u00f6r\",\"isPartOf\":{\"@id\":\"https:\\\/\\\/bogensportdiscount.ch\\\/#website\"},\"primaryImageOfPage\":{\"@id\":\"https:\\\/\\\/bogensportdiscount.ch\\\/produkt\\\/sanlida-top-modul-small-24-compound-bogen-hero-10-ii-37\\\/#primaryimage\"},\"image\":{\"@id\":\"https:\\\/\\\/bogensportdiscount.ch\\\/produkt\\\/sanlida-top-modul-small-24-compound-bogen-hero-10-ii-37\\\/#primaryimage\"},\"thumbnailUrl\":\"https:\\\/\\\/bogensportdiscount.ch\\\/wp-content\\\/uploads\\\/2026\\\/05\\\/a098359_1.png\",\"datePublished\":\"2026-04-05T13:42:16+00:00\",\"dateModified\":\"2026-05-14T13:27:52+00:00\",\"description\":\"SANLIDA TOP MODUL LARGE-29\\\" F\u00dcR COMPOUNDBOGEN HERO 10 II 37\\\" g\u00fcnstig kaufen bei Bogensportdiscount \u2013 Top-Marken, schneller Versand aus der Schweiz.\",\"breadcrumb\":{\"@id\":\"https:\\\/\\\/bogensportdiscount.ch\\\/produkt\\\/sanlida-top-modul-small-24-compound-bogen-hero-10-ii-37\\\/#breadcrumb\"},\"inLanguage\":\"it-IT\",\"potentialAction\":[{\"@type\":\"ReadAction\",\"target\":[\"https:\\\/\\\/bogensportdiscount.ch\\\/produkt\\\/sanlida-top-modul-small-24-compound-bogen-hero-10-ii-37\\\/\"]}]},{\"@type\":\"ImageObject\",\"inLanguage\":\"it-IT\",\"@id\":\"https:\\\/\\\/bogensportdiscount.ch\\\/produkt\\\/sanlida-top-modul-small-24-compound-bogen-hero-10-ii-37\\\/#primaryimage\",\"url\":\"https:\\\/\\\/bogensportdiscount.ch\\\/wp-content\\\/uploads\\\/2026\\\/05\\\/a098359_1.png\",\"contentUrl\":\"https:\\\/\\\/bogensportdiscount.ch\\\/wp-content\\\/uploads\\\/2026\\\/05\\\/a098359_1.png\",\"width\":400,\"height\":363},{\"@type\":\"BreadcrumbList\",\"@id\":\"https:\\\/\\\/bogensportdiscount.ch\\\/produkt\\\/sanlida-top-modul-small-24-compound-bogen-hero-10-ii-37\\\/#breadcrumb\",\"itemListElement\":[{\"@type\":\"ListItem\",\"position\":1,\"name\":\"Home\",\"item\":\"https:\\\/\\\/bogensportdiscount.ch\\\/\"},{\"@type\":\"ListItem\",\"position\":2,\"name\":\"Shop\",\"item\":\"https:\\\/\\\/bogensportdiscount.ch\\\/shop\\\/\"},{\"@type\":\"ListItem\",\"position\":3,\"name\":\"SANLIDA TOP MODUL LARGE-29&#8243; FUER COMPOUND BOGEN HERO 10 II 37&#8243;\"}]},{\"@type\":\"WebSite\",\"@id\":\"https:\\\/\\\/bogensportdiscount.ch\\\/#website\",\"url\":\"https:\\\/\\\/bogensportdiscount.ch\\\/\",\"name\":\"Bogensportdiscount\",\"description\":\"\",\"potentialAction\":[{\"@type\":\"SearchAction\",\"target\":{\"@type\":\"EntryPoint\",\"urlTemplate\":\"https:\\\/\\\/bogensportdiscount.ch\\\/?s={search_term_string}\"},\"query-input\":{\"@type\":\"PropertyValueSpecification\",\"valueRequired\":true,\"valueName\":\"search_term_string\"}}],\"inLanguage\":\"it-IT\"}]}<\/script>\n<!-- \/ Yoast SEO plugin. -->","yoast_head_json":{"title":"SANLIDA TOP MODUL LARGE-29\" F\u00dcR COMPOUNDBOGEN HERO 10 II 37\" - Bogensportdiscount \u2013 B\u00f6gen, Pfeile, Targets &amp; Zubeh\u00f6r","description":"SANLIDA TOP MODUL LARGE-29\" F\u00dcR COMPOUNDBOGEN HERO 10 II 37\" g\u00fcnstig kaufen bei Bogensportdiscount \u2013 Top-Marken, schneller Versand aus der Schweiz.","robots":{"index":"index","follow":"follow","max-snippet":"max-snippet:-1","max-image-preview":"max-image-preview:large","max-video-preview":"max-video-preview:-1"},"canonical":"https:\/\/bogensportdiscount.ch\/it\/prodotto\/sanlida-top-modul-small-24-compound-bogen-hero-10-ii-37\/","og_locale":"it_IT","og_type":"article","og_title":"SANLIDA TOP MODUL LARGE-29\" F\u00dcR COMPOUNDBOGEN HERO 10 II 37\" - Bogensportdiscount \u2013 B\u00f6gen, Pfeile, Targets &amp; Zubeh\u00f6r","og_description":"SANLIDA TOP MODUL LARGE-29\" F\u00dcR COMPOUNDBOGEN HERO 10 II 37\" g\u00fcnstig kaufen bei Bogensportdiscount \u2013 Top-Marken, schneller Versand aus der Schweiz.","og_url":"https:\/\/bogensportdiscount.ch\/it\/prodotto\/sanlida-top-modul-small-24-compound-bogen-hero-10-ii-37\/","og_site_name":"Bogensportdiscount \u2013 B\u00f6gen, Pfeile, Targets &amp; Zubeh\u00f6r","article_modified_time":"2026-05-14T13:27:52+00:00","og_image":[{"width":1080,"height":1080,"url":"https:\/\/bogensportdiscount.ch\/wp-content\/uploads\/2026\/04\/bogensportdiscount.ch-pfeile-boegen-zubehoer-fuer-anfaenger-und-profis-zum-besten-preis-Symbolbild-kein-foto-zu-diesem-artikel_01.jpg","type":"image\/jpeg"}],"twitter_card":"summary_large_image","schema":{"@context":"https:\/\/schema.org","@graph":[{"@type":"WebPage","@id":"https:\/\/bogensportdiscount.ch\/produkt\/sanlida-top-modul-small-24-compound-bogen-hero-10-ii-37\/","url":"https:\/\/bogensportdiscount.ch\/produkt\/sanlida-top-modul-small-24-compound-bogen-hero-10-ii-37\/","name":"SANLIDA TOP MODUL LARGE-29\" F\u00dcR COMPOUNDBOGEN HERO 10 II 37\" - Bogensportdiscount \u2013 B\u00f6gen, Pfeile, Targets &amp; Zubeh\u00f6r","isPartOf":{"@id":"https:\/\/bogensportdiscount.ch\/#website"},"primaryImageOfPage":{"@id":"https:\/\/bogensportdiscount.ch\/produkt\/sanlida-top-modul-small-24-compound-bogen-hero-10-ii-37\/#primaryimage"},"image":{"@id":"https:\/\/bogensportdiscount.ch\/produkt\/sanlida-top-modul-small-24-compound-bogen-hero-10-ii-37\/#primaryimage"},"thumbnailUrl":"https:\/\/bogensportdiscount.ch\/wp-content\/uploads\/2026\/05\/a098359_1.png","datePublished":"2026-04-05T13:42:16+00:00","dateModified":"2026-05-14T13:27:52+00:00","description":"SANLIDA TOP MODUL LARGE-29\" F\u00dcR COMPOUNDBOGEN HERO 10 II 37\" g\u00fcnstig kaufen bei Bogensportdiscount \u2013 Top-Marken, schneller Versand aus der Schweiz.","breadcrumb":{"@id":"https:\/\/bogensportdiscount.ch\/produkt\/sanlida-top-modul-small-24-compound-bogen-hero-10-ii-37\/#breadcrumb"},"inLanguage":"it-IT","potentialAction":[{"@type":"ReadAction","target":["https:\/\/bogensportdiscount.ch\/produkt\/sanlida-top-modul-small-24-compound-bogen-hero-10-ii-37\/"]}]},{"@type":"ImageObject","inLanguage":"it-IT","@id":"https:\/\/bogensportdiscount.ch\/produkt\/sanlida-top-modul-small-24-compound-bogen-hero-10-ii-37\/#primaryimage","url":"https:\/\/bogensportdiscount.ch\/wp-content\/uploads\/2026\/05\/a098359_1.png","contentUrl":"https:\/\/bogensportdiscount.ch\/wp-content\/uploads\/2026\/05\/a098359_1.png","width":400,"height":363},{"@type":"BreadcrumbList","@id":"https:\/\/bogensportdiscount.ch\/produkt\/sanlida-top-modul-small-24-compound-bogen-hero-10-ii-37\/#breadcrumb","itemListElement":[{"@type":"ListItem","position":1,"name":"Home","item":"https:\/\/bogensportdiscount.ch\/"},{"@type":"ListItem","position":2,"name":"Shop","item":"https:\/\/bogensportdiscount.ch\/shop\/"},{"@type":"ListItem","position":3,"name":"SANLIDA TOP MODUL LARGE-29&#8243; FUER COMPOUND BOGEN HERO 10 II 37&#8243;"}]},{"@type":"WebSite","@id":"https:\/\/bogensportdiscount.ch\/#website","url":"https:\/\/bogensportdiscount.ch\/","name":"Bogensportdiscount","description":"","potentialAction":[{"@type":"SearchAction","target":{"@type":"EntryPoint","urlTemplate":"https:\/\/bogensportdiscount.ch\/?s={search_term_string}"},"query-input":{"@type":"PropertyValueSpecification","valueRequired":true,"valueName":"search_term_string"}}],"inLanguage":"it-IT"}]}},"_links":{"self":[{"href":"https:\/\/bogensportdiscount.ch\/it\/wp-json\/wp\/v2\/product\/430215","targetHints":{"allow":["GET"]}}],"collection":[{"href":"https:\/\/bogensportdiscount.ch\/it\/wp-json\/wp\/v2\/product"}],"about":[{"href":"https:\/\/bogensportdiscount.ch\/it\/wp-json\/wp\/v2\/types\/product"}],"replies":[{"embeddable":true,"href":"https:\/\/bogensportdiscount.ch\/it\/wp-json\/wp\/v2\/comments?post=430215"}],"wp:featuredmedia":[{"embeddable":true,"href":"https:\/\/bogensportdiscount.ch\/it\/wp-json\/wp\/v2\/media\/531036"}],"wp:attachment":[{"href":"https:\/\/bogensportdiscount.ch\/it\/wp-json\/wp\/v2\/media?parent=430215"}],"wp:term":[{"taxonomy":"product_brand","embeddable":true,"href":"https:\/\/bogensportdiscount.ch\/it\/wp-json\/wp\/v2\/product_brand?post=430215"},{"taxonomy":"product_cat","embeddable":true,"href":"https:\/\/bogensportdiscount.ch\/it\/wp-json\/wp\/v2\/product_cat?post=430215"},{"taxonomy":"product_tag","embeddable":true,"href":"https:\/\/bogensportdiscount.ch\/it\/wp-json\/wp\/v2\/product_tag?post=430215"}],"curies":[{"name":"wp","href":"https:\/\/api.w.org\/{rel}","templated":true}]}}