{"id":430137,"date":"2026-04-05T15:42:06","date_gmt":"2026-04-05T13:42:06","guid":{"rendered":"https:\/\/bogensportdiscount.ch\/produkt\/compound-sight-part-bridge-lock-compatible-extension-6-rh\/"},"modified":"2026-04-23T15:08:35","modified_gmt":"2026-04-23T13:08:35","slug":"shibuya-compound-visier-bridge-lock-verlaengerung-6-zoll","status":"publish","type":"product","link":"https:\/\/bogensportdiscount.ch\/it\/prodotto\/shibuya-compound-visier-bridge-lock-verlaengerung-6-zoll\/","title":{"rendered":"SHIBUYA COMPOUND VISIER TEIL BRIDGE-LOCK KOMPATIBLE VERLAENGERUNG 6&#8243;"},"content":{"rendered":"<p>Die Shibuya Compound-Visier Verl\u00e4ngerung ist ein Ersatzteil speziell f\u00fcr Compound-Visiere mit Bridge-Lock Kompatibilit\u00e4t. Diese 6-Zoll-Verl\u00e4ngerung erm\u00f6glicht die Anpassung der Visierachse an individuelle Anforderungen und unterschiedliche Bogenkonfigurationen.<\/p>\n<p>Das Ersatzteil wird in Japan hergestellt und ist f\u00fcr Links- und Rechtshand-Anwendungen verf\u00fcgbar. Es bietet eine zuverl\u00e4ssige L\u00f6sung f\u00fcr Sch\u00fctzen, die ihre Compound-Visierausr\u00fcstung erweitern oder optimieren m\u00f6chten.<\/p>","protected":false},"excerpt":{"rendered":"<table>\n<tr>\n<th>Propriet\u00e0<\/th>\n<th>Valore<\/th>\n<\/tr>\n<tr>\n<td>Marca<\/td>\n<td>Shibuya<\/td>\n<\/tr>\n<tr>\n<td>Paese di origine<\/td>\n<td>Giappone<\/td>\n<\/tr>\n<tr>\n<td>Produkttyp<\/td>\n<td>Bridge-Lock kompatible Verl\u00e4ngerung<\/td>\n<\/tr>\n<tr>\n<td>Lunghezza<\/td>\n<td>6 pollici<\/td>\n<\/tr>\n<\/table>","protected":false},"featured_media":523230,"comment_status":"open","ping_status":"closed","template":"","meta":[],"product_brand":[496],"product_cat":[4258],"product_tag":[],"class_list":{"0":"post-430137","1":"product","2":"type-product","3":"status-publish","4":"has-post-thumbnail","6":"product_brand-shibuya","7":"product_cat-einzelteile-fuer-compound-visier","8":"product_shipping_class-bsd-standard","10":"first","11":"onbackorder","12":"shipping-taxable","13":"purchasable","14":"product-type-variable"},"yoast_head":"<!-- This site is optimized with the Yoast SEO plugin v27.4 - https:\/\/yoast.com\/product\/yoast-seo-wordpress\/ -->\n<title>SHIBUYA COMPOUND VISIR PARTE PROLUNGA COMPATIBILE CON BRIDGE-LOCK 6&quot; - Bogensportdiscount \u2013 Archi, frecce, bersagli e accessori<\/title>\n<meta name=\"description\" content=\"SHIBUYA COMPOUND VISORE PARTE PROLUNGA COMPATIBILE CON BRIDGE-LOCK 6&quot; in offerta su Bogensportdiscount \u2013 Le migliori marche, spedizione veloce dalla Svizzera.\" \/>\n<meta name=\"robots\" content=\"index, follow, max-snippet:-1, max-image-preview:large, max-video-preview:-1\" \/>\n<link rel=\"canonical\" href=\"https:\/\/bogensportdiscount.ch\/it\/prodotto\/shibuya-compound-visier-bridge-lock-verlaengerung-6-zoll\/\" \/>\n<meta property=\"og:locale\" content=\"it_IT\" \/>\n<meta property=\"og:type\" content=\"article\" \/>\n<meta property=\"og:title\" content=\"SHIBUYA COMPOUND VISIR PARTE PROLUNGA COMPATIBILE CON BRIDGE-LOCK 6&quot; - Bogensportdiscount \u2013 Archi, frecce, bersagli e accessori\" \/>\n<meta property=\"og:description\" content=\"SHIBUYA COMPOUND VISORE PARTE PROLUNGA COMPATIBILE CON BRIDGE-LOCK 6&quot; in offerta su Bogensportdiscount \u2013 Le migliori marche, spedizione veloce dalla Svizzera.\" \/>\n<meta property=\"og:url\" content=\"https:\/\/bogensportdiscount.ch\/it\/prodotto\/shibuya-compound-visier-bridge-lock-verlaengerung-6-zoll\/\" \/>\n<meta property=\"og:site_name\" content=\"Bogensportdiscount \u2013 B\u00f6gen, Pfeile, Targets &amp; Zubeh\u00f6r\" \/>\n<meta property=\"article:modified_time\" content=\"2026-04-23T13:08:35+00:00\" \/>\n<meta property=\"og:image\" content=\"https:\/\/bogensportdiscount.ch\/wp-content\/uploads\/bsm-images\/A098246_1.png\" \/>\n\t<meta property=\"og:image:width\" content=\"1080\" \/>\n\t<meta property=\"og:image:height\" content=\"1080\" \/>\n\t<meta property=\"og:image:type\" content=\"image\/png\" \/>\n<meta name=\"twitter:card\" content=\"summary_large_image\" \/>\n<script type=\"application\/ld+json\" class=\"yoast-schema-graph\">{\"@context\":\"https:\\\/\\\/schema.org\",\"@graph\":[{\"@type\":\"WebPage\",\"@id\":\"https:\\\/\\\/bogensportdiscount.ch\\\/produkt\\\/shibuya-compound-visier-bridge-lock-verlaengerung-6-zoll\\\/\",\"url\":\"https:\\\/\\\/bogensportdiscount.ch\\\/produkt\\\/shibuya-compound-visier-bridge-lock-verlaengerung-6-zoll\\\/\",\"name\":\"SHIBUYA COMPOUND VISIER TEIL BRIDGE-LOCK KOMPATIBLE VERLAENGERUNG 6\\\" - Bogensportdiscount \u2013 B\u00f6gen, Pfeile, Targets &amp; Zubeh\u00f6r\",\"isPartOf\":{\"@id\":\"https:\\\/\\\/bogensportdiscount.ch\\\/#website\"},\"primaryImageOfPage\":{\"@id\":\"https:\\\/\\\/bogensportdiscount.ch\\\/produkt\\\/shibuya-compound-visier-bridge-lock-verlaengerung-6-zoll\\\/#primaryimage\"},\"image\":{\"@id\":\"https:\\\/\\\/bogensportdiscount.ch\\\/produkt\\\/shibuya-compound-visier-bridge-lock-verlaengerung-6-zoll\\\/#primaryimage\"},\"thumbnailUrl\":\"https:\\\/\\\/bogensportdiscount.ch\\\/wp-content\\\/uploads\\\/bsm-images\\\/A098246_1.png\",\"datePublished\":\"2026-04-05T13:42:06+00:00\",\"dateModified\":\"2026-04-23T13:08:35+00:00\",\"description\":\"SHIBUYA COMPOUND VISIER TEIL BRIDGE-LOCK KOMPATIBLE VERLAENGERUNG 6\\\" g\u00fcnstig kaufen bei Bogensportdiscount \u2013 Top-Marken, schneller Versand aus der Schweiz.\",\"breadcrumb\":{\"@id\":\"https:\\\/\\\/bogensportdiscount.ch\\\/produkt\\\/shibuya-compound-visier-bridge-lock-verlaengerung-6-zoll\\\/#breadcrumb\"},\"inLanguage\":\"it-IT\",\"potentialAction\":[{\"@type\":\"ReadAction\",\"target\":[\"https:\\\/\\\/bogensportdiscount.ch\\\/produkt\\\/shibuya-compound-visier-bridge-lock-verlaengerung-6-zoll\\\/\"]}]},{\"@type\":\"ImageObject\",\"inLanguage\":\"it-IT\",\"@id\":\"https:\\\/\\\/bogensportdiscount.ch\\\/produkt\\\/shibuya-compound-visier-bridge-lock-verlaengerung-6-zoll\\\/#primaryimage\",\"url\":\"https:\\\/\\\/bogensportdiscount.ch\\\/wp-content\\\/uploads\\\/bsm-images\\\/A098246_1.png\",\"contentUrl\":\"https:\\\/\\\/bogensportdiscount.ch\\\/wp-content\\\/uploads\\\/bsm-images\\\/A098246_1.png\",\"width\":1080,\"height\":1080},{\"@type\":\"BreadcrumbList\",\"@id\":\"https:\\\/\\\/bogensportdiscount.ch\\\/produkt\\\/shibuya-compound-visier-bridge-lock-verlaengerung-6-zoll\\\/#breadcrumb\",\"itemListElement\":[{\"@type\":\"ListItem\",\"position\":1,\"name\":\"Home\",\"item\":\"https:\\\/\\\/bogensportdiscount.ch\\\/\"},{\"@type\":\"ListItem\",\"position\":2,\"name\":\"Shop\",\"item\":\"https:\\\/\\\/bogensportdiscount.ch\\\/shop\\\/\"},{\"@type\":\"ListItem\",\"position\":3,\"name\":\"SHIBUYA COMPOUND VISIER TEIL BRIDGE-LOCK KOMPATIBLE VERLAENGERUNG 6&#8243;\"}]},{\"@type\":\"WebSite\",\"@id\":\"https:\\\/\\\/bogensportdiscount.ch\\\/#website\",\"url\":\"https:\\\/\\\/bogensportdiscount.ch\\\/\",\"name\":\"Bogensportdiscount\",\"description\":\"\",\"potentialAction\":[{\"@type\":\"SearchAction\",\"target\":{\"@type\":\"EntryPoint\",\"urlTemplate\":\"https:\\\/\\\/bogensportdiscount.ch\\\/?s={search_term_string}\"},\"query-input\":{\"@type\":\"PropertyValueSpecification\",\"valueRequired\":true,\"valueName\":\"search_term_string\"}}],\"inLanguage\":\"it-IT\"}]}<\/script>\n<!-- \/ Yoast SEO plugin. -->","yoast_head_json":{"title":"SHIBUYA COMPOUND VISIR PARTE PROLUNGA COMPATIBILE CON BRIDGE-LOCK 6&quot; - Bogensportdiscount \u2013 Archi, frecce, bersagli e accessori","description":"SHIBUYA COMPOUND VISORE PARTE PROLUNGA COMPATIBILE CON BRIDGE-LOCK 6&quot; in offerta su Bogensportdiscount \u2013 Le migliori marche, spedizione veloce dalla Svizzera.","robots":{"index":"index","follow":"follow","max-snippet":"max-snippet:-1","max-image-preview":"max-image-preview:large","max-video-preview":"max-video-preview:-1"},"canonical":"https:\/\/bogensportdiscount.ch\/it\/prodotto\/shibuya-compound-visier-bridge-lock-verlaengerung-6-zoll\/","og_locale":"it_IT","og_type":"article","og_title":"SHIBUYA COMPOUND VISIR PARTE PROLUNGA COMPATIBILE CON BRIDGE-LOCK 6&quot; - Bogensportdiscount \u2013 Archi, frecce, bersagli e accessori","og_description":"SHIBUYA COMPOUND VISORE PARTE PROLUNGA COMPATIBILE CON BRIDGE-LOCK 6&quot; in offerta su Bogensportdiscount \u2013 Le migliori marche, spedizione veloce dalla Svizzera.","og_url":"https:\/\/bogensportdiscount.ch\/it\/prodotto\/shibuya-compound-visier-bridge-lock-verlaengerung-6-zoll\/","og_site_name":"Bogensportdiscount \u2013 B\u00f6gen, Pfeile, Targets &amp; Zubeh\u00f6r","article_modified_time":"2026-04-23T13:08:35+00:00","og_image":[{"width":1080,"height":1080,"url":"https:\/\/bogensportdiscount.ch\/wp-content\/uploads\/bsm-images\/A098246_1.png","type":"image\/png"}],"twitter_card":"summary_large_image","schema":{"@context":"https:\/\/schema.org","@graph":[{"@type":"WebPage","@id":"https:\/\/bogensportdiscount.ch\/produkt\/shibuya-compound-visier-bridge-lock-verlaengerung-6-zoll\/","url":"https:\/\/bogensportdiscount.ch\/produkt\/shibuya-compound-visier-bridge-lock-verlaengerung-6-zoll\/","name":"SHIBUYA COMPOUND VISIR PARTE PROLUNGA COMPATIBILE CON BRIDGE-LOCK 6&quot; - Bogensportdiscount \u2013 Archi, frecce, bersagli e accessori","isPartOf":{"@id":"https:\/\/bogensportdiscount.ch\/#website"},"primaryImageOfPage":{"@id":"https:\/\/bogensportdiscount.ch\/produkt\/shibuya-compound-visier-bridge-lock-verlaengerung-6-zoll\/#primaryimage"},"image":{"@id":"https:\/\/bogensportdiscount.ch\/produkt\/shibuya-compound-visier-bridge-lock-verlaengerung-6-zoll\/#primaryimage"},"thumbnailUrl":"https:\/\/bogensportdiscount.ch\/wp-content\/uploads\/bsm-images\/A098246_1.png","datePublished":"2026-04-05T13:42:06+00:00","dateModified":"2026-04-23T13:08:35+00:00","description":"SHIBUYA COMPOUND VISORE PARTE PROLUNGA COMPATIBILE CON BRIDGE-LOCK 6&quot; in offerta su Bogensportdiscount \u2013 Le migliori marche, spedizione veloce dalla Svizzera.","breadcrumb":{"@id":"https:\/\/bogensportdiscount.ch\/produkt\/shibuya-compound-visier-bridge-lock-verlaengerung-6-zoll\/#breadcrumb"},"inLanguage":"it-IT","potentialAction":[{"@type":"ReadAction","target":["https:\/\/bogensportdiscount.ch\/produkt\/shibuya-compound-visier-bridge-lock-verlaengerung-6-zoll\/"]}]},{"@type":"ImageObject","inLanguage":"it-IT","@id":"https:\/\/bogensportdiscount.ch\/produkt\/shibuya-compound-visier-bridge-lock-verlaengerung-6-zoll\/#primaryimage","url":"https:\/\/bogensportdiscount.ch\/wp-content\/uploads\/bsm-images\/A098246_1.png","contentUrl":"https:\/\/bogensportdiscount.ch\/wp-content\/uploads\/bsm-images\/A098246_1.png","width":1080,"height":1080},{"@type":"BreadcrumbList","@id":"https:\/\/bogensportdiscount.ch\/produkt\/shibuya-compound-visier-bridge-lock-verlaengerung-6-zoll\/#breadcrumb","itemListElement":[{"@type":"ListItem","position":1,"name":"Home","item":"https:\/\/bogensportdiscount.ch\/"},{"@type":"ListItem","position":2,"name":"Shop","item":"https:\/\/bogensportdiscount.ch\/shop\/"},{"@type":"ListItem","position":3,"name":"SHIBUYA COMPOUND VISIER TEIL BRIDGE-LOCK KOMPATIBLE VERLAENGERUNG 6&#8243;"}]},{"@type":"WebSite","@id":"https:\/\/bogensportdiscount.ch\/#website","url":"https:\/\/bogensportdiscount.ch\/","name":"Bogensportdiscount","description":"","potentialAction":[{"@type":"SearchAction","target":{"@type":"EntryPoint","urlTemplate":"https:\/\/bogensportdiscount.ch\/?s={search_term_string}"},"query-input":{"@type":"PropertyValueSpecification","valueRequired":true,"valueName":"search_term_string"}}],"inLanguage":"it-IT"}]}},"_links":{"self":[{"href":"https:\/\/bogensportdiscount.ch\/it\/wp-json\/wp\/v2\/product\/430137","targetHints":{"allow":["GET"]}}],"collection":[{"href":"https:\/\/bogensportdiscount.ch\/it\/wp-json\/wp\/v2\/product"}],"about":[{"href":"https:\/\/bogensportdiscount.ch\/it\/wp-json\/wp\/v2\/types\/product"}],"replies":[{"embeddable":true,"href":"https:\/\/bogensportdiscount.ch\/it\/wp-json\/wp\/v2\/comments?post=430137"}],"wp:featuredmedia":[{"embeddable":true,"href":"https:\/\/bogensportdiscount.ch\/it\/wp-json\/wp\/v2\/media\/523230"}],"wp:attachment":[{"href":"https:\/\/bogensportdiscount.ch\/it\/wp-json\/wp\/v2\/media?parent=430137"}],"wp:term":[{"taxonomy":"product_brand","embeddable":true,"href":"https:\/\/bogensportdiscount.ch\/it\/wp-json\/wp\/v2\/product_brand?post=430137"},{"taxonomy":"product_cat","embeddable":true,"href":"https:\/\/bogensportdiscount.ch\/it\/wp-json\/wp\/v2\/product_cat?post=430137"},{"taxonomy":"product_tag","embeddable":true,"href":"https:\/\/bogensportdiscount.ch\/it\/wp-json\/wp\/v2\/product_tag?post=430137"}],"curies":[{"name":"wp","href":"https:\/\/api.w.org\/{rel}","templated":true}]}}