{"id":430098,"date":"2026-04-05T15:42:00","date_gmt":"2026-04-05T13:42:00","guid":{"rendered":"https:\/\/bogensportdiscount.ch\/produkt\/compound-sight-ultima-cpx-iv-400-6-carbon-rh-black\/"},"modified":"2026-04-24T14:31:19","modified_gmt":"2026-04-24T12:31:19","slug":"shibuya-compound-visier-ultima-cpx-iv-400-6-carbon","status":"publish","type":"product","link":"https:\/\/bogensportdiscount.ch\/it\/prodotto\/shibuya-compound-visier-ultima-cpx-iv-400-6-carbon\/","title":{"rendered":"Mirino composto SHIBUYA Ultima CPX IV 400 6\u2033 Carbonio"},"content":{"rendered":"<p>Das SHIBUYA Ultima CPX IV 400 ist ein Compound-Target-Visier aus Carbon mit einer Verl\u00e4ngerung von 6 Zoll. Es ist f\u00fcr den Einsatz im Turnierbogensport mit Compound-B\u00f6gen konzipiert und wird in Japan gefertigt.<\/p>\n<p>Das Visier ist in drei Farben erh\u00e4ltlich \u2014 Schwarz, Blau und Rot \u2014 und kann sowohl f\u00fcr Rechts- als auch f\u00fcr Linksh\u00e4nder konfiguriert werden. Die Carbon-Bauweise sorgt f\u00fcr eine leichte und stabile Konstruktion.<\/p>\n<ul>\n<li>Carbon-Verl\u00e4ngerung mit 6 Zoll L\u00e4nge<\/li>\n<li>Adatto per arcieri destri e mancini<\/li>\n<li>Disponibile in nero, blu e rosso<\/li>\n<li>Prodotto in Giappone<\/li>\n<\/ul>","protected":false},"excerpt":{"rendered":"<table>\n<tr>\n<th>Propriet\u00e0<\/th>\n<th>Valore<\/th>\n<\/tr>\n<tr>\n<td>Marca<\/td>\n<td>Shibuya<\/td>\n<\/tr>\n<tr>\n<td>Lunghezza<\/td>\n<td>6 pollici<\/td>\n<\/tr>\n<tr>\n<td>Materiale<\/td>\n<td>Carbon<\/td>\n<\/tr>\n<tr>\n<td>Paese di origine<\/td>\n<td>Giappone<\/td>\n<\/tr>\n<tr>\n<td>Mani disponibili<\/td>\n<td>Mano sinistra (LH), Mano destra (RH)<\/td>\n<\/tr>\n<tr>\n<td>Colori<\/td>\n<td>Nero, blu, rosso<\/td>\n<\/tr>\n<\/table>","protected":false},"featured_media":453497,"comment_status":"open","ping_status":"closed","template":"","meta":[],"product_brand":[496],"product_cat":[4261],"product_tag":[],"class_list":{"0":"post-430098","1":"product","2":"type-product","3":"status-publish","4":"has-post-thumbnail","6":"product_brand-shibuya","7":"product_cat-compound-visiere","8":"product_shipping_class-bsd-standard","10":"first","11":"instock","12":"shipping-taxable","13":"purchasable","14":"product-type-variable"},"yoast_head":"<!-- This site is optimized with the Yoast SEO plugin v27.4 - https:\/\/yoast.com\/product\/yoast-seo-wordpress\/ -->\n<title>Mirino SHIBUYA Compound Ultima CPX IV 400 6&quot; in carbonio - Bogensportdiscount \u2013 Archi, frecce, bersagli e accessori<\/title>\n<meta name=\"description\" content=\"Acquista la visiera SHIBUYA Compound Ultima CPX IV 400 da 6&quot; in carbonio a un prezzo vantaggioso su Bogensportdiscount \u2013 Le migliori marche, spedizione veloce dalla Svizzera.\" \/>\n<meta name=\"robots\" content=\"index, follow, max-snippet:-1, max-image-preview:large, max-video-preview:-1\" \/>\n<link rel=\"canonical\" href=\"https:\/\/bogensportdiscount.ch\/it\/prodotto\/shibuya-compound-visier-ultima-cpx-iv-400-6-carbon\/\" \/>\n<meta property=\"og:locale\" content=\"it_IT\" \/>\n<meta property=\"og:type\" content=\"article\" \/>\n<meta property=\"og:title\" content=\"Mirino SHIBUYA Compound Ultima CPX IV 400 6&quot; in carbonio - Bogensportdiscount \u2013 Archi, frecce, bersagli e accessori\" \/>\n<meta property=\"og:description\" content=\"Acquista la visiera SHIBUYA Compound Ultima CPX IV 400 da 6&quot; in carbonio a un prezzo vantaggioso su Bogensportdiscount \u2013 Le migliori marche, spedizione veloce dalla Svizzera.\" \/>\n<meta property=\"og:url\" content=\"https:\/\/bogensportdiscount.ch\/it\/prodotto\/shibuya-compound-visier-ultima-cpx-iv-400-6-carbon\/\" \/>\n<meta property=\"og:site_name\" content=\"Bogensportdiscount \u2013 B\u00f6gen, Pfeile, Targets &amp; Zubeh\u00f6r\" \/>\n<meta property=\"article:modified_time\" content=\"2026-04-24T12:31:19+00:00\" \/>\n<meta property=\"og:image\" content=\"https:\/\/bogensportdiscount.ch\/wp-content\/uploads\/bsm-images\/a098207_1.png\" \/>\n\t<meta property=\"og:image:width\" content=\"400\" \/>\n\t<meta property=\"og:image:height\" content=\"351\" \/>\n\t<meta property=\"og:image:type\" content=\"image\/png\" \/>\n<meta name=\"twitter:card\" content=\"summary_large_image\" \/>\n<script type=\"application\/ld+json\" class=\"yoast-schema-graph\">{\"@context\":\"https:\\\/\\\/schema.org\",\"@graph\":[{\"@type\":\"WebPage\",\"@id\":\"https:\\\/\\\/bogensportdiscount.ch\\\/produkt\\\/shibuya-compound-visier-ultima-cpx-iv-400-6-carbon\\\/\",\"url\":\"https:\\\/\\\/bogensportdiscount.ch\\\/produkt\\\/shibuya-compound-visier-ultima-cpx-iv-400-6-carbon\\\/\",\"name\":\"SHIBUYA Compound-Visier Ultima CPX IV 400 6\\\" Carbon - Bogensportdiscount \u2013 B\u00f6gen, Pfeile, Targets &amp; Zubeh\u00f6r\",\"isPartOf\":{\"@id\":\"https:\\\/\\\/bogensportdiscount.ch\\\/#website\"},\"primaryImageOfPage\":{\"@id\":\"https:\\\/\\\/bogensportdiscount.ch\\\/produkt\\\/shibuya-compound-visier-ultima-cpx-iv-400-6-carbon\\\/#primaryimage\"},\"image\":{\"@id\":\"https:\\\/\\\/bogensportdiscount.ch\\\/produkt\\\/shibuya-compound-visier-ultima-cpx-iv-400-6-carbon\\\/#primaryimage\"},\"thumbnailUrl\":\"https:\\\/\\\/bogensportdiscount.ch\\\/wp-content\\\/uploads\\\/bsm-images\\\/a098207_1.png\",\"datePublished\":\"2026-04-05T13:42:00+00:00\",\"dateModified\":\"2026-04-24T12:31:19+00:00\",\"description\":\"SHIBUYA Compound-Visier Ultima CPX IV 400 6\\\" Carbon g\u00fcnstig kaufen bei Bogensportdiscount \u2013 Top-Marken, schneller Versand aus der Schweiz.\",\"breadcrumb\":{\"@id\":\"https:\\\/\\\/bogensportdiscount.ch\\\/produkt\\\/shibuya-compound-visier-ultima-cpx-iv-400-6-carbon\\\/#breadcrumb\"},\"inLanguage\":\"it-IT\",\"potentialAction\":[{\"@type\":\"ReadAction\",\"target\":[\"https:\\\/\\\/bogensportdiscount.ch\\\/produkt\\\/shibuya-compound-visier-ultima-cpx-iv-400-6-carbon\\\/\"]}]},{\"@type\":\"ImageObject\",\"inLanguage\":\"it-IT\",\"@id\":\"https:\\\/\\\/bogensportdiscount.ch\\\/produkt\\\/shibuya-compound-visier-ultima-cpx-iv-400-6-carbon\\\/#primaryimage\",\"url\":\"https:\\\/\\\/bogensportdiscount.ch\\\/wp-content\\\/uploads\\\/bsm-images\\\/a098207_1.png\",\"contentUrl\":\"https:\\\/\\\/bogensportdiscount.ch\\\/wp-content\\\/uploads\\\/bsm-images\\\/a098207_1.png\",\"width\":400,\"height\":351},{\"@type\":\"BreadcrumbList\",\"@id\":\"https:\\\/\\\/bogensportdiscount.ch\\\/produkt\\\/shibuya-compound-visier-ultima-cpx-iv-400-6-carbon\\\/#breadcrumb\",\"itemListElement\":[{\"@type\":\"ListItem\",\"position\":1,\"name\":\"Home\",\"item\":\"https:\\\/\\\/bogensportdiscount.ch\\\/\"},{\"@type\":\"ListItem\",\"position\":2,\"name\":\"Shop\",\"item\":\"https:\\\/\\\/bogensportdiscount.ch\\\/shop\\\/\"},{\"@type\":\"ListItem\",\"position\":3,\"name\":\"SHIBUYA Compound-Visier Ultima CPX IV 400 6&#8243; Carbon\"}]},{\"@type\":\"WebSite\",\"@id\":\"https:\\\/\\\/bogensportdiscount.ch\\\/#website\",\"url\":\"https:\\\/\\\/bogensportdiscount.ch\\\/\",\"name\":\"Bogensportdiscount\",\"description\":\"\",\"potentialAction\":[{\"@type\":\"SearchAction\",\"target\":{\"@type\":\"EntryPoint\",\"urlTemplate\":\"https:\\\/\\\/bogensportdiscount.ch\\\/?s={search_term_string}\"},\"query-input\":{\"@type\":\"PropertyValueSpecification\",\"valueRequired\":true,\"valueName\":\"search_term_string\"}}],\"inLanguage\":\"it-IT\"}]}<\/script>\n<!-- \/ Yoast SEO plugin. -->","yoast_head_json":{"title":"Mirino SHIBUYA Compound Ultima CPX IV 400 6&quot; in carbonio - Bogensportdiscount \u2013 Archi, frecce, bersagli e accessori","description":"Acquista la visiera SHIBUYA Compound Ultima CPX IV 400 da 6&quot; in carbonio a un prezzo vantaggioso su Bogensportdiscount \u2013 Le migliori marche, spedizione veloce dalla Svizzera.","robots":{"index":"index","follow":"follow","max-snippet":"max-snippet:-1","max-image-preview":"max-image-preview:large","max-video-preview":"max-video-preview:-1"},"canonical":"https:\/\/bogensportdiscount.ch\/it\/prodotto\/shibuya-compound-visier-ultima-cpx-iv-400-6-carbon\/","og_locale":"it_IT","og_type":"article","og_title":"Mirino SHIBUYA Compound Ultima CPX IV 400 6&quot; in carbonio - Bogensportdiscount \u2013 Archi, frecce, bersagli e accessori","og_description":"Acquista la visiera SHIBUYA Compound Ultima CPX IV 400 da 6&quot; in carbonio a un prezzo vantaggioso su Bogensportdiscount \u2013 Le migliori marche, spedizione veloce dalla Svizzera.","og_url":"https:\/\/bogensportdiscount.ch\/it\/prodotto\/shibuya-compound-visier-ultima-cpx-iv-400-6-carbon\/","og_site_name":"Bogensportdiscount \u2013 B\u00f6gen, Pfeile, Targets &amp; Zubeh\u00f6r","article_modified_time":"2026-04-24T12:31:19+00:00","og_image":[{"width":400,"height":351,"url":"https:\/\/bogensportdiscount.ch\/wp-content\/uploads\/bsm-images\/a098207_1.png","type":"image\/png"}],"twitter_card":"summary_large_image","schema":{"@context":"https:\/\/schema.org","@graph":[{"@type":"WebPage","@id":"https:\/\/bogensportdiscount.ch\/produkt\/shibuya-compound-visier-ultima-cpx-iv-400-6-carbon\/","url":"https:\/\/bogensportdiscount.ch\/produkt\/shibuya-compound-visier-ultima-cpx-iv-400-6-carbon\/","name":"Mirino SHIBUYA Compound Ultima CPX IV 400 6&quot; in carbonio - Bogensportdiscount \u2013 Archi, frecce, bersagli e accessori","isPartOf":{"@id":"https:\/\/bogensportdiscount.ch\/#website"},"primaryImageOfPage":{"@id":"https:\/\/bogensportdiscount.ch\/produkt\/shibuya-compound-visier-ultima-cpx-iv-400-6-carbon\/#primaryimage"},"image":{"@id":"https:\/\/bogensportdiscount.ch\/produkt\/shibuya-compound-visier-ultima-cpx-iv-400-6-carbon\/#primaryimage"},"thumbnailUrl":"https:\/\/bogensportdiscount.ch\/wp-content\/uploads\/bsm-images\/a098207_1.png","datePublished":"2026-04-05T13:42:00+00:00","dateModified":"2026-04-24T12:31:19+00:00","description":"Acquista la visiera SHIBUYA Compound Ultima CPX IV 400 da 6&quot; in carbonio a un prezzo vantaggioso su Bogensportdiscount \u2013 Le migliori marche, spedizione veloce dalla Svizzera.","breadcrumb":{"@id":"https:\/\/bogensportdiscount.ch\/produkt\/shibuya-compound-visier-ultima-cpx-iv-400-6-carbon\/#breadcrumb"},"inLanguage":"it-IT","potentialAction":[{"@type":"ReadAction","target":["https:\/\/bogensportdiscount.ch\/produkt\/shibuya-compound-visier-ultima-cpx-iv-400-6-carbon\/"]}]},{"@type":"ImageObject","inLanguage":"it-IT","@id":"https:\/\/bogensportdiscount.ch\/produkt\/shibuya-compound-visier-ultima-cpx-iv-400-6-carbon\/#primaryimage","url":"https:\/\/bogensportdiscount.ch\/wp-content\/uploads\/bsm-images\/a098207_1.png","contentUrl":"https:\/\/bogensportdiscount.ch\/wp-content\/uploads\/bsm-images\/a098207_1.png","width":400,"height":351},{"@type":"BreadcrumbList","@id":"https:\/\/bogensportdiscount.ch\/produkt\/shibuya-compound-visier-ultima-cpx-iv-400-6-carbon\/#breadcrumb","itemListElement":[{"@type":"ListItem","position":1,"name":"Home","item":"https:\/\/bogensportdiscount.ch\/"},{"@type":"ListItem","position":2,"name":"Shop","item":"https:\/\/bogensportdiscount.ch\/shop\/"},{"@type":"ListItem","position":3,"name":"SHIBUYA Compound-Visier Ultima CPX IV 400 6&#8243; Carbon"}]},{"@type":"WebSite","@id":"https:\/\/bogensportdiscount.ch\/#website","url":"https:\/\/bogensportdiscount.ch\/","name":"Bogensportdiscount","description":"","potentialAction":[{"@type":"SearchAction","target":{"@type":"EntryPoint","urlTemplate":"https:\/\/bogensportdiscount.ch\/?s={search_term_string}"},"query-input":{"@type":"PropertyValueSpecification","valueRequired":true,"valueName":"search_term_string"}}],"inLanguage":"it-IT"}]}},"_links":{"self":[{"href":"https:\/\/bogensportdiscount.ch\/it\/wp-json\/wp\/v2\/product\/430098","targetHints":{"allow":["GET"]}}],"collection":[{"href":"https:\/\/bogensportdiscount.ch\/it\/wp-json\/wp\/v2\/product"}],"about":[{"href":"https:\/\/bogensportdiscount.ch\/it\/wp-json\/wp\/v2\/types\/product"}],"replies":[{"embeddable":true,"href":"https:\/\/bogensportdiscount.ch\/it\/wp-json\/wp\/v2\/comments?post=430098"}],"wp:featuredmedia":[{"embeddable":true,"href":"https:\/\/bogensportdiscount.ch\/it\/wp-json\/wp\/v2\/media\/453497"}],"wp:attachment":[{"href":"https:\/\/bogensportdiscount.ch\/it\/wp-json\/wp\/v2\/media?parent=430098"}],"wp:term":[{"taxonomy":"product_brand","embeddable":true,"href":"https:\/\/bogensportdiscount.ch\/it\/wp-json\/wp\/v2\/product_brand?post=430098"},{"taxonomy":"product_cat","embeddable":true,"href":"https:\/\/bogensportdiscount.ch\/it\/wp-json\/wp\/v2\/product_cat?post=430098"},{"taxonomy":"product_tag","embeddable":true,"href":"https:\/\/bogensportdiscount.ch\/it\/wp-json\/wp\/v2\/product_tag?post=430098"}],"curies":[{"name":"wp","href":"https:\/\/api.w.org\/{rel}","templated":true}]}}