{"id":430069,"date":"2026-04-05T15:41:56","date_gmt":"2026-04-05T13:41:56","guid":{"rendered":"https:\/\/bogensportdiscount.ch\/produkt\/3d-target-rooster-brown-l47-x-w18-x-h36cm-group-4\/"},"modified":"2026-04-17T13:50:13","modified_gmt":"2026-04-17T11:50:13","slug":"beier-3d-ziel-hahn","status":"publish","type":"product","link":"https:\/\/bogensportdiscount.ch\/it\/prodotto\/beier-3d-ziel-hahn\/","title":{"rendered":"GALLO BERSAGLIO BEIER 3D -"},"content":{"rendered":"<p>Das 3D-Ziel Hahn von BEIER eignet sich f\u00fcr den Einsatz auf 3D-Parcours sowie f\u00fcr das Training im Freien. Die naturgetreue Darstellung eines Hahns erm\u00f6glicht ein realistisches Trainings- und Wettkampferlebnis im Bereich der Vogel-Zielscheiben.<\/p>\n<p>Das Ziel ist in drei Farbvarianten erh\u00e4ltlich \u2013 Schwarz, Braun und Weiss \u2013 und l\u00e4sst sich so in unterschiedliche Parcours-Umgebungen integrieren. Die Herstellung erfolgt in Deutschland.<\/p>\n<ul>\n<li>Realistische 3D-Hahn-Figur f\u00fcr den Bogensport<\/li>\n<li>Drei Farbvarianten: Schwarz, Braun, Weiss<\/li>\n<li>Geeignet f\u00fcr 3D-Parcours und Freilandtraining<\/li>\n<li>Hergestellt in Deutschland<\/li>\n<\/ul>","protected":false},"excerpt":{"rendered":"<p>Das BEIER 3D-Ziel Hahn ist eine realistische Tierfigur f\u00fcr den 3D-Bogensport. Erh\u00e4ltlich in den Farben Schwarz, Braun und Weiss. Hergestellt in Deutschland.<\/p>","protected":false},"featured_media":447796,"comment_status":"open","ping_status":"closed","template":"","meta":[],"product_brand":[831],"product_cat":[4148],"product_tag":[],"class_list":{"0":"post-430069","1":"product","2":"type-product","3":"status-publish","4":"has-post-thumbnail","6":"product_brand-beier","7":"product_cat-voegel-3d-ziele-ziele-auflagen","9":"first","10":"instock","11":"shipping-taxable","12":"purchasable","13":"product-type-variable"},"_links":{"self":[{"href":"https:\/\/bogensportdiscount.ch\/it\/wp-json\/wp\/v2\/product\/430069","targetHints":{"allow":["GET"]}}],"collection":[{"href":"https:\/\/bogensportdiscount.ch\/it\/wp-json\/wp\/v2\/product"}],"about":[{"href":"https:\/\/bogensportdiscount.ch\/it\/wp-json\/wp\/v2\/types\/product"}],"replies":[{"embeddable":true,"href":"https:\/\/bogensportdiscount.ch\/it\/wp-json\/wp\/v2\/comments?post=430069"}],"wp:featuredmedia":[{"embeddable":true,"href":"https:\/\/bogensportdiscount.ch\/it\/wp-json\/wp\/v2\/media\/447796"}],"wp:attachment":[{"href":"https:\/\/bogensportdiscount.ch\/it\/wp-json\/wp\/v2\/media?parent=430069"}],"wp:term":[{"taxonomy":"product_brand","embeddable":true,"href":"https:\/\/bogensportdiscount.ch\/it\/wp-json\/wp\/v2\/product_brand?post=430069"},{"taxonomy":"product_cat","embeddable":true,"href":"https:\/\/bogensportdiscount.ch\/it\/wp-json\/wp\/v2\/product_cat?post=430069"},{"taxonomy":"product_tag","embeddable":true,"href":"https:\/\/bogensportdiscount.ch\/it\/wp-json\/wp\/v2\/product_tag?post=430069"}],"curies":[{"name":"wp","href":"https:\/\/api.w.org\/{rel}","templated":true}]}}