{"id":429699,"date":"2026-04-05T15:41:14","date_gmt":"2026-04-05T13:41:14","guid":{"rendered":"https:\/\/bogensportdiscount.ch\/produkt\/color-stainless-steel-tiller-bolt-blue-13mm-1each\/"},"modified":"2026-04-17T13:50:10","modified_gmt":"2026-04-17T11:50:10","slug":"wiawis-tiller-schraube-color-edelstahl","status":"publish","type":"product","link":"https:\/\/bogensportdiscount.ch\/it\/prodotto\/wiawis-tiller-schraube-color-edelstahl\/","title":{"rendered":"BULLONE PER BARRA IN ACCIAIO INOX DI COLORE WIAWIS"},"content":{"rendered":"<p>Die WIAWIS Color Tiller-Schraube besteht aus Edelstahl und dient der Einstellung des Tiller-Werts am Recurvebogen. Mit dem Tiller wird das Verh\u00e4ltnis zwischen oberem und unterem Wurfarm eingestellt, was direkten Einfluss auf das Abschussverhalten hat.<\/p>\n<p>Die Schraube ist in sieben verschiedenen Farben erh\u00e4ltlich: Schwarz, Blau, Gold, Gr\u00fcn, Orange, Pink und Rot. So l\u00e4sst sich die Komponente farblich auf die individuelle Bogenausstattung abstimmen.<\/p>\n<ul>\n<li>Material: Edelstahl<\/li>\n<li>Erh\u00e4ltlich in 7 Farben<\/li>\n<li>F\u00fcr Recurveb\u00f6gen geeignet<\/li>\n<li>Erm\u00f6glicht pr\u00e4zise Tiller-Einstellung<\/li>\n<\/ul>","protected":false},"excerpt":{"rendered":"<p>Die WIAWIS Color Tiller-Schraube aus Edelstahl ist in sieben Farben erh\u00e4ltlich und erm\u00f6glicht die pr\u00e4zise Einstellung des Tiller-Werts am Recurvebogen. Die farbige Ausf\u00fchrung erleichtert die Identifikation und setzt optische Akzente am Bogen.<\/p>","protected":false},"featured_media":447802,"comment_status":"open","ping_status":"closed","template":"","meta":[],"product_brand":[473],"product_cat":[4522],"product_tag":[],"class_list":{"0":"post-429699","1":"product","2":"type-product","3":"status-publish","4":"has-post-thumbnail","6":"product_brand-wiawis","7":"product_cat-einzelteile-fuer-recurve-boegen-recurve-boegen","9":"first","10":"onbackorder","11":"shipping-taxable","12":"purchasable","13":"product-type-variable"},"_links":{"self":[{"href":"https:\/\/bogensportdiscount.ch\/it\/wp-json\/wp\/v2\/product\/429699","targetHints":{"allow":["GET"]}}],"collection":[{"href":"https:\/\/bogensportdiscount.ch\/it\/wp-json\/wp\/v2\/product"}],"about":[{"href":"https:\/\/bogensportdiscount.ch\/it\/wp-json\/wp\/v2\/types\/product"}],"replies":[{"embeddable":true,"href":"https:\/\/bogensportdiscount.ch\/it\/wp-json\/wp\/v2\/comments?post=429699"}],"wp:featuredmedia":[{"embeddable":true,"href":"https:\/\/bogensportdiscount.ch\/it\/wp-json\/wp\/v2\/media\/447802"}],"wp:attachment":[{"href":"https:\/\/bogensportdiscount.ch\/it\/wp-json\/wp\/v2\/media?parent=429699"}],"wp:term":[{"taxonomy":"product_brand","embeddable":true,"href":"https:\/\/bogensportdiscount.ch\/it\/wp-json\/wp\/v2\/product_brand?post=429699"},{"taxonomy":"product_cat","embeddable":true,"href":"https:\/\/bogensportdiscount.ch\/it\/wp-json\/wp\/v2\/product_cat?post=429699"},{"taxonomy":"product_tag","embeddable":true,"href":"https:\/\/bogensportdiscount.ch\/it\/wp-json\/wp\/v2\/product_tag?post=429699"}],"curies":[{"name":"wp","href":"https:\/\/api.w.org\/{rel}","templated":true}]}}