{"id":429321,"date":"2026-04-05T15:40:33","date_gmt":"2026-04-05T13:40:33","guid":{"rendered":"https:\/\/bogensportdiscount.ch\/produkt\/slider-2-vertical-1-pin-picatinny-mount-rh\/"},"modified":"2026-04-24T14:30:37","modified_gmt":"2026-04-24T12:30:37","slug":"ultraview-slider-2-vertikal-1-pin-picatinny-mount-rechtshand","status":"publish","type":"product","link":"https:\/\/bogensportdiscount.ch\/it\/prodotto\/ultraview-slider-2-vertikal-1-pin-picatinny-mount-rechtshand\/","title":{"rendered":"ULTRAVIEW SLIDER 2 VERTIKAL 1-PIN PICATINNY HALTERUNG RH"},"content":{"rendered":"<p>Das ULTRAVIEW Slider 2 ist ein vertikales 1-Pin-Compound-Visier mit Picatinny-Mount-Befestigung f\u00fcr Rechtsh\u00e4nder. Es ist in drei Montagevarianten erh\u00e4ltlich: Bridge-Lock, Picatinny Mount und Direct Mount, jeweils mit einem Gewicht von rund 9.2 bis 9.3 oz.<\/p>\n<p>Das Slider 2 eignet sich f\u00fcr den Einsatz bei der Jagd sowie im 3D-Bogensport und bietet durch den einzelnen Pin eine klare, unverstellte Sicht auf das Ziel.<\/p>\n<ul>\n<li>Vertikale 1-Pin-Ausf\u00fchrung f\u00fcr freie Zielsicht<\/li>\n<li>Kompatibel mit Picatinny-Mount-Systemen<\/li>\n<li>Leichtbauweise mit ca. 9.2\u20139.3 oz Gesamtgewicht<\/li>\n<li>Disponibile per mancini e destrimani<\/li>\n<\/ul>","protected":false},"excerpt":{"rendered":"<table>\n<tr>\n<th>Propriet\u00e0<\/th>\n<th>Valore<\/th>\n<\/tr>\n<tr>\n<td>Bridge-Lock<\/td>\n<td>9.2 oz<\/td>\n<\/tr>\n<tr>\n<td>Picatinny Mount<\/td>\n<td>9.3 oz<\/td>\n<\/tr>\n<tr>\n<td>Direct Mount<\/td>\n<td>9.2 oz<\/td>\n<\/tr>\n<\/table>","protected":false},"featured_media":448752,"comment_status":"open","ping_status":"closed","template":"","meta":[],"product_brand":[573],"product_cat":[4263],"product_tag":[],"class_list":{"0":"post-429321","1":"product","2":"type-product","3":"status-publish","4":"has-post-thumbnail","6":"product_brand-ultraview","7":"product_cat-jagd-und-3d-visiere","8":"product_shipping_class-bsd-standard","10":"first","11":"instock","12":"shipping-taxable","13":"purchasable","14":"product-type-variable"},"yoast_head":"<!-- This site is optimized with the Yoast SEO plugin v27.4 - https:\/\/yoast.com\/product\/yoast-seo-wordpress\/ -->\n<title>ULTRAVIEW SLIDER 2 VERTICALE SUPPORTO PICATINNY A 1 PERNO DESTRA - Bogensportdiscount \u2013 Archi, frecce, bersagli e accessori<\/title>\n<meta name=\"description\" content=\"Acquista ULTRAVIEW SLIDER 2 VERTIKAL 1-PIN PICATINNY HALTERUNG RH a un prezzo conveniente su Bogensportdiscount \u2013 Le migliori marche, spedizione veloce dalla Svizzera.\" \/>\n<meta name=\"robots\" content=\"index, follow, max-snippet:-1, max-image-preview:large, max-video-preview:-1\" \/>\n<link rel=\"canonical\" href=\"https:\/\/bogensportdiscount.ch\/it\/prodotto\/ultraview-slider-2-vertikal-1-pin-picatinny-mount-rechtshand\/\" \/>\n<meta property=\"og:locale\" content=\"it_IT\" \/>\n<meta property=\"og:type\" content=\"article\" \/>\n<meta property=\"og:title\" content=\"ULTRAVIEW SLIDER 2 VERTICALE SUPPORTO PICATINNY A 1 PERNO DESTRA - Bogensportdiscount \u2013 Archi, frecce, bersagli e accessori\" \/>\n<meta property=\"og:description\" content=\"Acquista ULTRAVIEW SLIDER 2 VERTIKAL 1-PIN PICATINNY HALTERUNG RH a un prezzo conveniente su Bogensportdiscount \u2013 Le migliori marche, spedizione veloce dalla Svizzera.\" \/>\n<meta property=\"og:url\" content=\"https:\/\/bogensportdiscount.ch\/it\/prodotto\/ultraview-slider-2-vertikal-1-pin-picatinny-mount-rechtshand\/\" \/>\n<meta property=\"og:site_name\" content=\"Bogensportdiscount \u2013 B\u00f6gen, Pfeile, Targets &amp; Zubeh\u00f6r\" \/>\n<meta property=\"article:modified_time\" content=\"2026-04-24T12:30:37+00:00\" \/>\n<meta property=\"og:image\" content=\"https:\/\/bogensportdiscount.ch\/wp-content\/uploads\/bsm-images\/A096968_1.png\" \/>\n\t<meta property=\"og:image:width\" content=\"1256\" \/>\n\t<meta property=\"og:image:height\" content=\"860\" \/>\n\t<meta property=\"og:image:type\" content=\"image\/png\" \/>\n<meta name=\"twitter:card\" content=\"summary_large_image\" \/>\n<script type=\"application\/ld+json\" class=\"yoast-schema-graph\">{\"@context\":\"https:\\\/\\\/schema.org\",\"@graph\":[{\"@type\":\"WebPage\",\"@id\":\"https:\\\/\\\/bogensportdiscount.ch\\\/produkt\\\/ultraview-slider-2-vertikal-1-pin-picatinny-mount-rechtshand\\\/\",\"url\":\"https:\\\/\\\/bogensportdiscount.ch\\\/produkt\\\/ultraview-slider-2-vertikal-1-pin-picatinny-mount-rechtshand\\\/\",\"name\":\"ULTRAVIEW SLIDER 2 VERTIKAL 1-PIN PICATINNY HALTERUNG RH - Bogensportdiscount \u2013 B\u00f6gen, Pfeile, Targets &amp; Zubeh\u00f6r\",\"isPartOf\":{\"@id\":\"https:\\\/\\\/bogensportdiscount.ch\\\/#website\"},\"primaryImageOfPage\":{\"@id\":\"https:\\\/\\\/bogensportdiscount.ch\\\/produkt\\\/ultraview-slider-2-vertikal-1-pin-picatinny-mount-rechtshand\\\/#primaryimage\"},\"image\":{\"@id\":\"https:\\\/\\\/bogensportdiscount.ch\\\/produkt\\\/ultraview-slider-2-vertikal-1-pin-picatinny-mount-rechtshand\\\/#primaryimage\"},\"thumbnailUrl\":\"https:\\\/\\\/bogensportdiscount.ch\\\/wp-content\\\/uploads\\\/bsm-images\\\/A096968_1.png\",\"datePublished\":\"2026-04-05T13:40:33+00:00\",\"dateModified\":\"2026-04-24T12:30:37+00:00\",\"description\":\"ULTRAVIEW SLIDER 2 VERTIKAL 1-PIN PICATINNY HALTERUNG RH g\u00fcnstig kaufen bei Bogensportdiscount \u2013 Top-Marken, schneller Versand aus der Schweiz.\",\"breadcrumb\":{\"@id\":\"https:\\\/\\\/bogensportdiscount.ch\\\/produkt\\\/ultraview-slider-2-vertikal-1-pin-picatinny-mount-rechtshand\\\/#breadcrumb\"},\"inLanguage\":\"it-IT\",\"potentialAction\":[{\"@type\":\"ReadAction\",\"target\":[\"https:\\\/\\\/bogensportdiscount.ch\\\/produkt\\\/ultraview-slider-2-vertikal-1-pin-picatinny-mount-rechtshand\\\/\"]}]},{\"@type\":\"ImageObject\",\"inLanguage\":\"it-IT\",\"@id\":\"https:\\\/\\\/bogensportdiscount.ch\\\/produkt\\\/ultraview-slider-2-vertikal-1-pin-picatinny-mount-rechtshand\\\/#primaryimage\",\"url\":\"https:\\\/\\\/bogensportdiscount.ch\\\/wp-content\\\/uploads\\\/bsm-images\\\/A096968_1.png\",\"contentUrl\":\"https:\\\/\\\/bogensportdiscount.ch\\\/wp-content\\\/uploads\\\/bsm-images\\\/A096968_1.png\",\"width\":1256,\"height\":860},{\"@type\":\"BreadcrumbList\",\"@id\":\"https:\\\/\\\/bogensportdiscount.ch\\\/produkt\\\/ultraview-slider-2-vertikal-1-pin-picatinny-mount-rechtshand\\\/#breadcrumb\",\"itemListElement\":[{\"@type\":\"ListItem\",\"position\":1,\"name\":\"Home\",\"item\":\"https:\\\/\\\/bogensportdiscount.ch\\\/\"},{\"@type\":\"ListItem\",\"position\":2,\"name\":\"Shop\",\"item\":\"https:\\\/\\\/bogensportdiscount.ch\\\/shop\\\/\"},{\"@type\":\"ListItem\",\"position\":3,\"name\":\"ULTRAVIEW SLIDER 2 VERTIKAL 1-PIN PICATINNY HALTERUNG RH\"}]},{\"@type\":\"WebSite\",\"@id\":\"https:\\\/\\\/bogensportdiscount.ch\\\/#website\",\"url\":\"https:\\\/\\\/bogensportdiscount.ch\\\/\",\"name\":\"Bogensportdiscount\",\"description\":\"\",\"potentialAction\":[{\"@type\":\"SearchAction\",\"target\":{\"@type\":\"EntryPoint\",\"urlTemplate\":\"https:\\\/\\\/bogensportdiscount.ch\\\/?s={search_term_string}\"},\"query-input\":{\"@type\":\"PropertyValueSpecification\",\"valueRequired\":true,\"valueName\":\"search_term_string\"}}],\"inLanguage\":\"it-IT\"}]}<\/script>\n<!-- \/ Yoast SEO plugin. -->","yoast_head_json":{"title":"ULTRAVIEW SLIDER 2 VERTICALE SUPPORTO PICATINNY A 1 PERNO DESTRA - Bogensportdiscount \u2013 Archi, frecce, bersagli e accessori","description":"Acquista ULTRAVIEW SLIDER 2 VERTIKAL 1-PIN PICATINNY HALTERUNG RH a un prezzo conveniente su Bogensportdiscount \u2013 Le migliori marche, spedizione veloce dalla Svizzera.","robots":{"index":"index","follow":"follow","max-snippet":"max-snippet:-1","max-image-preview":"max-image-preview:large","max-video-preview":"max-video-preview:-1"},"canonical":"https:\/\/bogensportdiscount.ch\/it\/prodotto\/ultraview-slider-2-vertikal-1-pin-picatinny-mount-rechtshand\/","og_locale":"it_IT","og_type":"article","og_title":"ULTRAVIEW SLIDER 2 VERTICALE SUPPORTO PICATINNY A 1 PERNO DESTRA - Bogensportdiscount \u2013 Archi, frecce, bersagli e accessori","og_description":"Acquista ULTRAVIEW SLIDER 2 VERTIKAL 1-PIN PICATINNY HALTERUNG RH a un prezzo conveniente su Bogensportdiscount \u2013 Le migliori marche, spedizione veloce dalla Svizzera.","og_url":"https:\/\/bogensportdiscount.ch\/it\/prodotto\/ultraview-slider-2-vertikal-1-pin-picatinny-mount-rechtshand\/","og_site_name":"Bogensportdiscount \u2013 B\u00f6gen, Pfeile, Targets &amp; Zubeh\u00f6r","article_modified_time":"2026-04-24T12:30:37+00:00","og_image":[{"width":1256,"height":860,"url":"https:\/\/bogensportdiscount.ch\/wp-content\/uploads\/bsm-images\/A096968_1.png","type":"image\/png"}],"twitter_card":"summary_large_image","schema":{"@context":"https:\/\/schema.org","@graph":[{"@type":"WebPage","@id":"https:\/\/bogensportdiscount.ch\/produkt\/ultraview-slider-2-vertikal-1-pin-picatinny-mount-rechtshand\/","url":"https:\/\/bogensportdiscount.ch\/produkt\/ultraview-slider-2-vertikal-1-pin-picatinny-mount-rechtshand\/","name":"ULTRAVIEW SLIDER 2 VERTICALE SUPPORTO PICATINNY A 1 PERNO DESTRA - Bogensportdiscount \u2013 Archi, frecce, bersagli e accessori","isPartOf":{"@id":"https:\/\/bogensportdiscount.ch\/#website"},"primaryImageOfPage":{"@id":"https:\/\/bogensportdiscount.ch\/produkt\/ultraview-slider-2-vertikal-1-pin-picatinny-mount-rechtshand\/#primaryimage"},"image":{"@id":"https:\/\/bogensportdiscount.ch\/produkt\/ultraview-slider-2-vertikal-1-pin-picatinny-mount-rechtshand\/#primaryimage"},"thumbnailUrl":"https:\/\/bogensportdiscount.ch\/wp-content\/uploads\/bsm-images\/A096968_1.png","datePublished":"2026-04-05T13:40:33+00:00","dateModified":"2026-04-24T12:30:37+00:00","description":"Acquista ULTRAVIEW SLIDER 2 VERTIKAL 1-PIN PICATINNY HALTERUNG RH a un prezzo conveniente su Bogensportdiscount \u2013 Le migliori marche, spedizione veloce dalla Svizzera.","breadcrumb":{"@id":"https:\/\/bogensportdiscount.ch\/produkt\/ultraview-slider-2-vertikal-1-pin-picatinny-mount-rechtshand\/#breadcrumb"},"inLanguage":"it-IT","potentialAction":[{"@type":"ReadAction","target":["https:\/\/bogensportdiscount.ch\/produkt\/ultraview-slider-2-vertikal-1-pin-picatinny-mount-rechtshand\/"]}]},{"@type":"ImageObject","inLanguage":"it-IT","@id":"https:\/\/bogensportdiscount.ch\/produkt\/ultraview-slider-2-vertikal-1-pin-picatinny-mount-rechtshand\/#primaryimage","url":"https:\/\/bogensportdiscount.ch\/wp-content\/uploads\/bsm-images\/A096968_1.png","contentUrl":"https:\/\/bogensportdiscount.ch\/wp-content\/uploads\/bsm-images\/A096968_1.png","width":1256,"height":860},{"@type":"BreadcrumbList","@id":"https:\/\/bogensportdiscount.ch\/produkt\/ultraview-slider-2-vertikal-1-pin-picatinny-mount-rechtshand\/#breadcrumb","itemListElement":[{"@type":"ListItem","position":1,"name":"Home","item":"https:\/\/bogensportdiscount.ch\/"},{"@type":"ListItem","position":2,"name":"Shop","item":"https:\/\/bogensportdiscount.ch\/shop\/"},{"@type":"ListItem","position":3,"name":"ULTRAVIEW SLIDER 2 VERTIKAL 1-PIN PICATINNY HALTERUNG RH"}]},{"@type":"WebSite","@id":"https:\/\/bogensportdiscount.ch\/#website","url":"https:\/\/bogensportdiscount.ch\/","name":"Bogensportdiscount","description":"","potentialAction":[{"@type":"SearchAction","target":{"@type":"EntryPoint","urlTemplate":"https:\/\/bogensportdiscount.ch\/?s={search_term_string}"},"query-input":{"@type":"PropertyValueSpecification","valueRequired":true,"valueName":"search_term_string"}}],"inLanguage":"it-IT"}]}},"_links":{"self":[{"href":"https:\/\/bogensportdiscount.ch\/it\/wp-json\/wp\/v2\/product\/429321","targetHints":{"allow":["GET"]}}],"collection":[{"href":"https:\/\/bogensportdiscount.ch\/it\/wp-json\/wp\/v2\/product"}],"about":[{"href":"https:\/\/bogensportdiscount.ch\/it\/wp-json\/wp\/v2\/types\/product"}],"replies":[{"embeddable":true,"href":"https:\/\/bogensportdiscount.ch\/it\/wp-json\/wp\/v2\/comments?post=429321"}],"wp:featuredmedia":[{"embeddable":true,"href":"https:\/\/bogensportdiscount.ch\/it\/wp-json\/wp\/v2\/media\/448752"}],"wp:attachment":[{"href":"https:\/\/bogensportdiscount.ch\/it\/wp-json\/wp\/v2\/media?parent=429321"}],"wp:term":[{"taxonomy":"product_brand","embeddable":true,"href":"https:\/\/bogensportdiscount.ch\/it\/wp-json\/wp\/v2\/product_brand?post=429321"},{"taxonomy":"product_cat","embeddable":true,"href":"https:\/\/bogensportdiscount.ch\/it\/wp-json\/wp\/v2\/product_cat?post=429321"},{"taxonomy":"product_tag","embeddable":true,"href":"https:\/\/bogensportdiscount.ch\/it\/wp-json\/wp\/v2\/product_tag?post=429321"}],"curies":[{"name":"wp","href":"https:\/\/api.w.org\/{rel}","templated":true}]}}