{"id":429113,"date":"2026-04-05T15:40:09","date_gmt":"2026-04-05T13:40:09","guid":{"rendered":"https:\/\/bogensportdiscount.ch\/produkt\/compound-pro-reliance-36-large-cam-rotating-mod-50-60lbs-26-5-29-5-rh-anodized-black\/"},"modified":"2026-05-14T15:27:49","modified_gmt":"2026-05-14T13:27:49","slug":"topoint-compoundbogen-pro-reliance-36-small-cam-rotating-mod-30-40lbs-24-27-rh-anodized-red","status":"publish","type":"product","link":"https:\/\/bogensportdiscount.ch\/it\/prodotto\/topoint-compoundbogen-pro-reliance-36-small-cam-rotating-mod-30-40lbs-24-27-rh-anodized-red\/","title":{"rendered":"TOPOINT COMPOUNDBOGEN PRO RELIANCE 36 RH"},"content":{"rendered":"<p>Il TOPOINT Pro Reliance 36 \u00e8 un arco compound con un asse-asse di 38 pollici e una brace height di 7,5 pollici. Grazie al sistema Rotating Mod, l'allungo pu\u00f2 essere regolato in modo flessibile nell'intervallo da 24 a 27 pollici, rendendo l'arco adatto a diversi arcieri. Il telaio \u00e8 in alluminio ed \u00e8 disponibile nella variante Small Cam per un libbraggio da 30 a 40 lbs.<\/p>\n<p>Il modello \u00e8 disponibile in versione destrorso e viene fornito con una finitura anodizzata rossa (Anodized Red). La superficie anodizzata offre una buona resistenza all'abrasione e alle intemperie.<\/p>\n<ul>\n<li>Asse-asse: 38 pollici<\/li>\n<li>Brace Height: 7,5 pollici<\/li>\n<li>Rotating Mod per allungo flessibile (24\u201327&#8243;)<\/li>\n<li>Telaio in alluminio, superficie anodizzata<\/li>\n<\/ul>","protected":false},"excerpt":{"rendered":"<table>\n<tr>\n<th>Propriet\u00e0<\/th>\n<th>Valore<\/th>\n<\/tr>\n<tr>\n<td>Marca<\/td>\n<td>Topoint<\/td>\n<\/tr>\n<tr>\n<td>Interasse (pollici)<\/td>\n<td>38<\/td>\n<\/tr>\n<tr>\n<td>Brace Height (pollici)<\/td>\n<td>7,5<\/td>\n<\/tr>\n<tr>\n<td>Modulo<\/td>\n<td>Rotating Mod<\/td>\n<\/tr>\n<tr>\n<td>Materiale<\/td>\n<td>Alluminio<\/td>\n<\/tr>\n<tr>\n<td>Peso del treno<\/td>\n<td>30\u201340 lbs<\/td>\n<\/tr>\n<tr>\n<td>Lunghezza di tiratura<\/td>\n<td>24\u201327&#8243;<\/td>\n<\/tr>\n<tr>\n<td>Mano<\/td>\n<td>Destrorso (RH)<\/td>\n<\/tr>\n<tr>\n<td>Colore<\/td>\n<td>Anodized Red<\/td>\n<\/tr>\n<tr>\n<td>Paese di origine<\/td>\n<td>Cina<\/td>\n<\/tr>\n<\/table>","protected":false},"featured_media":523255,"comment_status":"open","ping_status":"closed","template":"","meta":[],"product_brand":[436],"product_cat":[4523],"product_tag":[],"class_list":{"0":"post-429113","1":"product","2":"type-product","3":"status-publish","4":"has-post-thumbnail","6":"product_brand-topoint","7":"product_cat-compound-boegen--35","8":"product_shipping_class-bsd-sperrgut","10":"first","11":"onbackorder","12":"shipping-taxable","13":"purchasable","14":"product-type-variable"},"yoast_head":"<!-- This site is optimized with the Yoast SEO plugin v27.6 - https:\/\/yoast.com\/product\/yoast-seo-wordpress\/ -->\n<title>TOPOINT COMPOUNDBOGEN PRO RELIANCE 36 RH - Bogensportdiscount \u2013 B\u00f6gen, Pfeile, Targets &amp; Zubeh\u00f6r<\/title>\n<meta name=\"description\" content=\"TOPOINT COMPOUNDBOGEN PRO RELIANCE 36 RH g\u00fcnstig kaufen bei Bogensportdiscount \u2013 Top-Marken, schneller Versand aus der Schweiz.\" \/>\n<meta name=\"robots\" content=\"index, follow, max-snippet:-1, max-image-preview:large, max-video-preview:-1\" \/>\n<link rel=\"canonical\" href=\"https:\/\/bogensportdiscount.ch\/it\/prodotto\/topoint-compoundbogen-pro-reliance-36-small-cam-rotating-mod-30-40lbs-24-27-rh-anodized-red\/\" \/>\n<meta property=\"og:locale\" content=\"it_IT\" \/>\n<meta property=\"og:type\" content=\"article\" \/>\n<meta property=\"og:title\" content=\"TOPOINT COMPOUNDBOGEN PRO RELIANCE 36 RH - Bogensportdiscount \u2013 B\u00f6gen, Pfeile, Targets &amp; Zubeh\u00f6r\" \/>\n<meta property=\"og:description\" content=\"TOPOINT COMPOUNDBOGEN PRO RELIANCE 36 RH g\u00fcnstig kaufen bei Bogensportdiscount \u2013 Top-Marken, schneller Versand aus der Schweiz.\" \/>\n<meta property=\"og:url\" content=\"https:\/\/bogensportdiscount.ch\/it\/prodotto\/topoint-compoundbogen-pro-reliance-36-small-cam-rotating-mod-30-40lbs-24-27-rh-anodized-red\/\" \/>\n<meta property=\"og:site_name\" content=\"Bogensportdiscount \u2013 B\u00f6gen, Pfeile, Targets &amp; Zubeh\u00f6r\" \/>\n<meta property=\"article:modified_time\" content=\"2026-05-14T13:27:49+00:00\" \/>\n<meta property=\"og:image\" content=\"https:\/\/bogensportdiscount.ch\/wp-content\/uploads\/bsm-images\/A096773_1.png\" \/>\n\t<meta property=\"og:image:width\" content=\"4288\" \/>\n\t<meta property=\"og:image:height\" content=\"2848\" \/>\n\t<meta property=\"og:image:type\" content=\"image\/png\" \/>\n<meta name=\"twitter:card\" content=\"summary_large_image\" \/>\n<meta name=\"twitter:label1\" content=\"Tempo di lettura stimato\" \/>\n\t<meta name=\"twitter:data1\" content=\"1 minuto\" \/>\n<script type=\"application\/ld+json\" class=\"yoast-schema-graph\">{\"@context\":\"https:\\\/\\\/schema.org\",\"@graph\":[{\"@type\":\"WebPage\",\"@id\":\"https:\\\/\\\/bogensportdiscount.ch\\\/produkt\\\/topoint-compoundbogen-pro-reliance-36-small-cam-rotating-mod-30-40lbs-24-27-rh-anodized-red\\\/\",\"url\":\"https:\\\/\\\/bogensportdiscount.ch\\\/produkt\\\/topoint-compoundbogen-pro-reliance-36-small-cam-rotating-mod-30-40lbs-24-27-rh-anodized-red\\\/\",\"name\":\"TOPOINT COMPOUNDBOGEN PRO RELIANCE 36 RH - Bogensportdiscount \u2013 B\u00f6gen, Pfeile, Targets &amp; Zubeh\u00f6r\",\"isPartOf\":{\"@id\":\"https:\\\/\\\/bogensportdiscount.ch\\\/#website\"},\"primaryImageOfPage\":{\"@id\":\"https:\\\/\\\/bogensportdiscount.ch\\\/produkt\\\/topoint-compoundbogen-pro-reliance-36-small-cam-rotating-mod-30-40lbs-24-27-rh-anodized-red\\\/#primaryimage\"},\"image\":{\"@id\":\"https:\\\/\\\/bogensportdiscount.ch\\\/produkt\\\/topoint-compoundbogen-pro-reliance-36-small-cam-rotating-mod-30-40lbs-24-27-rh-anodized-red\\\/#primaryimage\"},\"thumbnailUrl\":\"https:\\\/\\\/bogensportdiscount.ch\\\/wp-content\\\/uploads\\\/bsm-images\\\/A096773_1.png\",\"datePublished\":\"2026-04-05T13:40:09+00:00\",\"dateModified\":\"2026-05-14T13:27:49+00:00\",\"description\":\"TOPOINT COMPOUNDBOGEN PRO RELIANCE 36 RH g\u00fcnstig kaufen bei Bogensportdiscount \u2013 Top-Marken, schneller Versand aus der Schweiz.\",\"breadcrumb\":{\"@id\":\"https:\\\/\\\/bogensportdiscount.ch\\\/produkt\\\/topoint-compoundbogen-pro-reliance-36-small-cam-rotating-mod-30-40lbs-24-27-rh-anodized-red\\\/#breadcrumb\"},\"inLanguage\":\"it-IT\",\"potentialAction\":[{\"@type\":\"ReadAction\",\"target\":[\"https:\\\/\\\/bogensportdiscount.ch\\\/produkt\\\/topoint-compoundbogen-pro-reliance-36-small-cam-rotating-mod-30-40lbs-24-27-rh-anodized-red\\\/\"]}]},{\"@type\":\"ImageObject\",\"inLanguage\":\"it-IT\",\"@id\":\"https:\\\/\\\/bogensportdiscount.ch\\\/produkt\\\/topoint-compoundbogen-pro-reliance-36-small-cam-rotating-mod-30-40lbs-24-27-rh-anodized-red\\\/#primaryimage\",\"url\":\"https:\\\/\\\/bogensportdiscount.ch\\\/wp-content\\\/uploads\\\/bsm-images\\\/A096773_1.png\",\"contentUrl\":\"https:\\\/\\\/bogensportdiscount.ch\\\/wp-content\\\/uploads\\\/bsm-images\\\/A096773_1.png\",\"width\":4288,\"height\":2848},{\"@type\":\"BreadcrumbList\",\"@id\":\"https:\\\/\\\/bogensportdiscount.ch\\\/produkt\\\/topoint-compoundbogen-pro-reliance-36-small-cam-rotating-mod-30-40lbs-24-27-rh-anodized-red\\\/#breadcrumb\",\"itemListElement\":[{\"@type\":\"ListItem\",\"position\":1,\"name\":\"Home\",\"item\":\"https:\\\/\\\/bogensportdiscount.ch\\\/\"},{\"@type\":\"ListItem\",\"position\":2,\"name\":\"Shop\",\"item\":\"https:\\\/\\\/bogensportdiscount.ch\\\/shop\\\/\"},{\"@type\":\"ListItem\",\"position\":3,\"name\":\"TOPOINT COMPOUND PRO RELIANCE 36 RH\"}]},{\"@type\":\"WebSite\",\"@id\":\"https:\\\/\\\/bogensportdiscount.ch\\\/#website\",\"url\":\"https:\\\/\\\/bogensportdiscount.ch\\\/\",\"name\":\"Bogensportdiscount\",\"description\":\"\",\"potentialAction\":[{\"@type\":\"SearchAction\",\"target\":{\"@type\":\"EntryPoint\",\"urlTemplate\":\"https:\\\/\\\/bogensportdiscount.ch\\\/?s={search_term_string}\"},\"query-input\":{\"@type\":\"PropertyValueSpecification\",\"valueRequired\":true,\"valueName\":\"search_term_string\"}}],\"inLanguage\":\"it-IT\"}]}<\/script>\n<!-- \/ Yoast SEO plugin. -->","yoast_head_json":{"title":"TOPOINT COMPOUNDBOGEN PRO RELIANCE 36 RH - Bogensportdiscount \u2013 B\u00f6gen, Pfeile, Targets &amp; Zubeh\u00f6r","description":"TOPOINT COMPOUNDBOGEN PRO RELIANCE 36 RH g\u00fcnstig kaufen bei Bogensportdiscount \u2013 Top-Marken, schneller Versand aus der Schweiz.","robots":{"index":"index","follow":"follow","max-snippet":"max-snippet:-1","max-image-preview":"max-image-preview:large","max-video-preview":"max-video-preview:-1"},"canonical":"https:\/\/bogensportdiscount.ch\/it\/prodotto\/topoint-compoundbogen-pro-reliance-36-small-cam-rotating-mod-30-40lbs-24-27-rh-anodized-red\/","og_locale":"it_IT","og_type":"article","og_title":"TOPOINT COMPOUNDBOGEN PRO RELIANCE 36 RH - Bogensportdiscount \u2013 B\u00f6gen, Pfeile, Targets &amp; Zubeh\u00f6r","og_description":"TOPOINT COMPOUNDBOGEN PRO RELIANCE 36 RH g\u00fcnstig kaufen bei Bogensportdiscount \u2013 Top-Marken, schneller Versand aus der Schweiz.","og_url":"https:\/\/bogensportdiscount.ch\/it\/prodotto\/topoint-compoundbogen-pro-reliance-36-small-cam-rotating-mod-30-40lbs-24-27-rh-anodized-red\/","og_site_name":"Bogensportdiscount \u2013 B\u00f6gen, Pfeile, Targets &amp; Zubeh\u00f6r","article_modified_time":"2026-05-14T13:27:49+00:00","og_image":[{"url":"https:\/\/bogensportdiscount.ch\/wp-content\/uploads\/bsm-images\/A096773_1.png","width":4288,"height":2848,"type":"image\/png"}],"twitter_card":"summary_large_image","twitter_misc":{"Tempo di lettura stimato":"1 minuto"},"schema":{"@context":"https:\/\/schema.org","@graph":[{"@type":"WebPage","@id":"https:\/\/bogensportdiscount.ch\/produkt\/topoint-compoundbogen-pro-reliance-36-small-cam-rotating-mod-30-40lbs-24-27-rh-anodized-red\/","url":"https:\/\/bogensportdiscount.ch\/produkt\/topoint-compoundbogen-pro-reliance-36-small-cam-rotating-mod-30-40lbs-24-27-rh-anodized-red\/","name":"TOPOINT COMPOUNDBOGEN PRO RELIANCE 36 RH - Bogensportdiscount \u2013 B\u00f6gen, Pfeile, Targets &amp; Zubeh\u00f6r","isPartOf":{"@id":"https:\/\/bogensportdiscount.ch\/#website"},"primaryImageOfPage":{"@id":"https:\/\/bogensportdiscount.ch\/produkt\/topoint-compoundbogen-pro-reliance-36-small-cam-rotating-mod-30-40lbs-24-27-rh-anodized-red\/#primaryimage"},"image":{"@id":"https:\/\/bogensportdiscount.ch\/produkt\/topoint-compoundbogen-pro-reliance-36-small-cam-rotating-mod-30-40lbs-24-27-rh-anodized-red\/#primaryimage"},"thumbnailUrl":"https:\/\/bogensportdiscount.ch\/wp-content\/uploads\/bsm-images\/A096773_1.png","datePublished":"2026-04-05T13:40:09+00:00","dateModified":"2026-05-14T13:27:49+00:00","description":"TOPOINT COMPOUNDBOGEN PRO RELIANCE 36 RH g\u00fcnstig kaufen bei Bogensportdiscount \u2013 Top-Marken, schneller Versand aus der Schweiz.","breadcrumb":{"@id":"https:\/\/bogensportdiscount.ch\/produkt\/topoint-compoundbogen-pro-reliance-36-small-cam-rotating-mod-30-40lbs-24-27-rh-anodized-red\/#breadcrumb"},"inLanguage":"it-IT","potentialAction":[{"@type":"ReadAction","target":["https:\/\/bogensportdiscount.ch\/produkt\/topoint-compoundbogen-pro-reliance-36-small-cam-rotating-mod-30-40lbs-24-27-rh-anodized-red\/"]}]},{"@type":"ImageObject","inLanguage":"it-IT","@id":"https:\/\/bogensportdiscount.ch\/produkt\/topoint-compoundbogen-pro-reliance-36-small-cam-rotating-mod-30-40lbs-24-27-rh-anodized-red\/#primaryimage","url":"https:\/\/bogensportdiscount.ch\/wp-content\/uploads\/bsm-images\/A096773_1.png","contentUrl":"https:\/\/bogensportdiscount.ch\/wp-content\/uploads\/bsm-images\/A096773_1.png","width":4288,"height":2848},{"@type":"BreadcrumbList","@id":"https:\/\/bogensportdiscount.ch\/produkt\/topoint-compoundbogen-pro-reliance-36-small-cam-rotating-mod-30-40lbs-24-27-rh-anodized-red\/#breadcrumb","itemListElement":[{"@type":"ListItem","position":1,"name":"Home","item":"https:\/\/bogensportdiscount.ch\/"},{"@type":"ListItem","position":2,"name":"Shop","item":"https:\/\/bogensportdiscount.ch\/shop\/"},{"@type":"ListItem","position":3,"name":"TOPOINT COMPOUND PRO RELIANCE 36 RH"}]},{"@type":"WebSite","@id":"https:\/\/bogensportdiscount.ch\/#website","url":"https:\/\/bogensportdiscount.ch\/","name":"Bogensportdiscount","description":"","potentialAction":[{"@type":"SearchAction","target":{"@type":"EntryPoint","urlTemplate":"https:\/\/bogensportdiscount.ch\/?s={search_term_string}"},"query-input":{"@type":"PropertyValueSpecification","valueRequired":true,"valueName":"search_term_string"}}],"inLanguage":"it-IT"}]}},"_links":{"self":[{"href":"https:\/\/bogensportdiscount.ch\/it\/wp-json\/wp\/v2\/product\/429113","targetHints":{"allow":["GET"]}}],"collection":[{"href":"https:\/\/bogensportdiscount.ch\/it\/wp-json\/wp\/v2\/product"}],"about":[{"href":"https:\/\/bogensportdiscount.ch\/it\/wp-json\/wp\/v2\/types\/product"}],"replies":[{"embeddable":true,"href":"https:\/\/bogensportdiscount.ch\/it\/wp-json\/wp\/v2\/comments?post=429113"}],"wp:featuredmedia":[{"embeddable":true,"href":"https:\/\/bogensportdiscount.ch\/it\/wp-json\/wp\/v2\/media\/523255"}],"wp:attachment":[{"href":"https:\/\/bogensportdiscount.ch\/it\/wp-json\/wp\/v2\/media?parent=429113"}],"wp:term":[{"taxonomy":"product_brand","embeddable":true,"href":"https:\/\/bogensportdiscount.ch\/it\/wp-json\/wp\/v2\/product_brand?post=429113"},{"taxonomy":"product_cat","embeddable":true,"href":"https:\/\/bogensportdiscount.ch\/it\/wp-json\/wp\/v2\/product_cat?post=429113"},{"taxonomy":"product_tag","embeddable":true,"href":"https:\/\/bogensportdiscount.ch\/it\/wp-json\/wp\/v2\/product_tag?post=429113"}],"curies":[{"name":"wp","href":"https:\/\/api.w.org\/{rel}","templated":true}]}}