{"id":428888,"date":"2026-04-05T15:39:35","date_gmt":"2026-04-05T13:39:35","guid":{"rendered":"https:\/\/bogensportdiscount.ch\/produkt\/hermit-x8-sanlida-hunting-recurve-bow-package-60-25-black-rh\/"},"modified":"2026-04-19T11:54:50","modified_gmt":"2026-04-19T09:54:50","slug":"sanlida-jagd-recurvebogen-hermit-x8","status":"publish","type":"product","link":"https:\/\/bogensportdiscount.ch\/it\/prodotto\/sanlida-jagd-recurvebogen-hermit-x8\/","title":{"rendered":"HERMIT X8 SANLIDA JAGD RECURVE BOGEN"},"content":{"rendered":"<p>Il SANLIDA Hermit X8 \u00e8 un arco ricurvo smontabile progettato appositamente per la caccia. Con una lunghezza dell&#x27;arco di 60 o 62 pollici e un intervallo di potenza da 25 a 60 libbre con incrementi di 5 libbre, si adatta a diverse esigenze e a diversi tipi di tiratori.<\/p>\n<p>L&#x27;altezza del brace da 7 a 8 pollici permette di regolare con precisione la potenza dell&#x27;arco. Con un peso di circa 1015 g, l&#x27;Hermit X8 \u00e8 compatto e maneggevole, anche durante la caccia sul campo.<\/p>\n<ul>\n<li>Resistenza regolabile da 25 a 60 libbre (con incrementi di 5 libbre)<\/li>\n<li>Lunghezza dell&#x27;arco 60\u2033 o 62\u2033<\/li>\n<li>Altezza del brace 7\u2033\u20138\u2033<\/li>\n<li>Peso dell&#x27;arco: circa 1015 g<\/li>\n<\/ul>","protected":false},"excerpt":{"rendered":"<table>\n<tr>\n<th>Propriet\u00e0<\/th>\n<th>Valore<\/th>\n<\/tr>\n<tr>\n<td>lunghezza dell'arco<\/td>\n<td>60&#8243;, 62&#8243;<\/td>\n<\/tr>\n<tr>\n<td>Brace Height<\/td>\n<td>7\u2033 \u2013 8\u2033<\/td>\n<\/tr>\n<tr>\n<td>Peso del treno<\/td>\n<td>25 \u2013 60 libbre (con incrementi di 5 libbre)<\/td>\n<\/tr>\n<tr>\n<td>Peso dell&#x27;arco<\/td>\n<td>1015 g<\/td>\n<\/tr>\n<tr>\n<td>Allineamento della mano<\/td>\n<td>Destrimano<\/td>\n<\/tr>\n<\/table>","protected":false},"featured_media":513905,"comment_status":"open","ping_status":"closed","template":"","meta":[],"product_brand":[459],"product_cat":[4530],"product_tag":[],"class_list":{"0":"post-428888","1":"product","2":"type-product","3":"status-publish","4":"has-post-thumbnail","6":"product_brand-sanlida","7":"product_cat-traditionelle-boegen-sets","9":"first","10":"instock","11":"shipping-taxable","12":"purchasable","13":"product-type-variable"},"yoast_head":"<!-- This site is optimized with the Yoast SEO plugin v27.4 - https:\/\/yoast.com\/product\/yoast-seo-wordpress\/ -->\n<title>HERMIT X8 SANLIDA JAGD RECURVE BOGEN - Bogensportdiscount \u2013 B\u00f6gen, Pfeile, Targets &amp; Zubeh\u00f6r<\/title>\n<meta name=\"robots\" content=\"noindex, follow, max-snippet:-1, max-image-preview:large, max-video-preview:-1\" \/>\n<meta property=\"og:locale\" content=\"it_IT\" \/>\n<meta property=\"og:type\" content=\"article\" \/>\n<meta property=\"og:title\" content=\"HERMIT X8 SANLIDA JAGD RECURVE BOGEN - Bogensportdiscount \u2013 B\u00f6gen, Pfeile, Targets &amp; Zubeh\u00f6r\" \/>\n<meta property=\"og:description\" content=\"EigenschaftWertBogenl\u00e4nge60&quot;, 62&quot;Brace Height7&quot; \u2013 8&quot;Zuggewicht25 \u2013 60 lbs (in 5-lbs-Schritten)Bogengewicht1015 gHandausrichtungRechtshand\" \/>\n<meta property=\"og:url\" content=\"https:\/\/bogensportdiscount.ch\/it\/prodotto\/sanlida-jagd-recurvebogen-hermit-x8\/\" \/>\n<meta property=\"og:site_name\" content=\"Bogensportdiscount \u2013 B\u00f6gen, Pfeile, Targets &amp; Zubeh\u00f6r\" \/>\n<meta property=\"article:modified_time\" content=\"2026-04-19T09:54:50+00:00\" \/>\n<meta property=\"og:image\" content=\"https:\/\/bogensportdiscount.ch\/wp-content\/uploads\/bsm-images\/A096484_1.jpg\" \/>\n\t<meta property=\"og:image:width\" content=\"1600\" \/>\n\t<meta property=\"og:image:height\" content=\"1600\" \/>\n\t<meta property=\"og:image:type\" content=\"image\/jpeg\" \/>\n<meta name=\"twitter:card\" content=\"summary_large_image\" \/>\n<script type=\"application\/ld+json\" class=\"yoast-schema-graph\">{\"@context\":\"https:\\\/\\\/schema.org\",\"@graph\":[{\"@type\":\"WebPage\",\"@id\":\"https:\\\/\\\/bogensportdiscount.ch\\\/it\\\/prodotto\\\/sanlida-jagd-recurvebogen-hermit-x8\\\/\",\"url\":\"https:\\\/\\\/bogensportdiscount.ch\\\/it\\\/prodotto\\\/sanlida-jagd-recurvebogen-hermit-x8\\\/\",\"name\":\"HERMIT X8 SANLIDA JAGD RECURVE BOGEN - Bogensportdiscount \u2013 B\u00f6gen, Pfeile, Targets &amp; Zubeh\u00f6r\",\"isPartOf\":{\"@id\":\"https:\\\/\\\/bogensportdiscount.ch\\\/#website\"},\"primaryImageOfPage\":{\"@id\":\"https:\\\/\\\/bogensportdiscount.ch\\\/it\\\/prodotto\\\/sanlida-jagd-recurvebogen-hermit-x8\\\/#primaryimage\"},\"image\":{\"@id\":\"https:\\\/\\\/bogensportdiscount.ch\\\/it\\\/prodotto\\\/sanlida-jagd-recurvebogen-hermit-x8\\\/#primaryimage\"},\"thumbnailUrl\":\"https:\\\/\\\/bogensportdiscount.ch\\\/wp-content\\\/uploads\\\/bsm-images\\\/A096484_1.jpg\",\"datePublished\":\"2026-04-05T13:39:35+00:00\",\"dateModified\":\"2026-04-19T09:54:50+00:00\",\"breadcrumb\":{\"@id\":\"https:\\\/\\\/bogensportdiscount.ch\\\/it\\\/prodotto\\\/sanlida-jagd-recurvebogen-hermit-x8\\\/#breadcrumb\"},\"inLanguage\":\"it-IT\",\"potentialAction\":[{\"@type\":\"ReadAction\",\"target\":[\"https:\\\/\\\/bogensportdiscount.ch\\\/it\\\/prodotto\\\/sanlida-jagd-recurvebogen-hermit-x8\\\/\"]}]},{\"@type\":\"ImageObject\",\"inLanguage\":\"it-IT\",\"@id\":\"https:\\\/\\\/bogensportdiscount.ch\\\/it\\\/prodotto\\\/sanlida-jagd-recurvebogen-hermit-x8\\\/#primaryimage\",\"url\":\"https:\\\/\\\/bogensportdiscount.ch\\\/wp-content\\\/uploads\\\/bsm-images\\\/A096484_1.jpg\",\"contentUrl\":\"https:\\\/\\\/bogensportdiscount.ch\\\/wp-content\\\/uploads\\\/bsm-images\\\/A096484_1.jpg\",\"width\":1600,\"height\":1600},{\"@type\":\"BreadcrumbList\",\"@id\":\"https:\\\/\\\/bogensportdiscount.ch\\\/it\\\/prodotto\\\/sanlida-jagd-recurvebogen-hermit-x8\\\/#breadcrumb\",\"itemListElement\":[{\"@type\":\"ListItem\",\"position\":1,\"name\":\"Home\",\"item\":\"https:\\\/\\\/bogensportdiscount.ch\\\/\"},{\"@type\":\"ListItem\",\"position\":2,\"name\":\"Shop\",\"item\":\"https:\\\/\\\/bogensportdiscount.ch\\\/shop\\\/\"},{\"@type\":\"ListItem\",\"position\":3,\"name\":\"HERMIT X8 SANLIDA JAGD RECURVE BOGEN\"}]},{\"@type\":\"WebSite\",\"@id\":\"https:\\\/\\\/bogensportdiscount.ch\\\/#website\",\"url\":\"https:\\\/\\\/bogensportdiscount.ch\\\/\",\"name\":\"Bogensportdiscount\",\"description\":\"\",\"potentialAction\":[{\"@type\":\"SearchAction\",\"target\":{\"@type\":\"EntryPoint\",\"urlTemplate\":\"https:\\\/\\\/bogensportdiscount.ch\\\/?s={search_term_string}\"},\"query-input\":{\"@type\":\"PropertyValueSpecification\",\"valueRequired\":true,\"valueName\":\"search_term_string\"}}],\"inLanguage\":\"it-IT\"}]}<\/script>\n<!-- \/ Yoast SEO plugin. -->","yoast_head_json":{"title":"HERMIT X8 SANLIDA JAGD RECURVE BOGEN - Bogensportdiscount \u2013 B\u00f6gen, Pfeile, Targets &amp; Zubeh\u00f6r","robots":{"index":"noindex","follow":"follow","max-snippet":"max-snippet:-1","max-image-preview":"max-image-preview:large","max-video-preview":"max-video-preview:-1"},"og_locale":"it_IT","og_type":"article","og_title":"HERMIT X8 SANLIDA JAGD RECURVE BOGEN - Bogensportdiscount \u2013 B\u00f6gen, Pfeile, Targets &amp; Zubeh\u00f6r","og_description":"EigenschaftWertBogenl\u00e4nge60\", 62\"Brace Height7\" \u2013 8\"Zuggewicht25 \u2013 60 lbs (in 5-lbs-Schritten)Bogengewicht1015 gHandausrichtungRechtshand","og_url":"https:\/\/bogensportdiscount.ch\/it\/prodotto\/sanlida-jagd-recurvebogen-hermit-x8\/","og_site_name":"Bogensportdiscount \u2013 B\u00f6gen, Pfeile, Targets &amp; Zubeh\u00f6r","article_modified_time":"2026-04-19T09:54:50+00:00","og_image":[{"width":1600,"height":1600,"url":"https:\/\/bogensportdiscount.ch\/wp-content\/uploads\/bsm-images\/A096484_1.jpg","type":"image\/jpeg"}],"twitter_card":"summary_large_image","schema":{"@context":"https:\/\/schema.org","@graph":[{"@type":"WebPage","@id":"https:\/\/bogensportdiscount.ch\/it\/prodotto\/sanlida-jagd-recurvebogen-hermit-x8\/","url":"https:\/\/bogensportdiscount.ch\/it\/prodotto\/sanlida-jagd-recurvebogen-hermit-x8\/","name":"HERMIT X8 SANLIDA JAGD RECURVE BOGEN - Bogensportdiscount \u2013 B\u00f6gen, Pfeile, Targets &amp; Zubeh\u00f6r","isPartOf":{"@id":"https:\/\/bogensportdiscount.ch\/#website"},"primaryImageOfPage":{"@id":"https:\/\/bogensportdiscount.ch\/it\/prodotto\/sanlida-jagd-recurvebogen-hermit-x8\/#primaryimage"},"image":{"@id":"https:\/\/bogensportdiscount.ch\/it\/prodotto\/sanlida-jagd-recurvebogen-hermit-x8\/#primaryimage"},"thumbnailUrl":"https:\/\/bogensportdiscount.ch\/wp-content\/uploads\/bsm-images\/A096484_1.jpg","datePublished":"2026-04-05T13:39:35+00:00","dateModified":"2026-04-19T09:54:50+00:00","breadcrumb":{"@id":"https:\/\/bogensportdiscount.ch\/it\/prodotto\/sanlida-jagd-recurvebogen-hermit-x8\/#breadcrumb"},"inLanguage":"it-IT","potentialAction":[{"@type":"ReadAction","target":["https:\/\/bogensportdiscount.ch\/it\/prodotto\/sanlida-jagd-recurvebogen-hermit-x8\/"]}]},{"@type":"ImageObject","inLanguage":"it-IT","@id":"https:\/\/bogensportdiscount.ch\/it\/prodotto\/sanlida-jagd-recurvebogen-hermit-x8\/#primaryimage","url":"https:\/\/bogensportdiscount.ch\/wp-content\/uploads\/bsm-images\/A096484_1.jpg","contentUrl":"https:\/\/bogensportdiscount.ch\/wp-content\/uploads\/bsm-images\/A096484_1.jpg","width":1600,"height":1600},{"@type":"BreadcrumbList","@id":"https:\/\/bogensportdiscount.ch\/it\/prodotto\/sanlida-jagd-recurvebogen-hermit-x8\/#breadcrumb","itemListElement":[{"@type":"ListItem","position":1,"name":"Home","item":"https:\/\/bogensportdiscount.ch\/"},{"@type":"ListItem","position":2,"name":"Shop","item":"https:\/\/bogensportdiscount.ch\/shop\/"},{"@type":"ListItem","position":3,"name":"HERMIT X8 SANLIDA JAGD RECURVE BOGEN"}]},{"@type":"WebSite","@id":"https:\/\/bogensportdiscount.ch\/#website","url":"https:\/\/bogensportdiscount.ch\/","name":"Bogensportdiscount","description":"","potentialAction":[{"@type":"SearchAction","target":{"@type":"EntryPoint","urlTemplate":"https:\/\/bogensportdiscount.ch\/?s={search_term_string}"},"query-input":{"@type":"PropertyValueSpecification","valueRequired":true,"valueName":"search_term_string"}}],"inLanguage":"it-IT"}]}},"_links":{"self":[{"href":"https:\/\/bogensportdiscount.ch\/it\/wp-json\/wp\/v2\/product\/428888","targetHints":{"allow":["GET"]}}],"collection":[{"href":"https:\/\/bogensportdiscount.ch\/it\/wp-json\/wp\/v2\/product"}],"about":[{"href":"https:\/\/bogensportdiscount.ch\/it\/wp-json\/wp\/v2\/types\/product"}],"replies":[{"embeddable":true,"href":"https:\/\/bogensportdiscount.ch\/it\/wp-json\/wp\/v2\/comments?post=428888"}],"wp:featuredmedia":[{"embeddable":true,"href":"https:\/\/bogensportdiscount.ch\/it\/wp-json\/wp\/v2\/media\/513905"}],"wp:attachment":[{"href":"https:\/\/bogensportdiscount.ch\/it\/wp-json\/wp\/v2\/media?parent=428888"}],"wp:term":[{"taxonomy":"product_brand","embeddable":true,"href":"https:\/\/bogensportdiscount.ch\/it\/wp-json\/wp\/v2\/product_brand?post=428888"},{"taxonomy":"product_cat","embeddable":true,"href":"https:\/\/bogensportdiscount.ch\/it\/wp-json\/wp\/v2\/product_cat?post=428888"},{"taxonomy":"product_tag","embeddable":true,"href":"https:\/\/bogensportdiscount.ch\/it\/wp-json\/wp\/v2\/product_tag?post=428888"}],"curies":[{"name":"wp","href":"https:\/\/api.w.org\/{rel}","templated":true}]}}