{"id":428530,"date":"2026-04-05T15:38:43","date_gmt":"2026-04-05T13:38:43","guid":{"rendered":"https:\/\/bogensportdiscount.ch\/produkt\/3d-target-roebuck-l105-x-w18-x-h93cm-group-4\/"},"modified":"2026-05-14T15:27:46","modified_gmt":"2026-05-14T13:27:46","slug":"beier-3d-ziel-rehbock-l105-b18-h93cm-gruppe-4","status":"publish","type":"product","link":"https:\/\/bogensportdiscount.ch\/it\/prodotto\/beier-3d-ziel-rehbock-l105-b18-h93cm-gruppe-4\/","title":{"rendered":"BEIER bersaglio 3D ROEBUCK"},"content":{"rendered":"<p>Il bersaglio 3D BEIER Capriolo \u00e8 una riproduzione in scala reale di un capriolo per il tiro con l'arco 3D. Con le dimensioni di 105 cm di lunghezza, 18 cm di larghezza e 93 cm di altezza, corrisponde al gruppo 4 delle comuni categorie di gara 3D.<\/p>\n<p>Il bersaglio \u00e8 adatto sia per le sessioni di allenamento sia per i percorsi 3D. La forma realistica supporta l'apprendimento e la pratica della corretta zona di impatto sull'animale selvatico.<\/p>\n<ul>\n<li>Riproduzione in scala reale di un capriolo per il tiro con l'arco 3D<\/li>\n<li>Gruppo 4 \u2013 compatibile con le comuni regole dei tornei 3D<\/li>\n<li>Produzione in Germania (marca BEIER)<\/li>\n<li>Adatto per percorsi e aree di allenamento<\/li>\n<\/ul>","protected":false},"excerpt":{"rendered":"<table>\n<tr>\n<th>Propriet\u00e0<\/th>\n<th>Valore<\/th>\n<\/tr>\n<tr>\n<td>Marca<\/td>\n<td>BEIER<\/td>\n<\/tr>\n<tr>\n<td>Tipo<\/td>\n<td>Bersaglio 3D Capriolo<\/td>\n<\/tr>\n<tr>\n<td>Dimensioni<\/td>\n<td>L105 x B18 x H93 cm<\/td>\n<\/tr>\n<tr>\n<td>Gruppo<\/td>\n<td>4<\/td>\n<\/tr>\n<tr>\n<td>Paese di origine<\/td>\n<td>Germania<\/td>\n<\/tr>\n<\/table>","protected":false},"featured_media":448968,"comment_status":"open","ping_status":"closed","template":"","meta":[],"product_brand":[831],"product_cat":[4147],"product_tag":[],"class_list":{"0":"post-428530","1":"product","2":"type-product","3":"status-publish","4":"has-post-thumbnail","6":"product_brand-beier","7":"product_cat-hirsch","8":"product_shipping_class-bsd-sperrgut","10":"first","11":"instock","12":"shipping-taxable","13":"purchasable","14":"product-type-variable"},"yoast_head":"<!-- This site is optimized with the Yoast SEO plugin v27.6 - https:\/\/yoast.com\/product\/yoast-seo-wordpress\/ -->\n<title>BEIER 3D-Ziel ROEBUCK - Bogensportdiscount \u2013 B\u00f6gen, Pfeile, Targets &amp; Zubeh\u00f6r<\/title>\n<meta name=\"description\" content=\"BEIER 3D-Ziel ROEBUCK g\u00fcnstig kaufen bei Bogensportdiscount \u2013 Top-Marken, schneller Versand aus der Schweiz.\" \/>\n<meta name=\"robots\" content=\"index, follow, max-snippet:-1, max-image-preview:large, max-video-preview:-1\" \/>\n<link rel=\"canonical\" href=\"https:\/\/bogensportdiscount.ch\/it\/prodotto\/beier-3d-ziel-rehbock-l105-b18-h93cm-gruppe-4\/\" \/>\n<meta property=\"og:locale\" content=\"it_IT\" \/>\n<meta property=\"og:type\" content=\"article\" \/>\n<meta property=\"og:title\" content=\"BEIER 3D-Ziel ROEBUCK - Bogensportdiscount \u2013 B\u00f6gen, Pfeile, Targets &amp; Zubeh\u00f6r\" \/>\n<meta property=\"og:description\" content=\"BEIER 3D-Ziel ROEBUCK g\u00fcnstig kaufen bei Bogensportdiscount \u2013 Top-Marken, schneller Versand aus der Schweiz.\" \/>\n<meta property=\"og:url\" content=\"https:\/\/bogensportdiscount.ch\/it\/prodotto\/beier-3d-ziel-rehbock-l105-b18-h93cm-gruppe-4\/\" \/>\n<meta property=\"og:site_name\" content=\"Bogensportdiscount \u2013 B\u00f6gen, Pfeile, Targets &amp; Zubeh\u00f6r\" \/>\n<meta property=\"article:modified_time\" content=\"2026-05-14T13:27:46+00:00\" \/>\n<meta property=\"og:image\" content=\"https:\/\/bogensportdiscount.ch\/wp-content\/uploads\/bsm-images\/A095973_1.jpg\" \/>\n\t<meta property=\"og:image:width\" content=\"994\" \/>\n\t<meta property=\"og:image:height\" content=\"1500\" \/>\n\t<meta property=\"og:image:type\" content=\"image\/jpeg\" \/>\n<meta name=\"twitter:card\" content=\"summary_large_image\" \/>\n<script type=\"application\/ld+json\" class=\"yoast-schema-graph\">{\"@context\":\"https:\\\/\\\/schema.org\",\"@graph\":[{\"@type\":\"WebPage\",\"@id\":\"https:\\\/\\\/bogensportdiscount.ch\\\/produkt\\\/beier-3d-ziel-rehbock-l105-b18-h93cm-gruppe-4\\\/\",\"url\":\"https:\\\/\\\/bogensportdiscount.ch\\\/produkt\\\/beier-3d-ziel-rehbock-l105-b18-h93cm-gruppe-4\\\/\",\"name\":\"BEIER 3D-Ziel ROEBUCK - Bogensportdiscount \u2013 B\u00f6gen, Pfeile, Targets &amp; Zubeh\u00f6r\",\"isPartOf\":{\"@id\":\"https:\\\/\\\/bogensportdiscount.ch\\\/#website\"},\"primaryImageOfPage\":{\"@id\":\"https:\\\/\\\/bogensportdiscount.ch\\\/produkt\\\/beier-3d-ziel-rehbock-l105-b18-h93cm-gruppe-4\\\/#primaryimage\"},\"image\":{\"@id\":\"https:\\\/\\\/bogensportdiscount.ch\\\/produkt\\\/beier-3d-ziel-rehbock-l105-b18-h93cm-gruppe-4\\\/#primaryimage\"},\"thumbnailUrl\":\"https:\\\/\\\/bogensportdiscount.ch\\\/wp-content\\\/uploads\\\/bsm-images\\\/A095973_1.jpg\",\"datePublished\":\"2026-04-05T13:38:43+00:00\",\"dateModified\":\"2026-05-14T13:27:46+00:00\",\"description\":\"BEIER 3D-Ziel ROEBUCK g\u00fcnstig kaufen bei Bogensportdiscount \u2013 Top-Marken, schneller Versand aus der Schweiz.\",\"breadcrumb\":{\"@id\":\"https:\\\/\\\/bogensportdiscount.ch\\\/produkt\\\/beier-3d-ziel-rehbock-l105-b18-h93cm-gruppe-4\\\/#breadcrumb\"},\"inLanguage\":\"it-IT\",\"potentialAction\":[{\"@type\":\"ReadAction\",\"target\":[\"https:\\\/\\\/bogensportdiscount.ch\\\/produkt\\\/beier-3d-ziel-rehbock-l105-b18-h93cm-gruppe-4\\\/\"]}]},{\"@type\":\"ImageObject\",\"inLanguage\":\"it-IT\",\"@id\":\"https:\\\/\\\/bogensportdiscount.ch\\\/produkt\\\/beier-3d-ziel-rehbock-l105-b18-h93cm-gruppe-4\\\/#primaryimage\",\"url\":\"https:\\\/\\\/bogensportdiscount.ch\\\/wp-content\\\/uploads\\\/bsm-images\\\/A095973_1.jpg\",\"contentUrl\":\"https:\\\/\\\/bogensportdiscount.ch\\\/wp-content\\\/uploads\\\/bsm-images\\\/A095973_1.jpg\",\"width\":994,\"height\":1500},{\"@type\":\"BreadcrumbList\",\"@id\":\"https:\\\/\\\/bogensportdiscount.ch\\\/produkt\\\/beier-3d-ziel-rehbock-l105-b18-h93cm-gruppe-4\\\/#breadcrumb\",\"itemListElement\":[{\"@type\":\"ListItem\",\"position\":1,\"name\":\"Home\",\"item\":\"https:\\\/\\\/bogensportdiscount.ch\\\/\"},{\"@type\":\"ListItem\",\"position\":2,\"name\":\"Shop\",\"item\":\"https:\\\/\\\/bogensportdiscount.ch\\\/shop\\\/\"},{\"@type\":\"ListItem\",\"position\":3,\"name\":\"BEIER 3D TARGET ROEBUCK\"}]},{\"@type\":\"WebSite\",\"@id\":\"https:\\\/\\\/bogensportdiscount.ch\\\/#website\",\"url\":\"https:\\\/\\\/bogensportdiscount.ch\\\/\",\"name\":\"Bogensportdiscount\",\"description\":\"\",\"potentialAction\":[{\"@type\":\"SearchAction\",\"target\":{\"@type\":\"EntryPoint\",\"urlTemplate\":\"https:\\\/\\\/bogensportdiscount.ch\\\/?s={search_term_string}\"},\"query-input\":{\"@type\":\"PropertyValueSpecification\",\"valueRequired\":true,\"valueName\":\"search_term_string\"}}],\"inLanguage\":\"it-IT\"}]}<\/script>\n<!-- \/ Yoast SEO plugin. -->","yoast_head_json":{"title":"BEIER 3D-Ziel ROEBUCK - Bogensportdiscount \u2013 B\u00f6gen, Pfeile, Targets &amp; Zubeh\u00f6r","description":"BEIER 3D-Ziel ROEBUCK g\u00fcnstig kaufen bei Bogensportdiscount \u2013 Top-Marken, schneller Versand aus der Schweiz.","robots":{"index":"index","follow":"follow","max-snippet":"max-snippet:-1","max-image-preview":"max-image-preview:large","max-video-preview":"max-video-preview:-1"},"canonical":"https:\/\/bogensportdiscount.ch\/it\/prodotto\/beier-3d-ziel-rehbock-l105-b18-h93cm-gruppe-4\/","og_locale":"it_IT","og_type":"article","og_title":"BEIER 3D-Ziel ROEBUCK - Bogensportdiscount \u2013 B\u00f6gen, Pfeile, Targets &amp; Zubeh\u00f6r","og_description":"BEIER 3D-Ziel ROEBUCK g\u00fcnstig kaufen bei Bogensportdiscount \u2013 Top-Marken, schneller Versand aus der Schweiz.","og_url":"https:\/\/bogensportdiscount.ch\/it\/prodotto\/beier-3d-ziel-rehbock-l105-b18-h93cm-gruppe-4\/","og_site_name":"Bogensportdiscount \u2013 B\u00f6gen, Pfeile, Targets &amp; Zubeh\u00f6r","article_modified_time":"2026-05-14T13:27:46+00:00","og_image":[{"width":994,"height":1500,"url":"https:\/\/bogensportdiscount.ch\/wp-content\/uploads\/bsm-images\/A095973_1.jpg","type":"image\/jpeg"}],"twitter_card":"summary_large_image","schema":{"@context":"https:\/\/schema.org","@graph":[{"@type":"WebPage","@id":"https:\/\/bogensportdiscount.ch\/produkt\/beier-3d-ziel-rehbock-l105-b18-h93cm-gruppe-4\/","url":"https:\/\/bogensportdiscount.ch\/produkt\/beier-3d-ziel-rehbock-l105-b18-h93cm-gruppe-4\/","name":"BEIER 3D-Ziel ROEBUCK - Bogensportdiscount \u2013 B\u00f6gen, Pfeile, Targets &amp; Zubeh\u00f6r","isPartOf":{"@id":"https:\/\/bogensportdiscount.ch\/#website"},"primaryImageOfPage":{"@id":"https:\/\/bogensportdiscount.ch\/produkt\/beier-3d-ziel-rehbock-l105-b18-h93cm-gruppe-4\/#primaryimage"},"image":{"@id":"https:\/\/bogensportdiscount.ch\/produkt\/beier-3d-ziel-rehbock-l105-b18-h93cm-gruppe-4\/#primaryimage"},"thumbnailUrl":"https:\/\/bogensportdiscount.ch\/wp-content\/uploads\/bsm-images\/A095973_1.jpg","datePublished":"2026-04-05T13:38:43+00:00","dateModified":"2026-05-14T13:27:46+00:00","description":"BEIER 3D-Ziel ROEBUCK g\u00fcnstig kaufen bei Bogensportdiscount \u2013 Top-Marken, schneller Versand aus der Schweiz.","breadcrumb":{"@id":"https:\/\/bogensportdiscount.ch\/produkt\/beier-3d-ziel-rehbock-l105-b18-h93cm-gruppe-4\/#breadcrumb"},"inLanguage":"it-IT","potentialAction":[{"@type":"ReadAction","target":["https:\/\/bogensportdiscount.ch\/produkt\/beier-3d-ziel-rehbock-l105-b18-h93cm-gruppe-4\/"]}]},{"@type":"ImageObject","inLanguage":"it-IT","@id":"https:\/\/bogensportdiscount.ch\/produkt\/beier-3d-ziel-rehbock-l105-b18-h93cm-gruppe-4\/#primaryimage","url":"https:\/\/bogensportdiscount.ch\/wp-content\/uploads\/bsm-images\/A095973_1.jpg","contentUrl":"https:\/\/bogensportdiscount.ch\/wp-content\/uploads\/bsm-images\/A095973_1.jpg","width":994,"height":1500},{"@type":"BreadcrumbList","@id":"https:\/\/bogensportdiscount.ch\/produkt\/beier-3d-ziel-rehbock-l105-b18-h93cm-gruppe-4\/#breadcrumb","itemListElement":[{"@type":"ListItem","position":1,"name":"Home","item":"https:\/\/bogensportdiscount.ch\/"},{"@type":"ListItem","position":2,"name":"Shop","item":"https:\/\/bogensportdiscount.ch\/shop\/"},{"@type":"ListItem","position":3,"name":"BEIER 3D TARGET ROEBUCK"}]},{"@type":"WebSite","@id":"https:\/\/bogensportdiscount.ch\/#website","url":"https:\/\/bogensportdiscount.ch\/","name":"Bogensportdiscount","description":"","potentialAction":[{"@type":"SearchAction","target":{"@type":"EntryPoint","urlTemplate":"https:\/\/bogensportdiscount.ch\/?s={search_term_string}"},"query-input":{"@type":"PropertyValueSpecification","valueRequired":true,"valueName":"search_term_string"}}],"inLanguage":"it-IT"}]}},"_links":{"self":[{"href":"https:\/\/bogensportdiscount.ch\/it\/wp-json\/wp\/v2\/product\/428530","targetHints":{"allow":["GET"]}}],"collection":[{"href":"https:\/\/bogensportdiscount.ch\/it\/wp-json\/wp\/v2\/product"}],"about":[{"href":"https:\/\/bogensportdiscount.ch\/it\/wp-json\/wp\/v2\/types\/product"}],"replies":[{"embeddable":true,"href":"https:\/\/bogensportdiscount.ch\/it\/wp-json\/wp\/v2\/comments?post=428530"}],"wp:featuredmedia":[{"embeddable":true,"href":"https:\/\/bogensportdiscount.ch\/it\/wp-json\/wp\/v2\/media\/448968"}],"wp:attachment":[{"href":"https:\/\/bogensportdiscount.ch\/it\/wp-json\/wp\/v2\/media?parent=428530"}],"wp:term":[{"taxonomy":"product_brand","embeddable":true,"href":"https:\/\/bogensportdiscount.ch\/it\/wp-json\/wp\/v2\/product_brand?post=428530"},{"taxonomy":"product_cat","embeddable":true,"href":"https:\/\/bogensportdiscount.ch\/it\/wp-json\/wp\/v2\/product_cat?post=428530"},{"taxonomy":"product_tag","embeddable":true,"href":"https:\/\/bogensportdiscount.ch\/it\/wp-json\/wp\/v2\/product_tag?post=428530"}],"curies":[{"name":"wp","href":"https:\/\/api.w.org\/{rel}","templated":true}]}}