{"id":428421,"date":"2026-04-05T15:38:27","date_gmt":"2026-04-05T13:38:27","guid":{"rendered":"https:\/\/bogensportdiscount.ch\/produkt\/wraps-5-5-small-dia-6-75mm-17-64-kryptek-blue-13-pk\/"},"modified":"2026-04-17T12:27:59","modified_gmt":"2026-04-17T10:27:59","slug":"bohning-wraps-5-5-small-dia-6-75mm-17-64-kryptek","status":"publish","type":"product","link":"https:\/\/bogensportdiscount.ch\/it\/prodotto\/bohning-wraps-5-5-small-dia-6-75mm-17-64-kryptek\/","title":{"rendered":"BOHNING 5.5\u2033 17\/64\u2033 KRYPTEK ARROW WRAP"},"content":{"rendered":"<p>Die Bohning Wraps 5.5&#8243; sind speziell f\u00fcr Pfeile mit kleinem Schaftdurchmesser (6.75 mm \/ 17\/64&#8243;) konzipiert. Sie werden vor dem Aufkleben der Befiederung auf den Pfeilschaft aufgebracht und sorgen f\u00fcr eine saubere, gleichm\u00e4ssige Oberfl\u00e4che, die eine zuverl\u00e4ssige Haftung der Vanes gew\u00e4hrleistet.<\/p>\n<p>Die Wraps sind im Kryptek-Muster gehalten und bieten neben der funktionalen Schutzwirkung auch eine optisch ansprechende Gestaltung des Pfeils. Sie sind in mehreren Farben erh\u00e4ltlich, darunter Blau, Gr\u00fcn, Orange, Pink, Lila, Rot, Teal, Weiss und Gelb.<\/p>\n<ul>\n<li>Gr\u00f6sse: 5.5&#8243; f\u00fcr kleine Schaftdurchmesser (6.75 mm \/ 17\/64&#8243;)<\/li>\n<li>Kryptek-Design in verschiedenen Farben erh\u00e4ltlich<\/li>\n<li>Verbessert die Haftung der Befiederung auf dem Schaft<\/li>\n<li>Prodotto negli Stati Uniti<\/li>\n<\/ul>","protected":false},"excerpt":{"rendered":"<p>Bohning Wraps in der Gr\u00f6sse 5.5&#8243; f\u00fcr Sch\u00e4fte mit kleinem Durchmesser von 6.75 mm (17\/64&#8243;). Die Wraps im Kryptek-Design sind in verschiedenen Farben erh\u00e4ltlich und erleichtern die Befiederung von Pfeilen.<\/p>","protected":false},"featured_media":453478,"comment_status":"open","ping_status":"closed","template":"","meta":[],"product_brand":[444],"product_cat":[4268],"product_tag":[],"class_list":{"0":"post-428421","1":"product","2":"type-product","3":"status-publish","4":"has-post-thumbnail","6":"product_brand-bohning","7":"product_cat-wraps-vanes-nocks-wraps","9":"first","10":"onbackorder","11":"shipping-taxable","12":"purchasable","13":"product-type-variable"},"_links":{"self":[{"href":"https:\/\/bogensportdiscount.ch\/it\/wp-json\/wp\/v2\/product\/428421","targetHints":{"allow":["GET"]}}],"collection":[{"href":"https:\/\/bogensportdiscount.ch\/it\/wp-json\/wp\/v2\/product"}],"about":[{"href":"https:\/\/bogensportdiscount.ch\/it\/wp-json\/wp\/v2\/types\/product"}],"replies":[{"embeddable":true,"href":"https:\/\/bogensportdiscount.ch\/it\/wp-json\/wp\/v2\/comments?post=428421"}],"wp:featuredmedia":[{"embeddable":true,"href":"https:\/\/bogensportdiscount.ch\/it\/wp-json\/wp\/v2\/media\/453478"}],"wp:attachment":[{"href":"https:\/\/bogensportdiscount.ch\/it\/wp-json\/wp\/v2\/media?parent=428421"}],"wp:term":[{"taxonomy":"product_brand","embeddable":true,"href":"https:\/\/bogensportdiscount.ch\/it\/wp-json\/wp\/v2\/product_brand?post=428421"},{"taxonomy":"product_cat","embeddable":true,"href":"https:\/\/bogensportdiscount.ch\/it\/wp-json\/wp\/v2\/product_cat?post=428421"},{"taxonomy":"product_tag","embeddable":true,"href":"https:\/\/bogensportdiscount.ch\/it\/wp-json\/wp\/v2\/product_tag?post=428421"}],"curies":[{"name":"wp","href":"https:\/\/api.w.org\/{rel}","templated":true}]}}