{"id":428241,"date":"2026-04-05T15:38:08","date_gmt":"2026-04-05T13:38:08","guid":{"rendered":"https:\/\/bogensportdiscount.ch\/produkt\/wraps-5-5-x-small-dia-5-56mm-14-64-birch-13-pk\/"},"modified":"2026-04-17T13:49:57","modified_gmt":"2026-04-17T11:49:57","slug":"bohning-wraps-5-5-x-small-dia-5-56mm-2","status":"publish","type":"product","link":"https:\/\/bogensportdiscount.ch\/it\/prodotto\/bohning-wraps-5-5-x-small-dia-5-56mm-2\/","title":{"rendered":"BOHNING 5.5\u2033 14\/64\u2033 HD ARROW WRAP"},"content":{"rendered":"<p>Die BOHNING Wraps 5.5&#8243; X-Small sind selbstklebende Folienstreifen, die vor dem Aufkleben der Fletchings auf den Pfeilschaft aufgebracht werden. Sie sind speziell auf Sch\u00e4fte mit einem Aussendurchmesser von 5.56 mm (14\/64&#8243;) abgestimmt und bieten eine gleichm\u00e4ssige, glatte Klebefl\u00e4che f\u00fcr eine zuverl\u00e4ssige Federanbringung.<\/p>\n<p>Durch den Einsatz von Wraps lassen sich besch\u00e4digte Befiederungen einfacher entfernen und ersetzen, ohne den Schaft selbst zu besch\u00e4digen. Sie erm\u00f6glichen ausserdem eine farbliche Individualisierung des Pfeils.<\/p>\n<ul>\n<li>L\u00e4nge: 5.5&#8243; \u2013 geeignet f\u00fcr X-Small-Schaftdurchmesser<\/li>\n<li>Aussendurchmesser: 5.56 mm \/ 14\/64&#8243;<\/li>\n<li>Erh\u00e4ltlich in zahlreichen Farben (Blue, Camo, Green, Orange, Pink, Purple, Red, Teal, White, Yellow)<\/li>\n<li>Hergestellt in den USA von BOHNING<\/li>\n<\/ul>","protected":false},"excerpt":{"rendered":"<p>Die BOHNING Wraps in der Gr\u00f6sse X-Small (5.5&#8243;) sind f\u00fcr Pfeilsch\u00e4fte mit einem Aussendurchmesser von 5.56 mm (14\/64&#8243;) ausgelegt. Sie dienen als Untergrund f\u00fcr die Befiederung und verbessern die Haftung der Fletchings auf dem Schaft. Erh\u00e4ltlich in verschiedenen Farben.<\/p>","protected":false},"featured_media":453475,"comment_status":"open","ping_status":"closed","template":"","meta":[],"product_brand":[444],"product_cat":[4268],"product_tag":[],"class_list":{"0":"post-428241","1":"product","2":"type-product","3":"status-publish","4":"has-post-thumbnail","6":"product_brand-bohning","7":"product_cat-wraps-vanes-nocks-wraps","9":"first","10":"onbackorder","11":"shipping-taxable","12":"purchasable","13":"product-type-variable"},"_links":{"self":[{"href":"https:\/\/bogensportdiscount.ch\/it\/wp-json\/wp\/v2\/product\/428241","targetHints":{"allow":["GET"]}}],"collection":[{"href":"https:\/\/bogensportdiscount.ch\/it\/wp-json\/wp\/v2\/product"}],"about":[{"href":"https:\/\/bogensportdiscount.ch\/it\/wp-json\/wp\/v2\/types\/product"}],"replies":[{"embeddable":true,"href":"https:\/\/bogensportdiscount.ch\/it\/wp-json\/wp\/v2\/comments?post=428241"}],"wp:featuredmedia":[{"embeddable":true,"href":"https:\/\/bogensportdiscount.ch\/it\/wp-json\/wp\/v2\/media\/453475"}],"wp:attachment":[{"href":"https:\/\/bogensportdiscount.ch\/it\/wp-json\/wp\/v2\/media?parent=428241"}],"wp:term":[{"taxonomy":"product_brand","embeddable":true,"href":"https:\/\/bogensportdiscount.ch\/it\/wp-json\/wp\/v2\/product_brand?post=428241"},{"taxonomy":"product_cat","embeddable":true,"href":"https:\/\/bogensportdiscount.ch\/it\/wp-json\/wp\/v2\/product_cat?post=428241"},{"taxonomy":"product_tag","embeddable":true,"href":"https:\/\/bogensportdiscount.ch\/it\/wp-json\/wp\/v2\/product_tag?post=428241"}],"curies":[{"name":"wp","href":"https:\/\/api.w.org\/{rel}","templated":true}]}}