{"id":428129,"date":"2026-04-05T15:37:57","date_gmt":"2026-04-05T13:37:57","guid":{"rendered":"https:\/\/bogensportdiscount.ch\/produkt\/wraps-5-5-standard-dia-7-54mm-19-64-birch-13-pk\/"},"modified":"2026-04-17T13:49:56","modified_gmt":"2026-04-17T11:49:56","slug":"bohning-wraps-5-5-standard-durchmesser-7-54mm","status":"publish","type":"product","link":"https:\/\/bogensportdiscount.ch\/it\/prodotto\/bohning-wraps-5-5-standard-durchmesser-7-54mm\/","title":{"rendered":"BOHNING 5.5\u2033 19\/64\u2033 HD ARROW WRAP"},"content":{"rendered":"<p>Die BOHNING Wraps 5.5&#8243; Standard sind Klebefolien, die auf den Pfeilschaft aufgebracht werden, bevor die Befiederung befestigt wird. Sie dienen als Untergrund f\u00fcr die Befiederung und erleichtern gleichzeitig die Pflege sowie das Austauschen der Federn, ohne den Schaft zu besch\u00e4digen.<\/p>\n<p>Mit einem Durchmesser von 7.54 mm (19\/64&#8243;) passen diese Wraps auf g\u00e4ngige Standardschaftgr\u00f6ssen. Die Folien sind in neun Farben erh\u00e4ltlich \u2013 von Blau \u00fcber Orange bis Weiss \u2013 was die Pfeilerkennung im Alltag und im Wettkampf vereinfacht.<\/p>\n<ul>\n<li>L\u00e4nge: 5.5&#8243; (Standard)<\/li>\n<li>Passend f\u00fcr Schaftdurchmesser 7.54 mm \/ 19\/64&#8243;<\/li>\n<li>Neun Farbvarianten verf\u00fcgbar<\/li>\n<li>Erleichtert Befiederungswechsel ohne Schaftbesch\u00e4digung<\/li>\n<\/ul>","protected":false},"excerpt":{"rendered":"<p>BOHNING Wraps in der Standardgr\u00f6sse 5.5&#8243; f\u00fcr Pfeile mit einem Schaftdurchmesser von 7.54 mm (19\/64&#8243;). Erh\u00e4ltlich in verschiedenen Farben zur einfachen Identifikation und Personalisierung der Pfeile.<\/p>","protected":false},"featured_media":453462,"comment_status":"open","ping_status":"closed","template":"","meta":[],"product_brand":[444],"product_cat":[4268],"product_tag":[],"class_list":{"0":"post-428129","1":"product","2":"type-product","3":"status-publish","4":"has-post-thumbnail","6":"product_brand-bohning","7":"product_cat-wraps-vanes-nocks-wraps","9":"first","10":"onbackorder","11":"shipping-taxable","12":"purchasable","13":"product-type-variable"},"_links":{"self":[{"href":"https:\/\/bogensportdiscount.ch\/it\/wp-json\/wp\/v2\/product\/428129","targetHints":{"allow":["GET"]}}],"collection":[{"href":"https:\/\/bogensportdiscount.ch\/it\/wp-json\/wp\/v2\/product"}],"about":[{"href":"https:\/\/bogensportdiscount.ch\/it\/wp-json\/wp\/v2\/types\/product"}],"replies":[{"embeddable":true,"href":"https:\/\/bogensportdiscount.ch\/it\/wp-json\/wp\/v2\/comments?post=428129"}],"wp:featuredmedia":[{"embeddable":true,"href":"https:\/\/bogensportdiscount.ch\/it\/wp-json\/wp\/v2\/media\/453462"}],"wp:attachment":[{"href":"https:\/\/bogensportdiscount.ch\/it\/wp-json\/wp\/v2\/media?parent=428129"}],"wp:term":[{"taxonomy":"product_brand","embeddable":true,"href":"https:\/\/bogensportdiscount.ch\/it\/wp-json\/wp\/v2\/product_brand?post=428129"},{"taxonomy":"product_cat","embeddable":true,"href":"https:\/\/bogensportdiscount.ch\/it\/wp-json\/wp\/v2\/product_cat?post=428129"},{"taxonomy":"product_tag","embeddable":true,"href":"https:\/\/bogensportdiscount.ch\/it\/wp-json\/wp\/v2\/product_tag?post=428129"}],"curies":[{"name":"wp","href":"https:\/\/api.w.org\/{rel}","templated":true}]}}