{"id":427848,"date":"2026-04-05T15:37:21","date_gmt":"2026-04-05T13:37:21","guid":{"rendered":"https:\/\/bogensportdiscount.ch\/produkt\/wooden-grip-for-zivio-v2-vygo-v2-rh\/"},"modified":"2026-04-17T13:49:55","modified_gmt":"2026-04-17T11:49:55","slug":"kinetic-holzgriff-zivio-v2-vygo-v2","status":"publish","type":"product","link":"https:\/\/bogensportdiscount.ch\/it\/prodotto\/kinetic-holzgriff-zivio-v2-vygo-v2\/","title":{"rendered":"KINETIC WOODEN GRIP FOR ZIVIO V2 \/ VYGO V2"},"content":{"rendered":"<p>Der KINETIC Holzgriff ist als Ersatz- oder Austauschgriff f\u00fcr die Recurve-Bogen-Modelle Zivio V2 und Vygo V2 konzipiert. Er erm\u00f6glicht es, den originalen Griff gegen eine Holzvariante auszutauschen und so das Handling und die Optik des Bogens anzupassen.<\/p>\n<p>Der Griff ist sowohl f\u00fcr Rechts- als auch f\u00fcr Linksh\u00e4nder erh\u00e4ltlich und l\u00e4sst sich direkt am kompatiblen Bogen montieren.<\/p>\n<ul>\n<li>Passend f\u00fcr KINETIC Zivio V2 und Vygo V2<\/li>\n<li>Material: Holz<\/li>\n<li>Erh\u00e4ltlich in Rechtshand- und Linkshand-Ausf\u00fchrung<\/li>\n<\/ul>","protected":false},"excerpt":{"rendered":"<p>Holzgriff von KINETIC, kompatibel mit den Recurve-B\u00f6gen Zivio V2 und Vygo V2. Erh\u00e4ltlich f\u00fcr Rechts- und Linkshand.<\/p>","protected":false},"featured_media":453459,"comment_status":"open","ping_status":"closed","template":"","meta":[],"product_brand":[439],"product_cat":[4201],"product_tag":[],"class_list":{"0":"post-427848","1":"product","2":"type-product","3":"status-publish","4":"has-post-thumbnail","6":"product_brand-kinetic","7":"product_cat-recurve-griffe-griffe-bogen-zubehoer","9":"first","10":"outofstock","11":"shipping-taxable","12":"purchasable","13":"product-type-variable"},"_links":{"self":[{"href":"https:\/\/bogensportdiscount.ch\/it\/wp-json\/wp\/v2\/product\/427848","targetHints":{"allow":["GET"]}}],"collection":[{"href":"https:\/\/bogensportdiscount.ch\/it\/wp-json\/wp\/v2\/product"}],"about":[{"href":"https:\/\/bogensportdiscount.ch\/it\/wp-json\/wp\/v2\/types\/product"}],"replies":[{"embeddable":true,"href":"https:\/\/bogensportdiscount.ch\/it\/wp-json\/wp\/v2\/comments?post=427848"}],"wp:featuredmedia":[{"embeddable":true,"href":"https:\/\/bogensportdiscount.ch\/it\/wp-json\/wp\/v2\/media\/453459"}],"wp:attachment":[{"href":"https:\/\/bogensportdiscount.ch\/it\/wp-json\/wp\/v2\/media?parent=427848"}],"wp:term":[{"taxonomy":"product_brand","embeddable":true,"href":"https:\/\/bogensportdiscount.ch\/it\/wp-json\/wp\/v2\/product_brand?post=427848"},{"taxonomy":"product_cat","embeddable":true,"href":"https:\/\/bogensportdiscount.ch\/it\/wp-json\/wp\/v2\/product_cat?post=427848"},{"taxonomy":"product_tag","embeddable":true,"href":"https:\/\/bogensportdiscount.ch\/it\/wp-json\/wp\/v2\/product_tag?post=427848"}],"curies":[{"name":"wp","href":"https:\/\/api.w.org\/{rel}","templated":true}]}}